{"id":2788408,"date":"2024-05-31T11:26:21","date_gmt":"2024-05-31T11:26:21","guid":{"rendered":""},"modified":"2024-05-31T11:26:21","modified_gmt":"2024-05-31T11:26:21","slug":"2-kihiline-paberirull-19-5-x-150cm-sinine-pakis-6-tk","status":"publish","type":"product","link":"https:\/\/mixpack.ee\/lv\/product\/2-kihiline-paberirull-19-5-x-150cm-sinine-pakis-6-tk\/","title":{"rendered":"Divsl\u0101\u0146u rullis pap\u012bra, 195 \u0445 150 mm, zil\u0101 kr\u0101s\u0101\n, iesai\u0146ots 6 gabali"},"content":{"rendered":"<p><TABLE> <TR class='ss_at' ss_attr='T\u00fckkide arv pakendis' ><br \/>\n<TD class='ss_at_name'>Gabali kast\u0113<\/TD><br \/>\n<TD class='ss_at_val'>6<\/TD><br \/>\n<\/TR><br \/>\n<TR class='ss_at' ss_attr='EAN' ><br \/>\n<TD class='ss_at_name'>EAN<\/TD><br \/>\n<TD class='ss_at_val'>5060271920648<\/TD><br \/>\n<\/TR><br \/>\n<TR class='ss_at' ss_attr='Pakke\u00fcksuste arv kastis' ><br \/>\n<TD class='ss_at_name'>Iepakojumi kast\u0113<\/TD><br \/>\n<TD class='ss_at_val'>1<\/TD><br \/>\n<\/TR><br \/>\n<TR class='ss_at' ss_attr='T\u00fckkide arv kastis' ><br \/>\n<TD class='ss_at_name'>Gabali iepakojum\u0101<\/TD><br \/>\n<TD class='ss_at_val'>6<\/TD><br \/>\n<\/TR><br \/>\n<\/TABLE><SCRIPT>ss_serdce=0;ss_treug=0;ss_elka=0;ss_petla=0;ss_carbon=0;ss_piece_count=6 ;ss_korobka_count=1 ;<\/SCRIPT><\/p>","protected":false},"excerpt":{"rendered":"<p>Pap\u012bra rullis , mitruma absorb\u0113jo\u0161s. Hig\u0113niskai t\u012br\u012b\u0161anai virtuv\u0113 vai \u0113diena serv\u0113\u0161anas viet\u0101s. Ra\u017eots no p\u0101rstr\u0101d\u0101tas \u0161\u0137iedras. Zils. Vegware godalgota kvalit\u0101te. Ra\u017eots no augiem. R\u016bpnieciski kompost\u0113jams, attiec\u012bgaj\u0101s pie\u0146em\u0161anas viet\u0101s.<DIV class='hide'>5060271920648 7307<\/DIV><\/p>\n","protected":false},"featured_media":2788409,"template":"","meta":[],"product_brand":[],"product_cat":[7067,6987,6603],"product_tag":[],"class_list":{"0":"post-2788408","1":"product","2":"type-product","3":"status-publish","4":"has-post-thumbnail","6":"product_cat-majapidamispaber1","7":"product_cat-paberist-tooted","8":"product_cat-majapidamispaber","9":"product_shipping_class-mix","11":"first","12":"outofstock","13":"taxable","14":"shipping-taxable","15":"purchasable","16":"product-type-simple"},"aioseo_notices":[],"_links":{"self":[{"href":"https:\/\/mixpack.ee\/lv\/wp-json\/wp\/v2\/product\/2788408","targetHints":{"allow":["GET"]}}],"collection":[{"href":"https:\/\/mixpack.ee\/lv\/wp-json\/wp\/v2\/product"}],"about":[{"href":"https:\/\/mixpack.ee\/lv\/wp-json\/wp\/v2\/types\/product"}],"wp:featuredmedia":[{"embeddable":true,"href":"https:\/\/mixpack.ee\/lv\/wp-json\/wp\/v2\/media\/2788409"}],"wp:attachment":[{"href":"https:\/\/mixpack.ee\/lv\/wp-json\/wp\/v2\/media?parent=2788408"}],"wp:term":[{"taxonomy":"product_brand","embeddable":true,"href":"https:\/\/mixpack.ee\/lv\/wp-json\/wp\/v2\/product_brand?post=2788408"},{"taxonomy":"product_cat","embeddable":true,"href":"https:\/\/mixpack.ee\/lv\/wp-json\/wp\/v2\/product_cat?post=2788408"},{"taxonomy":"product_tag","embeddable":true,"href":"https:\/\/mixpack.ee\/lv\/wp-json\/wp\/v2\/product_tag?post=2788408"}],"curies":[{"name":"wp","href":"https:\/\/api.w.org\/{rel}","templated":true}]}}