{"id":2788384,"date":"2024-05-31T11:26:21","date_gmt":"2024-05-31T11:26:21","guid":{"rendered":""},"modified":"2024-05-31T11:26:21","modified_gmt":"2024-05-31T11:26:21","slug":"toidukarp-vegware-nourish-kiudmaterjalist-228-x-152-mm-pakis-50-tk","status":"publish","type":"product","link":"https:\/\/mixpack.ee\/lv\/product\/toidukarp-vegware-nourish-kiudmaterjalist-228-x-152-mm-pakis-50-tk\/","title":{"rendered":"Pusdienu k\u0101rba no cukurniedr\u0113m, 228 x 152 mm, br\u016bna, iesai\u0146ots 50 gabali"},"content":{"rendered":"<p><TABLE> <TR class='ss_at' ss_attr='T\u00fckkide arv pakendis' ><br \/>\n<TD class='ss_at_name'>Gabali kast\u0113<\/TD><br \/>\n<TD class='ss_at_val'>50<\/TD><br \/>\n<\/TR><br \/>\n<TR class='ss_at' ss_attr='EAN' ><br \/>\n<TD class='ss_at_name'>EAN<\/TD><br \/>\n<TD class='ss_at_val'>5056156915502<\/TD><br \/>\n<\/TR><br \/>\n<TR class='ss_at' ss_attr='Pakke\u00fcksuste arv kastis' ><br \/>\n<TD class='ss_at_name'>Iepakojumi kast\u0113<\/TD><br \/>\n<TD class='ss_at_val'>4<\/TD><br \/>\n<\/TR><br \/>\n<TR class='ss_at' ss_attr='T\u00fckkide arv kastis' ><br \/>\n<TD class='ss_at_name'>Gabali iepakojum\u0101<\/TD><br \/>\n<TD class='ss_at_val'>200<\/TD><br \/>\n<\/TR><br \/>\n<\/TABLE><SCRIPT>ss_serdce=0;ss_treug=0;ss_elka=0;ss_petla=0;ss_carbon=0;ss_piece_count=50 ;ss_korobka_count=4 ;<\/SCRIPT><\/p>","protected":false},"excerpt":{"rendered":"<p>Praktiska un stil\u012bga pusdienu k\u0101rba no pres\u0113tas cukurniedres \u0161\u0137iedras. T\u0101 k\u0101 materi\u0101ls ir \u201celpojo\u0161s\u201d, tad trauk\u0101 neveidojas kondens\u0101ts.Tas dod iesp\u0113ju \u0113dienam piln\u012bb\u0101 saglab\u0101t savas gar\u0161as \u012bpa\u0161\u012bbas, k\u0101 ar\u012b saglab\u0101t svaigumu un krauk\u0161\u0137\u012bgumu. Lieliski piem\u0113rota karsta vai auksta \u0113diena pieg\u0101dei un l\u012bdz\u0146em\u0161anai. Ra\u017eo\u0161anas proc\u0113s\u0101 tiek izmantoti dab\u012bgi materi\u0101li, piem\u0113ram, cukurniedres, bambuss vai koksnes masa bez PFAS. Br\u016bn\u0101 kr\u0101sa. Vegware godalgota kvalit\u0101te. R\u016bpnieciski kompost\u0113jams, attiec\u012bgaj\u0101s pie\u0146em\u0161anas viet\u0101s.<DIV class='hide'>5056156915502 VA-SH89N<\/DIV><\/p>\n","protected":false},"featured_media":2788385,"template":"","meta":[],"product_brand":[],"product_cat":[7165,7106,6975,7169,7163],"product_tag":[],"class_list":{"0":"post-2788384","1":"product","2":"type-product","3":"status-publish","4":"has-post-thumbnail","6":"product_cat-einekarbid1","7":"product_cat-kiirtoidu-pakendid1","8":"product_cat-kiirtoidunoud1","9":"product_cat-take-away-karbid3","10":"product_cat-uhekordsed-toidukarbid-ja-kaaned","11":"product_shipping_class-mix","13":"first","14":"outofstock","15":"taxable","16":"shipping-taxable","17":"purchasable","18":"product-type-simple"},"aioseo_notices":[],"_links":{"self":[{"href":"https:\/\/mixpack.ee\/lv\/wp-json\/wp\/v2\/product\/2788384","targetHints":{"allow":["GET"]}}],"collection":[{"href":"https:\/\/mixpack.ee\/lv\/wp-json\/wp\/v2\/product"}],"about":[{"href":"https:\/\/mixpack.ee\/lv\/wp-json\/wp\/v2\/types\/product"}],"wp:featuredmedia":[{"embeddable":true,"href":"https:\/\/mixpack.ee\/lv\/wp-json\/wp\/v2\/media\/2788385"}],"wp:attachment":[{"href":"https:\/\/mixpack.ee\/lv\/wp-json\/wp\/v2\/media?parent=2788384"}],"wp:term":[{"taxonomy":"product_brand","embeddable":true,"href":"https:\/\/mixpack.ee\/lv\/wp-json\/wp\/v2\/product_brand?post=2788384"},{"taxonomy":"product_cat","embeddable":true,"href":"https:\/\/mixpack.ee\/lv\/wp-json\/wp\/v2\/product_cat?post=2788384"},{"taxonomy":"product_tag","embeddable":true,"href":"https:\/\/mixpack.ee\/lv\/wp-json\/wp\/v2\/product_tag?post=2788384"}],"curies":[{"name":"wp","href":"https:\/\/api.w.org\/{rel}","templated":true}]}}