{"id":2788377,"date":"2024-05-31T11:26:21","date_gmt":"2024-05-31T11:26:21","guid":{"rendered":""},"modified":"2024-05-31T11:26:21","modified_gmt":"2024-05-31T11:26:21","slug":"taldrik-vegware-nourish-kiudmaterjalist-180-mm-pakis-50-tk","status":"publish","type":"product","link":"https:\/\/mixpack.ee\/lv\/product\/taldrik-vegware-nourish-kiudmaterjalist-180-mm-pakis-50-tk\/","title":{"rendered":"\u0160\u0137\u012bvis no cukurniedr\u0113m, 180 mm, br\u016bns, iesai\u0146ots 50 gabali"},"content":{"rendered":"<p><TABLE> <TR class='ss_at' ss_attr='T\u00fckkide arv pakendis' ><br \/>\n<TD class='ss_at_name'>Gabali kast\u0113<\/TD><br \/>\n<TD class='ss_at_val'>50<\/TD><br \/>\n<\/TR><br \/>\n<TR class='ss_at' ss_attr='EAN' ><br \/>\n<TD class='ss_at_name'>EAN<\/TD><br \/>\n<TD class='ss_at_val'>5056156915465<\/TD><br \/>\n<\/TR><br \/>\n<TR class='ss_at' ss_attr='Pakke\u00fcksuste arv kastis' ><br \/>\n<TD class='ss_at_name'>Iepakojumi kast\u0113<\/TD><br \/>\n<TD class='ss_at_val'>10<\/TD><br \/>\n<\/TR><br \/>\n<TR class='ss_at' ss_attr='T\u00fckkide arv kastis' ><br \/>\n<TD class='ss_at_name'>Gabali iepakojum\u0101<\/TD><br \/>\n<TD class='ss_at_val'>500<\/TD><br \/>\n<\/TR><br \/>\n<\/TABLE><SCRIPT>ss_serdce=0;ss_treug=0;ss_elka=0;ss_petla=0;ss_carbon=0;ss_piece_count=50 ;ss_korobka_count=10 ;<\/SCRIPT><\/p>","protected":false},"excerpt":{"rendered":"<p>Stil\u012bgs \u0161\u0137\u012bvis no pres\u0113tas cukurniedres \u0161kiedras. Stingr\u0101ks k\u0101 pap\u012brs un polistir\u0113ns. Lielisks karstiem vai aukstiem \u0113dieniem, un pietieko\u0161i iztur\u012bgs, lai piepild\u012btu to ar \u0113dienu. Ra\u017eo\u0161anas proc\u0113s\u0101 tiek izmantoti dab\u012bgi materi\u0101li, piem\u0113ram, cukurniedres, bambuss vai koksnes masa. Br\u016bn\u0101 kr\u0101s\u0101. Vegware godalgota kvalit\u0101te. Ra\u017eots no augiem. R\u016bpnieciski kompost\u0113jams, attiec\u012bgaj\u0101s pie\u0146em\u0161anas viet\u0101s.<DIV class='hide'>5056156915465 P011N<\/DIV><\/p>\n","protected":false},"featured_media":2788378,"template":"","meta":[],"product_brand":[],"product_cat":[7032,7033,7147],"product_tag":[],"class_list":{"0":"post-2788377","1":"product","2":"type-product","3":"status-publish","4":"has-post-thumbnail","6":"product_cat-taldrikud-ja-kausid","7":"product_cat-uhekordsed-noud","8":"product_cat-uhekordsed-taldrikud1","9":"product_shipping_class-mix","11":"first","12":"outofstock","13":"taxable","14":"shipping-taxable","15":"purchasable","16":"product-type-simple"},"aioseo_notices":[],"_links":{"self":[{"href":"https:\/\/mixpack.ee\/lv\/wp-json\/wp\/v2\/product\/2788377","targetHints":{"allow":["GET"]}}],"collection":[{"href":"https:\/\/mixpack.ee\/lv\/wp-json\/wp\/v2\/product"}],"about":[{"href":"https:\/\/mixpack.ee\/lv\/wp-json\/wp\/v2\/types\/product"}],"wp:featuredmedia":[{"embeddable":true,"href":"https:\/\/mixpack.ee\/lv\/wp-json\/wp\/v2\/media\/2788378"}],"wp:attachment":[{"href":"https:\/\/mixpack.ee\/lv\/wp-json\/wp\/v2\/media?parent=2788377"}],"wp:term":[{"taxonomy":"product_brand","embeddable":true,"href":"https:\/\/mixpack.ee\/lv\/wp-json\/wp\/v2\/product_brand?post=2788377"},{"taxonomy":"product_cat","embeddable":true,"href":"https:\/\/mixpack.ee\/lv\/wp-json\/wp\/v2\/product_cat?post=2788377"},{"taxonomy":"product_tag","embeddable":true,"href":"https:\/\/mixpack.ee\/lv\/wp-json\/wp\/v2\/product_tag?post=2788377"}],"curies":[{"name":"wp","href":"https:\/\/api.w.org\/{rel}","templated":true}]}}