{"id":2786960,"date":"2024-05-31T11:26:20","date_gmt":"2024-05-31T11:26:20","guid":{"rendered":""},"modified":"2024-05-31T11:26:20","modified_gmt":"2024-05-31T11:26:20","slug":"komposteeritav-paberist-lusikas-165-mm-pakis-50-tk","status":"publish","type":"product","link":"https:\/\/mixpack.ee\/lv\/product\/komposteeritav-paberist-lusikas-165-mm-pakis-50-tk\/","title":{"rendered":"Kompost\u0113jama pap\u012bra karote 165 mm, iesai\u0146ots 50 gabali"},"content":{"rendered":"<p><TABLE> <TR class='ss_at' ss_attr='T\u00fckkide arv pakendis' ><br \/>\n<TD class='ss_at_name'>Gabali kast\u0113<\/TD><br \/>\n<TD class='ss_at_val'>50<\/TD><br \/>\n<\/TR><br \/>\n<TR class='ss_at' ss_attr='EAN' ><br \/>\n<TD class='ss_at_name'>EAN<\/TD><br \/>\n<TD class='ss_at_val'>5056156915304<\/TD><br \/>\n<\/TR><br \/>\n<TR class='ss_at' ss_attr='Pakke\u00fcksuste arv kastis' ><br \/>\n<TD class='ss_at_name'>Iepakojumi kast\u0113<\/TD><br \/>\n<TD class='ss_at_val'>20<\/TD><br \/>\n<\/TR><br \/>\n<TR class='ss_at' ss_attr='T\u00fckkide arv kastis' ><br \/>\n<TD class='ss_at_name'>Gabali iepakojum\u0101<\/TD><br \/>\n<TD class='ss_at_val'>1000<\/TD><br \/>\n<\/TR><br \/>\n<\/TABLE><SCRIPT>ss_serdce=0;ss_treug=0;ss_elka=0;ss_petla=0;ss_carbon=0;ss_piece_count=50 ;ss_korobka_count=20 ;<\/SCRIPT><\/p>","protected":false},"excerpt":{"rendered":"<p>Stingra pap\u012bra karote, balta. Izbaudiet karstus vai aukstus \u0113dienus \u2013 no zup\u0101m l\u012bdz desertiem. Ra\u017eots no pap\u012bra, kas saspiests daudz\u0101s k\u0101rt\u0101s, sniedzot z\u012bdaini gludu saj\u016btu. Pateicoties t\u0101 dizainam, karote ir pietiekami iztur\u012bga, lai baud\u012btu stingr\u0101kus \u0113dienus. Vegware godalgota kvalit\u0101te. Ra\u017eots no augiem. R\u016bpnieciski kompost\u0113jams, attiec\u012bgaj\u0101s pie\u0146em\u0161anas viet\u0101s.<DIV class='hide'>5056156915304 VP-SP6.2<\/DIV><\/p>\n","protected":false},"featured_media":2786961,"template":"","meta":[],"product_brand":[],"product_cat":[6975,7220,6612],"product_tag":[],"class_list":{"0":"post-2786960","1":"product","2":"type-product","3":"status-publish","4":"has-post-thumbnail","6":"product_cat-kiirtoidunoud1","7":"product_cat-uhekordsed-soogiriistade-komplektid","8":"product_cat-soogiriistad","9":"product_shipping_class-mix","11":"first","12":"outofstock","13":"taxable","14":"shipping-taxable","15":"purchasable","16":"product-type-simple"},"aioseo_notices":[],"_links":{"self":[{"href":"https:\/\/mixpack.ee\/lv\/wp-json\/wp\/v2\/product\/2786960","targetHints":{"allow":["GET"]}}],"collection":[{"href":"https:\/\/mixpack.ee\/lv\/wp-json\/wp\/v2\/product"}],"about":[{"href":"https:\/\/mixpack.ee\/lv\/wp-json\/wp\/v2\/types\/product"}],"wp:featuredmedia":[{"embeddable":true,"href":"https:\/\/mixpack.ee\/lv\/wp-json\/wp\/v2\/media\/2786961"}],"wp:attachment":[{"href":"https:\/\/mixpack.ee\/lv\/wp-json\/wp\/v2\/media?parent=2786960"}],"wp:term":[{"taxonomy":"product_brand","embeddable":true,"href":"https:\/\/mixpack.ee\/lv\/wp-json\/wp\/v2\/product_brand?post=2786960"},{"taxonomy":"product_cat","embeddable":true,"href":"https:\/\/mixpack.ee\/lv\/wp-json\/wp\/v2\/product_cat?post=2786960"},{"taxonomy":"product_tag","embeddable":true,"href":"https:\/\/mixpack.ee\/lv\/wp-json\/wp\/v2\/product_tag?post=2786960"}],"curies":[{"name":"wp","href":"https:\/\/api.w.org\/{rel}","templated":true}]}}