{"id":2786921,"date":"2024-05-31T11:26:20","date_gmt":"2024-05-31T11:26:20","guid":{"rendered":""},"modified":"2024-05-31T11:26:20","modified_gmt":"2024-05-31T11:26:20","slug":"portsjonikausikesed-suhkruroost-60-ml-pakis-100-tk","status":"publish","type":"product","link":"https:\/\/mixpack.ee\/lv\/product\/portsjonikausikesed-suhkruroost-60-ml-pakis-100-tk\/","title":{"rendered":"M\u0113rces trauci\u0146\u0161 60 ml no cukurniedres, iesai\u0146ots 100 gabali"},"content":{"rendered":"<p><TABLE> <TR class='ss_at' ss_attr='T\u00fckkide arv pakendis' ><br \/>\n<TD class='ss_at_name'>Gabali kast\u0113<\/TD><br \/>\n<TD class='ss_at_val'>100<\/TD><br \/>\n<\/TR><br \/>\n<TR class='ss_at' ss_attr='EAN' ><br \/>\n<TD class='ss_at_name'>EAN<\/TD><br \/>\n<TD class='ss_at_val'>0<\/TD><br \/>\n<\/TR><br \/>\n<TR class='ss_at' ss_attr='Pakke\u00fcksuste arv kastis' ><br \/>\n<TD class='ss_at_name'>Iepakojumi kast\u0113<\/TD><br \/>\n<TD class='ss_at_val'>20<\/TD><br \/>\n<\/TR><br \/>\n<TR class='ss_at' ss_attr='T\u00fckkide arv kastis' ><br \/>\n<TD class='ss_at_name'>Gabali iepakojum\u0101<\/TD><br \/>\n<TD class='ss_at_val'>2000<\/TD><br \/>\n<\/TR><br \/>\n<\/TABLE><SCRIPT>ss_serdce=0;ss_treug=0;ss_elka=0;ss_petla=0;ss_carbon=0;ss_piece_count=100 ;ss_korobka_count=20 ;<\/SCRIPT><\/p>","protected":false},"excerpt":{"rendered":"<p>Cukurniedres m\u0113r\u010du trauks! Ide\u0101ls trauks visa veida m\u0113rc\u0113m &#8211; k\u0101 karst\u0101m t\u0101 aukst\u0101m. Ra\u017eo\u0161anas proc\u0113s\u0101 tiek izmantoti dab\u012bgi materi\u0101li, piem\u0113ram, cukurniedres, bambuss vai koksnes masa. M\u0113r\u010du trauka dizaina mala nodro\u0161ina v\u0101ka papildus dro\u0161\u012bbu. Elegants dizains izteiksm\u012bgi balt\u0101 kr\u0101s\u0101 ar tekstur\u0113tu \u0101rpusi.V\u0101ka aug\u0161pus\u0113 eso\u0161\u0101 rieva nodro\u0161ina liel\u0101ku stabilit\u0101ti.<DIV class='hide'>0 BPP2<\/DIV><\/p>\n","protected":false},"featured_media":2786922,"template":"","meta":[],"product_brand":[],"product_cat":[7020,7019,7153,4662],"product_tag":[],"class_list":{"0":"post-2786921","1":"product","2":"type-product","3":"status-publish","4":"has-post-thumbnail","6":"product_cat-degusteerimistops","7":"product_cat-topsid1","8":"product_cat-vaikesed-topsid","9":"product_cat-kastmetopsid","10":"product_shipping_class-mix","12":"first","13":"instock","14":"taxable","15":"shipping-taxable","16":"purchasable","17":"product-type-simple"},"aioseo_notices":[],"_links":{"self":[{"href":"https:\/\/mixpack.ee\/lv\/wp-json\/wp\/v2\/product\/2786921","targetHints":{"allow":["GET"]}}],"collection":[{"href":"https:\/\/mixpack.ee\/lv\/wp-json\/wp\/v2\/product"}],"about":[{"href":"https:\/\/mixpack.ee\/lv\/wp-json\/wp\/v2\/types\/product"}],"wp:featuredmedia":[{"embeddable":true,"href":"https:\/\/mixpack.ee\/lv\/wp-json\/wp\/v2\/media\/2786922"}],"wp:attachment":[{"href":"https:\/\/mixpack.ee\/lv\/wp-json\/wp\/v2\/media?parent=2786921"}],"wp:term":[{"taxonomy":"product_brand","embeddable":true,"href":"https:\/\/mixpack.ee\/lv\/wp-json\/wp\/v2\/product_brand?post=2786921"},{"taxonomy":"product_cat","embeddable":true,"href":"https:\/\/mixpack.ee\/lv\/wp-json\/wp\/v2\/product_cat?post=2786921"},{"taxonomy":"product_tag","embeddable":true,"href":"https:\/\/mixpack.ee\/lv\/wp-json\/wp\/v2\/product_tag?post=2786921"}],"curies":[{"name":"wp","href":"https:\/\/api.w.org\/{rel}","templated":true}]}}