{"id":2785766,"date":"2024-05-31T11:26:20","date_gmt":"2024-05-31T11:26:20","guid":{"rendered":""},"modified":"2024-05-31T11:26:20","modified_gmt":"2024-05-31T11:26:20","slug":"burgeri-karp-vegware-nourish-kiudmaterjalist-152-mm-pakis-50-tk","status":"publish","type":"product","link":"https:\/\/mixpack.ee\/lv\/product\/burgeri-karp-vegware-nourish-kiudmaterjalist-152-mm-pakis-50-tk\/","title":{"rendered":"150 x 150 mm k\u0101rba burgeriem no cukurniedres, br\u016bna, iesai\u0146ots 50 gabali"},"content":{"rendered":"<p><TABLE> <TR class='ss_at' ss_attr='T\u00fckkide arv pakendis' ><br \/>\n<TD class='ss_at_name'>Gabali kast\u0113<\/TD><br \/>\n<TD class='ss_at_val'>50<\/TD><br \/>\n<\/TR><br \/>\n<TR class='ss_at' ss_attr='EAN' ><br \/>\n<TD class='ss_at_name'>EAN<\/TD><br \/>\n<TD class='ss_at_val'>5056156915434<\/TD><br \/>\n<\/TR><br \/>\n<TR class='ss_at' ss_attr='T\u00fckkide arv kastis' ><br \/>\n<TD class='ss_at_name'>Gabali iepakojum\u0101<\/TD><br \/>\n<TD class='ss_at_val'>500<\/TD><br \/>\n<\/TR><br \/>\n<\/TABLE><SCRIPT>ss_serdce=0;ss_treug=0;ss_elka=0;ss_petla=0;ss_carbon=0;ss_piece_count=50 ;ss_korobka_count=1 ;<\/SCRIPT><\/p>","protected":false},"excerpt":{"rendered":"<p>Praktiska un stil\u012bga burgeru k\u0101rba. T\u0101 k\u0101 materi\u0101ls ir \u201celpojo\u0161s\u201d, tad trauk\u0101 neveidojas kondens\u0101ts. Tas dod iesp\u0113ju \u0113dienam piln\u012bb\u0101 saglab\u0101t savas gar\u0161as \u012bpa\u0161\u012bbas un palikt svaigam un krauk\u0161\u0137\u012bgam. V\u0101ks un pamatne ir vien\u0101da dzi\u013cuma, t\u0101p\u0113c atverot veido divas papl\u0101tes. Lieliski piem\u0113rots karstam vai aukstam \u0113dienam, ta\u010du \u2013 j\u016bs jau uzmin\u0113j\u0101t \u2013 \u012bpa\u0161i burgeriem. Izgatavots no Vegware Nourish form\u0113tas cukurniedru \u0161\u0137iedras bez pievienotiem PFAS. M\u016bsu izstr\u0101d\u0101taj\u0101 \u0161\u0137iedr\u0101 tiek izmantots re\u0123ener\u0113ts dab\u012bgais materi\u0101ls, piem\u0113ram, cukurniedres, bambuss vai koksnes masa. Auzu p\u0101rslas pie\u0161\u0137ir dab\u012bgi br\u016bnu nokr\u0101su. Godalgot\u0101 Vegware kvalit\u0101te, kas izgatavota no augiem. Paredz\u0113ts m\u0101jas vai r\u016bpnieciskai kompost\u0113\u0161anai, izgatavots no p\u0101rstr\u0101d\u0101jamiem materi\u0101liem.<DIV class='hide'>5056156915434 B003N<\/DIV><\/p>\n","protected":false},"featured_media":2785767,"template":"","meta":[],"product_brand":[],"product_cat":[7006,7106,6975,7169,7155,7163],"product_tag":[],"class_list":{"0":"post-2785766","1":"product","2":"type-product","3":"status-publish","4":"has-post-thumbnail","6":"product_cat-burgerikarbid","7":"product_cat-kiirtoidu-pakendid1","8":"product_cat-kiirtoidunoud1","9":"product_cat-take-away-karbid3","10":"product_cat-toidupakendid","11":"product_cat-uhekordsed-toidukarbid-ja-kaaned","12":"product_shipping_class-mix","14":"first","15":"outofstock","16":"taxable","17":"shipping-taxable","18":"purchasable","19":"product-type-simple"},"aioseo_notices":[],"_links":{"self":[{"href":"https:\/\/mixpack.ee\/lv\/wp-json\/wp\/v2\/product\/2785766","targetHints":{"allow":["GET"]}}],"collection":[{"href":"https:\/\/mixpack.ee\/lv\/wp-json\/wp\/v2\/product"}],"about":[{"href":"https:\/\/mixpack.ee\/lv\/wp-json\/wp\/v2\/types\/product"}],"wp:featuredmedia":[{"embeddable":true,"href":"https:\/\/mixpack.ee\/lv\/wp-json\/wp\/v2\/media\/2785767"}],"wp:attachment":[{"href":"https:\/\/mixpack.ee\/lv\/wp-json\/wp\/v2\/media?parent=2785766"}],"wp:term":[{"taxonomy":"product_brand","embeddable":true,"href":"https:\/\/mixpack.ee\/lv\/wp-json\/wp\/v2\/product_brand?post=2785766"},{"taxonomy":"product_cat","embeddable":true,"href":"https:\/\/mixpack.ee\/lv\/wp-json\/wp\/v2\/product_cat?post=2785766"},{"taxonomy":"product_tag","embeddable":true,"href":"https:\/\/mixpack.ee\/lv\/wp-json\/wp\/v2\/product_tag?post=2785766"}],"curies":[{"name":"wp","href":"https:\/\/api.w.org\/{rel}","templated":true}]}}