{"id":2785755,"date":"2024-05-31T11:26:20","date_gmt":"2024-05-31T11:26:20","guid":{"rendered":""},"modified":"2024-05-31T11:26:20","modified_gmt":"2024-05-31T11:26:20","slug":"topeltseinaga-joogitops-240-ml-valge-79-seeria-pakis-25-tk","status":"publish","type":"product","link":"https:\/\/mixpack.ee\/lv\/product\/topeltseinaga-joogitops-240-ml-valge-79-seeria-pakis-25-tk\/","title":{"rendered":"Dubultsienu karst\u0101 dz\u0113riena kr\u016bze, balta 240 ml, 79. s\u0113rija, iesai\u0146ots 25 gabali"},"content":{"rendered":"<p><TABLE> <TR class='ss_at' ss_attr='T\u00fckkide arv pakendis' ><br \/>\n<TD class='ss_at_name'>Gabali kast\u0113<\/TD><br \/>\n<TD class='ss_at_val'>25<\/TD><br \/>\n<\/TR><br \/>\n<TR class='ss_at' ss_attr='EAN' ><br \/>\n<TD class='ss_at_name'>EAN<\/TD><br \/>\n<TD class='ss_at_val'>5056156913867<\/TD><br \/>\n<\/TR><br \/>\n<TR class='ss_at' ss_attr='T\u00fckkide arv kastis' ><br \/>\n<TD class='ss_at_name'>Gabali iepakojum\u0101<\/TD><br \/>\n<TD class='ss_at_val'>500<\/TD><br \/>\n<\/TR><br \/>\n<\/TABLE><SCRIPT>ss_serdce=0;ss_treug=0;ss_elka=0;ss_petla=0;ss_carbon=0;ss_piece_count=25 ;ss_korobka_count=1 ;<\/SCRIPT><\/p>","protected":false},"excerpt":{"rendered":"<p>M\u016bsu klasisk\u0101 dubultsienu kr\u016bze, tagad balt\u0101 kr\u0101s\u0101. Der Vegware\u2019s 79. s\u0113rijas v\u0101ci\u0146i. Piem\u0113rots l\u012bdz\u0146em\u0161anai kafijai, t\u0113jai, un citiem karstajiem dz\u0113rieniem, k\u0101 ar\u012b zupai. Divu sl\u0101\u0146u iztur\u012bgs materi\u0101ls ar PLA p\u0101rkl\u0101jumu uz augu b\u0101zes. Balt\u0101 kr\u0101s\u0101, ar Vegware logo za\u013c\u0101 kr\u0101s\u0101. Godalgot\u0101 Vegware kvalit\u0101te, kas izgatavota no augiem. R\u016bpnieciski kompost\u0113jams, attiec\u012bgaj\u0101s pie\u0146em\u0161anas viet\u0101s.<DIV class='hide'>5056156913867 VDW-W08<\/DIV><\/p>\n","protected":false},"featured_media":2785756,"template":"","meta":[],"product_brand":[],"product_cat":[7010,7021,6560],"product_tag":[],"class_list":{"0":"post-2785755","1":"product","2":"type-product","3":"status-publish","4":"has-post-thumbnail","6":"product_cat-joogitopsid1","7":"product_cat-kohvitopsid1","8":"product_cat-kohvitarvikud","9":"product_shipping_class-mix","11":"first","12":"instock","13":"taxable","14":"shipping-taxable","15":"purchasable","16":"product-type-simple"},"aioseo_notices":[],"_links":{"self":[{"href":"https:\/\/mixpack.ee\/lv\/wp-json\/wp\/v2\/product\/2785755","targetHints":{"allow":["GET"]}}],"collection":[{"href":"https:\/\/mixpack.ee\/lv\/wp-json\/wp\/v2\/product"}],"about":[{"href":"https:\/\/mixpack.ee\/lv\/wp-json\/wp\/v2\/types\/product"}],"wp:featuredmedia":[{"embeddable":true,"href":"https:\/\/mixpack.ee\/lv\/wp-json\/wp\/v2\/media\/2785756"}],"wp:attachment":[{"href":"https:\/\/mixpack.ee\/lv\/wp-json\/wp\/v2\/media?parent=2785755"}],"wp:term":[{"taxonomy":"product_brand","embeddable":true,"href":"https:\/\/mixpack.ee\/lv\/wp-json\/wp\/v2\/product_brand?post=2785755"},{"taxonomy":"product_cat","embeddable":true,"href":"https:\/\/mixpack.ee\/lv\/wp-json\/wp\/v2\/product_cat?post=2785755"},{"taxonomy":"product_tag","embeddable":true,"href":"https:\/\/mixpack.ee\/lv\/wp-json\/wp\/v2\/product_tag?post=2785755"}],"curies":[{"name":"wp","href":"https:\/\/api.w.org\/{rel}","templated":true}]}}