{"id":2785748,"date":"2024-05-31T11:26:20","date_gmt":"2024-05-31T11:26:20","guid":{"rendered":""},"modified":"2026-02-16T14:05:39","modified_gmt":"2026-02-16T12:05:39","slug":"topeltseinaga-joogitops-kraft-paberist-240-ml-pruun-79-seeria-pakis-25-tk1","status":"publish","type":"product","link":"https:\/\/mixpack.ee\/lv\/product\/topeltseinaga-joogitops-kraft-paberist-240-ml-pruun-79-seeria-pakis-25-tk1\/","title":{"rendered":"Dubultsienu karst\u0101 dz\u0113riena kr\u016bze ar p\u0101rkl\u0101jumu no kukur\u016bzas cietes, 240 ml, 79. s\u0113rija, iesai\u0146ots 25 gabali"},"content":{"rendered":"<p><TABLE> <TR class='ss_at'><br \/>\n<TD class='ss_at_name'>Gabali kast\u0113<\/TD><br \/>\n<TD class='ss_at_val'>25<\/TD><br \/>\n<\/TR><br \/>\n<TR class='ss_at'><br \/>\n<TD class='ss_at_name'>EAN<\/TD><br \/>\n<TD class='ss_at_val'>5060271920129<\/TD><br \/>\n<\/TR><br \/>\n<TR class='ss_at'><br \/>\n<TD class='ss_at_name'>Gabali iepakojum\u0101<\/TD><br \/>\n<TD class='ss_at_val'>500<\/TD><br \/>\n<\/TR><br \/>\n<\/TABLE>ss_serdce=0;ss_treug=0;ss_elka=0;ss_petla=0;ss_carbon=0;ss_piece_count=25 ;ss_korobka_count=1 ;<\/p>","protected":false},"excerpt":{"rendered":"<p>Eko dubultsienu karsto dz\u0113rienu kr\u016bze. Der Vegware\u2019s 79. s\u0113rijas v\u0101ci\u0146i. Kafijai, t\u0113jai, un citiem karstajiem dz\u0113rieniem vai zupai. Divi sl\u0101\u0146i iztur\u012bga materi\u0101la ar PLA p\u0101rkl\u0101jumu uz augu b\u0101zes. Br\u016bn\u0101 kraft kr\u0101s\u0101, ar Vegware zi\u0146ojumu za\u013c\u0101 kr\u0101s\u0101. Vegware godalgota kvalit\u0101te. Ra\u017eots no augiem. R\u016bpnieciski kompost\u0113jams, attiec\u012bgaj\u0101s pie\u0146em\u0161anas viet\u0101s.<DIV class='hide'>5060271920129 VDW-8<\/DIV><\/p>\n","protected":false},"featured_media":2785749,"template":"","meta":[],"product_brand":[],"product_cat":[7010,7021,6560],"product_tag":[],"class_list":{"0":"post-2785748","1":"product","2":"type-product","3":"status-publish","4":"has-post-thumbnail","6":"product_cat-joogitopsid1","7":"product_cat-kohvitopsid1","8":"product_cat-kohvitarvikud","9":"product_shipping_class-mix","11":"first","12":"instock","13":"taxable","14":"shipping-taxable","15":"purchasable","16":"product-type-simple"},"aioseo_notices":[],"_links":{"self":[{"href":"https:\/\/mixpack.ee\/lv\/wp-json\/wp\/v2\/product\/2785748","targetHints":{"allow":["GET"]}}],"collection":[{"href":"https:\/\/mixpack.ee\/lv\/wp-json\/wp\/v2\/product"}],"about":[{"href":"https:\/\/mixpack.ee\/lv\/wp-json\/wp\/v2\/types\/product"}],"wp:featuredmedia":[{"embeddable":true,"href":"https:\/\/mixpack.ee\/lv\/wp-json\/wp\/v2\/media\/2785749"}],"wp:attachment":[{"href":"https:\/\/mixpack.ee\/lv\/wp-json\/wp\/v2\/media?parent=2785748"}],"wp:term":[{"taxonomy":"product_brand","embeddable":true,"href":"https:\/\/mixpack.ee\/lv\/wp-json\/wp\/v2\/product_brand?post=2785748"},{"taxonomy":"product_cat","embeddable":true,"href":"https:\/\/mixpack.ee\/lv\/wp-json\/wp\/v2\/product_cat?post=2785748"},{"taxonomy":"product_tag","embeddable":true,"href":"https:\/\/mixpack.ee\/lv\/wp-json\/wp\/v2\/product_tag?post=2785748"}],"curies":[{"name":"wp","href":"https:\/\/api.w.org\/{rel}","templated":true}]}}