{"id":2778264,"date":"2024-05-31T11:26:20","date_gmt":"2024-05-31T11:26:20","guid":{"rendered":""},"modified":"2024-05-31T11:26:20","modified_gmt":"2024-05-31T11:26:20","slug":"joogikors-rohelise-triibuga-paberist-6-mm-pakis-250-tk","status":"publish","type":"product","link":"https:\/\/mixpack.ee\/lv\/product\/joogikors-rohelise-triibuga-paberist-6-mm-pakis-250-tk\/","title":{"rendered":"Salmi\u0146\u0161 ar za\u013cu sv\u012btru, 6 mm, iesai\u0146ots 250 gabali"},"content":{"rendered":"<p><TABLE> <TR class='ss_at' ss_attr='T\u00fckkide arv pakendis' ><br \/>\n<TD class='ss_at_name'>Gabali kast\u0113<\/TD><br \/>\n<TD class='ss_at_val'>250<\/TD><br \/>\n<\/TR><br \/>\n<TR class='ss_at' ss_attr='EAN' ><br \/>\n<TD class='ss_at_name'>EAN<\/TD><br \/>\n<TD class='ss_at_val'>0<\/TD><br \/>\n<\/TR><br \/>\n<TR class='ss_at' ss_attr='Pakke\u00fcksuste arv kastis' ><br \/>\n<TD class='ss_at_name'>Iepakojumi kast\u0113<\/TD><br \/>\n<TD class='ss_at_val'>20<\/TD><br \/>\n<\/TR><br \/>\n<TR class='ss_at' ss_attr='T\u00fckkide arv kastis' ><br \/>\n<TD class='ss_at_name'>Gabali iepakojum\u0101<\/TD><br \/>\n<TD class='ss_at_val'>5000<\/TD><br \/>\n<\/TR><br \/>\n<\/TABLE><SCRIPT>ss_serdce=0;ss_treug=0;ss_elka=0;ss_petla=0;ss_carbon=0;ss_piece_count=250 ;ss_korobka_count=20 ;<\/SCRIPT><\/p>","protected":false},"excerpt":{"rendered":"<p>Uz augu b\u0101zes no 100% premium kvalit\u0101tes pap\u012bra ra\u017eots salmi\u0146\u0161. Iztur\u012bgs aukstos dz\u0113rienos. M\u016bsu 6mm Jumbo salmi\u0146\u0161 ir lielisks aukstu dz\u0113rienu, koktei\u013cu vai sm\u016btiju malko\u0161anai. Ra\u017eots Lielbrit\u0101nij\u0101 no ilgstp\u0113j\u012bgi ieg\u016bta pap\u012bra. Sv\u012btrains salmi\u0146\u0161 za\u013c\u0101 un balt\u0101 kr\u0101s\u0101, ar kompost\u0113\u0161anas v\u0113st\u012bjumu uz iepakojuma. Vegware godalgota kvalit\u0101te. Ra\u017eots no augiem. R\u016bpnieciski kompost\u0113jams, attiec\u012bgaj\u0101s pie\u0146em\u0161anas viet\u0101s.<DIV class='hide'>0 PS06-GS<\/DIV><\/p>\n","protected":false},"featured_media":2778265,"template":"","meta":[],"product_brand":[],"product_cat":[7238,7010],"product_tag":[],"class_list":{"0":"post-2778264","1":"product","2":"type-product","3":"status-publish","4":"has-post-thumbnail","6":"product_cat-joogikorred","7":"product_cat-joogitopsid1","8":"product_shipping_class-mix","10":"first","11":"instock","12":"taxable","13":"shipping-taxable","14":"purchasable","15":"product-type-simple"},"aioseo_notices":[],"_links":{"self":[{"href":"https:\/\/mixpack.ee\/lv\/wp-json\/wp\/v2\/product\/2778264","targetHints":{"allow":["GET"]}}],"collection":[{"href":"https:\/\/mixpack.ee\/lv\/wp-json\/wp\/v2\/product"}],"about":[{"href":"https:\/\/mixpack.ee\/lv\/wp-json\/wp\/v2\/types\/product"}],"wp:featuredmedia":[{"embeddable":true,"href":"https:\/\/mixpack.ee\/lv\/wp-json\/wp\/v2\/media\/2778265"}],"wp:attachment":[{"href":"https:\/\/mixpack.ee\/lv\/wp-json\/wp\/v2\/media?parent=2778264"}],"wp:term":[{"taxonomy":"product_brand","embeddable":true,"href":"https:\/\/mixpack.ee\/lv\/wp-json\/wp\/v2\/product_brand?post=2778264"},{"taxonomy":"product_cat","embeddable":true,"href":"https:\/\/mixpack.ee\/lv\/wp-json\/wp\/v2\/product_cat?post=2778264"},{"taxonomy":"product_tag","embeddable":true,"href":"https:\/\/mixpack.ee\/lv\/wp-json\/wp\/v2\/product_tag?post=2778264"}],"curies":[{"name":"wp","href":"https:\/\/api.w.org\/{rel}","templated":true}]}}