{"id":2777262,"date":"2024-05-31T11:26:20","date_gmt":"2024-05-31T11:26:20","guid":{"rendered":""},"modified":"2026-01-08T13:01:42","modified_gmt":"2026-01-08T11:01:42","slug":"kulma-joogitops-pla-480-ml-roheline-puu-green-tree-96-seeria-pakis-50-tk","status":"publish","type":"product","link":"https:\/\/mixpack.ee\/lv\/product\/kulma-joogitops-pla-480-ml-roheline-puu-green-tree-96-seeria-pakis-50-tk\/","title":{"rendered":"Aukstiem dz\u0113rieniem paredz\u0113ta gl\u0101ze \u00abGreen Tree\u00bb no kukur\u016bzas cietes, 480 ml, 96. s\u0113rija, iesai\u0146ots 50 gabali"},"content":{"rendered":"<p><TABLE> <TR class='ss_at'><br \/>\n<TD class='ss_at_name'>Gabali kast\u0113<\/TD><br \/>\n<TD class='ss_at_val'>50<\/TD><br \/>\n<\/TR><br \/>\n<TR class='ss_at'><br \/>\n<TD class='ss_at_name'>EAN<\/TD><br \/>\n<TD class='ss_at_val'>0<\/TD><br \/>\n<\/TR><br \/>\n<TR class='ss_at'><br \/>\n<TD class='ss_at_name'>Iepakojumi kast\u0113<\/TD><br \/>\n<TD class='ss_at_val'>1<\/TD><br \/>\n<\/TR><br \/>\n<TR class='ss_at'><br \/>\n<TD class='ss_at_name'>Gabali iepakojum\u0101<\/TD><br \/>\n<TD class='ss_at_val'>1000<\/TD><br \/>\n<\/TR><br \/>\n<\/TABLE>ss_serdce=0;ss_treug=0;ss_elka=0;ss_petla=0;ss_carbon=0;ss_piece_count=50 ;ss_korobka_count=1 ;<\/p>","protected":false},"excerpt":{"rendered":"<p>Caursp\u012bd\u012bga gl\u0101ze, ra\u017eota uz augu b\u0101zes. Der Vegware 96.s\u0113rijas v\u0101ci\u0146i. Aukstiem dz\u0113rieniem un desertiem, mini sal\u0101tiem vai vesel\u012bg\u0101m uzkod\u0101m. Ra\u017eota no PLA, atjaunojama materi\u0101la. Green Tree simbolika za\u013c\u0101 un balt\u0101 kr\u0101s\u0101. Vegware godalgota kvalit\u0101te. Ra\u017eots no augiem. R\u016bpnieciski kompost\u0113jams, attiec\u012bgaj\u0101s pie\u0146em\u0161anas viet\u0101s.<DIV class='hide'>0 R500-GT-GR<\/DIV><\/p>\n","protected":false},"featured_media":2777263,"template":"","meta":[],"product_brand":[],"product_cat":[7010,7179,7244,4402],"product_tag":[],"class_list":{"0":"post-2777262","1":"product","2":"type-product","3":"status-publish","4":"has-post-thumbnail","6":"product_cat-joogitopsid1","7":"product_cat-uhekordsed-joogitopsid","8":"product_cat-veetopsid-kulmale-joogile","9":"product_cat-kulmade-jookide-topsid","10":"product_shipping_class-mix","12":"first","13":"instock","14":"taxable","15":"shipping-taxable","16":"purchasable","17":"product-type-simple"},"aioseo_notices":[],"_links":{"self":[{"href":"https:\/\/mixpack.ee\/lv\/wp-json\/wp\/v2\/product\/2777262","targetHints":{"allow":["GET"]}}],"collection":[{"href":"https:\/\/mixpack.ee\/lv\/wp-json\/wp\/v2\/product"}],"about":[{"href":"https:\/\/mixpack.ee\/lv\/wp-json\/wp\/v2\/types\/product"}],"wp:featuredmedia":[{"embeddable":true,"href":"https:\/\/mixpack.ee\/lv\/wp-json\/wp\/v2\/media\/2777263"}],"wp:attachment":[{"href":"https:\/\/mixpack.ee\/lv\/wp-json\/wp\/v2\/media?parent=2777262"}],"wp:term":[{"taxonomy":"product_brand","embeddable":true,"href":"https:\/\/mixpack.ee\/lv\/wp-json\/wp\/v2\/product_brand?post=2777262"},{"taxonomy":"product_cat","embeddable":true,"href":"https:\/\/mixpack.ee\/lv\/wp-json\/wp\/v2\/product_cat?post=2777262"},{"taxonomy":"product_tag","embeddable":true,"href":"https:\/\/mixpack.ee\/lv\/wp-json\/wp\/v2\/product_tag?post=2777262"}],"curies":[{"name":"wp","href":"https:\/\/api.w.org\/{rel}","templated":true}]}}