{"id":2769886,"date":"2024-05-31T11:26:19","date_gmt":"2024-05-31T11:26:19","guid":{"rendered":""},"modified":"2024-05-31T11:26:19","modified_gmt":"2024-05-31T11:26:19","slug":"paberkott-sangadega-320-220-250-pakis-250-tk","status":"publish","type":"product","link":"https:\/\/mixpack.ee\/lv\/product\/paberkott-sangadega-320-220-250-pakis-250-tk\/","title":{"rendered":"Pap\u012bra maisi\u0146\u0161 no p\u0101rstr\u0101d\u0101ta kraft pap\u012bra, 320*220*250, iesai\u0146ots 250 gabali"},"content":{"rendered":"<p><TABLE> <TR class='ss_at' ss_attr='T\u00fckkide arv pakendis' ><br \/>\n<TD class='ss_at_name'>Gabali kast\u0113<\/TD><br \/>\n<TD class='ss_at_val'>250<\/TD><br \/>\n<\/TR><br \/>\n<TR class='ss_at' ss_attr='EAN' ><br \/>\n<TD class='ss_at_name'>EAN<\/TD><br \/>\n<TD class='ss_at_val'>0<\/TD><br \/>\n<\/TR><br \/>\n<TR class='ss_at' ss_attr='Pakke\u00fcksuste arv kastis' ><br \/>\n<TD class='ss_at_name'>Iepakojumi kast\u0113<\/TD><br \/>\n<TD class='ss_at_val'>1<\/TD><br \/>\n<\/TR><br \/>\n<TR class='ss_at' ss_attr='T\u00fckkide arv kastis' ><br \/>\n<TD class='ss_at_name'>Gabali iepakojum\u0101<\/TD><br \/>\n<TD class='ss_at_val'>250<\/TD><br \/>\n<\/TR><br \/>\n<\/TABLE><SCRIPT>ss_serdce=0;ss_treug=0;ss_elka=0;ss_petla=0;ss_carbon=0;ss_piece_count=250 ;ss_korobka_count=1 ;<\/SCRIPT><\/p>","protected":false},"excerpt":{"rendered":"<p><DIV class='hide'>0 PB32x22x25<\/DIV><\/p>\n","protected":false},"featured_media":2769887,"template":"","meta":[],"product_brand":[],"product_cat":[7214,7111,6531,6532,6538,6539,6534,6533,6536,6535],"product_tag":[],"class_list":{"0":"post-2769886","1":"product","2":"type-product","3":"status-publish","4":"has-post-thumbnail","6":"product_cat-paberkotid-taaskasutatud-paberist","7":"product_cat-sangadega-paberkotid","8":"product_cat-populaarsed-valikud","9":"product_cat-aasia-kook","10":"product_cat-euroopa-kook","11":"product_cat-kaukaasia-kook","12":"product_cat-pasta-ja-nuudlid","13":"product_cat-salatid-ja-poke","14":"product_cat-tanavatoit","15":"product_cat-tervislik-toit-ja-smuutid","16":"product_shipping_class-mix","18":"first","19":"outofstock","20":"taxable","21":"shipping-taxable","22":"purchasable","23":"product-type-simple"},"aioseo_notices":[],"_links":{"self":[{"href":"https:\/\/mixpack.ee\/lv\/wp-json\/wp\/v2\/product\/2769886","targetHints":{"allow":["GET"]}}],"collection":[{"href":"https:\/\/mixpack.ee\/lv\/wp-json\/wp\/v2\/product"}],"about":[{"href":"https:\/\/mixpack.ee\/lv\/wp-json\/wp\/v2\/types\/product"}],"wp:featuredmedia":[{"embeddable":true,"href":"https:\/\/mixpack.ee\/lv\/wp-json\/wp\/v2\/media\/2769887"}],"wp:attachment":[{"href":"https:\/\/mixpack.ee\/lv\/wp-json\/wp\/v2\/media?parent=2769886"}],"wp:term":[{"taxonomy":"product_brand","embeddable":true,"href":"https:\/\/mixpack.ee\/lv\/wp-json\/wp\/v2\/product_brand?post=2769886"},{"taxonomy":"product_cat","embeddable":true,"href":"https:\/\/mixpack.ee\/lv\/wp-json\/wp\/v2\/product_cat?post=2769886"},{"taxonomy":"product_tag","embeddable":true,"href":"https:\/\/mixpack.ee\/lv\/wp-json\/wp\/v2\/product_tag?post=2769886"}],"curies":[{"name":"wp","href":"https:\/\/api.w.org\/{rel}","templated":true}]}}