{"id":2766976,"date":"2024-05-31T11:26:19","date_gmt":"2024-05-31T11:26:19","guid":{"rendered":""},"modified":"2025-11-28T13:28:46","modified_gmt":"2025-11-28T11:28:46","slug":"bon-appetit-toidukauss-pla-vooderdatud-kraft-paberist-960-ml-pakis-50-tk","status":"publish","type":"product","link":"https:\/\/mixpack.ee\/lv\/product\/bon-appetit-toidukauss-pla-vooderdatud-kraft-paberist-960-ml-pakis-50-tk\/","title":{"rendered":"Bon Appetit kraft pap\u012bra \u0113diena trauks ar PLA p\u0101rkl\u0101jumu, 960 ml, iesai\u0146ots 50 gabali"},"content":{"rendered":"<p><TABLE> <TR class='ss_at'><br \/>\n<TD class='ss_at_name'>Gabali kast\u0113<\/TD><br \/>\n<TD class='ss_at_val'>50<\/TD><br \/>\n<\/TR><br \/>\n<TR class='ss_at'><br \/>\n<TD class='ss_at_name'>EAN<\/TD><br \/>\n<TD class='ss_at_val'>0<\/TD><br \/>\n<\/TR><br \/>\n<TR class='ss_at'><br \/>\n<TD class='ss_at_name'>Iepakojumi kast\u0113<\/TD><br \/>\n<TD class='ss_at_val'>6<\/TD><br \/>\n<\/TR><br \/>\n<TR class='ss_at'><br \/>\n<TD class='ss_at_name'>Gabali iepakojum\u0101<\/TD><br \/>\n<TD class='ss_at_val'>300<\/TD><br \/>\n<\/TR><br \/>\n<TR class='ss_at'><br \/>\n<TD class='ss_at_name'>Kastes garums (m)<\/TD><br \/>\n<TD class='ss_at_val'>0,56<\/TD><br \/>\n<\/TR><br \/>\n<TR class='ss_at'><br \/>\n<TD class='ss_at_name'>Kastes augstums (m)<\/TD><br \/>\n<TD class='ss_at_val'>0,38<\/TD><br \/>\n<\/TR><br \/>\n<TR class='ss_at'><br \/>\n<TD class='ss_at_name'>Kastes dzi\u013cums (m)<\/TD><br \/>\n<TD class='ss_at_val'>0,50<\/TD><br \/>\n<\/TR><br \/>\n<TR class='ss_at'><br \/>\n<TD class='ss_at_name'>Kastes tilpums (m)<\/TD><br \/>\n<TD class='ss_at_val'>0,108<\/TD><br \/>\n<\/TR><br \/>\n<TR class='ss_at'><br \/>\n<TD class='ss_at_name'>\u0100r\u0113j\u0101 iepakojuma svars (kg)<\/TD><br \/>\n<TD class='ss_at_val'>1,28<\/TD><br \/>\n<\/TR><br \/>\n<TR class='ss_at'><br \/>\n<TD class='ss_at_name'>Iek\u0161\u0113j\u0101 iepakojuma svars (kg)<\/TD><br \/>\n<TD class='ss_at_val'>0,02<\/TD><br \/>\n<\/TR><br \/>\n<TR class='ss_at'><br \/>\n<TD class='ss_at_name'>Taras svars (kg)<\/TD><br \/>\n<TD class='ss_at_val'>0,833<\/TD><br \/>\n<\/TR><br \/>\n<\/TABLE>ss_serdce=0;ss_treug=0;ss_elka=0;ss_petla=0;ss_carbon=0;ss_piece_count=50 ;ss_korobka_count=6 ;<\/p>","protected":false},"excerpt":{"rendered":"<p>Kraftpap\u012bra p\u0101rtikas b\u013coda. Univers\u0101la, mitruma necaurlaid\u012bga, iztur\u012bga apa\u013ca b\u013coda. Lieliski piem\u0113rota karstu un aukstu \u0113dienu serv\u0113\u0161anai un pasnieg\u0161anai.<DIV class='hide'>0 RSC-32K<\/DIV><\/p>\n","protected":false},"featured_media":2766977,"template":"","meta":[],"product_brand":[],"product_cat":[7165,7032,7046,7163,6531,6532,6538,6534,6533,6535,6529],"product_tag":[],"class_list":{"0":"post-2766976","1":"product","2":"type-product","3":"status-publish","4":"has-post-thumbnail","6":"product_cat-einekarbid1","7":"product_cat-taldrikud-ja-kausid","8":"product_cat-toidukausid","9":"product_cat-uhekordsed-toidukarbid-ja-kaaned","10":"product_cat-populaarsed-valikud","11":"product_cat-aasia-kook","12":"product_cat-euroopa-kook","13":"product_cat-pasta-ja-nuudlid","14":"product_cat-salatid-ja-poke","15":"product_cat-tervislik-toit-ja-smuutid","16":"product_cat-bon-appetit-kausid","17":"product_shipping_class-mix","19":"first","20":"instock","21":"taxable","22":"shipping-taxable","23":"purchasable","24":"product-type-simple"},"aioseo_notices":[],"_links":{"self":[{"href":"https:\/\/mixpack.ee\/lv\/wp-json\/wp\/v2\/product\/2766976","targetHints":{"allow":["GET"]}}],"collection":[{"href":"https:\/\/mixpack.ee\/lv\/wp-json\/wp\/v2\/product"}],"about":[{"href":"https:\/\/mixpack.ee\/lv\/wp-json\/wp\/v2\/types\/product"}],"wp:featuredmedia":[{"embeddable":true,"href":"https:\/\/mixpack.ee\/lv\/wp-json\/wp\/v2\/media\/2766977"}],"wp:attachment":[{"href":"https:\/\/mixpack.ee\/lv\/wp-json\/wp\/v2\/media?parent=2766976"}],"wp:term":[{"taxonomy":"product_brand","embeddable":true,"href":"https:\/\/mixpack.ee\/lv\/wp-json\/wp\/v2\/product_brand?post=2766976"},{"taxonomy":"product_cat","embeddable":true,"href":"https:\/\/mixpack.ee\/lv\/wp-json\/wp\/v2\/product_cat?post=2766976"},{"taxonomy":"product_tag","embeddable":true,"href":"https:\/\/mixpack.ee\/lv\/wp-json\/wp\/v2\/product_tag?post=2766976"}],"curies":[{"name":"wp","href":"https:\/\/api.w.org\/{rel}","templated":true}]}}