{"id":2766963,"date":"2024-05-31T11:26:19","date_gmt":"2024-05-31T11:26:19","guid":{"rendered":""},"modified":"2024-05-31T11:26:19","modified_gmt":"2024-05-31T11:26:19","slug":"biopap-easy-catering-si-20-pakis-600-tk","status":"publish","type":"product","link":"https:\/\/mixpack.ee\/lv\/product\/biopap-easy-catering-si-20-pakis-600-tk\/","title":{"rendered":"Biopap easy catering SI-20, iesai\u0146ots 600 gabali"},"content":{"rendered":"<p><TABLE> <TR class='ss_at' ss_attr='Suurus' ><br \/>\n<TD class='ss_at_name'>Izm\u0113rs<\/TD><br \/>\n<TD class='ss_at_val'>1545 ml<\/TD><br \/>\n<\/TR><br \/>\n<TR class='ss_at' ss_attr='T\u00fckkide arv pakendis' ><br \/>\n<TD class='ss_at_name'>Gabali kast\u0113<\/TD><br \/>\n<TD class='ss_at_val'>600<\/TD><br \/>\n<\/TR><br \/>\n<TR class='ss_at' ss_attr='EAN' ><br \/>\n<TD class='ss_at_name'>EAN<\/TD><br \/>\n<TD class='ss_at_val'>0<\/TD><br \/>\n<\/TR><br \/>\n<TR class='ss_at' ss_attr='Pakke\u00fcksuste arv kastis' ><br \/>\n<TD class='ss_at_name'>Iepakojumi kast\u0113<\/TD><br \/>\n<TD class='ss_at_val'>1<\/TD><br \/>\n<\/TR><br \/>\n<TR class='ss_at' ss_attr='T\u00fckkide arv kastis' ><br \/>\n<TD class='ss_at_name'>Gabali iepakojum\u0101<\/TD><br \/>\n<TD class='ss_at_val'>600<\/TD><br \/>\n<\/TR><br \/>\n<TR class='ss_at' ss_attr='Karpi pikkus (m)' ><br \/>\n<TD class='ss_at_name'>Kastes garums (m)<\/TD><br \/>\n<TD class='ss_at_val'>0,190<\/TD><br \/>\n<\/TR><br \/>\n<TR class='ss_at' ss_attr='Kasti k\u00f5rgus (m)' ><br \/>\n<TD class='ss_at_name'>Kastes augstums (m)<\/TD><br \/>\n<TD class='ss_at_val'>0,247<\/TD><br \/>\n<\/TR><br \/>\n<TR class='ss_at' ss_attr='Kasti s\u00fcgavus (m)' ><br \/>\n<TD class='ss_at_name'>Kastes dzi\u013cums (m)<\/TD><br \/>\n<TD class='ss_at_val'>0,47<\/TD><br \/>\n<\/TR><br \/>\n<\/TABLE><SCRIPT>ss_serdce=0;ss_treug=0;ss_elka=0;ss_petla=0;ss_carbon=0;ss_piece_count=600 ;ss_korobka_count=1 ;<\/SCRIPT><\/p>","protected":false},"excerpt":{"rendered":"<p>BIOPAP\u00ae Easy Catering ir biolo\u0123iski no\u0101rd\u0101mi, kompost\u0113jami un p\u0101rstr\u0101d\u0101jami trauki. BIOPAP Easy-Catering pied\u0101v\u0101 4 papl\u0101tes ar 1 vai 2 nodal\u012bjumiem, no 441 + 654 ml l\u012bdz 1545 ml, kuras no virspuses var herm\u0113tisko nosl\u0113gt ar pl\u0113vi vai cietu v\u0101ku ar vienu vienreizlietojamu hermetiz\u0101cijas ietvaru. Nav nepiecie\u0161ama ietvara mai\u0146a termisk\u0101s aizkaus\u0113\u0161anas iek\u0101rt\u0101 vai ra\u017eo\u0161anas l\u012bnij\u0101. T\u0101 ir BIOPAP\u00ae Easy Catering sist\u0113ma.<br \/>\nIzmanto\u0161anas sektori:<br \/>\nD\u0101rze\u0146i: svaigu un pagatavotu d\u0101rze\u0146u iepako\u0161ana.<br \/>\nAug\u013ci: \u017e\u0101v\u0113tu un svaigu aug\u013cu herm\u0113tiska iepako\u0161ana.<br \/>\nSieri: svaigu, nogatavin\u0101tu un m\u012bksto sieru herm\u0113tiska iepako\u0161ana.<br \/>\n\u0112din\u0101\u0161ana: gatavu malt\u012b\u0161u herm\u0113tiska iepako\u0161ana liela apjoma pat\u0113ri\u0146am.<br \/>\nGastronomijas veikals: gatavu malt\u012b\u0161u herm\u0113tiska iepako\u0161ana.<br \/>\nMakaroni: svaigu, pild\u012btu, sausu un iepriek\u0161 sagatavotu makaronu iepako\u0161ana.<DIV class='hide'>0 SI-20<\/DIV><\/p>\n","protected":false},"featured_media":2766964,"template":"","meta":[],"product_brand":[],"product_cat":[6908],"product_tag":[],"class_list":{"0":"post-2766963","1":"product","2":"type-product","3":"status-publish","4":"has-post-thumbnail","6":"product_cat-biopap","7":"product_shipping_class-mix","9":"first","10":"instock","11":"taxable","12":"shipping-taxable","13":"purchasable","14":"product-type-simple"},"aioseo_notices":[],"_links":{"self":[{"href":"https:\/\/mixpack.ee\/lv\/wp-json\/wp\/v2\/product\/2766963","targetHints":{"allow":["GET"]}}],"collection":[{"href":"https:\/\/mixpack.ee\/lv\/wp-json\/wp\/v2\/product"}],"about":[{"href":"https:\/\/mixpack.ee\/lv\/wp-json\/wp\/v2\/types\/product"}],"wp:featuredmedia":[{"embeddable":true,"href":"https:\/\/mixpack.ee\/lv\/wp-json\/wp\/v2\/media\/2766964"}],"wp:attachment":[{"href":"https:\/\/mixpack.ee\/lv\/wp-json\/wp\/v2\/media?parent=2766963"}],"wp:term":[{"taxonomy":"product_brand","embeddable":true,"href":"https:\/\/mixpack.ee\/lv\/wp-json\/wp\/v2\/product_brand?post=2766963"},{"taxonomy":"product_cat","embeddable":true,"href":"https:\/\/mixpack.ee\/lv\/wp-json\/wp\/v2\/product_cat?post=2766963"},{"taxonomy":"product_tag","embeddable":true,"href":"https:\/\/mixpack.ee\/lv\/wp-json\/wp\/v2\/product_tag?post=2766963"}],"curies":[{"name":"wp","href":"https:\/\/api.w.org\/{rel}","templated":true}]}}