{"id":2766935,"date":"2024-05-31T11:26:18","date_gmt":"2024-05-31T11:26:18","guid":{"rendered":""},"modified":"2024-05-31T11:26:18","modified_gmt":"2024-05-31T11:26:18","slug":"premium-burger-box-10-5cm-pakis-100-tk","status":"publish","type":"product","link":"https:\/\/mixpack.ee\/lv\/product\/premium-burger-box-10-5cm-pakis-100-tk\/","title":{"rendered":"Augst\u0101k\u0101s klases burgeru k\u0101rba -10.5 cm., iesai\u0146ots 100 gabali"},"content":{"rendered":"<p><TABLE> <TR class='ss_at' ss_attr='T\u00fckkide arv pakendis' ><br \/>\n<TD class='ss_at_name'>Gabali kast\u0113<\/TD><br \/>\n<TD class='ss_at_val'>100<\/TD><br \/>\n<\/TR><br \/>\n<TR class='ss_at' ss_attr='EAN' ><br \/>\n<TD class='ss_at_name'>EAN<\/TD><br \/>\n<TD class='ss_at_val'>5056156910194<\/TD><br \/>\n<\/TR><br \/>\n<TR class='ss_at' ss_attr='Pakke\u00fcksuste arv kastis' ><br \/>\n<TD class='ss_at_name'>Iepakojumi kast\u0113<\/TD><br \/>\n<TD class='ss_at_val'>1<\/TD><br \/>\n<\/TR><br \/>\n<TR class='ss_at' ss_attr='T\u00fckkide arv kastis' ><br \/>\n<TD class='ss_at_name'>Gabali iepakojum\u0101<\/TD><br \/>\n<TD class='ss_at_val'>100<\/TD><br \/>\n<\/TR><br \/>\n<TR class='ss_at' ss_attr='Karpi pikkus (m)' ><br \/>\n<TD class='ss_at_name'>Kastes garums (m)<\/TD><br \/>\n<TD class='ss_at_val'>0,49<\/TD><br \/>\n<\/TR><br \/>\n<TR class='ss_at' ss_attr='Kasti k\u00f5rgus (m)' ><br \/>\n<TD class='ss_at_name'>Kastes augstums (m)<\/TD><br \/>\n<TD class='ss_at_val'>0,32<\/TD><br \/>\n<\/TR><br \/>\n<TR class='ss_at' ss_attr='Kasti s\u00fcgavus (m)' ><br \/>\n<TD class='ss_at_name'>Kastes dzi\u013cums (m)<\/TD><br \/>\n<TD class='ss_at_val'>0,16<\/TD><br \/>\n<\/TR><br \/>\n<TR class='ss_at' ss_attr='Kasti maht (m)' ><br \/>\n<TD class='ss_at_name'>Kastes tilpums (m)<\/TD><br \/>\n<TD class='ss_at_val'>0,026<\/TD><br \/>\n<\/TR><br \/>\n<\/TABLE><SCRIPT>ss_serdce=0;ss_treug=0;ss_elka=0;ss_petla=0;ss_carbon=0;ss_piece_count=100 ;ss_korobka_count=1 ;<\/SCRIPT><\/p>","protected":false},"excerpt":{"rendered":"<p>Augst\u0101k\u0101s klases, atlok\u0101ma burgeru k\u0101rba malt\u012b\u0161u ietur\u0113\u0161anai. T\u0101 lieliski piem\u0113rota burgeru komplektiem, da\u017e\u0101d\u0101m siltaj\u0101m un aukstaj\u0101m uzkod\u0101m. Praktiskais atveramais dizains p\u0101rv\u0113r\u0161 k\u0101rbu par malt\u012b\u0161u ietur\u0113\u0161anas plati. Vienkr\u0101sains, biezs, izgatavots no kraft  kr\u0101sas nebalin\u0101tas pl\u0101tnes ar Vegware ekolo\u0123isko zi\u0146ojumu za\u013c\u0101 kr\u0101s\u0101. Vegware godalgotais dizains, kas izgatavots no augiem. Komerci\u0101li kompost\u0113jams to pie\u0146em\u0161anas viet\u0101s.<DIV class='hide'>5056156910194 BOX005<\/DIV><\/p>\n","protected":false},"featured_media":2766936,"template":"","meta":[],"product_brand":[],"product_cat":[7171,7006,7106,6975,7163,6531,6538,6536,6541],"product_tag":[],"class_list":{"0":"post-2766935","1":"product","2":"type-product","3":"status-publish","4":"has-post-thumbnail","6":"product_cat-burger-boksid1","7":"product_cat-burgerikarbid","8":"product_cat-kiirtoidu-pakendid1","9":"product_cat-kiirtoidunoud1","10":"product_cat-uhekordsed-toidukarbid-ja-kaaned","11":"product_cat-populaarsed-valikud","12":"product_cat-euroopa-kook","13":"product_cat-tanavatoit","14":"product_cat-kraft-karbid","15":"product_shipping_class-mix","17":"first","18":"outofstock","19":"taxable","20":"shipping-taxable","21":"purchasable","22":"product-type-simple"},"aioseo_notices":[],"_links":{"self":[{"href":"https:\/\/mixpack.ee\/lv\/wp-json\/wp\/v2\/product\/2766935","targetHints":{"allow":["GET"]}}],"collection":[{"href":"https:\/\/mixpack.ee\/lv\/wp-json\/wp\/v2\/product"}],"about":[{"href":"https:\/\/mixpack.ee\/lv\/wp-json\/wp\/v2\/types\/product"}],"wp:featuredmedia":[{"embeddable":true,"href":"https:\/\/mixpack.ee\/lv\/wp-json\/wp\/v2\/media\/2766936"}],"wp:attachment":[{"href":"https:\/\/mixpack.ee\/lv\/wp-json\/wp\/v2\/media?parent=2766935"}],"wp:term":[{"taxonomy":"product_brand","embeddable":true,"href":"https:\/\/mixpack.ee\/lv\/wp-json\/wp\/v2\/product_brand?post=2766935"},{"taxonomy":"product_cat","embeddable":true,"href":"https:\/\/mixpack.ee\/lv\/wp-json\/wp\/v2\/product_cat?post=2766935"},{"taxonomy":"product_tag","embeddable":true,"href":"https:\/\/mixpack.ee\/lv\/wp-json\/wp\/v2\/product_tag?post=2766935"}],"curies":[{"name":"wp","href":"https:\/\/api.w.org\/{rel}","templated":true}]}}