{"id":2766770,"date":"2024-05-31T11:26:17","date_gmt":"2024-05-31T11:26:17","guid":{"rendered":""},"modified":"2024-05-31T11:26:17","modified_gmt":"2024-05-31T11:26:17","slug":"joogikors-jumbo-hele-sinise-triibuga-pla-8-mm-pakis-200-tk","status":"publish","type":"product","link":"https:\/\/mixpack.ee\/lv\/product\/joogikors-jumbo-hele-sinise-triibuga-pla-8-mm-pakis-200-tk\/","title":{"rendered":"Salmi\u0146\u0161 \u00abJumbo\u00bb ar zilu sv\u012btru, 8 mm, iesai\u0146ots 200 gabali"},"content":{"rendered":"<p><TABLE> <TR class='ss_at' ss_attr='T\u00fckkide arv pakendis' ><br \/>\n<TD class='ss_at_name'>Gabali kast\u0113<\/TD><br \/>\n<TD class='ss_at_val'>200<\/TD><br \/>\n<\/TR><br \/>\n<TR class='ss_at' ss_attr='EAN' ><br \/>\n<TD class='ss_at_name'>EAN<\/TD><br \/>\n<TD class='ss_at_val'>5056156906043<\/TD><br \/>\n<\/TR><br \/>\n<TR class='ss_at' ss_attr='Pakke\u00fcksuste arv kastis' ><br \/>\n<TD class='ss_at_name'>Iepakojumi kast\u0113<\/TD><br \/>\n<TD class='ss_at_val'>20<\/TD><br \/>\n<\/TR><br \/>\n<TR class='ss_at' ss_attr='T\u00fckkide arv kastis' ><br \/>\n<TD class='ss_at_name'>Gabali iepakojum\u0101<\/TD><br \/>\n<TD class='ss_at_val'>4000<\/TD><br \/>\n<\/TR><br \/>\n<TR class='ss_at' ss_attr='Karpi pikkus (m)' ><br \/>\n<TD class='ss_at_name'>Kastes garums (m)<\/TD><br \/>\n<TD class='ss_at_val'>0,526<\/TD><br \/>\n<\/TR><br \/>\n<TR class='ss_at' ss_attr='Kasti k\u00f5rgus (m)' ><br \/>\n<TD class='ss_at_name'>Kastes augstums (m)<\/TD><br \/>\n<TD class='ss_at_val'>0,216<\/TD><br \/>\n<\/TR><br \/>\n<TR class='ss_at' ss_attr='Kasti s\u00fcgavus (m)' ><br \/>\n<TD class='ss_at_name'>Kastes dzi\u013cums (m)<\/TD><br \/>\n<TD class='ss_at_val'>0,437<\/TD><br \/>\n<\/TR><br \/>\n<TR class='ss_at' ss_attr='Kasti maht (m)' ><br \/>\n<TD class='ss_at_name'>Kastes tilpums (m)<\/TD><br \/>\n<TD class='ss_at_val'>0,05<\/TD><br \/>\n<\/TR><br \/>\n<TR class='ss_at' ss_attr='V\u00e4line pakkimiskaal (kg)' ><br \/>\n<TD class='ss_at_name'>\u0100r\u0113j\u0101 iepakojuma svars (kg)<\/TD><br \/>\n<TD class='ss_at_val'>4,910<\/TD><br \/>\n<\/TR><br \/>\n<TR class='ss_at' ss_attr='Sisupakendi kaal (kg)' ><br \/>\n<TD class='ss_at_name'>Iek\u0161\u0113j\u0101 iepakojuma svars (kg)<\/TD><br \/>\n<TD class='ss_at_val'>0,760<\/TD><br \/>\n<\/TR><br \/>\n<TR class='ss_at' ss_attr='Pakkendi kaal (kg)' ><br \/>\n<TD class='ss_at_name'>Taras svars (kg)<\/TD><br \/>\n<TD class='ss_at_val'>0,246<\/TD><br \/>\n<\/TR><br \/>\n<\/TABLE><SCRIPT>ss_serdce=0;ss_treug=0;ss_elka=0;ss_petla=0;ss_carbon=0;ss_piece_count=200 ;ss_korobka_count=20 ;<\/SCRIPT><\/p>","protected":false},"excerpt":{"rendered":"<p>Uz augu b\u0101zes no 100% premium kvalit\u0101tes pap\u012bra ra\u017eots salmi\u0146\u0161. Iztur\u012bgs aukstos dz\u0113rienos. M\u016bsu 8mm Jumbo salmi\u0146\u0161 irlielisks aukstu dz\u0113rienu, koktei\u013cu vai sm\u016btiju malko\u0161anai. Ra\u017eots Lielbrit\u0101nij\u0101 no ilgstp\u0113j\u012bgi ieg\u016bta pap\u012bra. Sv\u012btrains salmi\u0146\u0161 aqua un balt\u0101 kr\u0101s\u0101, ar kompost\u0113\u0161anas v\u0113st\u012bjumu uz iepakojuma. Vegware godalgota kvalit\u0101te. Ra\u017eots no augiem. R\u016bpnieciski kompost\u0113jams, attiec\u012bgaj\u0101s pie\u0146em\u0161anas viet\u0101s. <DIV class='hide'>5056156906043 PS08-AS<\/DIV><\/p>\n","protected":false},"featured_media":2766771,"template":"","meta":[],"product_brand":[],"product_cat":[7238,7126,7010,7139,7145,7019,6531,6540,6535],"product_tag":[],"class_list":{"0":"post-2766770","1":"product","2":"type-product","3":"status-publish","4":"has-post-thumbnail","6":"product_cat-joogikorred","7":"product_cat-joogikors1","8":"product_cat-joogitopsid1","9":"product_cat-korred2","10":"product_cat-paberist-korred1","11":"product_cat-topsid1","12":"product_cat-populaarsed-valikud","13":"product_cat-avalikud-uritused","14":"product_cat-tervislik-toit-ja-smuutid","15":"product_shipping_class-mix","17":"first","18":"outofstock","19":"taxable","20":"shipping-taxable","21":"purchasable","22":"product-type-simple"},"aioseo_notices":[],"_links":{"self":[{"href":"https:\/\/mixpack.ee\/lv\/wp-json\/wp\/v2\/product\/2766770","targetHints":{"allow":["GET"]}}],"collection":[{"href":"https:\/\/mixpack.ee\/lv\/wp-json\/wp\/v2\/product"}],"about":[{"href":"https:\/\/mixpack.ee\/lv\/wp-json\/wp\/v2\/types\/product"}],"wp:featuredmedia":[{"embeddable":true,"href":"https:\/\/mixpack.ee\/lv\/wp-json\/wp\/v2\/media\/2766771"}],"wp:attachment":[{"href":"https:\/\/mixpack.ee\/lv\/wp-json\/wp\/v2\/media?parent=2766770"}],"wp:term":[{"taxonomy":"product_brand","embeddable":true,"href":"https:\/\/mixpack.ee\/lv\/wp-json\/wp\/v2\/product_brand?post=2766770"},{"taxonomy":"product_cat","embeddable":true,"href":"https:\/\/mixpack.ee\/lv\/wp-json\/wp\/v2\/product_cat?post=2766770"},{"taxonomy":"product_tag","embeddable":true,"href":"https:\/\/mixpack.ee\/lv\/wp-json\/wp\/v2\/product_tag?post=2766770"}],"curies":[{"name":"wp","href":"https:\/\/api.w.org\/{rel}","templated":true}]}}