{"id":2766731,"date":"2024-05-31T11:26:17","date_gmt":"2024-05-31T11:26:17","guid":{"rendered":""},"modified":"2024-05-31T11:26:17","modified_gmt":"2024-05-31T11:26:17","slug":"bon-appetit-lame-kaas-pla-185-seeria-pakis-75-tk","status":"publish","type":"product","link":"https:\/\/mixpack.ee\/lv\/product\/bon-appetit-lame-kaas-pla-185-seeria-pakis-75-tk\/","title":{"rendered":"Plakans v\u0101ks no kukur\u016bzas cietes, 185. s\u0113rija, iesai\u0146ots 75 gabali"},"content":{"rendered":"<p><TABLE> <TR class='ss_at' ss_attr='T\u00fckkide arv pakendis' ><br \/>\n<TD class='ss_at_name'>Gabali kast\u0113<\/TD><br \/>\n<TD class='ss_at_val'>75<\/TD><br \/>\n<\/TR><br \/>\n<TR class='ss_at' ss_attr='EAN' ><br \/>\n<TD class='ss_at_name'>EAN<\/TD><br \/>\n<TD class='ss_at_val'>0<\/TD><br \/>\n<\/TR><br \/>\n<TR class='ss_at' ss_attr='Pakke\u00fcksuste arv kastis' ><br \/>\n<TD class='ss_at_name'>Iepakojumi kast\u0113<\/TD><br \/>\n<TD class='ss_at_val'>4<\/TD><br \/>\n<\/TR><br \/>\n<TR class='ss_at' ss_attr='T\u00fckkide arv kastis' ><br \/>\n<TD class='ss_at_name'>Gabali iepakojum\u0101<\/TD><br \/>\n<TD class='ss_at_val'>300<\/TD><br \/>\n<\/TR><br \/>\n<TR class='ss_at' ss_attr='Karpi pikkus (m)' ><br \/>\n<TD class='ss_at_name'>Kastes garums (m)<\/TD><br \/>\n<TD class='ss_at_val'>0,480<\/TD><br \/>\n<\/TR><br \/>\n<TR class='ss_at' ss_attr='Kasti k\u00f5rgus (m)' ><br \/>\n<TD class='ss_at_name'>Kastes augstums (m)<\/TD><br \/>\n<TD class='ss_at_val'>0,394<\/TD><br \/>\n<\/TR><br \/>\n<TR class='ss_at' ss_attr='Kasti s\u00fcgavus (m)' ><br \/>\n<TD class='ss_at_name'>Kastes dzi\u013cums (m)<\/TD><br \/>\n<TD class='ss_at_val'>0,394<\/TD><br \/>\n<\/TR><br \/>\n<TR class='ss_at' ss_attr='Kasti maht (m)' ><br \/>\n<TD class='ss_at_name'>Kastes tilpums (m)<\/TD><br \/>\n<TD class='ss_at_val'>0,075<\/TD><br \/>\n<\/TR><br \/>\n<TR class='ss_at' ss_attr='Kauba netokaal (kg)' ><br \/>\n<TD class='ss_at_name'>Pre\u010du neto svars (kg)<\/TD><br \/>\n<TD class='ss_at_val'>3,4<\/TD><br \/>\n<\/TR><br \/>\n<TR class='ss_at' ss_attr='Toote kogukaal (kg)' ><br \/>\n<TD class='ss_at_name'>Produkta bruto svars (kg)<\/TD><br \/>\n<TD class='ss_at_val'>3,5<\/TD><br \/>\n<\/TR><br \/>\n<TR class='ss_at' ss_attr='V\u00e4line pakkimiskaal (kg)' ><br \/>\n<TD class='ss_at_name'>\u0100r\u0113j\u0101 iepakojuma svars (kg)<\/TD><br \/>\n<TD class='ss_at_val'>2,5<\/TD><br \/>\n<\/TR><br \/>\n<TR class='ss_at' ss_attr='Sisupakendi kaal (kg)' ><br \/>\n<TD class='ss_at_name'>Iek\u0161\u0113j\u0101 iepakojuma svars (kg)<\/TD><br \/>\n<TD class='ss_at_val'>0,1<\/TD><br \/>\n<\/TR><br \/>\n<TR class='ss_at' ss_attr='Pakkendi kaal (kg)' ><br \/>\n<TD class='ss_at_name'>Taras svars (kg)<\/TD><br \/>\n<TD class='ss_at_val'>0,625<\/TD><br \/>\n<\/TR><br \/>\n<\/TABLE><SCRIPT>ss_serdce=0;ss_treug=0;ss_elka=0;ss_petla=0;ss_carbon=0;ss_piece_count=75 ;ss_korobka_count=4 ;<\/SCRIPT><\/p>","protected":false},"excerpt":{"rendered":"<p>Plats, caursp\u012bd\u012bgs v\u0101ci\u0146\u0161. Vegware&#8217;s Bon Appetit b\u013cod\u0101m piem\u012bt unik\u0101ls stils un t\u0101s ir viegli kombin\u0113jamas ar citiem traukiem. Tas nodro\u0161ina panor\u0101mas skatu J\u016bsu \u0113dienam. Premium prezent\u0113\u0161anas iesp\u0113jas aukstiem sal\u0101tiem un vesel\u012bg\u0101m uzkod\u0101m. Vegware patent\u0113tais v\u0101ci\u0146\u0161 der vai nu pap\u012bra vai caursp\u012bd\u012bgaj\u0101m PLA Bon Appetit b\u013cod\u0101m. Ra\u017eots no PLA, atjaunojama materi\u0101la. Caursp\u012bd\u012bgs. Vegware godalgota kvalit\u0101te. Ra\u017eots no augiem. R\u016bpnieciski kompost\u0113jams, attiec\u012bgaj\u0101s pie\u0146em\u0161anas viet\u0101s. <DIV class='hide'>0 VL185F<\/DIV><\/p>\n","protected":false},"featured_media":2766732,"template":"","meta":[],"product_brand":[],"product_cat":[7165,7174,7032,7046,7163,6531,6538,6533,6535,6547,6529,6634],"product_tag":[],"class_list":{"0":"post-2766731","1":"product","2":"type-product","3":"status-publish","4":"has-post-thumbnail","6":"product_cat-einekarbid1","7":"product_cat-labipaistvad-karbid1","8":"product_cat-taldrikud-ja-kausid","9":"product_cat-toidukausid","10":"product_cat-uhekordsed-toidukarbid-ja-kaaned","11":"product_cat-populaarsed-valikud","12":"product_cat-euroopa-kook","13":"product_cat-salatid-ja-poke","14":"product_cat-tervislik-toit-ja-smuutid","15":"product_cat-salatikarbid","16":"product_cat-bon-appetit-kausid","17":"product_cat-cpla-kausid","18":"product_shipping_class-mix","20":"first","21":"instock","22":"taxable","23":"shipping-taxable","24":"purchasable","25":"product-type-simple"},"aioseo_notices":[],"_links":{"self":[{"href":"https:\/\/mixpack.ee\/lv\/wp-json\/wp\/v2\/product\/2766731","targetHints":{"allow":["GET"]}}],"collection":[{"href":"https:\/\/mixpack.ee\/lv\/wp-json\/wp\/v2\/product"}],"about":[{"href":"https:\/\/mixpack.ee\/lv\/wp-json\/wp\/v2\/types\/product"}],"wp:featuredmedia":[{"embeddable":true,"href":"https:\/\/mixpack.ee\/lv\/wp-json\/wp\/v2\/media\/2766732"}],"wp:attachment":[{"href":"https:\/\/mixpack.ee\/lv\/wp-json\/wp\/v2\/media?parent=2766731"}],"wp:term":[{"taxonomy":"product_brand","embeddable":true,"href":"https:\/\/mixpack.ee\/lv\/wp-json\/wp\/v2\/product_brand?post=2766731"},{"taxonomy":"product_cat","embeddable":true,"href":"https:\/\/mixpack.ee\/lv\/wp-json\/wp\/v2\/product_cat?post=2766731"},{"taxonomy":"product_tag","embeddable":true,"href":"https:\/\/mixpack.ee\/lv\/wp-json\/wp\/v2\/product_tag?post=2766731"}],"curies":[{"name":"wp","href":"https:\/\/api.w.org\/{rel}","templated":true}]}}