{"id":2766701,"date":"2024-05-31T11:26:17","date_gmt":"2024-05-31T11:26:17","guid":{"rendered":""},"modified":"2024-05-31T11:26:17","modified_gmt":"2024-05-31T11:26:17","slug":"bella-kauss-pla-240-ml-96-seeria-pakis-50-tk","status":"publish","type":"product","link":"https:\/\/mixpack.ee\/lv\/product\/bella-kauss-pla-240-ml-96-seeria-pakis-50-tk\/","title":{"rendered":"Trauks &#8220;Bella&#8221; no kukur\u016bzas cietes, 240 ml, 96. s\u0113rija, iesai\u0146ots 50 gabali"},"content":{"rendered":"<p><TABLE> <TR class='ss_at' ss_attr='Suurus' ><br \/>\n<TD class='ss_at_name'>Izm\u0113rs<\/TD><br \/>\n<TD class='ss_at_val'>240 ml<\/TD><br \/>\n<\/TR><br \/>\n<TR class='ss_at' ss_attr='T\u00fckkide arv pakendis' ><br \/>\n<TD class='ss_at_name'>Gabali kast\u0113<\/TD><br \/>\n<TD class='ss_at_val'>50<\/TD><br \/>\n<\/TR><br \/>\n<TR class='ss_at' ss_attr='EAN' ><br \/>\n<TD class='ss_at_name'>EAN<\/TD><br \/>\n<TD class='ss_at_val'>0<\/TD><br \/>\n<\/TR><br \/>\n<TR class='ss_at' ss_attr='Pakke\u00fcksuste arv kastis' ><br \/>\n<TD class='ss_at_name'>Iepakojumi kast\u0113<\/TD><br \/>\n<TD class='ss_at_val'>20<\/TD><br \/>\n<\/TR><br \/>\n<TR class='ss_at' ss_attr='T\u00fckkide arv kastis' ><br \/>\n<TD class='ss_at_name'>Gabali iepakojum\u0101<\/TD><br \/>\n<TD class='ss_at_val'>1000<\/TD><br \/>\n<\/TR><br \/>\n<\/TABLE><SCRIPT>ss_serdce=0;ss_treug=0;ss_elka=0;ss_petla=0;ss_carbon=0;ss_piece_count=50 ;ss_korobka_count=20 ;<\/SCRIPT><\/p>","protected":false},"excerpt":{"rendered":"<p>Stingri, apa\u013ci trauki. Ide\u0101li granolai un jogurtam, jauktajiem sal\u0101tiem un aukstajiem desertiem. Ra\u017eoti no PLA, atjaunojama materiala. Caursp\u012bd\u012bgi.  Uz iepakojuma ir za\u013ca nor\u0101de par eko iepakojumu, un Vegware Za\u013c\u0101s Lapas embl\u0113ma nor\u0101da to, ka traukus ir iesp\u0113jams kompost\u0113t. Sader ar Vegware i96-3 ieliktni un 96.s\u0113rijas v\u0101ku. Vegware godalgota kvalit\u0101te. Ra\u017eots no augiem. R\u016bpnieciski kompost\u0113jams, attiec\u012bgaj\u0101s pie\u0146em\u0161anas viet\u0101s. <DIV class='hide'>0 BEL-08<\/DIV><\/p>\n","protected":false},"featured_media":2766702,"template":"","meta":[],"product_brand":[],"product_cat":[7250,7173,7032,7163,7200,6696,6531,6538,6533,6535,6558,6636],"product_tag":[],"class_list":{"0":"post-2766701","1":"product","2":"type-product","3":"status-publish","4":"has-post-thumbnail","6":"product_cat-portsjoni-kausid","7":"product_cat-salatikausid1","8":"product_cat-taldrikud-ja-kausid","9":"product_cat-uhekordsed-toidukarbid-ja-kaaned","10":"product_cat-vaikesed-kausid","11":"product_cat-joel-ostrati-valik","12":"product_cat-populaarsed-valikud","13":"product_cat-euroopa-kook","14":"product_cat-salatid-ja-poke","15":"product_cat-tervislik-toit-ja-smuutid","16":"product_cat-deli-karbid","17":"product_cat-bella-kausid","18":"product_shipping_class-mix","20":"first","21":"instock","22":"taxable","23":"shipping-taxable","24":"purchasable","25":"product-type-simple"},"aioseo_notices":[],"_links":{"self":[{"href":"https:\/\/mixpack.ee\/lv\/wp-json\/wp\/v2\/product\/2766701","targetHints":{"allow":["GET"]}}],"collection":[{"href":"https:\/\/mixpack.ee\/lv\/wp-json\/wp\/v2\/product"}],"about":[{"href":"https:\/\/mixpack.ee\/lv\/wp-json\/wp\/v2\/types\/product"}],"wp:featuredmedia":[{"embeddable":true,"href":"https:\/\/mixpack.ee\/lv\/wp-json\/wp\/v2\/media\/2766702"}],"wp:attachment":[{"href":"https:\/\/mixpack.ee\/lv\/wp-json\/wp\/v2\/media?parent=2766701"}],"wp:term":[{"taxonomy":"product_brand","embeddable":true,"href":"https:\/\/mixpack.ee\/lv\/wp-json\/wp\/v2\/product_brand?post=2766701"},{"taxonomy":"product_cat","embeddable":true,"href":"https:\/\/mixpack.ee\/lv\/wp-json\/wp\/v2\/product_cat?post=2766701"},{"taxonomy":"product_tag","embeddable":true,"href":"https:\/\/mixpack.ee\/lv\/wp-json\/wp\/v2\/product_tag?post=2766701"}],"curies":[{"name":"wp","href":"https:\/\/api.w.org\/{rel}","templated":true}]}}