{"id":2766623,"date":"2024-05-31T11:26:16","date_gmt":"2024-05-31T11:26:16","guid":{"rendered":""},"modified":"2024-05-31T11:26:16","modified_gmt":"2024-05-31T11:26:16","slug":"kuumakott-kraft-paberist-15-x-8-x-23-cm-pakis-500-tk","status":"publish","type":"product","link":"https:\/\/mixpack.ee\/lv\/product\/kuumakott-kraft-paberist-15-x-8-x-23-cm-pakis-500-tk\/","title":{"rendered":"Divsl\u0101\u0146u perfor\u0113ts maisi\u0146\u0161 karstajam \u0113dienam no kraft pap\u012bra ar tauku iztur\u012bgu iek\u0161\u0113jo k\u0101rtu, 150 x 80 x 230 mm, iesai\u0146ots 500 gabali"},"content":{"rendered":"<p><TABLE> <TR class='ss_at' ss_attr='Suurus' ><br \/>\n<TD class='ss_at_name'>Izm\u0113rs<\/TD><br \/>\n<TD class='ss_at_val'>15 x 8 x 23 cm<\/TD><br \/>\n<\/TR><br \/>\n<TR class='ss_at' ss_attr='T\u00fckkide arv pakendis' ><br \/>\n<TD class='ss_at_name'>Gabali kast\u0113<\/TD><br \/>\n<TD class='ss_at_val'>500<\/TD><br \/>\n<\/TR><br \/>\n<TR class='ss_at' ss_attr='EAN' ><br \/>\n<TD class='ss_at_name'>EAN<\/TD><br \/>\n<TD class='ss_at_val'>5056156906753<\/TD><br \/>\n<\/TR><br \/>\n<TR class='ss_at' ss_attr='Pakke\u00fcksuste arv kastis' ><br \/>\n<TD class='ss_at_name'>Iepakojumi kast\u0113<\/TD><br \/>\n<TD class='ss_at_val'>1<\/TD><br \/>\n<\/TR><br \/>\n<TR class='ss_at' ss_attr='T\u00fckkide arv kastis' ><br \/>\n<TD class='ss_at_name'>Gabali iepakojum\u0101<\/TD><br \/>\n<TD class='ss_at_val'>500<\/TD><br \/>\n<\/TR><br \/>\n<TR class='ss_at' ss_attr='Kasti maht (m)' ><br \/>\n<TD class='ss_at_name'>Kastes tilpums (m)<\/TD><br \/>\n<TD class='ss_at_val'>0,000<\/TD><br \/>\n<\/TR><br \/>\n<\/TABLE><SCRIPT>ss_serdce=0;ss_treug=0;ss_elka=0;ss_petla=0;ss_carbon=0;ss_piece_count=500 ;ss_korobka_count=1 ;<\/SCRIPT><\/p>","protected":false},"excerpt":{"rendered":"<p>Dubultsienu maisi\u0146\u0161, ar iek\u0161\u0113jo p\u0101rkl\u0101jumu &#8211; notur\u012bgu pret taukiem. M\u016bsu medus kr\u0101sas Therma maisi\u0146i ir ide\u0101li panini  vai ceptai tempurai. Rad\u012bti, paturot pr\u0101t\u0101 karstuma vitr\u012bnas. Perfor\u0113tais pap\u012brs sniedz iesp\u0113ju \u0113dienam &#8220;elpot&#8221; un palikt karstam un krauk\u0161\u0137\u012bgam. Green Leaf simbolika inform\u0113 par J\u016bsu centieniem ilgtsp\u0113jas jom\u0101. Ra\u017eots no ilgtsp\u0113j\u012bgi ieg\u016bta pap\u012bra. Vegware godalgota kvalit\u0101te. Ra\u017eots no augiem. R\u016bpnieciski kompost\u0113jams, attiec\u012bgaj\u0101s pie\u0146em\u0161anas viet\u0101s. <DIV class='hide'>5056156906753 VHC-GB6.5<\/DIV><\/p>\n","protected":false},"featured_media":2766624,"template":"","meta":[],"product_brand":[],"product_cat":[6977,6990,6595,6627],"product_tag":[],"class_list":{"0":"post-2766623","1":"product","2":"type-product","3":"status-publish","4":"has-post-thumbnail","6":"product_cat-kotid1","7":"product_cat-termokotid-ja-toidukotid","8":"product_cat-kuumakotid2","9":"product_cat-termokotid","10":"product_shipping_class-mix","12":"first","13":"outofstock","14":"taxable","15":"shipping-taxable","16":"purchasable","17":"product-type-simple"},"aioseo_notices":[],"_links":{"self":[{"href":"https:\/\/mixpack.ee\/lv\/wp-json\/wp\/v2\/product\/2766623","targetHints":{"allow":["GET"]}}],"collection":[{"href":"https:\/\/mixpack.ee\/lv\/wp-json\/wp\/v2\/product"}],"about":[{"href":"https:\/\/mixpack.ee\/lv\/wp-json\/wp\/v2\/types\/product"}],"wp:featuredmedia":[{"embeddable":true,"href":"https:\/\/mixpack.ee\/lv\/wp-json\/wp\/v2\/media\/2766624"}],"wp:attachment":[{"href":"https:\/\/mixpack.ee\/lv\/wp-json\/wp\/v2\/media?parent=2766623"}],"wp:term":[{"taxonomy":"product_brand","embeddable":true,"href":"https:\/\/mixpack.ee\/lv\/wp-json\/wp\/v2\/product_brand?post=2766623"},{"taxonomy":"product_cat","embeddable":true,"href":"https:\/\/mixpack.ee\/lv\/wp-json\/wp\/v2\/product_cat?post=2766623"},{"taxonomy":"product_tag","embeddable":true,"href":"https:\/\/mixpack.ee\/lv\/wp-json\/wp\/v2\/product_tag?post=2766623"}],"curies":[{"name":"wp","href":"https:\/\/api.w.org\/{rel}","templated":true}]}}