{"id":2766582,"date":"2024-05-31T11:26:16","date_gmt":"2024-05-31T11:26:16","guid":{"rendered":""},"modified":"2024-05-31T11:26:16","modified_gmt":"2024-05-31T11:26:16","slug":"toidualused-kraft-paberist-178-x-124-x-54-mm-pakis-500-tk","status":"publish","type":"product","link":"https:\/\/mixpack.ee\/lv\/product\/toidualused-kraft-paberist-178-x-124-x-54-mm-pakis-500-tk\/","title":{"rendered":"Papl\u0101te \u2014 \u0161\u0137\u012bvis no kraft pap\u012bra, 180 \u0445 125 \u0445 55 mm, iesai\u0146ots 500 gabali"},"content":{"rendered":"<p><TABLE> <TR class='ss_at' ss_attr='Suurus' ><br \/>\n<TD class='ss_at_name'>Izm\u0113rs<\/TD><br \/>\n<TD class='ss_at_val'>178 x 124 x 54 mm<\/TD><br \/>\n<\/TR><br \/>\n<TR class='ss_at' ss_attr='T\u00fckkide arv pakendis' ><br \/>\n<TD class='ss_at_name'>Gabali kast\u0113<\/TD><br \/>\n<TD class='ss_at_val'>500<\/TD><br \/>\n<\/TR><br \/>\n<TR class='ss_at' ss_attr='EAN' ><br \/>\n<TD class='ss_at_name'>EAN<\/TD><br \/>\n<TD class='ss_at_val'>0<\/TD><br \/>\n<\/TR><br \/>\n<TR class='ss_at' ss_attr='Pakke\u00fcksuste arv kastis' ><br \/>\n<TD class='ss_at_name'>Iepakojumi kast\u0113<\/TD><br \/>\n<TD class='ss_at_val'>1<\/TD><br \/>\n<\/TR><br \/>\n<TR class='ss_at' ss_attr='T\u00fckkide arv kastis' ><br \/>\n<TD class='ss_at_name'>Gabali iepakojum\u0101<\/TD><br \/>\n<TD class='ss_at_val'>500<\/TD><br \/>\n<\/TR><br \/>\n<TR class='ss_at' ss_attr='Kasti maht (m)' ><br \/>\n<TD class='ss_at_name'>Kastes tilpums (m)<\/TD><br \/>\n<TD class='ss_at_val'>0,000<\/TD><br \/>\n<\/TR><br \/>\n<\/TABLE><SCRIPT>ss_serdce=0;ss_treug=0;ss_elka=0;ss_petla=0;ss_carbon=0;ss_piece_count=500 ;ss_korobka_count=1 ;<\/SCRIPT><\/p>","protected":false},"excerpt":{"rendered":"<p>Pasniedz street food ilgtsp\u0113j\u012bg\u0101 stil\u0101 ar m\u016bsu jaunajiem \u0113diena traukiem! Ide\u0101ls s\u0101\u013co makaronu ar sieru, fr\u012b, na\u010dos un vistu sp\u0101rni\u0146u vai saldu gardumu, k\u0101 virtu\u013ci vai cepumi pasnieg\u0161anai. Ra\u017eots no pap\u012bra ar m\u0101la p\u0101rkl\u0101jumu, dro\u0161s \u0113dienam un notur\u012bgs pret taukiem. Br\u016bn\u0101 kraft kr\u0101s\u0101 ar Vegware Green Leef joslas simboliku. Vegware godalgota kvalit\u0101te. Ra\u017eots no augiem. R\u016bpnieciski kompost\u0113jams, attiec\u012bgaj\u0101s pie\u0146em\u0161anas viet\u0101s. <DIV class='hide'>0 KT-300<\/DIV><\/p>\n","protected":false},"featured_media":2766583,"template":"","meta":[],"product_brand":[],"product_cat":[6975,7032,7233,7091,6985,6984,6531,6540,6538,6536,6543,6625],"product_tag":[],"class_list":{"0":"post-2766582","1":"product","2":"type-product","3":"status-publish","4":"has-post-thumbnail","6":"product_cat-kiirtoidunoud1","7":"product_cat-taldrikud-ja-kausid","8":"product_cat-toidualused","9":"product_cat-toidualused-kraft-paberist","10":"product_cat-toidualused-paberist","11":"product_cat-toidukandikud","12":"product_cat-populaarsed-valikud","13":"product_cat-avalikud-uritused","14":"product_cat-euroopa-kook","15":"product_cat-tanavatoit","16":"product_cat-tanavatoit-ja-pitsa","17":"product_cat-kraft-toidualused","18":"product_shipping_class-mix","20":"first","21":"outofstock","22":"taxable","23":"shipping-taxable","24":"purchasable","25":"product-type-simple"},"aioseo_notices":[],"_links":{"self":[{"href":"https:\/\/mixpack.ee\/lv\/wp-json\/wp\/v2\/product\/2766582","targetHints":{"allow":["GET"]}}],"collection":[{"href":"https:\/\/mixpack.ee\/lv\/wp-json\/wp\/v2\/product"}],"about":[{"href":"https:\/\/mixpack.ee\/lv\/wp-json\/wp\/v2\/types\/product"}],"wp:featuredmedia":[{"embeddable":true,"href":"https:\/\/mixpack.ee\/lv\/wp-json\/wp\/v2\/media\/2766583"}],"wp:attachment":[{"href":"https:\/\/mixpack.ee\/lv\/wp-json\/wp\/v2\/media?parent=2766582"}],"wp:term":[{"taxonomy":"product_brand","embeddable":true,"href":"https:\/\/mixpack.ee\/lv\/wp-json\/wp\/v2\/product_brand?post=2766582"},{"taxonomy":"product_cat","embeddable":true,"href":"https:\/\/mixpack.ee\/lv\/wp-json\/wp\/v2\/product_cat?post=2766582"},{"taxonomy":"product_tag","embeddable":true,"href":"https:\/\/mixpack.ee\/lv\/wp-json\/wp\/v2\/product_tag?post=2766582"}],"curies":[{"name":"wp","href":"https:\/\/api.w.org\/{rel}","templated":true}]}}