{"id":2766523,"date":"2024-05-31T11:26:16","date_gmt":"2024-05-31T11:26:16","guid":{"rendered":""},"modified":"2026-04-07T10:26:19","modified_gmt":"2026-04-07T08:26:19","slug":"kulma-kastme-tops-pla-30-ml-pakis-100-tk","status":"publish","type":"product","link":"https:\/\/mixpack.ee\/lv\/product\/kulma-kastme-tops-pla-30-ml-pakis-100-tk\/","title":{"rendered":"M\u0113r\u010du trauks aukstajam \u0113dienam no kukur\u016bzas cietes, 30 ml, iesai\u0146ots 100 gabali"},"content":{"rendered":"<p><TABLE> <TR class='ss_at'><br \/>\n<TD class='ss_at_name'>Izm\u0113rs<\/TD><br \/>\n<TD class='ss_at_val'>30 ml<\/TD><br \/>\n<\/TR><br \/>\n<TR class='ss_at'><br \/>\n<TD class='ss_at_name'>Gabali kast\u0113<\/TD><br \/>\n<TD class='ss_at_val'>100<\/TD><br \/>\n<\/TR><br \/>\n<TR class='ss_at'><br \/>\n<TD class='ss_at_name'>EAN<\/TD><br \/>\n<TD class='ss_at_val'>5060271922208<\/TD><br \/>\n<\/TR><br \/>\n<TR class='ss_at'><br \/>\n<TD class='ss_at_name'>Iepakojumi kast\u0113<\/TD><br \/>\n<TD class='ss_at_val'>50<\/TD><br \/>\n<\/TR><br \/>\n<TR class='ss_at'><br \/>\n<TD class='ss_at_name'>Gabali iepakojum\u0101<\/TD><br \/>\n<TD class='ss_at_val'>5000<\/TD><br \/>\n<\/TR><br \/>\n<TR class='ss_at'><br \/>\n<TD class='ss_at_name'>Kastes garums (m)<\/TD><br \/>\n<TD class='ss_at_val'>0,47<\/TD><br \/>\n<\/TR><br \/>\n<TR class='ss_at'><br \/>\n<TD class='ss_at_name'>Kastes augstums (m)<\/TD><br \/>\n<TD class='ss_at_val'>0,255<\/TD><br \/>\n<\/TR><br \/>\n<TR class='ss_at'><br \/>\n<TD class='ss_at_name'>Kastes dzi\u013cums (m)<\/TD><br \/>\n<TD class='ss_at_val'>0,46<\/TD><br \/>\n<\/TR><br \/>\n<TR class='ss_at'><br \/>\n<TD class='ss_at_name'>Kastes tilpums (m)<\/TD><br \/>\n<TD class='ss_at_val'>0,055<\/TD><br \/>\n<\/TR><br \/>\n<TR class='ss_at'><br \/>\n<TD class='ss_at_name'>1.7 m pale\u0161u skaits<\/TD><br \/>\n<TD class='ss_at_val'>27<\/TD><br \/>\n<\/TR><br \/>\n<TR class='ss_at'><br \/>\n<TD class='ss_at_name'>2.1 m pale\u0161u skaits<\/TD><br \/>\n<TD class='ss_at_val'>27<\/TD><br \/>\n<\/TR><br \/>\n<TR class='ss_at'><br \/>\n<TD class='ss_at_name'>Pre\u010du neto svars (kg)<\/TD><br \/>\n<TD class='ss_at_val'>6,4<\/TD><br \/>\n<\/TR><br \/>\n<TR class='ss_at'><br \/>\n<TD class='ss_at_name'>Produkta bruto svars (kg)<\/TD><br \/>\n<TD class='ss_at_val'>7,3<\/TD><br \/>\n<\/TR><br \/>\n<TR class='ss_at'><br \/>\n<TD class='ss_at_name'>\u0100r\u0113j\u0101 iepakojuma svars (kg)<\/TD><br \/>\n<TD class='ss_at_val'>0,8<\/TD><br \/>\n<\/TR><br \/>\n<TR class='ss_at'><br \/>\n<TD class='ss_at_name'>Iek\u0161\u0113j\u0101 iepakojuma svars (kg)<\/TD><br \/>\n<TD class='ss_at_val'>0,1<\/TD><br \/>\n<\/TR><br \/>\n<TR class='ss_at'><br \/>\n<TD class='ss_at_name'>Taras svars (kg)<\/TD><br \/>\n<TD class='ss_at_val'>128<\/TD><br \/>\n<\/TR><br \/>\n<\/TABLE>ss_serdce=1;ss_treug=0;ss_elka=0;ss_petla=1;ss_carbon=1;ss_piece_count=100 ;ss_korobka_count=50 ;<\/p>","protected":false},"excerpt":{"rendered":"<p>M\u0113rces trauks uz augu b\u0101zes. Aukstiem pild\u012bjumiem vai m\u0113rc\u0113m, sulu \u0161otiem vai degust\u0101cij\u0101m. Ra\u017eots no PLA, atjaunojama materi\u0101la. Caursp\u012bd\u012bgs. Vegware godalgota kvalit\u0101te. Ra\u017eots no augiem. R\u016bpnieciski kompost\u0113jams, attiec\u012bgaj\u0101s pie\u0146em\u0161anas viet\u0101s. <DIV class='hide'>5060271922208 VWPP1<\/DIV><\/p>\n","protected":false},"featured_media":2766524,"template":"","meta":[],"product_brand":[],"product_cat":[7020,7019,7153,4662],"product_tag":[],"class_list":{"0":"post-2766523","1":"product","2":"type-product","3":"status-publish","4":"has-post-thumbnail","6":"product_cat-degusteerimistops","7":"product_cat-topsid1","8":"product_cat-vaikesed-topsid","9":"product_cat-kastmetopsid","10":"product_shipping_class-mix","12":"first","13":"instock","14":"taxable","15":"shipping-taxable","16":"purchasable","17":"product-type-simple"},"aioseo_notices":[],"_links":{"self":[{"href":"https:\/\/mixpack.ee\/lv\/wp-json\/wp\/v2\/product\/2766523","targetHints":{"allow":["GET"]}}],"collection":[{"href":"https:\/\/mixpack.ee\/lv\/wp-json\/wp\/v2\/product"}],"about":[{"href":"https:\/\/mixpack.ee\/lv\/wp-json\/wp\/v2\/types\/product"}],"wp:featuredmedia":[{"embeddable":true,"href":"https:\/\/mixpack.ee\/lv\/wp-json\/wp\/v2\/media\/2766524"}],"wp:attachment":[{"href":"https:\/\/mixpack.ee\/lv\/wp-json\/wp\/v2\/media?parent=2766523"}],"wp:term":[{"taxonomy":"product_brand","embeddable":true,"href":"https:\/\/mixpack.ee\/lv\/wp-json\/wp\/v2\/product_brand?post=2766523"},{"taxonomy":"product_cat","embeddable":true,"href":"https:\/\/mixpack.ee\/lv\/wp-json\/wp\/v2\/product_cat?post=2766523"},{"taxonomy":"product_tag","embeddable":true,"href":"https:\/\/mixpack.ee\/lv\/wp-json\/wp\/v2\/product_tag?post=2766523"}],"curies":[{"name":"wp","href":"https:\/\/api.w.org\/{rel}","templated":true}]}}