{"id":2766514,"date":"2024-05-31T11:26:16","date_gmt":"2024-05-31T11:26:16","guid":{"rendered":""},"modified":"2024-05-31T11:26:16","modified_gmt":"2024-05-31T11:26:16","slug":"voileivakarp-ja-lisa-31-x-22-5-x-8-2-pakis-50-tk","status":"publish","type":"product","link":"https:\/\/mixpack.ee\/lv\/product\/voileivakarp-ja-lisa-31-x-22-5-x-8-2-pakis-50-tk\/","title":{"rendered":"Daudzfunkcion\u0101la k\u0101rba no kraft pap\u012bra ar izvirz\u0101mu ieliktni, 310 x 225 x 82 mm, iesai\u0146ots 50 gabali"},"content":{"rendered":"<p><TABLE> <TR class='ss_at' ss_attr='Suurus' ><br \/>\n<TD class='ss_at_name'>Izm\u0113rs<\/TD><br \/>\n<TD class='ss_at_val'>31 x 22,5 x 8,2 cm<\/TD><br \/>\n<\/TR><br \/>\n<TR class='ss_at' ss_attr='T\u00fckkide arv pakendis' ><br \/>\n<TD class='ss_at_name'>Gabali kast\u0113<\/TD><br \/>\n<TD class='ss_at_val'>50<\/TD><br \/>\n<\/TR><br \/>\n<TR class='ss_at' ss_attr='EAN' ><br \/>\n<TD class='ss_at_name'>EAN<\/TD><br \/>\n<TD class='ss_at_val'>5060271924943<\/TD><br \/>\n<\/TR><br \/>\n<TR class='ss_at' ss_attr='Pakke\u00fcksuste arv kastis' ><br \/>\n<TD class='ss_at_name'>Iepakojumi kast\u0113<\/TD><br \/>\n<TD class='ss_at_val'>1<\/TD><br \/>\n<\/TR><br \/>\n<TR class='ss_at' ss_attr='T\u00fckkide arv kastis' ><br \/>\n<TD class='ss_at_name'>Gabali iepakojum\u0101<\/TD><br \/>\n<TD class='ss_at_val'>50<\/TD><br \/>\n<\/TR><br \/>\n<TR class='ss_at' ss_attr='Karpi pikkus (m)' ><br \/>\n<TD class='ss_at_name'>Kastes garums (m)<\/TD><br \/>\n<TD class='ss_at_val'>0,63<\/TD><br \/>\n<\/TR><br \/>\n<TR class='ss_at' ss_attr='Kasti k\u00f5rgus (m)' ><br \/>\n<TD class='ss_at_name'>Kastes augstums (m)<\/TD><br \/>\n<TD class='ss_at_val'>0,39<\/TD><br \/>\n<\/TR><br \/>\n<TR class='ss_at' ss_attr='Kasti s\u00fcgavus (m)' ><br \/>\n<TD class='ss_at_name'>Kastes dzi\u013cums (m)<\/TD><br \/>\n<TD class='ss_at_val'>0,17<\/TD><br \/>\n<\/TR><br \/>\n<TR class='ss_at' ss_attr='Kasti maht (m)' ><br \/>\n<TD class='ss_at_name'>Kastes tilpums (m)<\/TD><br \/>\n<TD class='ss_at_val'>0,042<\/TD><br \/>\n<\/TR><br \/>\n<TR class='ss_at' ss_attr='1.7m kaubaaluste kogus' ><br \/>\n<TD class='ss_at_name'>1.7 m pale\u0161u skaits<\/TD><br \/>\n<TD class='ss_at_val'>30<\/TD><br \/>\n<\/TR><br \/>\n<TR class='ss_at' ss_attr='2.1m kaubaaluste kogus' ><br \/>\n<TD class='ss_at_name'>2.1 m pale\u0161u skaits<\/TD><br \/>\n<TD class='ss_at_val'>30<\/TD><br \/>\n<\/TR><br \/>\n<TR class='ss_at' ss_attr='Kauba netokaal (kg)' ><br \/>\n<TD class='ss_at_name'>Pre\u010du neto svars (kg)<\/TD><br \/>\n<TD class='ss_at_val'>7,9<\/TD><br \/>\n<\/TR><br \/>\n<TR class='ss_at' ss_attr='Toote kogukaal (kg)' ><br \/>\n<TD class='ss_at_name'>Produkta bruto svars (kg)<\/TD><br \/>\n<TD class='ss_at_val'>9<\/TD><br \/>\n<\/TR><br \/>\n<TR class='ss_at' ss_attr='V\u00e4line pakkimiskaal (kg)' ><br \/>\n<TD class='ss_at_name'>\u0100r\u0113j\u0101 iepakojuma svars (kg)<\/TD><br \/>\n<TD class='ss_at_val'>1<\/TD><br \/>\n<\/TR><br \/>\n<TR class='ss_at' ss_attr='Sisupakendi kaal (kg)' ><br \/>\n<TD class='ss_at_name'>Iek\u0161\u0113j\u0101 iepakojuma svars (kg)<\/TD><br \/>\n<TD class='ss_at_val'>0,1<\/TD><br \/>\n<\/TR><br \/>\n<TR class='ss_at' ss_attr='Pakkendi kaal (kg)' ><br \/>\n<TD class='ss_at_name'>Taras svars (kg)<\/TD><br \/>\n<TD class='ss_at_val'>7,9<\/TD><br \/>\n<\/TR><br \/>\n<\/TABLE><SCRIPT>ss_serdce=1;ss_treug=1;ss_elka=1;ss_petla=1;ss_carbon=0;ss_piece_count=50 ;ss_korobka_count=1 ;<\/SCRIPT><\/p>","protected":false},"excerpt":{"rendered":"<p>Kraft kartona k\u0101rba, kas sast\u0101v no k\u0101rbas ar logu un izvirz\u0101mu ieliktni no kraft kartona. Ide\u0101la izbraukuma \u0113din\u0101\u0161anai un pas\u0101kumiem. Ir pieejami papildus ielikt\u0146i, kas var sadal\u012bt k\u0101rbu maz\u0101kos iedal\u012bjumos. Pla\u0161s logs lieliskai redzam\u012bbai. &#8220;Regul\u0101r\u0101&#8221; izm\u0113ra k\u0101rba ir puse no &#8220;liel\u0101s&#8221; k\u0101rbas. Lieliska sviestmaiz\u0113m, aukst\u0101m uzkod\u0101m un sagrieztiem aug\u013ciem. Ilgtsp\u0113j\u012bgs materi\u0101ls piln\u012bb\u0101 p\u0101rkl\u0101ts ar PLA, atjaunojamu materi\u0101lu. PLA logs. Br\u016bn\u0101 kraft kr\u0101s\u0101 ar Vegware v\u0113st\u012bjumu za\u013c\u0101 kr\u0101s\u0101. Vegware godalgota kvalit\u0101te. Ra\u017eots no augiem. R\u016bpnieciski kompost\u0113jams, attiec\u012bgaj\u0101s pie\u0146em\u0161anas viet\u0101s. <DIV class='hide'>5060271924943 VWPLATS<\/DIV><\/p>\n","protected":false},"featured_media":2766515,"template":"","meta":[],"product_brand":[],"product_cat":[6975,6986,7089,7143,7090,6531,6540,6537,6545],"product_tag":[],"class_list":{"0":"post-2766514","1":"product","2":"type-product","3":"status-publish","4":"has-post-thumbnail","6":"product_cat-kiirtoidunoud1","7":"product_cat-koogikarbid","8":"product_cat-snakikarbid1","9":"product_cat-snakikarbid","10":"product_cat-voileivakarp","11":"product_cat-populaarsed-valikud","12":"product_cat-avalikud-uritused","13":"product_cat-kohv-ja-kook","14":"product_cat-voileiva-vrapi-snakikarbid","15":"product_shipping_class-mix","17":"first","18":"instock","19":"taxable","20":"shipping-taxable","21":"purchasable","22":"product-type-simple"},"aioseo_notices":[],"_links":{"self":[{"href":"https:\/\/mixpack.ee\/lv\/wp-json\/wp\/v2\/product\/2766514","targetHints":{"allow":["GET"]}}],"collection":[{"href":"https:\/\/mixpack.ee\/lv\/wp-json\/wp\/v2\/product"}],"about":[{"href":"https:\/\/mixpack.ee\/lv\/wp-json\/wp\/v2\/types\/product"}],"wp:featuredmedia":[{"embeddable":true,"href":"https:\/\/mixpack.ee\/lv\/wp-json\/wp\/v2\/media\/2766515"}],"wp:attachment":[{"href":"https:\/\/mixpack.ee\/lv\/wp-json\/wp\/v2\/media?parent=2766514"}],"wp:term":[{"taxonomy":"product_brand","embeddable":true,"href":"https:\/\/mixpack.ee\/lv\/wp-json\/wp\/v2\/product_brand?post=2766514"},{"taxonomy":"product_cat","embeddable":true,"href":"https:\/\/mixpack.ee\/lv\/wp-json\/wp\/v2\/product_cat?post=2766514"},{"taxonomy":"product_tag","embeddable":true,"href":"https:\/\/mixpack.ee\/lv\/wp-json\/wp\/v2\/product_tag?post=2766514"}],"curies":[{"name":"wp","href":"https:\/\/api.w.org\/{rel}","templated":true}]}}