{"id":2766442,"date":"2024-05-31T11:26:15","date_gmt":"2024-05-31T11:26:15","guid":{"rendered":""},"modified":"2024-05-31T11:26:15","modified_gmt":"2024-05-31T11:26:15","slug":"keskmine-supiste-taldrik-suhkruroost-pakis-50-tk","status":"publish","type":"product","link":"https:\/\/mixpack.ee\/lv\/product\/keskmine-supiste-taldrik-suhkruroost-pakis-50-tk\/","title":{"rendered":"Uzkodu \u0161\u0137\u012bvis no cukurniedr\u0113m, 175 x 130 x 32, iesai\u0146ots 50 gabali"},"content":{"rendered":"<p><TABLE> <TR class='ss_at' ss_attr='T\u00fckkide arv pakendis' ><br \/>\n<TD class='ss_at_name'>Gabali kast\u0113<\/TD><br \/>\n<TD class='ss_at_val'>50<\/TD><br \/>\n<\/TR><br \/>\n<TR class='ss_at' ss_attr='EAN' ><br \/>\n<TD class='ss_at_name'>EAN<\/TD><br \/>\n<TD class='ss_at_val'>5060271920037<\/TD><br \/>\n<\/TR><br \/>\n<TR class='ss_at' ss_attr='Pakke\u00fcksuste arv kastis' ><br \/>\n<TD class='ss_at_name'>Iepakojumi kast\u0113<\/TD><br \/>\n<TD class='ss_at_val'>10<\/TD><br \/>\n<\/TR><br \/>\n<TR class='ss_at' ss_attr='T\u00fckkide arv kastis' ><br \/>\n<TD class='ss_at_name'>Gabali iepakojum\u0101<\/TD><br \/>\n<TD class='ss_at_val'>500<\/TD><br \/>\n<\/TR><br \/>\n<TR class='ss_at' ss_attr='Karpi pikkus (m)' ><br \/>\n<TD class='ss_at_name'>Kastes garums (m)<\/TD><br \/>\n<TD class='ss_at_val'>0,395<\/TD><br \/>\n<\/TR><br \/>\n<TR class='ss_at' ss_attr='Kasti k\u00f5rgus (m)' ><br \/>\n<TD class='ss_at_name'>Kastes augstums (m)<\/TD><br \/>\n<TD class='ss_at_val'>0,19<\/TD><br \/>\n<\/TR><br \/>\n<TR class='ss_at' ss_attr='Kasti s\u00fcgavus (m)' ><br \/>\n<TD class='ss_at_name'>Kastes dzi\u013cums (m)<\/TD><br \/>\n<TD class='ss_at_val'>0,276<\/TD><br \/>\n<\/TR><br \/>\n<TR class='ss_at' ss_attr='Kasti maht (m)' ><br \/>\n<TD class='ss_at_name'>Kastes tilpums (m)<\/TD><br \/>\n<TD class='ss_at_val'>0,021<\/TD><br \/>\n<\/TR><br \/>\n<TR class='ss_at' ss_attr='1.7m kaubaaluste kogus' ><br \/>\n<TD class='ss_at_name'>1.7 m pale\u0161u skaits<\/TD><br \/>\n<TD class='ss_at_val'>45<\/TD><br \/>\n<\/TR><br \/>\n<TR class='ss_at' ss_attr='2.1m kaubaaluste kogus' ><br \/>\n<TD class='ss_at_name'>2.1 m pale\u0161u skaits<\/TD><br \/>\n<TD class='ss_at_val'>45<\/TD><br \/>\n<\/TR><br \/>\n<TR class='ss_at' ss_attr='Kauba netokaal (kg)' ><br \/>\n<TD class='ss_at_name'>Pre\u010du neto svars (kg)<\/TD><br \/>\n<TD class='ss_at_val'>7,2<\/TD><br \/>\n<\/TR><br \/>\n<TR class='ss_at' ss_attr='Toote kogukaal (kg)' ><br \/>\n<TD class='ss_at_name'>Produkta bruto svars (kg)<\/TD><br \/>\n<TD class='ss_at_val'>7,8<\/TD><br \/>\n<\/TR><br \/>\n<TR class='ss_at' ss_attr='V\u00e4line pakkimiskaal (kg)' ><br \/>\n<TD class='ss_at_name'>\u0100r\u0113j\u0101 iepakojuma svars (kg)<\/TD><br \/>\n<TD class='ss_at_val'>0,5<\/TD><br \/>\n<\/TR><br \/>\n<TR class='ss_at' ss_attr='Sisupakendi kaal (kg)' ><br \/>\n<TD class='ss_at_name'>Iek\u0161\u0113j\u0101 iepakojuma svars (kg)<\/TD><br \/>\n<TD class='ss_at_val'>0,1<\/TD><br \/>\n<\/TR><br \/>\n<TR class='ss_at' ss_attr='Pakkendi kaal (kg)' ><br \/>\n<TD class='ss_at_name'>Taras svars (kg)<\/TD><br \/>\n<TD class='ss_at_val'>0,72<\/TD><br \/>\n<\/TR><br \/>\n<\/TABLE><SCRIPT>ss_serdce=1;ss_treug=0;ss_elka=1;ss_petla=0;ss_carbon=0;ss_piece_count=50 ;ss_korobka_count=10 ;<\/SCRIPT><\/p>","protected":false},"excerpt":{"rendered":"<p>Pla\u0161i izmantojams eko uzkodu \u0161\u0137\u012bvis. Visa veida \u0113dienam l\u012bdz\u0146em\u0161anai &#8211; streed food, sal\u0101tiem vai ceptiem \u0113dieniem. Bagasse ir p\u0101rstr\u0101d\u0101ta cukurniedru \u0161\u0137iedra. Balta. Vegware godalgota kvalit\u0101te. Ra\u017eots no augiem. R\u016bpnieciski kompost\u0113jams, attiec\u012bgaj\u0101s pie\u0146em\u0161anas viet\u0101s.<DIV class='hide'>5060271920037 VW-C2<\/DIV><\/p>\n","protected":false},"featured_media":2766443,"template":"","meta":[],"product_brand":[],"product_cat":[6975,7168,7242,7032,7233,6984,7033,7147,7163,7055,6553,6618],"product_tag":[],"class_list":{"0":"post-2766442","1":"product","2":"type-product","3":"status-publish","4":"has-post-thumbnail","6":"product_cat-kiirtoidunoud1","7":"product_cat-soogikarbid1","8":"product_cat-take-away-pakendid","9":"product_cat-taldrikud-ja-kausid","10":"product_cat-toidualused","11":"product_cat-toidukandikud","12":"product_cat-uhekordsed-noud","13":"product_cat-uhekordsed-taldrikud1","14":"product_cat-uhekordsed-toidukarbid-ja-kaaned","15":"product_cat-valged-toidualused","16":"product_cat-take-away-karbid","17":"product_cat-suupiste-taldrikud","18":"product_shipping_class-mix","20":"first","21":"instock","22":"taxable","23":"shipping-taxable","24":"purchasable","25":"product-type-simple"},"aioseo_notices":[],"_links":{"self":[{"href":"https:\/\/mixpack.ee\/lv\/wp-json\/wp\/v2\/product\/2766442","targetHints":{"allow":["GET"]}}],"collection":[{"href":"https:\/\/mixpack.ee\/lv\/wp-json\/wp\/v2\/product"}],"about":[{"href":"https:\/\/mixpack.ee\/lv\/wp-json\/wp\/v2\/types\/product"}],"wp:featuredmedia":[{"embeddable":true,"href":"https:\/\/mixpack.ee\/lv\/wp-json\/wp\/v2\/media\/2766443"}],"wp:attachment":[{"href":"https:\/\/mixpack.ee\/lv\/wp-json\/wp\/v2\/media?parent=2766442"}],"wp:term":[{"taxonomy":"product_brand","embeddable":true,"href":"https:\/\/mixpack.ee\/lv\/wp-json\/wp\/v2\/product_brand?post=2766442"},{"taxonomy":"product_cat","embeddable":true,"href":"https:\/\/mixpack.ee\/lv\/wp-json\/wp\/v2\/product_cat?post=2766442"},{"taxonomy":"product_tag","embeddable":true,"href":"https:\/\/mixpack.ee\/lv\/wp-json\/wp\/v2\/product_tag?post=2766442"}],"curies":[{"name":"wp","href":"https:\/\/api.w.org\/{rel}","templated":true}]}}