{"id":2765982,"date":"2024-05-31T11:26:13","date_gmt":"2024-05-31T11:26:13","guid":{"rendered":""},"modified":"2026-04-07T10:21:58","modified_gmt":"2026-04-07T08:21:58","slug":"kaas-gurmee-suhkruroost-suurus-4-pakis-50-tk","status":"publish","type":"product","link":"https:\/\/mixpack.ee\/lv\/product\/kaas-gurmee-suhkruroost-suurus-4-pakis-50-tk\/","title":{"rendered":"V\u0101ks &#8220;Gourmet&#8221; no cukurniedr\u0113m, 4. izm\u0113rs, iesai\u0146ots 50 gabali"},"content":{"rendered":"<p><TABLE> <TR class='ss_at'><br \/>\n<TD class='ss_at_name'>Gabali kast\u0113<\/TD><br \/>\n<TD class='ss_at_val'>50<\/TD><br \/>\n<\/TR><br \/>\n<TR class='ss_at'><br \/>\n<TD class='ss_at_name'>EAN<\/TD><br \/>\n<TD class='ss_at_val'>5060271926732<\/TD><br \/>\n<\/TR><br \/>\n<TR class='ss_at'><br \/>\n<TD class='ss_at_name'>Iepakojumi kast\u0113<\/TD><br \/>\n<TD class='ss_at_val'>12<\/TD><br \/>\n<\/TR><br \/>\n<TR class='ss_at'><br \/>\n<TD class='ss_at_name'>Gabali iepakojum\u0101<\/TD><br \/>\n<TD class='ss_at_val'>600<\/TD><br \/>\n<\/TR><br \/>\n<TR class='ss_at'><br \/>\n<TD class='ss_at_name'>Kastes garums (m)<\/TD><br \/>\n<TD class='ss_at_val'>0,45<\/TD><br \/>\n<\/TR><br \/>\n<TR class='ss_at'><br \/>\n<TD class='ss_at_name'>Kastes augstums (m)<\/TD><br \/>\n<TD class='ss_at_val'>0,43<\/TD><br \/>\n<\/TR><br \/>\n<TR class='ss_at'><br \/>\n<TD class='ss_at_name'>Kastes dzi\u013cums (m)<\/TD><br \/>\n<TD class='ss_at_val'>0,235<\/TD><br \/>\n<\/TR><br \/>\n<TR class='ss_at'><br \/>\n<TD class='ss_at_name'>Kastes tilpums (m)<\/TD><br \/>\n<TD class='ss_at_val'>0,045<\/TD><br \/>\n<\/TR><br \/>\n<TR class='ss_at'><br \/>\n<TD class='ss_at_name'>1.7 m pale\u0161u skaits<\/TD><br \/>\n<TD class='ss_at_val'>30<\/TD><br \/>\n<\/TR><br \/>\n<TR class='ss_at'><br \/>\n<TD class='ss_at_name'>2.1 m pale\u0161u skaits<\/TD><br \/>\n<TD class='ss_at_val'>30<\/TD><br \/>\n<\/TR><br \/>\n<TR class='ss_at'><br \/>\n<TD class='ss_at_name'>Pre\u010du neto svars (kg)<\/TD><br \/>\n<TD class='ss_at_val'>9,7<\/TD><br \/>\n<\/TR><br \/>\n<TR class='ss_at'><br \/>\n<TD class='ss_at_name'>Produkta bruto svars (kg)<\/TD><br \/>\n<TD class='ss_at_val'>10,7<\/TD><br \/>\n<\/TR><br \/>\n<TR class='ss_at'><br \/>\n<TD class='ss_at_name'>\u0100r\u0113j\u0101 iepakojuma svars (kg)<\/TD><br \/>\n<TD class='ss_at_val'>0,9<\/TD><br \/>\n<\/TR><br \/>\n<TR class='ss_at'><br \/>\n<TD class='ss_at_name'>Iek\u0161\u0113j\u0101 iepakojuma svars (kg)<\/TD><br \/>\n<TD class='ss_at_val'>0,1<\/TD><br \/>\n<\/TR><br \/>\n<TR class='ss_at'><br \/>\n<TD class='ss_at_name'>Taras svars (kg)<\/TD><br \/>\n<TD class='ss_at_val'>0,81<\/TD><br \/>\n<\/TR><br \/>\n<\/TABLE>ss_serdce=1;ss_treug=1;ss_elka=0;ss_petla=1;ss_carbon=1;ss_piece_count=50 ;ss_korobka_count=12 ;<\/p>","protected":false},"excerpt":{"rendered":"<p>Cukurniedru v\u0101ks. Der 4. izm\u0113ra Vegware Gourmet trauka pamatnei. Unik\u0101ls dizains &#8211; uzlieciet v\u0101ku uz trauka pamatnes un maigi aiztaisiet. Neaiztur kondens\u0101tu, t\u0101d\u0113\u013c \u0113diens paliek karsts un krauk\u0161\u0137\u012bgs. Karstam un aukstam \u0113dienam l\u012bdz\u0146em\u0161anai: street food, sal\u0101tiem, ceptiem gardumiem. Bagasse ir re\u0123ener\u0113ta cukurniedru \u0161\u0137iedra. Balta. Vegware godalgota kvalit\u0101te. Ra\u017eots no augiem. R\u016bpnieciski kompost\u0113jams, attiec\u012bgaj\u0101s pie\u0146em\u0161anas viet\u0101s. <DIV class='hide'>5060271926732 V4-GLB<\/DIV><\/p>\n","protected":false},"featured_media":2765983,"template":"","meta":[],"product_brand":[],"product_cat":[7165,6975,7032,7233,6984,7163,7055,6531,6538,6539,6533,6535,5116,6583],"product_tag":[],"class_list":{"0":"post-2765982","1":"product","2":"type-product","3":"status-publish","4":"has-post-thumbnail","6":"product_cat-einekarbid1","7":"product_cat-kiirtoidunoud1","8":"product_cat-taldrikud-ja-kausid","9":"product_cat-toidualused","10":"product_cat-toidukandikud","11":"product_cat-uhekordsed-toidukarbid-ja-kaaned","12":"product_cat-valged-toidualused","13":"product_cat-populaarsed-valikud","14":"product_cat-euroopa-kook","15":"product_cat-kaukaasia-kook","16":"product_cat-salatid-ja-poke","17":"product_cat-tervislik-toit-ja-smuutid","18":"product_cat-gurmee-pakendid","19":"product_cat-suurus-4","20":"product_shipping_class-mix","22":"first","23":"instock","24":"taxable","25":"shipping-taxable","26":"purchasable","27":"product-type-simple"},"aioseo_notices":[],"_links":{"self":[{"href":"https:\/\/mixpack.ee\/lv\/wp-json\/wp\/v2\/product\/2765982","targetHints":{"allow":["GET"]}}],"collection":[{"href":"https:\/\/mixpack.ee\/lv\/wp-json\/wp\/v2\/product"}],"about":[{"href":"https:\/\/mixpack.ee\/lv\/wp-json\/wp\/v2\/types\/product"}],"wp:featuredmedia":[{"embeddable":true,"href":"https:\/\/mixpack.ee\/lv\/wp-json\/wp\/v2\/media\/2765983"}],"wp:attachment":[{"href":"https:\/\/mixpack.ee\/lv\/wp-json\/wp\/v2\/media?parent=2765982"}],"wp:term":[{"taxonomy":"product_brand","embeddable":true,"href":"https:\/\/mixpack.ee\/lv\/wp-json\/wp\/v2\/product_brand?post=2765982"},{"taxonomy":"product_cat","embeddable":true,"href":"https:\/\/mixpack.ee\/lv\/wp-json\/wp\/v2\/product_cat?post=2765982"},{"taxonomy":"product_tag","embeddable":true,"href":"https:\/\/mixpack.ee\/lv\/wp-json\/wp\/v2\/product_tag?post=2765982"}],"curies":[{"name":"wp","href":"https:\/\/api.w.org\/{rel}","templated":true}]}}