{"id":2765953,"date":"2024-05-31T11:26:12","date_gmt":"2024-05-31T11:26:12","guid":{"rendered":""},"modified":"2024-05-31T11:26:12","modified_gmt":"2024-05-31T11:26:12","slug":"kaas-gurmee-suhkruroost-suurus-3-pakis-50-tk","status":"publish","type":"product","link":"https:\/\/mixpack.ee\/lv\/product\/kaas-gurmee-suhkruroost-suurus-3-pakis-50-tk\/","title":{"rendered":"V\u0101ks &#8220;Gourmet&#8221; no cukurniedr\u0113m, 3. izm\u0113rs, iesai\u0146ots 50 gabali"},"content":{"rendered":"<p><TABLE> <TR class='ss_at' ss_attr='T\u00fckkide arv pakendis' ><br \/>\n<TD class='ss_at_name'>Gabali kast\u0113<\/TD><br \/>\n<TD class='ss_at_val'>50<\/TD><br \/>\n<\/TR><br \/>\n<TR class='ss_at' ss_attr='EAN' ><br \/>\n<TD class='ss_at_name'>EAN<\/TD><br \/>\n<TD class='ss_at_val'>5060271927425<\/TD><br \/>\n<\/TR><br \/>\n<TR class='ss_at' ss_attr='Pakke\u00fcksuste arv kastis' ><br \/>\n<TD class='ss_at_name'>Iepakojumi kast\u0113<\/TD><br \/>\n<TD class='ss_at_val'>12<\/TD><br \/>\n<\/TR><br \/>\n<TR class='ss_at' ss_attr='T\u00fckkide arv kastis' ><br \/>\n<TD class='ss_at_name'>Gabali iepakojum\u0101<\/TD><br \/>\n<TD class='ss_at_val'>600<\/TD><br \/>\n<\/TR><br \/>\n<TR class='ss_at' ss_attr='Karpi pikkus (m)' ><br \/>\n<TD class='ss_at_name'>Kastes garums (m)<\/TD><br \/>\n<TD class='ss_at_val'>0,425<\/TD><br \/>\n<\/TR><br \/>\n<TR class='ss_at' ss_attr='Kasti k\u00f5rgus (m)' ><br \/>\n<TD class='ss_at_name'>Kastes augstums (m)<\/TD><br \/>\n<TD class='ss_at_val'>0,305<\/TD><br \/>\n<\/TR><br \/>\n<TR class='ss_at' ss_attr='Kasti s\u00fcgavus (m)' ><br \/>\n<TD class='ss_at_name'>Kastes dzi\u013cums (m)<\/TD><br \/>\n<TD class='ss_at_val'>0,29<\/TD><br \/>\n<\/TR><br \/>\n<TR class='ss_at' ss_attr='Kasti maht (m)' ><br \/>\n<TD class='ss_at_name'>Kastes tilpums (m)<\/TD><br \/>\n<TD class='ss_at_val'>0,038<\/TD><br \/>\n<\/TR><br \/>\n<TR class='ss_at' ss_attr='1.7m kaubaaluste kogus' ><br \/>\n<TD class='ss_at_name'>1.7 m pale\u0161u skaits<\/TD><br \/>\n<TD class='ss_at_val'>48<\/TD><br \/>\n<\/TR><br \/>\n<TR class='ss_at' ss_attr='2.1m kaubaaluste kogus' ><br \/>\n<TD class='ss_at_name'>2.1 m pale\u0161u skaits<\/TD><br \/>\n<TD class='ss_at_val'>48<\/TD><br \/>\n<\/TR><br \/>\n<TR class='ss_at' ss_attr='Kauba netokaal (kg)' ><br \/>\n<TD class='ss_at_name'>Pre\u010du neto svars (kg)<\/TD><br \/>\n<TD class='ss_at_val'>6,4<\/TD><br \/>\n<\/TR><br \/>\n<TR class='ss_at' ss_attr='Toote kogukaal (kg)' ><br \/>\n<TD class='ss_at_name'>Produkta bruto svars (kg)<\/TD><br \/>\n<TD class='ss_at_val'>7,4<\/TD><br \/>\n<\/TR><br \/>\n<TR class='ss_at' ss_attr='V\u00e4line pakkimiskaal (kg)' ><br \/>\n<TD class='ss_at_name'>\u0100r\u0113j\u0101 iepakojuma svars (kg)<\/TD><br \/>\n<TD class='ss_at_val'>0,9<\/TD><br \/>\n<\/TR><br \/>\n<TR class='ss_at' ss_attr='Sisupakendi kaal (kg)' ><br \/>\n<TD class='ss_at_name'>Iek\u0161\u0113j\u0101 iepakojuma svars (kg)<\/TD><br \/>\n<TD class='ss_at_val'>0,1<\/TD><br \/>\n<\/TR><br \/>\n<TR class='ss_at' ss_attr='Pakkendi kaal (kg)' ><br \/>\n<TD class='ss_at_name'>Taras svars (kg)<\/TD><br \/>\n<TD class='ss_at_val'>0,53<\/TD><br \/>\n<\/TR><br \/>\n<\/TABLE><SCRIPT>ss_serdce=1;ss_treug=1;ss_elka=0;ss_petla=1;ss_carbon=1;ss_piece_count=50 ;ss_korobka_count=12 ;<\/SCRIPT><\/p>","protected":false},"excerpt":{"rendered":"<p>Cukurniedru v\u0101ks. Der 3. izm\u0113ra Vegware Gourmet trauka pamatnei.  Unik\u0101ls dizains &#8211; uzlieciet v\u0101ku uz trauka pamatnes un maigi aiztaisiet. Neaiztur kondens\u0101tu, t\u0101d\u0113\u013c \u0113diens paliek karsts un krauk\u0161\u0137\u012bgs. Karstam un aukstam \u0113dienam l\u012bdz\u0146em\u0161anai: street food, sal\u0101tiem, ceptiem gardumiem. Bagasse ir re\u0123ener\u0113ta cukurniedru \u0161\u0137iedra. Balta. Vegware godalgota kvalit\u0101te. Ra\u017eots no augiem. R\u016bpnieciski kompost\u0113jams, attiec\u012bgaj\u0101s pie\u0146em\u0161anas viet\u0101s.<DIV class='hide'>5060271927425 V3-GLB<\/DIV><\/p>\n","protected":false},"featured_media":2765954,"template":"","meta":[],"product_brand":[],"product_cat":[7165,6975,7032,7233,6984,7163,7055,5116,6582],"product_tag":[],"class_list":{"0":"post-2765953","1":"product","2":"type-product","3":"status-publish","4":"has-post-thumbnail","6":"product_cat-einekarbid1","7":"product_cat-kiirtoidunoud1","8":"product_cat-taldrikud-ja-kausid","9":"product_cat-toidualused","10":"product_cat-toidukandikud","11":"product_cat-uhekordsed-toidukarbid-ja-kaaned","12":"product_cat-valged-toidualused","13":"product_cat-gurmee-pakendid","14":"product_cat-suurus-3","15":"product_shipping_class-mix","17":"first","18":"instock","19":"taxable","20":"shipping-taxable","21":"purchasable","22":"product-type-simple"},"aioseo_notices":[],"_links":{"self":[{"href":"https:\/\/mixpack.ee\/lv\/wp-json\/wp\/v2\/product\/2765953","targetHints":{"allow":["GET"]}}],"collection":[{"href":"https:\/\/mixpack.ee\/lv\/wp-json\/wp\/v2\/product"}],"about":[{"href":"https:\/\/mixpack.ee\/lv\/wp-json\/wp\/v2\/types\/product"}],"wp:featuredmedia":[{"embeddable":true,"href":"https:\/\/mixpack.ee\/lv\/wp-json\/wp\/v2\/media\/2765954"}],"wp:attachment":[{"href":"https:\/\/mixpack.ee\/lv\/wp-json\/wp\/v2\/media?parent=2765953"}],"wp:term":[{"taxonomy":"product_brand","embeddable":true,"href":"https:\/\/mixpack.ee\/lv\/wp-json\/wp\/v2\/product_brand?post=2765953"},{"taxonomy":"product_cat","embeddable":true,"href":"https:\/\/mixpack.ee\/lv\/wp-json\/wp\/v2\/product_cat?post=2765953"},{"taxonomy":"product_tag","embeddable":true,"href":"https:\/\/mixpack.ee\/lv\/wp-json\/wp\/v2\/product_tag?post=2765953"}],"curies":[{"name":"wp","href":"https:\/\/api.w.org\/{rel}","templated":true}]}}