{"id":2765823,"date":"2024-05-31T11:26:12","date_gmt":"2024-05-31T11:26:12","guid":{"rendered":""},"modified":"2026-03-27T14:42:44","modified_gmt":"2026-03-27T12:42:44","slug":"kulma-joogitops-pla-600-ml-roheline-puu-green-tree-96-seeria-pakis-50-tk","status":"publish","type":"product","link":"https:\/\/mixpack.ee\/lv\/product\/kulma-joogitops-pla-600-ml-roheline-puu-green-tree-96-seeria-pakis-50-tk\/","title":{"rendered":"Aukstiem dz\u0113rieniem paredz\u0113ta gl\u0101ze \u00abGreen Tree\u00bb no kukur\u016bzas cietes, 600 ml, 96. s\u0113rija, iesai\u0146ots 50 gabali"},"content":{"rendered":"<p><TABLE> <TR class='ss_at'><br \/>\n<TD class='ss_at_name'>Izm\u0113rs<\/TD><br \/>\n<TD class='ss_at_val'>600 ml<\/TD><br \/>\n<\/TR><br \/>\n<TR class='ss_at'><br \/>\n<TD class='ss_at_name'>Gabali kast\u0113<\/TD><br \/>\n<TD class='ss_at_val'>50<\/TD><br \/>\n<\/TR><br \/>\n<TR class='ss_at'><br \/>\n<TD class='ss_at_name'>EAN<\/TD><br \/>\n<TD class='ss_at_val'>5060271926992<\/TD><br \/>\n<\/TR><br \/>\n<TR class='ss_at'><br \/>\n<TD class='ss_at_name'>Iepakojumi kast\u0113<\/TD><br \/>\n<TD class='ss_at_val'>20<\/TD><br \/>\n<\/TR><br \/>\n<TR class='ss_at'><br \/>\n<TD class='ss_at_name'>Gabali iepakojum\u0101<\/TD><br \/>\n<TD class='ss_at_val'>1000<\/TD><br \/>\n<\/TR><br \/>\n<TR class='ss_at'><br \/>\n<TD class='ss_at_name'>Kastes garums (m)<\/TD><br \/>\n<TD class='ss_at_val'>0,496<\/TD><br \/>\n<\/TR><br \/>\n<TR class='ss_at'><br \/>\n<TD class='ss_at_name'>Kastes augstums (m)<\/TD><br \/>\n<TD class='ss_at_val'>0,396<\/TD><br \/>\n<\/TR><br \/>\n<TR class='ss_at'><br \/>\n<TD class='ss_at_name'>Kastes dzi\u013cums (m)<\/TD><br \/>\n<TD class='ss_at_val'>0,64<\/TD><br \/>\n<\/TR><br \/>\n<TR class='ss_at'><br \/>\n<TD class='ss_at_name'>Kastes tilpums (m)<\/TD><br \/>\n<TD class='ss_at_val'>0,126<\/TD><br \/>\n<\/TR><br \/>\n<TR class='ss_at'><br \/>\n<TD class='ss_at_name'>1.7 m pale\u0161u skaits<\/TD><br \/>\n<TD class='ss_at_val'>18<\/TD><br \/>\n<\/TR><br \/>\n<TR class='ss_at'><br \/>\n<TD class='ss_at_name'>2.1 m pale\u0161u skaits<\/TD><br \/>\n<TD class='ss_at_val'>18<\/TD><br \/>\n<\/TR><br \/>\n<TR class='ss_at'><br \/>\n<TD class='ss_at_name'>Pre\u010du neto svars (kg)<\/TD><br \/>\n<TD class='ss_at_val'>13,6<\/TD><br \/>\n<\/TR><br \/>\n<TR class='ss_at'><br \/>\n<TD class='ss_at_name'>Produkta bruto svars (kg)<\/TD><br \/>\n<TD class='ss_at_val'>14,8<\/TD><br \/>\n<\/TR><br \/>\n<TR class='ss_at'><br \/>\n<TD class='ss_at_name'>\u0100r\u0113j\u0101 iepakojuma svars (kg)<\/TD><br \/>\n<TD class='ss_at_val'>1<\/TD><br \/>\n<\/TR><br \/>\n<TR class='ss_at'><br \/>\n<TD class='ss_at_name'>Iek\u0161\u0113j\u0101 iepakojuma svars (kg)<\/TD><br \/>\n<TD class='ss_at_val'>0,2<\/TD><br \/>\n<\/TR><br \/>\n<TR class='ss_at'><br \/>\n<TD class='ss_at_name'>Taras svars (kg)<\/TD><br \/>\n<TD class='ss_at_val'>0,68<\/TD><br \/>\n<\/TR><br \/>\n<\/TABLE>ss_serdce=1;ss_treug=0;ss_elka=0;ss_petla=1;ss_carbon=1;ss_piece_count=50 ;ss_korobka_count=20 ;<\/p>","protected":false},"excerpt":{"rendered":"<p>Caursp\u012bd\u012bga gl\u0101ze, ra\u017eota uz augu b\u0101zes. Der Vegware 96.s\u0113rijas v\u0101ci\u0146i. Aukstiem dz\u0113rieniem un desertiem, mini sal\u0101tiem vai vesel\u012bg\u0101m uzkod\u0101m. Ra\u017eota no PLA, atjaunojama materi\u0101la. Green Tree simbolika za\u013c\u0101 un balt\u0101 kr\u0101s\u0101. Vegware godalgota kvalit\u0101te. Ra\u017eots no augiem. R\u016bpnieciski kompost\u0113jams, attiec\u012bgaj\u0101s pie\u0146em\u0161anas viet\u0101s. <DIV class='hide'>5060271926992 R600-GT-GR<\/DIV><\/p>\n","protected":false},"featured_media":2765824,"template":"","meta":[],"product_brand":[],"product_cat":[7010,7179,7244,6531,6540,6538,6539,6536,6535,4402,6574],"product_tag":[],"class_list":{"0":"post-2765823","1":"product","2":"type-product","3":"status-publish","4":"has-post-thumbnail","6":"product_cat-joogitopsid1","7":"product_cat-uhekordsed-joogitopsid","8":"product_cat-veetopsid-kulmale-joogile","9":"product_cat-populaarsed-valikud","10":"product_cat-avalikud-uritused","11":"product_cat-euroopa-kook","12":"product_cat-kaukaasia-kook","13":"product_cat-tanavatoit","14":"product_cat-tervislik-toit-ja-smuutid","15":"product_cat-kulmade-jookide-topsid","16":"product_cat-green-tree-joogitopsid","17":"product_shipping_class-mix","19":"first","20":"instock","21":"taxable","22":"shipping-taxable","23":"purchasable","24":"product-type-simple"},"aioseo_notices":[],"_links":{"self":[{"href":"https:\/\/mixpack.ee\/lv\/wp-json\/wp\/v2\/product\/2765823","targetHints":{"allow":["GET"]}}],"collection":[{"href":"https:\/\/mixpack.ee\/lv\/wp-json\/wp\/v2\/product"}],"about":[{"href":"https:\/\/mixpack.ee\/lv\/wp-json\/wp\/v2\/types\/product"}],"wp:featuredmedia":[{"embeddable":true,"href":"https:\/\/mixpack.ee\/lv\/wp-json\/wp\/v2\/media\/2765824"}],"wp:attachment":[{"href":"https:\/\/mixpack.ee\/lv\/wp-json\/wp\/v2\/media?parent=2765823"}],"wp:term":[{"taxonomy":"product_brand","embeddable":true,"href":"https:\/\/mixpack.ee\/lv\/wp-json\/wp\/v2\/product_brand?post=2765823"},{"taxonomy":"product_cat","embeddable":true,"href":"https:\/\/mixpack.ee\/lv\/wp-json\/wp\/v2\/product_cat?post=2765823"},{"taxonomy":"product_tag","embeddable":true,"href":"https:\/\/mixpack.ee\/lv\/wp-json\/wp\/v2\/product_tag?post=2765823"}],"curies":[{"name":"wp","href":"https:\/\/api.w.org\/{rel}","templated":true}]}}