{"id":4950,"date":"2018-07-20T14:29:39","date_gmt":"2018-07-20T14:29:39","guid":{"rendered":"https:\/\/mixpack.ee\/?page_id=4950"},"modified":"2022-05-02T10:12:20","modified_gmt":"2022-05-02T08:12:20","slug":"tingimused","status":"publish","type":"page","link":"https:\/\/mixpack.ee\/lv\/tingimused\/","title":{"rendered":"Noteikumi un nosac\u012bjumi"},"content":{"rendered":"<p>Visp\u0101r\u012bgie pre\u010du pas\u016bt\u012b\u0161anas noteikumi un nosac\u012bjumi.<\/p>\n<p><strong>Nosac\u012bjumu apjoms un darb\u012bba<\/strong><\/p>\n<p>1.1. Noteikumi un nosac\u012bjumi piem\u0113rojami vis\u0101s tiesiskaj\u0101s attiec\u012bb\u0101s, kas rodas starp person\u0101m un tirdzniec\u012bbas vides \u012bpa\u0161nieku www.mixpack.ee (turpm\u0101k saukts \u201ctie\u0161saistes veikals www.mixpack.ee\u201d), ieg\u0101d\u0101joties preces tie\u0161saistes veikal\u0101 www.mixpack.ee.<\/p>\n<p>1.2. Papildus \u0161iem noteikumiem tiesisk\u0101s attiec\u012bbas, kas izriet no pre\u010du pirk\u0161anas tie\u0161saistes veikal\u0101 www.mixpack.ee ir pak\u013cautas Igaunijas Republikas likumiem.<\/p>\n<p>1.3. B\u016bdami ieinteres\u0113ti tie\u0161saistes veikala www.mixpack.ee vislab\u0101kaj\u0101 un dro\u0161\u0101kaj\u0101 att\u012bst\u012bbas proces\u0101, Mixpack O\u00dc ir ties\u012bga groz\u012bt un papildin\u0101t \u0161os noteikumus un cenr\u0101di. Grozot vai papildinot noteikumus un cenr\u0101di, klienti par to tiek inform\u0113ti, izmantojot vietni: www.mixpack.ee. Noteikumu un cenr\u0101\u017ea groz\u012bjumi un papildin\u0101jumi st\u0101jas sp\u0113k\u0101 ar attiec\u012bg\u0101 groz\u012bjuma vai papildin\u0101juma public\u0113\u0161anas br\u012bdi vietn\u0113: www.mixpack.ee. Ja J\u016bs esat izdar\u012bju\u0161i pas\u016bt\u012bjumu pirms groz\u012bto tiesiskaj\u0101m attiec\u012bb\u0101m starp Jums un Mixpack O\u00dc piem\u0113rojamo noteikumu st\u0101\u0161an\u0101s sp\u0113k\u0101, tiek piem\u0113roti nosac\u012bjumi, kas bija sp\u0113k\u0101 J\u016bsu pas\u016bt\u012bjuma izdar\u012b\u0161anas laik\u0101, ja likum\u0101 vai \u0161ajos noteikumos nav paredz\u0113ts cit\u0101d\u0101k.<\/p>\n<p>1.4. P\u0101rdev\u0113ja rekviz\u012bti:<\/p>\n<p>Mixpack O\u00dc<br \/>\nRe\u0123.nr. 14055482<br \/>\nKMKR: EE101898412<br \/>\nPriisle tee 18, 13914 Tallina<br \/>\nT\u0101lr. +372 560 57537<br \/>\ninfo@mixpack.ee<\/p>\n<p><strong>Cenas<\/strong><\/p>\n<p>2.1. Cenas www.mixpack.ee ir sp\u0113k\u0101, ja r\u0113\u0137ins ir savlaic\u012bgi apmaks\u0101ts atbilsto\u0161i 4. punktam.<\/p>\n<p>2.2. Visas cenas tie\u0161saistes veikal\u0101 ir nor\u0101d\u012btas eiro (EUR) un ietver pievienot\u0101s v\u0113rt\u012bbas nodokli 20%.<\/p>\n<p><strong>Preces<\/strong><\/p>\n<p>3.1. E-veikal\u0101 pied\u0101v\u0101t\u0101s preces parasti ir pieejamas noliktav\u0101 vai p\u0101rdev\u0113ja veikalos. \u0160o produktu pieejam\u012bba netiek garant\u0113ta, jo k\u013c\u016bdas var rasties iesp\u0113jamo E-veikala programmu tehnisko k\u013c\u016bmju d\u0113\u013c.<\/p>\n<p>3.2. Ja Klients izdara pas\u016bt\u012bjumu, bet izr\u0101d\u0101s, ka nepiecie\u0161amo pre\u010du noliktav\u0101 nav, Elektroniskais veikals nevar izpild\u012bt \u0161o pas\u016bt\u012bjumu. \u0160aj\u0101 gad\u012bjum\u0101, kad tiek atkl\u0101ts pre\u010du tr\u016bkums, klientam tiek atgriezta vi\u0146a samaks\u0101t\u0101 naudas summa.<\/p>\n<p>3.3. E-veikal\u0101 public\u0113t\u0101s fotogr\u0101fijas ir ilustrat\u012bvas, bet uz t\u0101m att\u0113lotie izstr\u0101d\u0101jumi var nejau\u0161\u012bbas d\u0113\u013c at\u0161\u0137irties no re\u0101laj\u0101m prec\u0113m.<\/p>\n<p><strong>Pirkuma izdar\u012b\u0161ana<\/strong><\/p>\n<p>4.1. P\u0113c preces izv\u0113les tie\u0161saiste veikal\u0101, klients pievieno produktu iepirkumu grozam, noklik\u0161\u0137inot uz pogas \u201cPievienot grozam\u201d.<\/p>\n<p>4.2. Lai izdar\u012btu pas\u016bt\u012bjumu, Klientam j\u0101dodas uz iepirkumu groza lapu: iepirkumu groza izv\u0113ln\u0113 noklik\u0161\u0137iniet uz pogas \u201cP\u0101riet uz maks\u0101jumu\u201d, p\u0113c tam Klients tiks novirz\u012bts uz pas\u016bt\u012bjuma re\u0123istr\u0101cijas vietni.<\/p>\n<p>4.3. P\u0113c nepiecie\u0161amo datu ievad\u012b\u0161anas un pareiz\u012bbas p\u0101rbaud\u012b\u0161anas Klients apstiprina pas\u016bt\u012bjumu, noklik\u0161\u0137inot uz pogas \u201cEs apstiprinu un maks\u0101ju\u201d. P\u0113c \u0161\u012bs darb\u012bbas pas\u016bt\u012bjums ir apstiprin\u0101ts un tiek nos\u016bt\u012bts p\u0101rdev\u0113jam.<\/p>\n<p>4.4. Klients samaks\u0101 par prec\u0113m, izmantojot internetbankas bankas saiti, k\u0101 ar\u012b apstiprina maks\u0101jumu P\u0101rdev\u0113jam, noklik\u0161\u0137inot uz pogas \u201cAtgriezties pie P\u0101rdev\u0113ja\u201d.<\/p>\n<p>4.5. Izdarot pas\u016bt\u012bjumu, Klients ap\u0146emas sniegt pareizus datus, lai b\u016btu iesp\u0113jams izpild\u012bt pas\u016bt\u012bjumu.<\/p>\n<p>4.6. Re\u0123istr\u0113ts klients, kur\u0161 pieteicies sav\u0101 kont\u0101 un kont\u0101 saglab\u0101jis nepiecie\u0161amos datus, var izmantot \u0101tr\u0101 maks\u0101juma funkciju.<\/p>\n<p>4.7. P\u0113c samaks\u0101\u0161anas par prec\u0113m E-veikals nos\u016bta Klientam pas\u016bt\u012bjuma apstiprin\u0101jumu pa e-pastu.<\/p>\n<p>4.8. Izdarot pas\u016bt\u012bjumu, Klients ap\u0146emas sniegt patiesu inform\u0101ciju, kas nepiecie\u0161ama pas\u016bt\u012bjuma izpildei.<\/p>\n<p>4.9. Izpildot pas\u016bt\u012bjumu, P\u0101rdev\u0113js nav atbild\u012bgs par neiesp\u0113jam\u012bbu izpild\u012bt pas\u016bt\u012bjumu Pirc\u0113ja sniegto k\u013c\u016bdaino datu vai k\u0101du \u0161\u0101das iesnieg\u0161anas seku d\u0113\u013c.<\/p>\n<p>4.10. P\u0101rdev\u0113js ir ties\u012bgs atteikties izpild\u012bt pas\u016bt\u012bjumu, ja rodas aizdomas par P\u0101rdev\u0113jam sniegto datu ticam\u012bbu vai r\u012bc\u012bbu, kas neatbilst lab\u0101m para\u017e\u0101m.<\/p>\n<p><strong>Maks\u0101\u0161anas metodes<\/strong><\/p>\n<p>5.1. Pas\u016bt\u012bjumu var dro\u0161i apmaks\u0101t, izmantojot Igaunijas bankas saites (Swedbank, SEB, Nordea, Danske, LHV, Krediidipank, Coop un citas), k\u0101 ar\u012b kred\u012btkarti (Visa, MasterCard, Maestro).<\/p>\n<p>5.2. Maks\u0101jums tiek veikts \u0101rpus tie\u0161saistes veikala Maksekeskus AS dro\u0161aj\u0101 nor\u0113\u0137inu vid\u0113.<\/p>\n<p>5.3. P\u0101rdev\u0113jam nav piek\u013cuves Klienta bankas datiem.<\/p>\n<p><strong>Pas\u016bt\u012bjuma pieg\u0101de un nodo\u0161ana<\/strong><\/p>\n<p>6.1 M\u016bsu pieg\u0101des pakalpojumi aptver visu Igaunijas teritoriju. Ja J\u016bs v\u0113laties, lai m\u0113s pieg\u0101d\u0101jam pas\u016bt\u012bjumu \u0101rpus iepriek\u0161 min\u0113t\u0101 re\u0123iona, tas notiek p\u0113c \u012bpa\u0161as vieno\u0161an\u0101s, kuras nosl\u0113g\u0161anai l\u016bdzam sazinieties ar mums pa e-pastu: info@mixpack.ee un pa t\u0101lruni +372 560 57537.<\/p>\n<p>6.2. Pas\u016bt\u012bjumus pieg\u0101d\u0101 DPD lo\u0123istikas uz\u0146\u0113muma kurjers termi\u0146\u0101 un laik\u0101, kas nor\u0101d\u012bts produkta kart\u0113 un pas\u016bt\u012bjuma apstiprin\u0101jum\u0101. S\u012bk\u0101ka inform\u0101cija:<\/p>\n<p>6.2.1 Preces tiek pieg\u0101d\u0101tas atbilsto\u0161i pieg\u0101des cenr\u0101dim.<\/p>\n<p>\u2013 Kurjers pieg\u0101d\u0101s preces uz adresi, kuru J\u016bs nor\u0101d\u012bj\u0101t, izdarot pas\u016bt\u012bjumu. V\u0113l\u0101ka galam\u0113r\u0137a mai\u0146a ir iesp\u0113jama tikai p\u0113c vieno\u0161an\u0101s.<\/p>\n<p>6.3. Izdarot pas\u016bt\u012bjumu, p\u0101rliecinieties, ka nor\u0101d\u012bt\u0101 kontaktinform\u0101cija ir pareiza, lai izvair\u012btos no kav\u0113jumiem un p\u0101rpratumiem, pieg\u0101d\u0101jot pas\u016bt\u012bjumu. www.mixpack.ee (Mixpack O\u00dc) un kurjers nav atbild\u012bgi par kav\u0113jumiem un p\u0101rpratumiem pre\u010du pieg\u0101d\u0113, ja kav\u0113\u0161anos vai p\u0101rpratumu izrais\u012bjusi J\u016bsu, izdarot pas\u016bt\u012bjumu, nor\u0101d\u012bto datu neprecizit\u0101te vai nepareiz\u012bba.<\/p>\n<p>6.4. Preces non\u0101ks J\u016bsu izv\u0113l\u0113taj\u0101 adres\u0113 5 darba dienu laik\u0101 no pas\u016bt\u012bjuma apstiprin\u0101juma nos\u016bt\u012b\u0161anas dienas uz Klienta e-pasta adresi. Kurjers pa t\u0101lruni sazin\u0101sies ar Klientu un vienosies par atbilsto\u0161o pieg\u0101des laiku. Neveiksm\u012bga Pre\u010du izsnieg\u0161anas m\u0113\u0123in\u0101juma gad\u012bjum\u0101 s\u016bt\u012bjums tiks atgriezts atpaka\u013c s\u016bt\u012bt\u0101ja noliktav\u0101.<\/p>\n<p>6.5. Ja Klients ir izdar\u012bjis pas\u016bt\u012bjumu ned\u0113\u013cas nogal\u0113 (no piektdienas plkst. 13:00 l\u012bdz pirmdienas pulksten 9:00) vai valsts sv\u0113tku dien\u0101, 5 darba dienu periods s\u0101kas no pulksten 9:00 pirmaj\u0101 darba dien\u0101 p\u0113c ned\u0113\u013cas nogales vai ofici\u0101l\u0101s br\u012bvdienas.<\/p>\n<p>6.6. Pirms pas\u016bt\u012bjuma izdar\u012b\u0161anas Klientam ir pien\u0101kums p\u0101rbaud\u012bt nor\u0101d\u012bt\u0101s kontaktinform\u0101cijas pareiz\u012bbu, lai izvair\u012btos no kav\u0113jumiem un p\u0101rpratumiem, pieg\u0101d\u0101jot Preces. P\u0101rdev\u0113js nav atbild\u012bgs par kav\u0113jumu un p\u0101rpratumiem, ko izrais\u012bjusi Pre\u010du pieg\u0101de, ja kav\u0113jumu vai p\u0101rpratumus izraisa Klienta, izdarot pas\u016bt\u012bjumu, sniegto datu neprecizit\u0101te vai nepareiz\u012bba.<\/p>\n<p>6.7. Kurjers pieg\u0101d\u0101 Jums pas\u016bt\u012bjumu ar starpkontu. Ja Jums rodas k\u0101das probl\u0113mas, l\u016bdzam nekav\u0113joties inform\u0113jiet m\u016bs pa t\u0101lruni +372 560 57537. Pras\u012bjuma ties\u012bbas neattiecas uz zaud\u0113jumiem, kas radu\u0161ies p\u0113c pre\u010du nodo\u0161anas pirc\u0113jam.<\/p>\n<p>6.8. Gad\u012bjum\u0101, ja Klientu pas\u016bt\u012bjumu nav sa\u0146\u0113mis lab\u0101 st\u0101vokl\u012b un neatv\u0113rt\u0101 iepakojum\u0101, Klientam par to j\u0101pazi\u0146o, nos\u016btot attiec\u012bga satura zi\u0146ojumu kop\u0101 ar fotoatt\u0113lu uz adresi: info@mixpack.ee vai pa zvanot pa t\u0101lruni +372 560 57537.<\/p>\n<p><strong>Anul\u0113\u0161ana un pre\u010du atgrie\u0161ana<\/strong><\/p>\n<p>7.1. Klients ir ties\u012bgs 14 dienu laik\u0101 atteikties no dar\u012bjuma un apmain\u012bt vai atdot pas\u016bt\u012bt\u0101s Preces. Nor\u0101d\u012bt\u0101 14 dienu perioda apr\u0113\u0137in\u0101\u0161ana s\u0101kas no dienas, kad klients sa\u0146em preces.<\/p>\n<p>7.2. Par preces atgrie\u0161anu \/ apmai\u0146u klientam 14 dienu laik\u0101 p\u0113c preces sa\u0146em\u0161anas j\u0101iesniedz p\u0101rdev\u0113jam pieteikums par pre\u010du atgrie\u0161anu. Pazi\u0146ojumu var iesniegt \u0161\u0101di:<br \/>\n\u2022 Nos\u016btiet P\u0101rdev\u0113jam aizpild\u012btu pre\u010du atgrie\u0161anas veidlapu kop\u0101 ar prec\u0113m<br \/>\n\u2022 Nos\u016btiet vienk\u0101r\u0161u e-pastu uz info@mixpack.ee<\/p>\n<p>Apmai\u0146a vai atgrie\u0161ana tiek atz\u012bta tikai kop\u0101 ar aizpild\u012btu atgrie\u0161anas veidlapu.<\/p>\n<p>7.3 Klientam ir j\u0101atgrie\u017e preces 14 dienu laik\u0101 p\u0113c pieteikuma iesnieg\u0161anas vai j\u0101iesniedz pier\u0101d\u012bjumi, ka min\u0113taj\u0101 period\u0101 vi\u0146\u0161 preces ir nodevis lo\u0123istikas uz\u0146\u0113mumam. P\u0101rdev\u0113js ir ties\u012bgs neatmaks\u0101t naudu, kam\u0113r pat\u0113r\u0113t\u0101js neatgrie\u017e preci vai uzr\u0101da pier\u0101d\u012bjumus, ka vi\u0146\u0161 preces ir nos\u016bt\u012bjis.<\/p>\n<p>7.4. Apmain\u012bt\u0101s vai atdot\u0101s Preces nedr\u012bkst b\u016bt boj\u0101tas, t\u0101m j\u0101b\u016bt ori\u0123in\u0101l\u0101 iepakojum\u0101, uz kura ir visas ori\u0123in\u0101l\u0101s eti\u0137etes.<\/p>\n<p>7.5. Maksa par noform\u0113tu pas\u016bt\u012bjum netiek atmaks\u0101ta, ja pas\u016bt\u012bt\u0101s preces tiek ra\u017eotas atbilsto\u0161i klienta person\u012bgaj\u0101m vajadz\u012bb\u0101m vai saska\u0146\u0101 ar klienta nor\u0101d\u012btajiem nosac\u012bjumiem.<\/p>\n<p>7.6. Ja atgriezt\u0101 pas\u016bt\u012bjuma (un pas\u016bt\u012bjumu iepakojuma) st\u0101voklis ir pasliktin\u0101jies un pasliktin\u0101\u0161an\u0101s iemesls ir (i) apst\u0101k\u013ci, kas nav saist\u012bti ar Mixpack O\u00dc darb\u012bbu; un (ii) pre\u010du nepareizas izmanto\u0161anas rezult\u0101ts, Mixpack O\u00dc ir ties\u012bga apr\u0113\u0137in\u0101t pre\u010du v\u0113rt\u012bbas samazin\u0101jumu un atskait\u012bt to no t\u0101s summas, ko J\u016bs samaks\u0101j\u0101t par prec\u0113m, un summas, kas Jums tika atmaks\u0101ta. Lai veiktu p\u0101rr\u0113\u0137inu, Mixpack O\u00dc nos\u016bt\u012bs Jums p\u0101rr\u0113\u0137ina pieteikumu uz e-pasta adresi, kuru J\u016bs b\u016bsiet nor\u0101d\u012bju\u0161i, izdarot pas\u016bt\u012bjumu.<\/p>\n<p>7.7. Apmai\u0146as gad\u012bjum\u0101 E-veikals t\u016bl\u012bt p\u0113c apmain\u0101mo Pre\u010du sa\u0146em\u0161anas nos\u016bta Klientam jauno Preci. Ar val\u016btas mai\u0146u saist\u012btos izdevumus sedz P\u0101rdev\u0113js.<\/p>\n<p>7.8. P\u0101rdev\u0113js atgriez\u012bs Klientam naudu 14 dienu laik\u0101 p\u0113c atgrie\u0161anas veidlapas sa\u0146em\u0161anas E-veikal\u0101. Nauda tiek atgriezta taj\u0101 pa\u0161\u0101 kont\u0101, no kura Klients veica maks\u0101jumu.<\/p>\n<p>7.9. Pas\u016bt\u012bjuma atgrie\u0161anas gad\u012bjum\u0101 p\u0101rdev\u0113js atgrie\u017e klientam visu uz l\u012bguma pamata sa\u0146emto summu, ieskaitot pieg\u0101des izmaksas. Ja pas\u016bt\u012bjums tiek atgriezts da\u013c\u0113ji un pas\u016bt\u012bjumam tiek pievienots maks\u0101jums par pieg\u0101di, P\u0101rdev\u0113js var atl\u012bdzin\u0101t pieg\u0101des izmaksas proporcion\u0101li atgriezto pre\u010du daudzumam.<\/p>\n<p>7.10. Naudas atmaksa uz Klienta bankas kontu tiek veikta v\u0113l\u0101kais n\u0101kamaj\u0101 darba dien\u0101. Nor\u0113\u0137inoties ar kred\u012btkarti &#8211; saska\u0146\u0101 ar Klienta bankas noteikumiem.<\/p>\n<p><strong>Materi\u0101l\u0101 atbild\u012bba un nep\u0101rvarama vara<\/strong><\/p>\n<p>8.1. Www.mixpack.ee (Mixpack O\u00dc) ir materi\u0101li atbild\u012bga attiec\u012bb\u0101s ar Jums, bet J\u016bs esat materi\u0101li atbild\u012bgi attiec\u012bb\u0101s ar www.mixpack.ee (Mixpack O\u00dc) par zaud\u0113jumiem, kas nodar\u012bti otrai pusei, p\u0101rk\u0101pjot \u0161os noteikumus un nosac\u012bjumus, gad\u012bjumos un apjom\u0101, kas noteikti piem\u0113rojamajos Igaunijas Republikas ties\u012bbu aktos.<\/p>\n<p>8.2. Www.mixpack.ee (Mixpack O\u00dc) nav atbild\u012bga ne par k\u0101diem boj\u0101jumiem vai pas\u016bt\u012bjuma pieg\u0101des aizkav\u0113\u0161anos gad\u012bjum\u0101, ja pas\u016bt\u012bjuma boj\u0101jums vai pieg\u0101des aizkav\u0113\u0161an\u0101s ir saist\u012bta ar apst\u0101k\u013ciem, ko www.mixpack.ee ( Mixpack O\u00dc) nevar\u0113ja ietekm\u0113t vai kuru iest\u0101\u0161anos www.mixpack.ee (Mixpack O\u00dc) neparedz\u0113ja vai nevar\u0113ja paredz\u0113t (nep\u0101rvaramas varas apst\u0101k\u013ci).<\/p>\n<p>8.3. Klients ap\u0146emas izmantot Elektronisk\u0101 veikala pakalpojumus tikai m\u0113r\u0137iem, kas nav pretrun\u0101 ar likumu vai visp\u0101rpie\u0146emtaj\u0101m norm\u0101m.<\/p>\n<p><strong>Datu aizsardz\u012bba un apstr\u0101des principi<\/strong><\/p>\n<p>9.1. Re\u0123istr\u0113joties E-veikal\u0101 vai izdarot pirkumu, Klients piekr\u012bt Elektronisk\u0101 veikala izmanto\u0161anas noteikumiem un piekr\u012bt tos iev\u0113rot.<\/p>\n<p>9.2. Pirkuma l\u012bgums starp P\u0101rdev\u0113ju un Klientu st\u0101jas sp\u0113k\u0101 br\u012bd\u012b, kad maks\u0101jam\u0101 pirkuma summa tiek sa\u0146emta P\u0101rdev\u0113ja nor\u0113\u0137inu kont\u0101.<\/p>\n<p>9.3. Klients dod P\u0101rdev\u0113jam nep\u0101rprotamu un apzin\u0101tu piekri\u0161anu vi\u0146a personas datu apstr\u0101dei.<\/p>\n<p>9.4. P\u0101rdev\u0113jam pazi\u0146otie personas dati tiek ievad\u012bti klientu re\u0123istr\u0101 un tiek izmantoti, lai sniegtu pakalpojumus, p\u0101rdodot un pied\u0101v\u0101jot Pirc\u0113jam preces.<\/p>\n<p>9.5. P\u0101rdev\u0113js saglab\u0101 klienta kontaktinform\u0101ciju, k\u0101 ar\u012b inform\u0101ciju par izdar\u012btajiem pirkumiem. \u0160\u012b inform\u0101cija ir konfidenci\u0101la un tiek apstr\u0101d\u0101ta saska\u0146\u0101 ar likumu par personas datu aizsardz\u012bbu. Personas dati, kas nepiecie\u0161ami Pre\u010du nos\u016bt\u012b\u0161anai Klientam, tiek nodoti kurjeram.<\/p>\n<p>9.6. P\u0101rdev\u0113js var izmantot Klienta personas datus, lai Klientam nos\u016bt\u012btu inform\u0101ciju par \u012bpa\u0161ajiem pied\u0101v\u0101jumiem un kampa\u0146\u0101m pa e-pastu tikai tad, ja Klients tam ir devis savu piekri\u0161anu.<\/p>\n<p>9.7. Visi klienta personas dati, kas uzzin\u0101ti interneta veikala www.mixpack.ee apmekl\u0113juma un taj\u0101 veikt\u0101 pirkuma laik\u0101, tiek uzskat\u012bti par konfidenci\u0101lu inform\u0101ciju. \u0160ifr\u0113tais datu kan\u0101ls, kas savienots ar bank\u0101m, nodro\u0161ina pirc\u0113ja personas datu un bankas rekviz\u012btu dro\u0161\u012bbu. Vietnei Www.mixpack.ee (Mixpack O\u00dc) nav piek\u013cuves \u0161iem datiem.<\/p>\n<p>9.7.1 Tie\u0161saistes veikals pirc\u0113ja ievad\u012btos personas datus (tostarp v\u0101rdu, t\u0101lru\u0146a numuru, adresi, e-pasta adresi, bankas rekviz\u012btus) izmanto tikai pas\u016bt\u012bjuma apstr\u0101dei un pre\u010du nos\u016bt\u012b\u0161anai pirc\u0113jam.<\/p>\n<p>9.8. P\u0101rdev\u0113js nodro\u0161ina Pirc\u0113ja datu, tostarp personas datu, aizsardz\u012bbu un izmanto\u0161anu saska\u0146\u0101 ar konfidencialit\u0101tes politikas noteikumiem. Pirc\u0113js apstiprina, ka ir izlas\u012bjis un piekr\u012bt priv\u0101tuma politikas noteikumiem. Pamatojoties uz sp\u0113k\u0101 eso\u0161ajiem ties\u012bbu aktiem un priv\u0101tuma politikas noteikumu saturu, P\u0101rdev\u0113js bez Pirc\u0113ja piekri\u0161anas ir ties\u012bgs apstr\u0101d\u0101t datus (tostarp personas datus) interneta veikala izmanto\u0161anai nepiecie\u0161amaj\u0101 apjom\u0101. Cita starp\u0101, pamatojoties uz iepriek\u0161 min\u0113to, P\u0101rdev\u0113jam bez viennoz\u012bm\u012bgas un nep\u0101rprotamas piekri\u0161anas ir ties\u012bbas: nos\u016bt\u012bt Pirc\u0113jam pazi\u0146ojumus, kas saist\u012bti ar tie\u0161saistes veikala pakalpojumu izmanto\u0161anu, tostarp pazi\u0146ojumus, kas interneta veikala lietot\u0101jam tiek nos\u016bt\u012bti dro\u0161\u012bbas apsv\u0113rumu d\u0113\u013c, lab\u0101kas klientu apkalpo\u0161anas un dar\u012bjumu apstiprin\u0101\u0161anas nol\u016bk\u0101, saglab\u0101t Pirc\u0113ja sist\u0113m\u0101 ievad\u012btos pas\u016bt\u012bjumu datus, tostarp sapr\u0101t\u012bg\u0101 sesijas laik\u0101, attiec\u012bb\u0101 uz tiem pas\u016bt\u012bjumiem, kuru izpildi Pirc\u0113js sesijas laik\u0101 nepabeidza.<\/p>\n<p>9.7. Ja Pirc\u0113js, nosl\u0113dzot Klienta l\u012bgumu vai cit\u0101di, ar darb\u012bbu, kas apstiprina Pirc\u0113ja gribu (piem\u0113ram, pa\u0161apkalpo\u0161an\u0101s laik\u0101), piekr\u012bt datu izmanto\u0161anai m\u0101rketinga nol\u016bkos, P\u0101rdev\u0113js izmanto \u0161os datus atbilsto\u0161i noteikumiem un konfidencialit\u0101tes politik\u0101 nor\u0101d\u012btajiem m\u0113r\u0137iem, cita starp\u0101 s\u016btot Pirc\u0113jam individu\u0101lus tie\u0161\u0101 m\u0101rketinga pied\u0101v\u0101jumus par prec\u0113m un pakalpojumiem, pied\u0101v\u0101jumiem kampa\u0146u ietvaros un priek\u0161roc\u012bbas pied\u0101v\u0101jumiem, izmantojot elektroniskos sazi\u0146as l\u012bdzek\u013cus (piem\u0113ram, pa e-pastu vai SMS).<\/p>\n<p>9.8. Pirc\u0113js ir ties\u012bgs jebkur\u0101 laik\u0101 atsaukt savu piekri\u0161anu datu izmanto\u0161anai m\u0101rketinga nol\u016bkos, nos\u016btot p\u0101rdev\u0113jam attiec\u012bga satura elektronisku v\u0113stuli vai atsakoties turpm\u0101k sa\u0146emt pied\u0101v\u0101jumus pa tie\u0161o pastu, izpildot tie\u0161\u0101 pasta pied\u0101v\u0101jum\u0101 ietvertos nor\u0101d\u012bjumus, kas nos\u016bt\u012bti uz vi\u0146a e-pastu.<\/p>\n<p>9.9. Jaut\u0101jumos, kas nav \u012bpa\u0161i atrun\u0101ti \u0161ajos noteikumos, puses r\u012bkojas, pamatojoties uz Igaunijas Republik\u0101 sp\u0113k\u0101 eso\u0161ajiem ties\u012bbu aktiem.<\/p>\n<p>9.10. Str\u012bdi, kas rodas starp Jums un www.mixpack.ee (Mixpack O\u00dc) saist\u012bb\u0101 ar pre\u010du ieg\u0101di, izmantojot tie\u0161saistes veikalu www.mixpack.ee, tiek risin\u0101ti p\u0101rrunu ce\u013c\u0101. Ja nav iesp\u0113jams pan\u0101kt vieno\u0161anos, Jums ir ties\u012bbas, aizst\u0101vot savas ties\u012bbas, v\u0113rsties Pat\u0113r\u0113t\u0101ju ties\u012bbu aizsardz\u012bbas p\u0101rvald\u0113 vai Tallinas pils\u0113tas ties\u0101. Str\u012bdu iz\u0161\u0137ir\u0161ana notiek saska\u0146\u0101 ar Igaunijas Republik\u0101 sp\u0113k\u0101 eso\u0161ajiem ties\u012bbu aktiem.<\/p>\n<p><strong>Saist\u012bbu atruna<\/strong><\/p>\n<p>10.1. Pre\u010du att\u0113li paredz\u0113ti tikai ilustrat\u012bviem nol\u016bkiem.<\/p>\n<p>10.2. Mixpack O\u00dc patur ties\u012bbas izdar\u012bt izmai\u0146as pre\u010du cen\u0101s un to pieejam\u012bb\u0101, k\u0101 ar\u012b iz\u0146\u0113muma gad\u012bjumos atteikties p\u0101rdot preces.<\/p>\n<p>10.3. Inform\u0101cija par produktu tiek regul\u0101ri p\u0101rbaud\u012bta un papildin\u0101ta. P\u0113c J\u016bsu p\u0113d\u0113j\u0101 apmekl\u0113juma dati var b\u016bt atjaunin\u0101ti.<\/p>\n<p>M\u0113s Jums nov\u0113l\u0101m lielisku \u0137\u0113rienu!<\/p>\n<div id=\"gtx-trans\" style=\"position: absolute; left: 98px; top: 5190.14px;\">\n<div class=\"gtx-trans-icon\"><\/div>\n<\/div>\n<p><\/p>","protected":false},"excerpt":{"rendered":"<p>Visp\u0101r\u012bgie pre\u010du pas\u016bt\u012b\u0161anas noteikumi un nosac\u012bjumi. Nosac\u012bjumu apjoms un darb\u012bba 1.1. Noteikumi un nosac\u012bjumi piem\u0113rojami vis\u0101s tiesiskaj\u0101s attiec\u012bb\u0101s, kas rodas<\/p>\n","protected":false},"author":1,"featured_media":0,"parent":0,"menu_order":0,"comment_status":"closed","ping_status":"closed","template":"","meta":{"footnotes":""},"class_list":["post-4950","page","type-page","status-publish","hentry"],"aioseo_notices":[],"_links":{"self":[{"href":"https:\/\/mixpack.ee\/lv\/wp-json\/wp\/v2\/pages\/4950","targetHints":{"allow":["GET"]}}],"collection":[{"href":"https:\/\/mixpack.ee\/lv\/wp-json\/wp\/v2\/pages"}],"about":[{"href":"https:\/\/mixpack.ee\/lv\/wp-json\/wp\/v2\/types\/page"}],"author":[{"embeddable":true,"href":"https:\/\/mixpack.ee\/lv\/wp-json\/wp\/v2\/users\/1"}],"replies":[{"embeddable":true,"href":"https:\/\/mixpack.ee\/lv\/wp-json\/wp\/v2\/comments?post=4950"}],"version-history":[{"count":0,"href":"https:\/\/mixpack.ee\/lv\/wp-json\/wp\/v2\/pages\/4950\/revisions"}],"wp:attachment":[{"href":"https:\/\/mixpack.ee\/lv\/wp-json\/wp\/v2\/media?parent=4950"}],"curies":[{"name":"wp","href":"https:\/\/api.w.org\/{rel}","templated":true}]}}