{"id":11542,"date":"2019-09-04T17:18:38","date_gmt":"2019-09-04T17:18:38","guid":{"rendered":"https:\/\/mixpack.ee\/et\/?page_id=11542"},"modified":"2023-10-20T15:14:01","modified_gmt":"2023-10-20T13:14:01","slug":"kkk","status":"publish","type":"page","link":"https:\/\/mixpack.ee\/lv\/kkk\/","title":{"rendered":"Bie\u017ei uzdotie jaut\u0101jumi"},"content":{"rendered":"<div class=\"wpb-content-wrapper\"><p>[vc_row color=&#8221;custom&#8221; align=&#8221;center&#8221; el_width=&#8221;100&#8243; el_border_width=&#8221;10&#8243; custom_color=&#8221;#c9c9c9&#8243;][vc_column][vc_custom_heading text=&#8221;KOMPOST\u0112\u0160ANA, VISBIE\u017d\u0100K UZDOTIE JAUT\u0100JUMI&#8221; font_container=&#8221;tag:h3|font_size:25|text_align:center|color:rgba(12%2C12%2C12%2C0.8)&#8221; use_theme_fonts=&#8221;yes&#8221;][vc_zigzag color=&#8221;custom&#8221; el_border_width=&#8221;10&#8243; custom_color=&#8221;#9fc464&#8243;][vc_empty_space height=&#8221;20px&#8221; woodmart_hide_large=&#8221;0&#8243; woodmart_hide_medium=&#8221;0&#8243; woodmart_hide_small=&#8221;0&#8243; woodmart_hide_extra_small=&#8221;0&#8243;][\/vc_column][\/vc_row][vc_row el_class=&#8221;ss_faq&#8221; woodmart_css_id=&#8221;65327d047e06a&#8221; responsive_spacing=&#8221;eyJwYXJhbV90eXBlIjoid29vZG1hcnRfcmVzcG9uc2l2ZV9zcGFjaW5nIiwic2VsZWN0b3JfaWQiOiI2NTMyN2QwNDdlMDZhIiwic2hvcnRjb2RlIjoidmNfcm93IiwiZGF0YSI6eyJ0YWJsZXQiOnt9LCJtb2JpbGUiOnt9fX0=&#8221; mobile_bg_img_hidden=&#8221;no&#8221; tablet_bg_img_hidden=&#8221;no&#8221; woodmart_parallax=&#8221;0&#8243; woodmart_gradient_switch=&#8221;no&#8221; woodmart_box_shadow=&#8221;no&#8221; wd_z_index=&#8221;no&#8221; woodmart_disable_overflow=&#8221;0&#8243; row_reverse_mobile=&#8221;0&#8243; row_reverse_tablet=&#8221;0&#8243;][vc_column][vc_toggle title=&#8221;Kompost\u0113jams = biolo\u0123iski no\u0101rd\u0101ms \u0101tr\u0101k nek\u0101 12 ned\u0113\u013cu laik\u0101!&#8221; style=&#8221;rounded_outline&#8221; size=&#8221;lg&#8221;]Kompost\u0113jams noz\u012bm\u0113, ka materi\u0101ls var iziet sadal\u012b\u0161an\u0101s procesu maz\u0101k nek\u0101 12 ned\u0113\u013cu laik\u0101, un t\u0101d\u0113\u013c tas ir piem\u0113rots r\u016bpnieciskai kompost\u0113\u0161anai kop\u0101 ar p\u0101rtikas atkritumiem.<\/p>\n<p>R\u016bpniecisk\u0101 kompost\u0113\u0161ana rada ide\u0101lu mikrobu, mitruma un siltuma l\u012bdzsvaru. T\u0101tad, t\u0101 viet\u0101, lai izmantotu poligonu vai sadedzin\u0101tu, J\u016bsu kompost\u0113jamie &#8220;atkritumi&#8221;, kas rodas no sabiedrisk\u0101s \u0113din\u0101\u0161anas pieg\u0101des, rada ar bar\u012bbas viel\u0101m bag\u0101tu kompostu, kas pal\u012bdz att\u012bst\u012bties augiem.[\/vc_toggle][\/vc_column][\/vc_row][vc_row][vc_column][vc_toggle title=&#8221;Kompost\u0113\u0161anas apst\u0101k\u013ci?&#8221; style=&#8221;rounded_outline&#8221; size=&#8221;lg&#8221;]Kompost\u0113jamam iepakojumam j\u0101atrodas apst\u0101k\u013cos, kas veicina kompost\u0113\u0161anu, lai kompost\u0113\u0161anas process patie\u0161\u0101m notiktu. R\u016bpniecisk\u0101 kompost\u0113\u0161ana rada ide\u0101lu mikrobu, mitruma un siltuma l\u012bdzsvaru, pateicoties kam kompost\u0113jamais iepakojums var b\u016bt da\u013ca no p\u0101rtikas atkritumu p\u0101rstr\u0101des procesa.<\/p>\n<p>Kompost\u0113\u0161anas apst\u0101k\u013ci m\u0101jas apst\u0101k\u013cos at\u0161\u0137iras atkar\u012bb\u0101 no \u012bpa\u0161nieka prasm\u0113m, t\u0101d\u0113\u013c m\u0113s par to neizdar\u0101m nek\u0101dus pazi\u0146ojumus, ta\u010du ir biju\u0161i veiksm\u012bgi izm\u0113\u0123in\u0101jumi, izmantojot karst\u0101s kompost\u0113\u0161anas kastes.[\/vc_toggle][\/vc_column][\/vc_row][vc_row][vc_column][vc_toggle title=&#8221;K\u0101da j\u0113ga, ja es nevaru kompost\u0113t atkritumus?&#8221; style=&#8221;rounded_outline&#8221; size=&#8221;lg&#8221;]Zemei ir ierobe\u017eoti resursi. Vienreiz\u0113j\u0101s lieto\u0161anas izstr\u0101d\u0101jumi tiek izmantoti tik \u012bs\u0101 laika period\u0101, ka ir j\u0113ga p\u0101riet uz atjaunojamiem materi\u0101liem, atst\u0101jot parasto plastmasu tiem gad\u012bjumiem, kad to nevar viegli aizst\u0101t. Daudziem \u013caud\u012bm pat\u012bk izmantot augu izcelsmes materi\u0101lus, izprotot to, ka tas ir vienk\u0101r\u0161s veids, k\u0101 samazin\u0101t oglek\u013ca emisijas un pal\u012bdz\u0113t uz\u0146\u0113mumiem k\u013c\u016bt videi draudz\u012bg\u0101kiem.<\/p>\n<p><em><i>Un, l\u016bk, aizraujo\u0161\u0101k\u0101 da\u013ca. <\/i><\/em>Kad br\u0101\u013ci Raiti izgudroja lidma\u0161\u012bnu, lidostu v\u0113l nebija, bet tagad paskatieties uz avi\u0101cijas infrastrukt\u016bru. Izv\u0113loties kompost\u0113jamos materi\u0101lus, sabiedrisk\u0101s \u0113din\u0101\u0161anas uz\u0146\u0113mumi var akt\u012bvi veicin\u0101t izmai\u0146as atkritumu p\u0101rstr\u0101d\u0113 Lielbrit\u0101nij\u0101. Jo vair\u0101k tiek izmantoti kompost\u0113jamie materi\u0101li, jo vair\u0101k m\u0113s varam att\u012bst\u012bt atkritumu sektoru, lai papla\u0161in\u0101tu to sav\u0101k\u0161anas t\u012bklu vis\u0101 Lielbrit\u0101nij\u0101.[\/vc_toggle][\/vc_column][\/vc_row][vc_row][vc_column][vc_toggle title=&#8221;K\u0101da j\u0113ga pan\u0101kt, lai vienreiz\u0113j\u0101s lieto\u0161anas iepakojumi b\u016btu kompost\u0113jami?&#8221; style=&#8221;rounded_outline&#8221; size=&#8221;lg&#8221;]Kompost\u0113jamos vienreiz\u0113j\u0101s lieto\u0161anas materi\u0101lus paredz\u0113ts p\u0101rstr\u0101d\u0101t r\u016bpnieciskaj\u0101 kompost\u0113\u0161anas r\u016bpn\u012bc\u0101 kop\u0101 ar p\u0101rtikas atkritumiem. Tas noz\u012bm\u0113, ka \u0161\u0137iro\u0161ana nav nepiecie\u0161ama, un kompost\u0113jamo gl\u0101zi, v\u0101ku, hamburgeru kast\u012bti, nazi un salveti var utiliz\u0113t kop\u0101, nenoskalojot ke\u010dupu un \u010dipsu atliekas. Papildu bonuss ir tas, ka tikl\u012bdz p\u0101rtika un vienreiz\u0113j\u0101s lieto\u0161anas materi\u0101li non\u0101k vien\u0101 atkritumu tvertn\u0113, p\u0101r\u0113j\u0101s sauso atkritumu tvertnes k\u013c\u016bst t\u012br\u0101kas un to saturs viegl\u0101k p\u0101rstr\u0101d\u0101jams.<\/p>\n<p>Kompost\u0113jam\u012bba nav lab\u0101kais risin\u0101jums vis\u0101s situ\u0101cij\u0101s. Piem\u0113ram, Vegware nera\u017eos kompost\u0113jamas \u016bdens pudeles, jo jau past\u0101v labi att\u012bst\u012bta PET plastmasas p\u0101rstr\u0101des infrastrukt\u016bra. Bet ar p\u0101rtikas produktiem sasm\u0113r\u0113tu vienreiz\u0113j\u0101s lieto\u0161anas iepakojumu kompost\u0113\u0161ana ir sapr\u0101t\u012bgs risin\u0101jums.[\/vc_toggle][\/vc_column][\/vc_row][vc_row][vc_column][vc_toggle title=&#8221;K\u0101 kompost\u0113jamie iepakojumi atrisina p\u0101rtikas produktu rad\u012bt\u0101 pies\u0101r\u0146ojuma probl\u0113mu?&#8221; style=&#8221;rounded_outline&#8221; size=&#8221;lg&#8221;]Plastmasas un kartona kombin\u0101cija p\u0101rtikas produktu iepakojumos rada milz\u012bgas utiliz\u0101cijas probl\u0113mas, par ko liecina nesen\u0101s diskusijas par kafijas gl\u0101z\u012b\u0161u utiliz\u0113\u0161anu. P\u0101rtikas pies\u0101r\u0146ojums ir neizb\u0113gams, t\u0101p\u0113c rezult\u0101t\u0101 tiek veikta atkritumu sadedzin\u0101\u0161ana vai apglab\u0101\u0161ana. Vienreiz\u0113j\u0101s lieto\u0161anas iepakojumiem, kas paredz\u0113ti p\u0101rtikas produktu pieg\u0101dei, ir lietder\u012bgi izmantot materi\u0101lus, kurus var p\u0101rstr\u0101d\u0101t kop\u0101 ar p\u0101rtiku. Ar vienreiz\u0113j\u0101s lieto\u0161anas kompost\u0113jamiem materi\u0101liem p\u0101rtika nav pies\u0101r\u0146ojums, t\u0101 dr\u012bz\u0101k ir svar\u012bga sast\u0101vda\u013ca kompost\u0113\u0161anas proces\u0101.[\/vc_toggle][\/vc_column][\/vc_row][vc_row][vc_column][vc_toggle title=&#8221;Biolo\u0123iski no\u0101rd\u0101ms&#8221; style=&#8221;rounded_outline&#8221; size=&#8221;lg&#8221;]Biolo\u0123iski no\u0101rd\u0101ms noz\u012bm\u0113, ka k\u0101da viela sadal\u0101s dabisk\u0101 ce\u013c\u0101, ta\u010du tas var ilgt gadiem ilgi. Termins biolo\u0123iski no\u0101rd\u0101ms neko mums nesaka par laika m\u0113rogu, piem\u0113ram, koks ir biolo\u0123iski no\u0101rd\u0101ms, bet gu\u013cb\u016bve var kalpot paaudz\u0113m ilgi.<\/p>\n<p>Run\u0101jot par j\u0113dzienu \u00abbiolo\u0123iski no\u0101rd\u0101ms\u00bb, nav nek\u0101das garantijas, ka tas notiks, veicot r\u016bpniecisko kompost\u0113\u0161anu.[\/vc_toggle][\/vc_column][\/vc_row][vc_row][vc_column][vc_toggle title=&#8221;K\u0101da ir at\u0161\u0137ir\u012bba starp biolo\u0123iski no\u0101rd\u0101mu un kompost\u0113jamu materi\u0101lu?&#8221; style=&#8221;rounded_outline&#8221; size=&#8221;lg&#8221;]Identisks process, at\u0161\u0137ir\u012bgs sadal\u012b\u0161an\u0101s \u0101trums. Aizmirstiet terminu \u201cbiolo\u0123iski no\u0101rd\u0101ms\u201d, jo tas mums neko nesaka par laika m\u0113rogu (koks ir biolo\u0123iski no\u0101rd\u0101ms, bet gu\u013cb\u016bve var kalpot paaudz\u0113m ilgi). <em><i>Kompost\u0113jams<\/i><\/em>\u00a0noz\u012bm\u0113, ka materi\u0101ls var sadal\u012bties \u0101tr\u0101k nek\u0101 12 ned\u0113\u013cu laik\u0101, un t\u0101p\u0113c tas ir piem\u0113rots r\u016bpnieciskai kompost\u0113\u0161anai. P\u0101rliecinieties, ka J\u016bsu vienreiz\u0113j\u0101s lieto\u0161anas piederumu pieg\u0101d\u0101t\u0101jam ir kompost\u0113jam\u0101 materi\u0101la sertifik\u0101ts &#8211; t\u0101 ir re\u0101la garantija. Firmai \u00abVegware\u00bb ir vispla\u0161\u0101k\u0101 kompost\u0113jamo materi\u0101lu sertifik\u0101cija.[\/vc_toggle][\/vc_column][\/vc_row][vc_row][vc_column][vc_toggle title=&#8221;Otrreiz p\u0101rstr\u0101d\u0101jams materi\u0101ls&#8221; style=&#8221;rounded_outline&#8221; size=&#8221;lg&#8221;]Visiem pat\u012bk v\u0101rds \u00abp\u0101rstr\u0101d\u0101jams\u00bb, ta\u010du paties\u012bb\u0101 parasto sabiedrisk\u0101s \u0113din\u0101\u0161anas produktu iepakojumu nevar p\u0101rstr\u0101d\u0101t.<\/p>\n<p>Sausu kartonu vai pap\u012bru atsevi\u0161\u0137i var p\u0101rstr\u0101d\u0101t. Ar\u012b plastmasas \u016bdens pudeles vai met\u0101la dz\u0113rienu bund\u017eas var p\u0101rstr\u0101d\u0101t. Bet p\u0101rtikas pieg\u0101d\u0113 izmantotie vienreiz\u0113j\u0101s lieto\u0161anas piederumi ir kartona, plastmasas un p\u0101rtikas mais\u012bjums, t\u0101d\u0113\u013c p\u0101rtikas pies\u0101r\u0146ojums ir neizb\u0113gams. \u0160\u012b kombin\u0101cija rada milz\u012bgas utiliz\u0101cijas probl\u0113mas, t\u0101p\u0113c rezult\u0101t\u0101 parasti tiek veikta atkritumu sadedzin\u0101\u0161ana vai apglab\u0101\u0161ana.<\/p>\n<p>Ar kompost\u0113jamu vienreiz\u0113j\u0101s lieto\u0161anas iepakojumu p\u0101rtika nav pies\u0101r\u0146ojo\u0161s komponents, t\u0101 ir svar\u012bga sast\u0101vda\u013ca kompost\u0113\u0161anas proces\u0101.[\/vc_toggle][\/vc_column][\/vc_row][vc_row][vc_column][vc_toggle title=&#8221;No k\u0101 izgatavots \u00abVegware\u00bb iepakojums?&#8221; style=&#8221;rounded_outline&#8221; size=&#8221;lg&#8221;]\u00abVegware\u00bb ra\u017eo vienreiz\u0113jas lieto\u0161anas p\u0101rtikas iepakojumus no augiem. P\u0113c izmanto\u0161anas tie paredz\u0113ti r\u016bpnieciskai kompost\u0113\u0161anai kop\u0101 ar p\u0101rtikas atkritumiem. \u00abVegware\u00bb aizst\u0101j tradicion\u0101lo plastmasu ar da\u017e\u0101diem augu izcelsmes materi\u0101liem. Piem\u0113ram, PLA ir kompost\u0113jams materi\u0101ls, kas izgatavots no augiem. PLA aizst\u0101j parasto plastmasu kafijas tas\u012b\u0161u iek\u0161\u0113j\u0101s sien\u0101s vai tiek izmantota caursp\u012bd\u012bgaj\u0101m sviestmai\u017eu iepakojumu da\u013c\u0101m. Tas ir caursp\u012bd\u012bgs materi\u0101ls m\u016bsu auksto dz\u0113rienu gl\u0101z\u012bt\u0113m un p\u0101rtikas kast\u012bt\u0113m. M\u016bsu karsto dz\u0113rienu kr\u016b\u017eu v\u0101ki, k\u0101 ar\u012b galda piederumi ir izgatavoti no karstumiztur\u012bgas PLA versijas.[\/vc_toggle][\/vc_column][\/vc_row][vc_row][vc_column][vc_toggle title=&#8221;Vai augu izcelsmes materi\u0101li ir tikpat labi lieto\u0161an\u0101 k\u0101 plastmasa?&#8221; style=&#8221;rounded_outline&#8221; size=&#8221;lg&#8221;]Bez jebk\u0101d\u0101m \u0161aub\u0101m. S\u0101kotn\u0113ji past\u0101v\u0113ja ierobe\u017eojumi, ta\u010du tie vairs nepast\u0101v. B\u0101ri var b\u016bt p\u0101rliecin\u0101ti, ka to vienreiz\u0113j\u0101s lieto\u0161anas iepakojumi un augu izcelsmes trauki tiks lieliski p\u0101rstr\u0101d\u0101ti. Pas\u016bt\u012btajai apdrukai m\u0113s izmantojam tinti tikai uz \u016bdens vai augu izcelsmes b\u0101zes, un drukas kvalit\u0101te ir lieliska.[\/vc_toggle][\/vc_column][\/vc_row][vc_row][vc_column][vc_toggle title=&#8221;Ja es nevaru kompost\u0113t atkritumus, k\u0101d\u0101 tvertn\u0113 tos izmest?&#8221; style=&#8221;rounded_outline&#8221; size=&#8221;lg&#8221;]\u00abVegware\u00bb kompost\u0113jamie vienreiz\u0113j\u0101s lieto\u0161anas p\u0101rtikas pieg\u0101des iepakojumi un trauki ir paredz\u0113ti biodegrad\u0101cijai \u0101tr\u0101k nek\u0101 12 ned\u0113\u013cu laik\u0101, veicot r\u016bpniecisko kompost\u0113\u0161anu, kas nodro\u0161ina ide\u0101lu mikrobu, mitruma un siltuma l\u012bdzsvaru.<\/p>\n<p>Kompost\u0113\u0161anas apst\u0101k\u013ci m\u0101jas apst\u0101k\u013cos at\u0161\u0137iras atkar\u012bb\u0101 no saimnieka prasm\u0113m, t\u0101p\u0113c m\u0113s \u0161ai sakar\u012bb\u0101 neizdar\u0101m nek\u0101dus pazi\u0146ojumus, ta\u010du ir biju\u0161i ar\u012b veiksm\u012bgi izm\u0113\u0123in\u0101jumi, izmantojot karst\u0101s kompost\u0113\u0161anas konteinerus.\u00a0Gad\u012bjumos, kad r\u016bpniecisk\u0101s kompost\u0113\u0161anas iek\u0101rtas nav pieejamas, izmantot\u0101 \u00abVegware\u00bb produkcija ir j\u0101utiliz\u0113 k\u0101 parastie atkritumi. \u00abVegware\u00bb iepakojums tiek izgatavots no augiem, izmantojot materi\u0101lus ar zemu oglek\u013ca saturu, atjaunojamos, p\u0101rstr\u0101d\u0101tos vai atk\u0101rtoti izmantojamos materi\u0101lus, un \u0161ie vides ieguvumi joproj\u0101m tiek saglab\u0101ti neatkar\u012bgi no t\u0101, kas ar to notiek p\u0113c izmanto\u0161anas.<\/p>\n<ul>\n<li>Izmantotos \u00abVegware\u00bb iepakojumus nedr\u012bkst izmest standarta atkritumu tvertn\u0113s, kur\u0101s tiek sav\u0101kts pap\u012brs, plastmasa un met\u0101li, jo \u0161ie materi\u0101li non\u0101k cita veida \u0161\u0137iro\u0161anas iek\u0101rt\u0101. V\u0113l viens iemesls ir tas, ka p\u0101rtikas atkritumi kait\u0113 meh\u0101nisk\u0101s p\u0101rstr\u0101des kvalit\u0101tei &#8211; tas pats attiecas ar\u012b uz jebk\u0101diem izmantotajiem vienreiz\u0113j\u0101s lieto\u0161anas iepakojumiem un sabiedrisk\u0101s \u0113din\u0101\u0161anas traukiem.<\/li>\n<li>Kop\u0113jie atkritumi tiek nos\u016bt\u012bti uz sadedzin\u0101\u0161anu vai izg\u0101ztuvi. Ja \u00abVegware\u00bb iepakojums tiek sadedzin\u0101ts, tiek izstr\u0101d\u0101ta ener\u0123ija. M\u016bsu galven\u0101 materi\u0101lu pieg\u0101d\u0101t\u0101ja sabiedr\u012bbas \u00abNatureWorks\u00bb p\u0113t\u012bjumi par sadedzin\u0101\u0161anu liecina par to, ka vi\u0146u PLA bioplastmasa ra\u017eo vair\u0101k siltuma nek\u0101 av\u012bzes, koksne vai p\u0101rtikas atkritumi, k\u0101 ar\u012b par to, ka t\u0101 nerada gaisto\u0161as \u200b\u200bg\u0101zes un atst\u0101j maz atlieku.Arvien vair\u0101k\u00a0otrreiz\u0113j\u0101s p\u0101rstr\u0101des nozar\u0113 dod priek\u0161roku nevis tradicion\u0101lajai plastmasai, bet materi\u0101liem, kas izgatavoti no augiem, jo \u200b\u200btie maz\u0101k izdala toksiskas g\u0101zes.<\/li>\n<li>P\u0113t\u012bjumi ir par\u0101d\u012bju\u0161i, ka izg\u0101ztuv\u0113s kompost\u0113jamais iepakojums ir inerts un neizdala met\u0101nu.<\/li>\n<li>L\u016bdzam nepiedrazot &#8211; kompost\u0113jamais iepakojums no\u0101rd\u0101s, ja tas vienk\u0101r\u0161i izmests apk\u0101rt\u0113j\u0101 vid\u0113, un nav j\u016bras vides pies\u0101r\u0146ojuma probl\u0113mas risin\u0101jums.<\/li>\n<\/ul>\n<p>[\/vc_toggle][\/vc_column][\/vc_row][vc_row][vc_column][vc_toggle title=&#8221;Vai \u00abVegware\u00bb produkcija ir piem\u0113rota kompost\u0113\u0161anai uz vietas?&#8221; style=&#8221;rounded_outline&#8221; size=&#8221;lg&#8221;]Viet\u0101s, kur atkritumu sav\u0101k\u0161ana nav iesp\u0113jama, da\u017eas kompost\u0113\u0161anas sist\u0113mas var p\u0101rstr\u0101d\u0101t izmantotos \u00abVegware\u00bb izstr\u0101d\u0101jumus kop\u0101 ar p\u0101rtikas atkritumiem uz vietas.[\/vc_toggle][\/vc_column][\/vc_row][vc_row][vc_column][vc_toggle title=&#8221;BAGASA&#8221; style=&#8221;rounded_outline&#8221; size=&#8221;lg&#8221;]Bagasa ir sausas \u0161\u0137iedrainas atliekas p\u0113c cukurniedru pres\u0113\u0161anas sulas ieguvei. \u0160\u012b \u0161\u0137iedra tiek sapres\u0113ta veidn\u0113s pie augstas temperat\u016bras un spiediena.<\/p>\n<p>\u00abVegware\u00bb izmanto bagasu, izgatavojot kastes \u0113diena l\u012bdz\u0146em\u0161anai, \u0161\u0137\u012bvjus un b\u013codi\u0146as.<\/p>\n<p><strong><b>LIELISKS RISIN\u0100JUMS J\u016aSU \u0112DIENAM<\/b><\/strong><\/p>\n<p>\u00abVegware\u00bb no bagasas izgatavot\u0101s produkcijas sortiments ietver visda\u017e\u0101d\u0101k\u0101s formas un izm\u0113ru ekonomiskus un iztur\u012bgus traukus un kastes \u0113diena l\u012bdz\u0146em\u0161anai.<\/p>\n<ul>\n<li>Dab\u012bgais materi\u0101ls neuzkr\u0101j kondens\u0101tu, bet \u0113diens saglab\u0101 svaigumu un krauk\u0161\u0137\u012bgumu.<\/li>\n<li>Pl\u0101n\u0101ks par polistirolu, t\u0101d\u0113\u013c efekt\u012bv\u0101k iekl\u0101jams.<\/li>\n<\/ul>\n<p><strong><b>VIDEI DRAUDZ\u012aGA<\/b><\/strong><\/p>\n<p>Bagasa \u2014 lieliska ekolo\u0123isk\u0101 alternat\u012bva polistirolam!<\/p>\n<ul>\n<li>Izgatavota no 100% atk\u0101rtoti izmantojamiem materi\u0101liem.<\/li>\n<li>Kompost\u0113jama r\u016bpnieciskos apst\u0101k\u013cos kop\u0101 ar p\u0101rtikas atkritumiem.<\/li>\n<li>Cukurniedres ir atjaunojami resursi.<\/li>\n<li>Bagasai ir ekolo\u0123iski avoti, savuk\u0101rt \u00abVegware\u00bb izmanto to blakusproduktu, kas pret\u0113j\u0101 gad\u012bjum\u0101 tiktu izmests.<\/li>\n<\/ul>\n<p>[\/vc_toggle][\/vc_column][\/vc_row][vc_row][vc_column][vc_toggle title=&#8221;Viss par PLA&#8221; style=&#8221;rounded_outline&#8221; size=&#8221;lg&#8221;]PLA apz\u012bm\u0113 polipiensk\u0101bi. T\u0101 ir augu izcelsmes kompost\u0113jama bioplastmasa. \u00abVegware\u00bb izmanto PLA caursp\u012bd\u012bg\u0101m auksto dz\u0113rienu gl\u0101z\u0113m un kulin\u0101rijas izstr\u0101d\u0101jumiem paredz\u0113t\u0101m kast\u0113m, k\u0101 ar\u012b caursp\u012bd\u012bgiem lodzi\u0146iem un gl\u0101z\u012b\u0161u apstr\u0101dei. T\u0101 ir praktiska un ekolo\u0123iska, bet J\u016bsu \u0113dieni un dz\u0113rieni izskat\u0101s lieliski.<\/p>\n<p>PLA\u00a0PRIEK\u0160ROC\u012aBAS<\/p>\n<ul>\n<li>Izgatavota no atjaunojamiem augu izcelsmes materi\u0101liem.<\/li>\n<li>Viegla, iztur\u012bga, caursp\u012bd\u012bga un nekait\u012bga p\u0101rtikai.<\/li>\n<li>Maz\u0101kas og\u013csk\u0101b\u0101s g\u0101zes emisijas ra\u017eo\u0161an\u0101 sal\u012bdzin\u0101jum\u0101 ar plastmasu uz naftas b\u0101zes.<\/li>\n<\/ul>\n<p>T\u0101pat k\u0101 visi \u00abVegware\u00bb produkti, ar\u012b PLA tiek r\u016bpnieciski kompost\u0113ta tur, kur ir pieejamas t\u0101das jaudas. Aprun\u0101jieties ar m\u016bsu vides aizsardz\u012bbas grupu par to, k\u0101 vislab\u0101k utiliz\u0113t izmantotos \u00abVegware\u00bb iepakojumus un taru, k\u0101 ar\u012b p\u0101rtikas atkritumus.<\/p>\n<p>GL\u0100ZES AUKSTAJIEM DZ\u0112RIENIEM<\/p>\n<p>K\u0100RBAS KULIN\u0100RIJAS IZSTR\u0100D\u0100JUMIEM<\/p>\n<p>KARSTAJIEM DZ\u0112RIENIEM PAREDZ\u0112TO KR\u016a\u017dU P\u0100RKL\u0100JUMS[\/vc_toggle][\/vc_column][\/vc_row][vc_row][vc_column][vc_toggle title=&#8221;CPLA kristaliz\u0113t\u0101 PLA izmanto\u0161anai augst\u0101k\u0101 temperat\u016br\u0101.&#8221; style=&#8221;rounded_outline&#8221; size=&#8221;lg&#8221;]PLA ku\u0161anas temperat\u016bra ir zema, t\u0101p\u0113c t\u0101 ir vislab\u0101k piem\u0113rota lieto\u0161anai zem\u0101 temperat\u016br\u0101 l\u012bdz 40 \u00b0C (105 \u00b0F). Tur, kur nepiecie\u0161ama liel\u0101ka siltumiztur\u012bba, piem\u0113ram, galda piederumiem vai v\u0101kiem kafijai vai zupai m\u0113s izmantojam kristaliz\u0113tu formu. Tas paredz kr\u012bta pievieno\u0161anu PLA, kas darbojas k\u0101 katalizators, bet p\u0113c tam PLA sve\u0137u \u0101tru uzsild\u012b\u0161anu un atdzes\u0113\u0161anu ra\u017eo\u0161anas proces\u0101. Rezult\u0101t\u0101 tiek ieg\u016bts produkts, kas ir karstumiztur\u012bgs l\u012bdz 90 \u00b0C (194 \u00b0F). Ar\u012b \u00abVegware\u00bb no CPLA izgatavotie produkti ir kompost\u0113jami.[\/vc_toggle][\/vc_column][\/vc_row][vc_row][vc_column][vc_toggle title=&#8221;K\u0101d\u0101 tvertn\u0113 izmest PLA saturo\u0161u iepakojumu?&#8221; style=&#8221;rounded_outline&#8221; size=&#8221;lg&#8221;]\u00abVegware\u00bb kompost\u0113jamie vienreiz\u0113j\u0101s lieto\u0161anas p\u0101rtikas pieg\u0101des iepakojumi un trauki ir paredz\u0113ti biodegrad\u0101cijai \u0101tr\u0101k nek\u0101 12 ned\u0113\u013cu laik\u0101, veicot r\u016bpniecisko kompost\u0113\u0161anu, kas nodro\u0161ina ide\u0101lu mikrobu, mitruma un siltuma l\u012bdzsvaru.<\/p>\n<p>Kompost\u0113\u0161anas apst\u0101k\u013ci m\u0101jas apst\u0101k\u013cos at\u0161\u0137iras atkar\u012bb\u0101 no saimnieka prasm\u0113m, t\u0101d\u0113\u013c m\u0113s par to neizdar\u0101m nek\u0101dus pazi\u0146ojumus, ta\u010du ir biju\u0161i veiksm\u012bgi izm\u0113\u0123in\u0101jumi, izmantojot karst\u0101s kompost\u0113\u0161anas kastes. Gad\u012bjumos, kad r\u016bpniecisk\u0101s kompost\u0113\u0161anas iek\u0101rtas nav pieejamas, izmantot\u0101 \u00abVegware\u00bb produkcija ir j\u0101utiliz\u0113 k\u0101 parastie atkritumi. \u00abVegware\u00bb iepakojums tiek izgatavots no augiem, izmantojot materi\u0101lus ar zemu oglek\u013ca saturu, atjaunojamos, p\u0101rstr\u0101d\u0101tos vai atk\u0101rtoti izmantojamos materi\u0101lus, un \u0161ie vides ieguvumi joproj\u0101m tiek saglab\u0101ti neatkar\u012bgi no t\u0101, kas ar to notiek p\u0113c izmanto\u0161anas.<\/p>\n<ul>\n<li>Izmantotos \u00abVegware\u00bb iepakojumus nedr\u012bkst izmest standarta atkritumu tvertn\u0113s, kur\u0101s tiek sav\u0101kts pap\u012brs, plastmasa un met\u0101li, jo \u0161ie materi\u0101li non\u0101k cita veida \u0161\u0137iro\u0161anas iek\u0101rt\u0101. V\u0113l viens iemesls ir tas, ka p\u0101rtikas atkritumi kait\u0113 meh\u0101nisk\u0101s apstr\u0101des kvalit\u0101tei &#8211; tas pats attiecas ar\u012b uz jebk\u0101diem izmantotajiem vienreiz\u0113j\u0101s lieto\u0161anas iepakojumiem un sabiedrisk\u0101s \u0113din\u0101\u0161anas traukiem.<\/li>\n<li>Kop\u0113jie atkritumi tiek nos\u016bt\u012bti uz sadedzin\u0101\u0161anu vai izg\u0101ztuvi. Ja \u00abVegware\u00bb iepakojums tiek sadedzin\u0101ts, tiek izstr\u0101d\u0101ta ener\u0123ija. M\u016bsu galven\u0101 materi\u0101lu pieg\u0101d\u0101t\u0101ja sabiedr\u012bbas \u00abNatureWorks\u00bb p\u0113t\u012bjumi par sadedzin\u0101\u0161anu liecina par to, ka vi\u0146u PLA bioplastmasa ra\u017eo vair\u0101k siltuma nek\u0101 av\u012bzes, koksne vai p\u0101rtikas atkritumi, k\u0101 ar\u012b par to, ka t\u0101 nerada gaisto\u0161as \u200b\u200bg\u0101zes un atst\u0101j maz atlieku. Da\u017ei otrreiz\u0113j\u0101s p\u0101rstr\u0101des nozar\u0113 dod priek\u0161roku nevis tradicion\u0101lajai plastmasai, bet materi\u0101liem, kas izgatavoti no augiem, jo \u200b\u200btie maz\u0101k izdala toksiskas g\u0101zes.<\/li>\n<li>P\u0113t\u012bjumi ir par\u0101d\u012bju\u0161i, ka izg\u0101ztuv\u0113s kompost\u0113jamais iepakojums ir inerts un neizdala met\u0101nu.<\/li>\n<li>L\u016bdzam nepiedrazot &#8211; kompost\u0113jamais iepakojums no\u0101rd\u0101s, ja tas vienk\u0101r\u0161i izmests apk\u0101rt\u0113j\u0101 vid\u0113, un nav j\u016bras vides pies\u0101r\u0146ojuma probl\u0113mas risin\u0101jums.<\/li>\n<\/ul>\n<p>[\/vc_toggle][\/vc_column][\/vc_row][vc_row][vc_column][vc_toggle title=&#8221;Vai PLA ietekm\u0113 plastmasas p\u0101rst\u0101di?&#8221; style=&#8221;rounded_outline&#8221; size=&#8221;lg&#8221;]Sal\u012bdzin\u0101jum\u0101 ar parasto plastmasu, bioplastmasa \u0161obr\u012bd ie\u0146em niec\u012bgu da\u013cu iepakojuma tirg\u016b un t\u0101d\u0113\u013c m\u016bsdien\u0101s PLA \u0161\u0137iro\u0161ana no citiem atkritumu veidiem nav ekonomiski izdev\u012bga. Ja bioplastmasas ra\u017eo\u0161anas apjomi iev\u0113rojami palielin\u0101sies, tad \u0161\u0137iro\u0161anas iek\u0101rtas b\u016bs iesp\u0113jams kalibr\u0113t, lai t\u0101s atpaz\u012btu un sa\u0161\u0137irotu bioplastmasu, izmantojot tuvo infrasarkano starojumu.<\/p>\n<p>Papildus kompost\u0113\u0161anai PLA ir piem\u0113rota meh\u0101niskai p\u0101rstr\u0101dei jaun\u0101 PLA, k\u0101 to praktiz\u0113 Be\u013c\u0123ijas uz\u0146\u0113mums \u00abLooplife Polymers\u00bb.<\/p>\n<p>P\u0113t\u012bjumi ir par\u0101d\u012bju\u0161i, ka zems bioplastmasas l\u012bmenis nekait\u0113 plastmasas p\u0101rstr\u0101dei. V\u0101cu un it\u0101\u013cu p\u0113tnieki visp\u0101r nekonstat\u0113ja kvalit\u0101tes samazin\u0101\u0161anos \u0161\u0101dos satura l\u012bme\u0146os:<\/p>\n<p>L\u012bdz 3% PLA p\u0101rstr\u0101d\u0101ta polipropil\u0113na (PP) atkritumos p\u0113c lieto\u0161anas (1)<\/p>\n<p>L\u012bdz 10% PLA polistirol\u0101 (PS) p\u0113c atk\u0101rtotas granul\u0113\u0161anas (1)<\/p>\n<p>L\u012bdz 1-2% PLA p\u0101rstr\u0101d\u0101t\u0101 \u012bs\u0101 poliestera \u0161\u0137iedr\u0101, kas izgatavota no polietil\u0113ntereftal\u0101ta (PET) (2)<\/p>\n<p>L\u012bdz 10% MaterBi, p\u0101rstr\u0101d\u0101jot polietil\u0113na (PE) iepirkumu maisi\u0146us (2)<\/p>\n<p>\u0160\u012b inform\u0101cija ir \u0146emta no (1) zi\u0146ojuma par PLA k\u0101 atkritumu veidu, ko ierosin\u0101jusi V\u0101cijas P\u0101rtikas un lauksaimniec\u012bbas ministrija, un (2) It\u0101lijas Nacion\u0101l\u0101 iepakojuma konsorcija (CONAI) dokumenta: Darba grupas zi\u0146ojums par biolo\u0123iski no\u0101rd\u0101m\u0101 iepakojuma atjauno\u0161anu, 2012.<\/p>\n<p>M\u0113s nevienu neaicin\u0101m ieviest PLA plastmasas p\u0101rstr\u0101d\u0113, ta\u010du \u0161ie p\u0113t\u012bjumi ir cer\u012bgi plastmasas p\u0101rstr\u0101d\u0101t\u0101jiem, kuri saprotamu iemeslu d\u0113\u013c tiecas nodro\u0161in\u0101t kvalit\u0101ti.[\/vc_toggle][\/vc_column][\/vc_row]<\/p>\n<\/div>","protected":false},"excerpt":{"rendered":"<p>[vc_row color=&#8221;custom&#8221; align=&#8221;center&#8221; el_width=&#8221;100&#8243; el_border_width=&#8221;10&#8243; custom_color=&#8221;#c9c9c9&#8243;][vc_column][vc_custom_heading text=&#8221;KOMPOST\u0112\u0160ANA, VISBIE\u017d\u0100K UZDOTIE JAUT\u0100JUMI&#8221; font_container=&#8221;tag:h3|font_size:25|text_align:center|color:rgba(12%2C12%2C12%2C0.8)&#8221; use_theme_fonts=&#8221;yes&#8221;][vc_zigzag color=&#8221;custom&#8221; el_border_width=&#8221;10&#8243; custom_color=&#8221;#9fc464&#8243;][vc_empty_space height=&#8221;20px&#8221; woodmart_hide_large=&#8221;0&#8243; woodmart_hide_medium=&#8221;0&#8243; woodmart_hide_small=&#8221;0&#8243; woodmart_hide_extra_small=&#8221;0&#8243;][\/vc_column][\/vc_row][vc_row<\/p>\n","protected":false},"author":1,"featured_media":0,"parent":0,"menu_order":0,"comment_status":"closed","ping_status":"closed","template":"","meta":{"footnotes":""},"class_list":["post-11542","page","type-page","status-publish","hentry"],"aioseo_notices":[],"_links":{"self":[{"href":"https:\/\/mixpack.ee\/lv\/wp-json\/wp\/v2\/pages\/11542","targetHints":{"allow":["GET"]}}],"collection":[{"href":"https:\/\/mixpack.ee\/lv\/wp-json\/wp\/v2\/pages"}],"about":[{"href":"https:\/\/mixpack.ee\/lv\/wp-json\/wp\/v2\/types\/page"}],"author":[{"embeddable":true,"href":"https:\/\/mixpack.ee\/lv\/wp-json\/wp\/v2\/users\/1"}],"replies":[{"embeddable":true,"href":"https:\/\/mixpack.ee\/lv\/wp-json\/wp\/v2\/comments?post=11542"}],"version-history":[{"count":0,"href":"https:\/\/mixpack.ee\/lv\/wp-json\/wp\/v2\/pages\/11542\/revisions"}],"wp:attachment":[{"href":"https:\/\/mixpack.ee\/lv\/wp-json\/wp\/v2\/media?parent=11542"}],"curies":[{"name":"wp","href":"https:\/\/api.w.org\/{rel}","templated":true}]}}