{"id":2766995,"date":"2024-05-31T11:26:19","date_gmt":"2024-05-31T11:26:19","guid":{"rendered":""},"modified":"2024-05-31T11:26:19","modified_gmt":"2024-05-31T11:26:19","slug":"20-32-x-12-7-cm-burgerikarp-mikro-lainepapist-pakis-250-tk","status":"publish","type":"product","link":"https:\/\/mixpack.ee\/lt\/product\/20-32-x-12-7-cm-burgerikarp-mikro-lainepapist-pakis-250-tk\/","title":{"rendered":"8x5in gofr\u0113ta atverama karsta \u0113diena k\u0101rba, 20,32 x 12,7 cm burgerikarp mikro lainepapist pcs per pack"},"content":{"rendered":"<p><TABLE> <TR class='ss_at' ss_attr='T\u00fckkide arv pakendis' ><br \/>\n<TD class='ss_at_name'>Pieces in a pack<\/TD><br \/>\n<TD class='ss_at_val'>250<\/TD><br \/>\n<\/TR><br \/>\n<TR class='ss_at' ss_attr='EAN' ><br \/>\n<TD class='ss_at_name'>EAN<\/TD><br \/>\n<TD class='ss_at_val'>0<\/TD><br \/>\n<\/TR><br \/>\n<TR class='ss_at' ss_attr='Pakke\u00fcksuste arv kastis' ><br \/>\n<TD class='ss_at_name'>Packs in a box<\/TD><br \/>\n<TD class='ss_at_val'>1<\/TD><br \/>\n<\/TR><br \/>\n<TR class='ss_at' ss_attr='T\u00fckkide arv kastis' ><br \/>\n<TD class='ss_at_name'>Pieces in a box<\/TD><br \/>\n<TD class='ss_at_val'>250<\/TD><br \/>\n<\/TR><br \/>\n<TR class='ss_at' ss_attr='Karpi pikkus (m)' ><br \/>\n<TD class='ss_at_name'>Box length (m)<\/TD><br \/>\n<TD class='ss_at_val'>0,60<\/TD><br \/>\n<\/TR><br \/>\n<TR class='ss_at' ss_attr='Kasti k\u00f5rgus (m)' ><br \/>\n<TD class='ss_at_name'>Box Heigh (m)<\/TD><br \/>\n<TD class='ss_at_val'>0,50<\/TD><br \/>\n<\/TR><br \/>\n<TR class='ss_at' ss_attr='Kasti s\u00fcgavus (m)' ><br \/>\n<TD class='ss_at_name'>Depth of box (m)<\/TD><br \/>\n<TD class='ss_at_val'>0,36<\/TD><br \/>\n<\/TR><br \/>\n<TR class='ss_at' ss_attr='Kasti maht (m)' ><br \/>\n<TD class='ss_at_name'>Volume of the box (m)<\/TD><br \/>\n<TD class='ss_at_val'>0,108<\/TD><br \/>\n<\/TR><br \/>\n<TR class='ss_at' ss_attr='V\u00e4line pakkimiskaal (kg)' ><br \/>\n<TD class='ss_at_name'>External packing weight (kg)<\/TD><br \/>\n<TD class='ss_at_val'>0,85<\/TD><br \/>\n<\/TR><br \/>\n<TR class='ss_at' ss_attr='Pakkendi kaal (kg)' ><br \/>\n<TD class='ss_at_name'>Tare weight (kg)<\/TD><br \/>\n<TD class='ss_at_val'>10,36<\/TD><br \/>\n<\/TR><br \/>\n<\/TABLE><SCRIPT>ss_serdce=0;ss_treug=0;ss_elka=0;ss_petla=0;ss_carbon=0;ss_piece_count=250 ;ss_korobka_count=1 ;<\/SCRIPT><\/p>","protected":false},"excerpt":{"rendered":"<p><DIV class='hide'>0 MFB-8X5<\/DIV><\/p>\n","protected":false},"featured_media":2766996,"template":"","meta":[],"product_brand":[],"product_cat":[7171,7006,7106,6975,6976,7163,6531,6532,6538,6539,6536,6541],"product_tag":[],"class_list":{"0":"post-2766995","1":"product","2":"type-product","3":"status-publish","4":"has-post-thumbnail","6":"product_cat-burger-boksid1","7":"product_cat-burgerikarbid","8":"product_cat-kiirtoidu-pakendid1","9":"product_cat-kiirtoidunoud1","10":"product_cat-toidukarbid1","11":"product_cat-uhekordsed-toidukarbid-ja-kaaned","12":"product_cat-populaarsed-valikud","13":"product_cat-aasia-kook","14":"product_cat-euroopa-kook","15":"product_cat-kaukaasia-kook","16":"product_cat-tanavatoit","17":"product_cat-kraft-karbid","18":"product_shipping_class-mix","20":"first","21":"instock","22":"taxable","23":"shipping-taxable","24":"purchasable","25":"product-type-simple"},"aioseo_notices":[],"_links":{"self":[{"href":"https:\/\/mixpack.ee\/lt\/wp-json\/wp\/v2\/product\/2766995","targetHints":{"allow":["GET"]}}],"collection":[{"href":"https:\/\/mixpack.ee\/lt\/wp-json\/wp\/v2\/product"}],"about":[{"href":"https:\/\/mixpack.ee\/lt\/wp-json\/wp\/v2\/types\/product"}],"wp:featuredmedia":[{"embeddable":true,"href":"https:\/\/mixpack.ee\/lt\/wp-json\/wp\/v2\/media\/2766996"}],"wp:attachment":[{"href":"https:\/\/mixpack.ee\/lt\/wp-json\/wp\/v2\/media?parent=2766995"}],"wp:term":[{"taxonomy":"product_brand","embeddable":true,"href":"https:\/\/mixpack.ee\/lt\/wp-json\/wp\/v2\/product_brand?post=2766995"},{"taxonomy":"product_cat","embeddable":true,"href":"https:\/\/mixpack.ee\/lt\/wp-json\/wp\/v2\/product_cat?post=2766995"},{"taxonomy":"product_tag","embeddable":true,"href":"https:\/\/mixpack.ee\/lt\/wp-json\/wp\/v2\/product_tag?post=2766995"}],"curies":[{"name":"wp","href":"https:\/\/api.w.org\/{rel}","templated":true}]}}