{"id":5561,"date":"2018-11-13T10:21:17","date_gmt":"2018-11-13T10:21:17","guid":{"rendered":"https:\/\/mixpack.ee\/ru\/?page_id=5561"},"modified":"2022-05-02T10:10:49","modified_gmt":"2022-05-02T08:10:49","slug":"kus-osta","status":"publish","type":"page","link":"https:\/\/mixpack.ee\/lt\/kus-osta\/","title":{"rendered":"Kur nusipirkti?"},"content":{"rendered":"<p class=\"qtranxs-available-languages-message qtranxs-available-languages-message-lt\">Atsipra\u0161ome, \u0161is puslapis galimas tik <a href=\"https:\/\/mixpack.ee\/et\/wp-json\/wp\/v2\/pages\/5561\" class=\"qtranxs-available-language-link qtranxs-available-language-link-et\" title=\"Eesti\">Eesti<\/a>, <a href=\"https:\/\/mixpack.ee\/ru\/wp-json\/wp\/v2\/pages\/5561\" class=\"qtranxs-available-language-link qtranxs-available-language-link-ru\" title=\"\u0420\u0443\u0441\u0441\u043a\u0438\u0439\">\u0420\u0443\u0441\u0441\u043a\u0438\u0439<\/a>, <a href=\"https:\/\/mixpack.ee\/en\/wp-json\/wp\/v2\/pages\/5561\" class=\"qtranxs-available-language-link qtranxs-available-language-link-en\" title=\"English\">English<\/a>, <a href=\"https:\/\/mixpack.ee\/lv\/wp-json\/wp\/v2\/pages\/5561\" class=\"qtranxs-available-language-link qtranxs-available-language-link-lv\" title=\"Latvia\">Latvia<\/a> ir <a href=\"https:\/\/mixpack.ee\/fi\/wp-json\/wp\/v2\/pages\/5561\" class=\"qtranxs-available-language-link qtranxs-available-language-link-fi\" title=\"Suomi\">Suomi<\/a>.<\/p><div class=\"wpb-content-wrapper\"><p>[vc_row full_width=&#8221;stretch_row&#8221; css=&#8221;.vc_custom_1544694437215{background-image: url(https:\/\/mixpack.ee\/wp-content\/uploads\/2018\/12\/Background_banner_Mixpack_007.jpg?id=5773) !important;background-position: center !important;background-repeat: no-repeat !important;background-size: cover !important;}&#8221;][vc_column width=&#8221;1\/2&#8243;]\n\t\t<div id=\"wd-69ef59ff7ae7d\" class=\"title-wrapper wd-wpb set-mb-s reset-last-child  wd-title-color-default wd-title-style-default text-left  wd-underline-colored\">\n\t\t\t\n\t\t\t<div class=\"liner-continer\">\n\t\t\t\t<h3 class=\"woodmart-title-container title  wd-font-weight- wd-fontsize-m\" >Soovite soetada biolagunevat toodangut teie Eestis, L\u00e4tis v\u00f5i Leedus asuvale ettev\u00f5ttele? Valisite v\u00e4lja k\u00f5ik vajaliku, kuid ei m\u00f5ista, kuidas teha tellimust?<\/h3>\n\t\t\t\t\t\t\t<\/div>\n\t\t\t\n\t\t\t\n\t\t\t\n\t\t<\/div>\n\t\t\n\t\t[vc_zigzag color=&#8221;custom&#8221; el_border_width=&#8221;10&#8243; custom_color=&#8221;#d6d6d6&#8243;][vc_empty_space height=&#8221;16px&#8221;][vc_column_text]<\/p>\n<p style=\"text-align: justify;\"><span style=\"font-size: 16pt;\"><b>Vegware tooteid on v\u00f5imalik hankida:<\/b><\/span><\/p>\n<ul style=\"text-align: justify;\">\n<li><span style=\"font-weight: 400;\">L\u00e4bi hulgiv\u00f5rgustiku Promo Cash and Carry, mille kauplused leiab nii Tallinnast, Vilniusest, Klaipedast, Kunasest, Utenast, Panece\u017eisest ja \u0160iauliaist. T\u00e4psem info <\/span><span style=\"font-weight: 400;\"><a href=\"https:\/\/www.cashcarry.ee\/\">siit<\/a>.<\/span><\/li>\n<li><span style=\"font-weight: 400;\">Mixpack ametlikust laost Tallinnas.<\/span><\/li>\n<\/ul>\n<p style=\"text-align: justify;\">Siit leiate ka mugavalt k\u00f5igi kaupluste lahtioleku ajad ja telefoninumbrid. V\u00f5tke \u00fchendust Mixpack\u2019iga, kui soovite osta kauba meie laost v\u00f5i Promo Cash and Carry\u2019ga, kui plaanite ostu sooritada nende esindusest.<\/p>\n<p>[\/vc_column_text][vc_zigzag color=&#8221;custom&#8221; el_border_width=&#8221;10&#8243; custom_color=&#8221;#d6d6d6&#8243;][\/vc_column][vc_column width=&#8221;1\/2&#8243;][\/vc_column][\/vc_row][vc_row][vc_column width=&#8221;1\/4&#8243;][vc_column_text text_larger=&#8221;no&#8221; woodmart_inline=&#8221;no&#8221;]<\/p>\n<h3>Tallinn<\/h3>\n<p><strong>Peakontor ja ladu<br \/>\nPriisle tee 18, 13914 Tallinn<\/strong><br \/>\nTel: +372 560 57537<br \/>\ninfo@mixpack.ee<br \/>\nI-V 8.30-17.00<\/p>\n<p><strong>PROMO Cash&amp;Carry<br \/>\nPeterburi tee 61,\u00a011415 Tallinn<\/strong><br \/>\nTel. +372 6743 500<br \/>\nDarbo laikas:<br \/>\nI-V 7.00-20.00<br \/>\nVI-VII 8.00-17.00<\/p>\n<h3><\/h3>\n<h3>Vilnius<\/h3>\n<p><strong>PROMO Cash&amp;Carry<br \/>\nUkmerg\u0117s g. 250, LT-06120, Vilnius<\/strong><br \/>\nTel. +370 5 2639130<br \/>\nDarbo laikas:<br \/>\nI-VI 6.00\u201321.00<br \/>\nVII 8.00\u201317.00<\/p>\n<p><strong>PROMO Cash&amp;Carry<br \/>\nKirtim\u0173 g. 49-102, LT-02244, Vilnius<\/strong><br \/>\nTel. +370 5 2602325<br \/>\nDarbo laikas:<br \/>\nI-V 6.00\u201316.00<br \/>\nVI 6.00\u201314.00<br \/>\nVII nedirbame<\/p>\n<h3>Kaunas<\/h3>\n<p><strong>PROMO Cash&amp;Carry<br \/>\nSavanori\u0173 pr. 404A, LT-50300, Kaunas<\/strong><br \/>\nTel. +370 37 373280<br \/>\nDarbo laikas:<br \/>\nI-VI 6.00\u201320.00<br \/>\nVII 8.00\u201317.00<\/p>\n<div>\n<p><strong>PROMO Cash&amp;Carry<br \/>\nPramon\u0117s pr. 16, LT-51185, Kaunas<\/strong><br \/>\n(\u201eUrmas\u201c, Rytin\u0117 galerija, 15 sal\u0117),<br \/>\nTel. +370 37 352009<br \/>\nDarbo laikas:<br \/>\nI-V 7.00\u201317.00<br \/>\nVI 7.00\u201316.00<br \/>\nVII 8.00\u201315.00<\/p>\n<p><strong>PROMO Cash&amp;Carry<br \/>\nRaudondvario pl. 131, LT-47501, Kaunas<\/strong><br \/>\nTel. +370 37 401545<br \/>\nDarbo laikas:<br \/>\nI-VI 7.00\u201320.00<br \/>\nVII 8.00\u201318.00<\/p>\n<\/div>\n<div>\n<p>&nbsp;<\/p>\n<\/div>\n<p>[\/vc_column_text][\/vc_column][vc_column width=&#8221;1\/4&#8243;][vc_column_text text_larger=&#8221;no&#8221;]<\/p>\n<div>\n<h3 class=\"LC20lb\">Riga<\/h3>\n<p><strong>Kontor<\/strong><br \/>\nT\u012bn\u016b\u017eu iela 1A, R\u012bga, LV-1021, Latvia<br \/>\nTel.+371 2530 7215<br \/>\nI-V 8.30-17.00<\/p>\n<h3 class=\"LC20lb\">Klaip\u0117da<\/h3>\n<p><strong>PROMO Cash&amp;Carry<br \/>\nPalangos pl. 16, Sudmantai, LT-92449, Klaip\u0117dos reg.<\/strong><br \/>\nTel. +370 46 393313<br \/>\nDarbo laikas:<br \/>\nI-VI 7.00\u201320.00<br \/>\nVII 8.00\u201317.00<\/p>\n<h3>Panev\u0117\u017eys<\/h3>\n<p><strong>PROMO Cash&amp;Carry<br \/>\nKlaip\u0117dos g. 153B, LT-37386, Panev\u0117\u017eys<\/strong><br \/>\nTel. +370 45 586696<br \/>\nDarbo laikas:<br \/>\nI-V 7.00\u201320.00<br \/>\nVI 7.00\u201319.00<br \/>\nVII 8.00\u201317.00<\/p>\n<h3>\u0160iauliai<\/h3>\n<p><strong>PROMO Cash&amp;Carry<br \/>\nKaraliau\u010diaus g. 41, LT-78374, \u0160iauliai<\/strong><br \/>\nTel. +370 41 540663<br \/>\nDarbo laikas:<br \/>\nI-VI 7.00-20.00<br \/>\nVII 8.00-17.00<\/p>\n<h3>Alytus<\/h3>\n<p><strong>PROMO Cash&amp;Carry<br \/>\nPabali\u0173 g. 2, LT-62452, Alytus<\/strong><br \/>\nTel. +370 315 77068<br \/>\nDarbo laikas:<br \/>\nI-VI 7.00-20.00<br \/>\nVII 8.00-17.00<\/p>\n<\/div>\n<h3><\/h3>\n<h3>Utena<\/h3>\n<div>\n<p><strong>PROMO Cash&amp;Carry<br \/>\nPramon\u0117s g. 5A, LT-28216, Utena<\/strong><br \/>\nTel. +370 389 69660<br \/>\nDarbo laikas:<br \/>\nI-V 7.00\u201317.00<br \/>\nVI 7.00\u201314.00<br \/>\nVII nedirbame<\/p>\n<\/div>\n<p>[\/vc_column_text][\/vc_column][vc_column width=&#8221;1\/2&#8243;][vc_column_text css=&#8221;.vc_custom_1542652002529{border-top-width: 4px !important;border-right-width: 4px !important;border-bottom-width: 4px !important;border-left-width: 4px !important;border-left-color: #83b735 !important;border-left-style: solid !important;border-right-color: #83b735 !important;border-right-style: solid !important;border-top-color: #83b735 !important;border-top-style: solid !important;border-bottom-color: #83b735 !important;border-bottom-style: solid !important;}&#8221;]<style type=\"text\/css\" id=\"umsMapStyles_1_22238\">\r\n    #ultimate_maps_1_22238 {\r\n        width: 100%;\r\n        height: 1000px;\r\n                border: 0px solid ;\r\n        margin: 0px;\r\n    }\r\n    #mapsControlsNum_1_22238 {\r\n        width:100%    }\r\n    .umsMapDetailsContainer#umsMapDetailsContainer_1_22238 {\r\n        height:1000px;\r\n    }\r\n    .ums_MapPreview#ultimate_maps_1_22238 {\r\n        \/*position:absolute;*\/\r\n        width:100%;\r\n    }\r\n    #mapConElem_1_22238{\r\n        width:100%    }\r\n    <\/style><div class=\"ums_map_opts\" id=\"mapConElem_1_22238\" data-id=\"1\" data-view-id=\"1_22238\" > <div class=\"umsMapDetailsContainer\" id=\"umsMapDetailsContainer_1_22238\"> <i class=\"umsKMLLayersPreloader fa fa-spinner fa-spin\" aria-hidden=\"true\" style=\"display: none;\"><\/i> <div class=\"ums_MapPreview \" id=\"ultimate_maps_1_22238\"><\/div> <\/div> <div class=\"umsMapMarkerFilters\" id=\"umsMapMarkerFilters_1_22238\"> <\/div> <div class=\"umsMapProControlsCon\" id=\"umsMapProControlsCon_1_22238\"> <a title=\"WordPress Google Maps Plugin\" style=\"display:none;\" href=\"https:\/\/supsystic.com\/plugins\/google-maps-plugin\/?utm_medium=love_link_hide\" target=\"_blank\">WordPress Google Maps Plugin<\/a><div style=\"clear: both;\"><\/div> <\/div> <div class=\"umsMapProDirectionsCon\" id=\"umsMapProDirectionsCon_1_22238\" > <\/div> <div class=\"umsMapProKmlFilterCon\" id=\"umsMapProKmlFilterCon_1_22238\" > <\/div> <div class=\"umsSocialSharingShell umsSocialSharingShell_1_22238\"> <\/div> <div style=\"clear: both;\"><\/div> <\/div>[\/vc_column_text][\/vc_column][\/vc_row]<\/p>\n<\/div>","protected":false},"excerpt":{"rendered":"<p>Atsipra\u0161ome, \u0161is puslapis galimas tik Eesti, \u0420\u0443\u0441\u0441\u043a\u0438\u0439, English, Latvia ir Suomi.[vc_row full_width=&#8221;stretch_row&#8221; css=&#8221;.vc_custom_1544694437215{background-image: url(https:\/\/mixpack.ee\/wp-content\/uploads\/2018\/12\/Background_banner_Mixpack_007.jpg?id=5773) !important;background-position: center !important;background-repeat: no-repeat !important;background-size: cover<\/p>\n","protected":false},"author":1,"featured_media":0,"parent":0,"menu_order":0,"comment_status":"closed","ping_status":"closed","template":"","meta":{"footnotes":""},"class_list":["post-5561","page","type-page","status-publish","hentry"],"aioseo_notices":[],"_links":{"self":[{"href":"https:\/\/mixpack.ee\/lt\/wp-json\/wp\/v2\/pages\/5561","targetHints":{"allow":["GET"]}}],"collection":[{"href":"https:\/\/mixpack.ee\/lt\/wp-json\/wp\/v2\/pages"}],"about":[{"href":"https:\/\/mixpack.ee\/lt\/wp-json\/wp\/v2\/types\/page"}],"author":[{"embeddable":true,"href":"https:\/\/mixpack.ee\/lt\/wp-json\/wp\/v2\/users\/1"}],"replies":[{"embeddable":true,"href":"https:\/\/mixpack.ee\/lt\/wp-json\/wp\/v2\/comments?post=5561"}],"version-history":[{"count":0,"href":"https:\/\/mixpack.ee\/lt\/wp-json\/wp\/v2\/pages\/5561\/revisions"}],"wp:attachment":[{"href":"https:\/\/mixpack.ee\/lt\/wp-json\/wp\/v2\/media?parent=5561"}],"curies":[{"name":"wp","href":"https:\/\/api.w.org\/{rel}","templated":true}]}}