{"id":4950,"date":"2018-07-20T14:29:39","date_gmt":"2018-07-20T14:29:39","guid":{"rendered":"https:\/\/mixpack.ee\/?page_id=4950"},"modified":"2022-05-02T10:12:20","modified_gmt":"2022-05-02T08:12:20","slug":"tingimused","status":"publish","type":"page","link":"https:\/\/mixpack.ee\/lt\/tingimused\/","title":{"rendered":"S\u0105lygos ir susitarimai"},"content":{"rendered":"<p class=\"qtranxs-available-languages-message qtranxs-available-languages-message-lt\">Atsipra\u0161ome, \u0161is puslapis galimas tik <a href=\"https:\/\/mixpack.ee\/et\/wp-json\/wp\/v2\/pages\/4950\" class=\"qtranxs-available-language-link qtranxs-available-language-link-et\" title=\"Eesti\">Eesti<\/a>, <a href=\"https:\/\/mixpack.ee\/ru\/wp-json\/wp\/v2\/pages\/4950\" class=\"qtranxs-available-language-link qtranxs-available-language-link-ru\" title=\"\u0420\u0443\u0441\u0441\u043a\u0438\u0439\">\u0420\u0443\u0441\u0441\u043a\u0438\u0439<\/a>, <a href=\"https:\/\/mixpack.ee\/en\/wp-json\/wp\/v2\/pages\/4950\" class=\"qtranxs-available-language-link qtranxs-available-language-link-en\" title=\"English\">English<\/a>, <a href=\"https:\/\/mixpack.ee\/lv\/wp-json\/wp\/v2\/pages\/4950\" class=\"qtranxs-available-language-link qtranxs-available-language-link-lv\" title=\"Latvia\">Latvia<\/a> ir <a href=\"https:\/\/mixpack.ee\/fi\/wp-json\/wp\/v2\/pages\/4950\" class=\"qtranxs-available-language-link qtranxs-available-language-link-fi\" title=\"Suomi\">Suomi<\/a>.<\/p><p><span style=\"font-size: 18pt;\">Tingimuste ulatus ja kehtivus<\/span><\/p>\n<p>1.1. Tingimused kehtivad k\u00f5igi isikute ja ostukeskkonna www.mixpack.ee (edaspidi mixpack.ee e-pood) omanik Mixpack O\u00dc vahel mixpack.ee e-poe vahendusel toodete ostmisel tekkivate \u00f5igussuhete kohta.<\/p>\n<p>1.2. Lisaks k\u00e4esolevatele tingimustele reguleerivad mixpack.ee e-poe vahendusel toodete ostmisel tekkivaid \u00f5igussuhteid Eesti Vabariigis kehtivad \u00f5igusaktid.<\/p>\n<p>1.3. Mixpack O\u00dc on \u00f5igustatud mixpack.ee e-poe arengust tulenevalt ning e-poe parema ja turvalisema kasutamise huvides k\u00e4esolevaid tingimusi ja hinnakirja muutma ning t\u00e4iendama. Tingimuste ning hinnakirja muudatustest ja t\u00e4iendustest teatatakse interneti lehek\u00fclje www.mixpack.ee kaudu. Tingimuste ja hinnakirja muudatused ning t\u00e4iendused j\u00f5ustuvad vastava muudatuse v\u00f5i t\u00e4ienduse avaldamisest interneti lehek\u00fcljel www.mixpack.ee. Kui Te edastasite oma tellimuse enne tingimuste muudatuste j\u00f5ustumist, kohaldatakse Teie ja Mixpack O\u00dc vahel tekkinud \u00f5igussuhtele Teie poolt tellimuse edastamise ajal kehtinud tingimusi, v.a kui seaduses v\u00f5i k\u00e4esolevates tingimustes on ette n\u00e4htud teisiti.<\/p>\n<p>1.4. M\u00fc\u00fcja andmed:<\/p>\n<p>Mixpack O\u00dc<br \/>\nReg.nr. 14055482<br \/>\nKMKR: EE101898412<br \/>\nPriisle tee 18, 13914 Tallinn<br \/>\nTel. +372 560 57537<br \/>\ninfo@mixpack.ee<\/p>\n<p>&nbsp;<\/p>\n<p><span style=\"font-size: 18pt;\">Hinnad<\/span><\/p>\n<p>2.1. www.mixpack.ee e-poe hinnad kehtivad arve t\u00e4htajalise tasumise puhul vastavalt punktis 4 s\u00e4testatule.<\/p>\n<p>2.2. K\u00f5ik hinnad e-poes tootud eurodes (EUR) ja sisaldavad k\u00e4ibemaksu 20%.2.3. Toodete hinnad ning allahindlused v\u00f5ivad erineda Ettev\u00f5tja jaekaupluste kaubavalikust, hindadest ning allahindlusest.<\/p>\n<p>&nbsp;<\/p>\n<p><span style=\"font-size: 18pt;\">Tooted<\/span><\/p>\n<p>3.1. E-poes kuvatavad Tooted on reeglina laos\/m\u00fc\u00fcja kauplustes olemas. Nimetatud Toodete saadavust ei tagata, kuna see v\u00f5ib olla ekslik seoses v\u00f5imalike tehniliste probleemidega programmides.<\/p>\n<p>3.2. Juhul, kui Klient esitab tellimuse, kuid ilmneb, et antud Toode M\u00fc\u00fcjal puudub, ei ole E-poel v\u00f5imalik antud tellimust t\u00e4ita. Antud juhul tagastatakse Kliendile kogu ostusumma kohe peale toote puudumise selgumist.<\/p>\n<p>3.3. E-poes kuvatavad fotod Toodetest on illustratiivse t\u00e4hendusega ning v\u00f5ivad v\u00e4hesel m\u00e4\u00e4ral tahtmatult erineda Toote tegelikust v\u00e4ljan\u00e4gemisest.<\/p>\n<p>&nbsp;<\/p>\n<p><span style=\"font-size: 18pt;\">Ostu sooritamine<\/span><\/p>\n<p>4.1. Klient valib E-poes v\u00e4lja soovitud Toote ning lisab selle ostukorvi, klikkides nupul \u201cLisa ostukorvi\u201d.<\/p>\n<p>4.2. Tellimuse vormistamiseks tuleb Kliendil liikuda Ostukorvi lehele: men\u00fc\u00fcribal ostukorvi valikus klikkida nupul \u201eEdasi maksma\u201c, misj\u00e4rel suunatakse Klient tellimuse vormistamise lehele.<\/p>\n<p>4.3. P\u00e4rast n\u00f5utud andmete sisestamist ja andmete \u00f5igsuse kontrollimist kinnitab Klient tellimuse klikkides \u201eKinnitan&amp;maksan\u201c. Peale antud tegevust on tellimus kinnitatud ja m\u00fc\u00fcjale edastatud.<\/p>\n<p>4.4. Klient tasub Toote eest koheselt internetipanga pangalingi vahendusel ning kinnitab M\u00fc\u00fcjale makse klikkides nupul \u201cTagasi kaupmehe juurde\u201d.<\/p>\n<p>4.5. P\u00e4rast Toote eest tasumist saadab E-pood Kliendi e-postile tellimuse kinnituse.<\/p>\n<p>4.6. Klient kohustub tellimuse vormistamisel esitama tellimuse t\u00e4itmiseks vajalikud, t\u00f5esed andmed.<\/p>\n<p>4.7. M\u00fc\u00fcja ei vastuta tellimuse t\u00e4itmisel Kliendi poolt esitatud ebakorrektsetest andmetest tingitud t\u00e4itmise v\u00f5imatuse v\u00f5i mistahes sellest tulenevate tagaj\u00e4rgede eest.<\/p>\n<p>4.8. M\u00fc\u00fcjal on \u00f5igus loobuda tellimuse t\u00e4itmisest kui tekib kahtlus M\u00fc\u00fcjale esitatud andmete \u00f5igsuses ja headele tavadele mittevastava k\u00e4itumise puhul.<\/p>\n<p>&nbsp;<\/p>\n<p><span style=\"font-size: 18pt;\">Makseviisid<\/span><\/p>\n<p>5.1. Tellimuste eest saab turvaliselt tasuda Eesti pangalinkide abil (Swedbank, SEB, Nordea, Danske, LHV, Krediidipank, Coop ja teisi) ja krediitkaardiga (Visa, MasterCard, Maestro).<\/p>\n<p>5.2. Makse teostamine toimub v\u00e4ljaspool E-poe keskkonda teenusepakkuja Maksekeskus AS turvalises maksekeskkonnas.5.3. M\u00fc\u00fcjal puudub ligip\u00e4\u00e4s Kliendi pangaandmetele ja krediitkaardi andmetele.<\/p>\n<p>&nbsp;<\/p>\n<p><span style=\"font-size: 18pt;\">Tellimuse kohaletoimetamine ja \u00fcleandmine<\/span><\/p>\n<p>6.1 Meie kohaletoimetamisteenused h\u00f5lmavad terve Eesti riiki territooriumi. Juhul kui soovite meie poolset kohale toimetamist v\u00e4ljaspool eelnevalt mainitud piirkonda toimub see erikokkuleppel mille s\u00f5lmimiseks palume p\u00f6\u00f6rduda oma sooviga e-posti adressile info@mixpack.ee\u00a0v\u00f5i telefonil +372 560 57537.6.2. Tellimused toimetab kohale\u00a0DPD kuller tootekaardil ja tellimuse kinnitusel n\u00e4idatud t\u00e4htaja-ja aja jooksul. T\u00e4psem info:<br \/>\n6.2.1 Kaup toimetatakse kohale kohaletoimetamise hinnakiri alusel:<br \/>\n\u2013 kuller toimetab tooted Teie poolt tellimuse vormistamisel m\u00e4rgitud aadressile. Sihtkoha hilisem muutmine on v\u00f5imalik vaid kokkuleppel.<\/p>\n<p>6.3.Toode j\u00f5uab Kliendi poolt valitud aadressile 5 t\u00f6\u00f6p\u00e4eva jooksul arvates tellimuse kinnituse saatmisest Kliendi e-posti aadressile. Kuller v\u00f5tab Kliendiga \u00fchendust telefoni teel ning koosk\u00f5lastab k\u00e4ttetoimetamiseks sobiva aja. Eba\u00f5nnestunud v\u00e4ljastuskatse korral saadetakse toode edasi saatjale.<\/p>\n<p>6.4. Palun j\u00e4lgige tellimuse vormistamisel esitatavate kontaktandmete \u00f5igsust v\u00e4ltimaks viivitusi ja arusaamatusi tellimuse kohaletoimetamisel. mixpack.ee (Mixpack O\u00dc) ja kuller ei vastuta toodete kohaletoimetamise viivituse ja tekkinud arusaamatuste eest juhul, kui viivitus v\u00f5i arusaamatus on tingitud Teie poolt tellimuse vormistamisel esitatud andmete ebat\u00e4psusest v\u00f5i eba\u00f5igsusest.<\/p>\n<p>6.5. Tellimused antakse kulleri poolt Teile \u00fcle koos vahearvega. Palume Teid tekkinud probleemidest koheselt informeerida telefonil +372 560 57537. Pretensioonide esitamise \u00f5igus ei laiene kahjudele, mis on tekkinud peale toote \u00fcleandmist ostjale.<\/p>\n<p>6.6. Juhul, kui Klient on tellimuse \u00a0vormistanud n\u00e4dalavahetusel (ajavahemikul reedel p\u00e4rast kella 13.00 kuni esmasp\u00e4eval kella 09.00-ni) v\u00f5i riigip\u00fchal, hakkab 5 t\u00f6\u00f6p\u00e4eva t\u00e4htaeg kehtima n\u00e4dalavahetusele v\u00f5i riigip\u00fchale j\u00e4rgneval esimesel t\u00f6\u00f6p\u00e4eval kell 09.00<\/p>\n<p>6.7. Klient on kohustatud enne tellimuse vormistamist kontrollima esitatavate kontaktandmete \u00f5igsust, v\u00e4ltimaks viivitusi ja arusaamatusi Toodete kohaletoimetamisel. M\u00fc\u00fcja ei vastuta Toodete kohaletoimetamisel tekkinud viivituste ja arusaamatuste eest juhul, kui viivitus v\u00f5i arusaamatus on tingitud Kliendi poolt tellimuse vormistamisel esitatud andmete ebat\u00e4psusest v\u00f5i \u00a0-\u00f5igsusest.<\/p>\n<p>6.8. Juhul, kui Tellimus ei j\u00f5ua Kliendini heas seisukorras ja kinnises pakendis, on Klient kohustatud sellest restorani teavitama, saates vastavasisulise kirja koos piltidega e-posti aadressile: info@mixpack.ee ning helistades numbril +372 560 57537.<\/p>\n<p>&nbsp;<\/p>\n<p><span style=\"font-size: 18pt;\">Tellimuse tagastamine ja \u00fcmbervahetamine<\/span><\/p>\n<p>7.1. Kliendil on \u00f5igus tellimusest p\u00f5hjust avaldamata 14 p\u00e4eva jooksul taganeda ja tellitud Toode\/Tooted \u00fcmber vahetada v\u00f5i tagastada. Nimetatud 14 p\u00e4evane t\u00e4htaeg algab alates hetkest, mil Klient Tellimuse k\u00e4tte saab.<\/p>\n<p>7.2. Toodete tagastamiseks\/vahetamiseks tuleb M\u00fc\u00fcjale esitada taganemisavaldus 14 p\u00e4eva jooksul alates kauba k\u00e4ttesaamisest. Taganemisavaldust saab esitada j\u00e4rgnevalt:<br \/>\n\u2022 T\u00e4idetud tagastus\/taganemisvorm saata koos tagastatud toodetega M\u00fc\u00fcjale<br \/>\n\u2022 Saates vabas vormis \u00fchem\u00f5ttelise e-kirja aadressile\u00a0info@mixpack.ee<br \/>\n\u2022 Saates kodulehel oleva Tagastusvormi t\u00e4idetuna aadressile info@mixpack.ee<br \/>\nM\u00fc\u00fcjale saabunud tagastusi aktsepteeritakse \u00fcksnes koos t\u00e4idetud tagastusvormi v\u00f5i -avaldusega.<\/p>\n<p>7.3. Tarbija peab kauba tagastama avalduse esitamisele j\u00e4rgneva 14 p\u00e4eva jooksul v\u00f5i esitama t\u00f5endi, et ta on eelnimetatud perioodi jooksul kauba \u00fcle andnud logistikafirmale. Kauplejal on \u00f5igus keelduda tagasimaksete tegemisest seni, kuni on lepingu esemeks oleva asja tagasi saanud v\u00f5i kuni tarbija on esitanud t\u00f5endid, et on asja tagasi saatnud, s\u00f5ltuvalt sellest, kumb toimub varem.<\/p>\n<p>7.4. \u00dcmbervahetatav v\u00f5i tagastatav Toode ei v\u00f5i olla kahjustunud v\u00f5i kandmisj\u00e4lgedega, Toode peab olema originaalpakendis ja Toote k\u00fcljes peavad olema k\u00f5ik originaaletiketid. Tagastamisele kuuluva eseme seisukorra halvenemisel vastutab Klient asja kasutamisest tingitud v\u00e4\u00e4rtuse v\u00e4henemise eest \u00fcksnes juhul, kui ta on eset kasutanud muul viisil, kui on vaja asja olemuses, omadustes ja toimimises veendumiseks. Et veenduda eseme olemuses, omadustes ja toimimises, peaks Klient k\u00e4sitsema ja kasutama asja \u00fcksnes nii, nagu tal lubataks seda tavap\u00e4raselt poes teha.<\/p>\n<p>7.5. Klient on kohustatud avama Toote pakendi alati ettevaatlikult, seda kahjustamata. Kui pakendit ei ole v\u00f5imalik avada seda rikkumata, ei ole Toote tagastamine originaalpakendis n\u00f5utav.<\/p>\n<p>7.6. Ostetud tellimust ei saa tagastada, kui tellitud toode\/tooted on valmistatud arvestades tellija isiklikke vajadusi v\u00f5i tellija poolt esitatud tingimuste kohaselt.<\/p>\n<p>7.7. Kui tagastatav tellimus (ja tellimuse pakend v\u00f5i kott) on halvenenud ja halvenemine on p\u00f5hjustatud (i) asjaoludest, mis ei ole tingitud Mixpack O\u00dc ning toote mittesihip\u00e4rase kasutamise tulemusena, on Mixpack O\u00dc-l \u00f5igus tasaarvestada tellimuse v\u00e4\u00e4rtuse v\u00e4henemine Teie poolt toote eest tasutud ning Teile tagastamisele kuuluva summaga. Tasaarvestamiseks saadab Mixpack O\u00dc Teile tasaarvestamise avalduse Teie poolt tellimuse vormistamisel teatatud e-posti aadressile.<\/p>\n<p>7.8. Tellimuse tagastamise korral tagastab M\u00fc\u00fcja Kliendile kogu lepingu alusel saadud summa, sealhulgas Kliendi tasutud tellimuse k\u00e4ttetoimetamiskulu. Juhul, kui tellimus tagastatakse osaliselt ja tellimusele on lisandunud k\u00e4ttetoimetamiskulu, v\u00f5ib M\u00fc\u00fcja tagastada k\u00e4ttetoimetamiskulu proportsionaalselt tagastatud toodete arvuga.<\/p>\n<p>7.9. Tagasimakse laekub Kliendi pangakontole hiljemalt j\u00e4rgmisel pangap\u00e4eval. Krediitkaardiga maksmise puhul vastavalt Kliendi panga tingimustele.<\/p>\n<p>&nbsp;<\/p>\n<p><span style=\"font-size: 18pt;\">Vastutus ja v\u00e4\u00e4ramatu j\u00f5ud<\/span><\/p>\n<p>8.1. Mixpack.ee (Mixpack O\u00dc) vastutab Teie ees ja Teie vastutate mixpack.ee (Mixpack O\u00dc) ees teisele poolele k\u00e4esolevate tingimuste rikkumisega tekitatud kahju eest Eesti Vabariigis kehtivates \u00f5igusaktides s\u00e4testatud juhtudel ja ulatuses.<\/p>\n<p>8.2. Mixpack.ee (Mixpack O\u00dc) ei vastuta Teile tekitatud kahjude eest v\u00f5i tellimuse kohaletoimetamise viibimise eest juhul, kui kahju v\u00f5i toote kohaletoomise viibimine on tingitud asjaolust, mida mixpack.ee (Mixpack O\u00dc) ei saanud m\u00f5jutada ning mille saabumist mixpack.ee (Mixpack O\u00dc) ei n\u00e4inud ette ega v\u00f5inud ette n\u00e4ha (v\u00e4\u00e4ramatu j\u00f5ud).<\/p>\n<p>&nbsp;<\/p>\n<p><span style=\"font-size: 18pt;\">Andmete kaitse ja t\u00f6\u00f6tlemise p\u00f5him\u00f5tted<\/span><\/p>\n<p>9.1. K\u00f5iki mixpack.ee e-poe k\u00fclastamise ja ostude sooritamise k\u00e4igus teatavaks saanud kliendi isikuandmeid k\u00e4sitletakse kui konfidentsiaalset infot. Kr\u00fcptitud andmesidekanal pankadega tagab ostu sooritaja isikuandmete ja pangarekvisiitide turvalisuse. Ka mixpack.ee (Mixpack O\u00dc-l) puudub neile juurdep\u00e4\u00e4s.<br \/>\n9.1.1\u00a0Veebipood kasutab ostja poolt sisestatud isikuandmeid (sh nimi, telefoninumber, aadress, e-maili aadress) ainult tellimuse t\u00f6\u00f6tlemiseks ning kauba ostjale saatmiseks.<\/p>\n<p>9.2. M\u00fc\u00fcja tagab ostja andmete sh. isikuandmete kaitse ja kasutamise privaatsuspoliitika tingimuste kohaselt ette n\u00e4htud korras. Ostja kinnitab, et on tutvunud ja n\u00f5us privaatsuspoliitika tingimustega. L\u00e4htudes kehtivatest \u00f5igusaktidest ja privaatsuspoliitika tingimustes s\u00e4testatust, on M\u00fc\u00fcjal, Ostja n\u00f5usolekuta, \u00f5igus t\u00f6\u00f6delda andmeid (sealhulgas isikuandmeid) ulatuses, mis on vajalik e-poes kasutamiseks. Muuhulgas on eeltoodust tulenevalt M\u00fc\u00fcjal eraldiseisva n\u00f5usolekuta \u00f5igus: saata ostjale e-poe teenuste kasutamisega seonduvaid teateid, sh. teateid, mille saatmine on e-poe kasutajate turvalisuse huvides; s\u00e4ilitada Ostjate paremaks teenindamiseks ja tehingute t\u00f5endamiseks e-poodi sisseloginud Ostja tellimuste andmed, sh m\u00f5istliku t\u00e4htaja jooksul ka nende tellimuste kohta, mida Ostja sessiooni k\u00e4igus ei l\u00f5petanud.<\/p>\n<p>9.3. Kui Ostja on andnud Kliendilepingu s\u00f5lmimisel v\u00f5i muul viisil Ostja poolt tema n\u00f5usoleku andmist kinnitava tahteavalduse tegemisega (nt iseteeninduses) n\u00f5usoleku andmete turunduslikuks kasutamiseks, kasutab M\u00fc\u00fcja neid andmeid privaatsuspoliitika fikseeritud tingimustel ja eesm\u00e4rgil sh. ka Ostjale teenuste ja kaupade personaalsete otseturundus-, kampaania- ja sooduspakkumiste edastamiseks elektroonilisel teel (nt e-posti v\u00f5i SMS\u00b4iga ).<\/p>\n<p>9.4. Ostjal on igal ajahetkel \u00f5igus v\u00f5tta andmete turunduslikuks kasutamiseks antud n\u00f5usolek tagasi, saates M\u00fc\u00fcjale vastavasisulise e-kirja v\u00f5i edasiste otseturustuspakkumiste saamisest keeldumiseks j\u00e4rgides tema e-posti aadressile saadetud otseturustuspakkumises olevat juhist.<\/p>\n<p>9.5. K\u00e4esolevates tingimustes eraldi lahendamata k\u00fcsimustes l\u00e4htutakse Eesti Vabariigis kehtivatest \u00f5igusaktidest.<\/p>\n<p>9.6. Teie ja mixpack.ee (Mixpack O\u00dc) vahel seoses mixpack.ee e-poe vahendusel toodete tellimise ja ostmisega tekkinud vaidlused lahendatakse l\u00e4bir\u00e4\u00e4kimiste teel. Kokkuleppe mittesaavutamisel on Teil \u00f5igus p\u00f6\u00f6rduda oma \u00f5iguste kaitseks Tarbijakaitseametisse v\u00f5i Talinna Linnakohtusse. Vaidluste lahendamisel l\u00e4htutakse Eesti Vabariigis kehtivatest \u00f5igusaktidest.<\/p>\n<p>&nbsp;<\/p>\n<p><span style=\"font-size: 18pt;\">Diskleimer<\/span><\/p>\n<p>10.1. Tootepildid on illustratiivse t\u00e4hendusega.<\/p>\n<p>10.2. Mixpack O\u00dc j\u00e4tab endale \u00f5iguse teha muudatusi nii hinna kui ka osas ning loobuda erandkorras m\u00fc\u00fcgist.<\/p>\n<p>10.3. Toote infot kontrollitakse ja t\u00e4iustatakse regulaarselt. Andmed v\u00f5ivad olla peale Teie viimast k\u00fclastust uuenenud.<\/p>\n<p>&nbsp;<\/p>","protected":false},"excerpt":{"rendered":"<p>Atsipra\u0161ome, \u0161is puslapis galimas tik Eesti, \u0420\u0443\u0441\u0441\u043a\u0438\u0439, English, Latvia ir Suomi.Tingimuste ulatus ja kehtivus 1.1. Tingimused kehtivad k\u00f5igi isikute ja<\/p>\n","protected":false},"author":1,"featured_media":0,"parent":0,"menu_order":0,"comment_status":"closed","ping_status":"closed","template":"","meta":{"footnotes":""},"class_list":["post-4950","page","type-page","status-publish","hentry"],"aioseo_notices":[],"_links":{"self":[{"href":"https:\/\/mixpack.ee\/lt\/wp-json\/wp\/v2\/pages\/4950","targetHints":{"allow":["GET"]}}],"collection":[{"href":"https:\/\/mixpack.ee\/lt\/wp-json\/wp\/v2\/pages"}],"about":[{"href":"https:\/\/mixpack.ee\/lt\/wp-json\/wp\/v2\/types\/page"}],"author":[{"embeddable":true,"href":"https:\/\/mixpack.ee\/lt\/wp-json\/wp\/v2\/users\/1"}],"replies":[{"embeddable":true,"href":"https:\/\/mixpack.ee\/lt\/wp-json\/wp\/v2\/comments?post=4950"}],"version-history":[{"count":0,"href":"https:\/\/mixpack.ee\/lt\/wp-json\/wp\/v2\/pages\/4950\/revisions"}],"wp:attachment":[{"href":"https:\/\/mixpack.ee\/lt\/wp-json\/wp\/v2\/media?parent=4950"}],"curies":[{"name":"wp","href":"https:\/\/api.w.org\/{rel}","templated":true}]}}