{"id":2495839,"date":"2021-03-10T17:10:31","date_gmt":"2021-03-10T15:10:31","guid":{"rendered":"https:\/\/mixpack.ee\/?page_id=2495839"},"modified":"2025-11-04T14:45:08","modified_gmt":"2025-11-04T12:45:08","slug":"mixpack-meeskond","status":"publish","type":"page","link":"https:\/\/mixpack.ee\/lt\/mixpack-meeskond\/","title":{"rendered":"Mixpack komanda"},"content":{"rendered":"<p class=\"qtranxs-available-languages-message qtranxs-available-languages-message-lt\">Atsipra\u0161ome, \u0161is puslapis galimas tik <a href=\"https:\/\/mixpack.ee\/et\/wp-json\/wp\/v2\/pages\/2495839\" class=\"qtranxs-available-language-link qtranxs-available-language-link-et\" title=\"Eesti\">Eesti<\/a>, <a href=\"https:\/\/mixpack.ee\/ru\/wp-json\/wp\/v2\/pages\/2495839\" class=\"qtranxs-available-language-link qtranxs-available-language-link-ru\" title=\"\u0420\u0443\u0441\u0441\u043a\u0438\u0439\">\u0420\u0443\u0441\u0441\u043a\u0438\u0439<\/a>, <a href=\"https:\/\/mixpack.ee\/en\/wp-json\/wp\/v2\/pages\/2495839\" class=\"qtranxs-available-language-link qtranxs-available-language-link-en\" title=\"English\">English<\/a>, <a href=\"https:\/\/mixpack.ee\/lv\/wp-json\/wp\/v2\/pages\/2495839\" class=\"qtranxs-available-language-link qtranxs-available-language-link-lv\" title=\"Latvia\">Latvia<\/a> ir <a href=\"https:\/\/mixpack.ee\/fi\/wp-json\/wp\/v2\/pages\/2495839\" class=\"qtranxs-available-language-link qtranxs-available-language-link-fi\" title=\"Suomi\">Suomi<\/a>.<\/p><div class=\"wpb-content-wrapper\"><p>[vc_row][vc_column]\n\t\t<div id=\"wd-60807b26d88b2\" class=\"title-wrapper wd-wpb set-mb-s reset-last-child  wd-rs-60807b26d88b2 wd-title-color-default wd-title-style-simple text-center  wd-underline-colored\">\n\t\t\t\n\t\t\t<div class=\"liner-continer\">\n\t\t\t\t<h2 class=\"woodmart-title-container title  wd-font-weight- wd-fontsize-l\" >Meie meeskond on siin just teie jaoks!<\/h2>\n\t\t\t\t\t\t\t<\/div>\n\t\t\t\n\t\t\t\n\t\t\t\n\t\t<\/div>\n\t\t\n\t\t\t\t\t<div id=\"wd-608077d69f671\" class=\"wd-text-block-wrapper wd-wpb wd-rs-608077d69f671 color-scheme-dark text-center \">\n\t\t\t\t<div class=\"woodmart-title-container woodmart-text-block reset-last-child font-primary wd-font-weight- \">\n\t\t\t\t\tOleme veendunud, et pakend on eelk\u00f5ige suhtlusvahend ning iga selle element peaks r\u00e4\u00e4kima oma lugu, mida tootja, vision\u00e4\u00e4r \u00f6elda soovib. Lisaks otsesele ettev\u00f5tlustegevusele tegeleme sotsiaalse ettev\u00f5tlusega, mille raames toetame erinevaid projekte, mis \u00f5petavad loodust armastama. Mitte reostama! V\u00f5ttes vastu erinevaid v\u00e4ljakutseid, ehitame \u00fcheskoos tee j\u00e4\u00e4tmete tekke v\u00e4hendamisse ning paremasse tulevikku! Oleme alati valmis teid aitama ning leidma parima lahenduse!\t\t\t\t<\/div>\n\n\t\t\t\t\t\t\t<\/div>\n\t\t[\/vc_column][\/vc_row][vc_row][vc_column mobile_bg_img_hidden=&#8221;no&#8221; tablet_bg_img_hidden=&#8221;no&#8221; woodmart_parallax=&#8221;0&#8243; woodmart_sticky_column=&#8221;false&#8221; parallax_scroll=&#8221;no&#8221; mobile_reset_margin=&#8221;no&#8221; tablet_reset_margin=&#8221;no&#8221; woodmart_css_id=&#8221;623ae1cf43b05&#8243; wd_collapsible_content_switcher=&#8221;no&#8221; woodmart_box_shadow=&#8221;no&#8221; wd_z_index=&#8221;no&#8221; responsive_spacing=&#8221;eyJwYXJhbV90eXBlIjoid29vZG1hcnRfcmVzcG9uc2l2ZV9zcGFjaW5nIiwic2VsZWN0b3JfaWQiOiI2MjNhZTFjZjQzYjA1Iiwic2hvcnRjb2RlIjoidmNfY29sdW1uIiwiZGF0YSI6eyJ0YWJsZXQiOnt9LCJtb2JpbGUiOnt9fX0=&#8221;][vc_row_inner][vc_column_inner width=&#8221;1\/4&#8243; offset=&#8221;vc_col-md-3 vc_col-xs-12&#8243; woodmart_css_id=&#8221;623ae44fbd484&#8243; parallax_scroll=&#8221;no&#8221; woodmart_sticky_column=&#8221;false&#8221; wd_collapsible_content_switcher=&#8221;no&#8221; mobile_bg_img_hidden=&#8221;no&#8221; tablet_bg_img_hidden=&#8221;no&#8221; woodmart_parallax=&#8221;0&#8243; woodmart_box_shadow=&#8221;no&#8221; wd_z_index=&#8221;no&#8221; responsive_spacing=&#8221;eyJwYXJhbV90eXBlIjoid29vZG1hcnRfcmVzcG9uc2l2ZV9zcGFjaW5nIiwic2VsZWN0b3JfaWQiOiI2MjNhZTQ0ZmJkNDg0Iiwic2hvcnRjb2RlIjoidmNfY29sdW1uX2lubmVyIiwiZGF0YSI6eyJ0YWJsZXQiOnt9LCJtb2JpbGUiOnt9fX0=&#8221;][vc_single_image image=&#8221;2495845&#8243; img_size=&#8221;medium&#8221; alignment=&#8221;center&#8221; parallax_scroll=&#8221;no&#8221;]\t\t\t<div id=\"wd-689b1d275e8d8\" class=\"wd-text-block-wrapper wd-wpb wd-rs-689b1d275e8d8 color-scheme- text-center \">\n\t\t\t\t<div class=\"woodmart-title-container woodmart-text-block reset-last-child font-primary wd-font-weight- wd-fontsize-l\">\n\t\t\t\t\t<\/p>\n<p style=\"text-align: center;\"><span style=\"font-size: 12pt;\"><strong>Sergei Mjasn\u00f5h<br \/>\n<\/strong><\/span><span style=\"font-size: 10pt;\">Juhatuse liige \/ M\u00fc\u00fcgijuht<\/span><br \/>\n<span style=\"font-size: 10pt;\"><a href=\"mailto:sergei@mixpack.ee\"><u>sergei@mixpack.ee<\/u><\/a><\/span><br \/>\n<span style=\"font-size: 10pt;\">+372 53 80 68 76<\/span><\/p>\n<p>\t\t\t\t<\/div>\n\n\t\t\t\t\t\t\t<\/div>\n\t\t[\/vc_column_inner][vc_column_inner width=&#8221;1\/4&#8243; offset=&#8221;vc_col-md-3 vc_col-xs-12&#8243; woodmart_css_id=&#8221;623ae4a08be96&#8243; parallax_scroll=&#8221;no&#8221; woodmart_sticky_column=&#8221;false&#8221; wd_collapsible_content_switcher=&#8221;no&#8221; mobile_bg_img_hidden=&#8221;no&#8221; tablet_bg_img_hidden=&#8221;no&#8221; woodmart_parallax=&#8221;0&#8243; woodmart_box_shadow=&#8221;no&#8221; wd_z_index=&#8221;no&#8221; responsive_spacing=&#8221;eyJwYXJhbV90eXBlIjoid29vZG1hcnRfcmVzcG9uc2l2ZV9zcGFjaW5nIiwic2VsZWN0b3JfaWQiOiI2MjNhZTRhMDhiZTk2Iiwic2hvcnRjb2RlIjoidmNfY29sdW1uX2lubmVyIiwiZGF0YSI6eyJ0YWJsZXQiOnt9LCJtb2JpbGUiOnt9fX0=&#8221;][vc_single_image image=&#8221;2495843&#8243; img_size=&#8221;medium&#8221; alignment=&#8221;center&#8221; parallax_scroll=&#8221;no&#8221;]\t\t\t<div id=\"wd-6048e85116a1c\" class=\"wd-text-block-wrapper wd-wpb wd-rs-6048e85116a1c color-scheme- text-center \">\n\t\t\t\t<div class=\"woodmart-title-container woodmart-text-block reset-last-child font-primary wd-font-weight- wd-fontsize-l\">\n\t\t\t\t\t<\/p>\n<p style=\"text-align: center;\"><span style=\"font-size: 12pt;\"><strong>Maksim Eriksson<br \/>\n<\/strong><\/span><span style=\"font-size: 10pt;\">M\u00fc\u00fcgijuht <\/span><br \/>\n<span style=\"font-size: 10pt;\"><a href=\"mailto:maksim@mixpack.ee\"><u>maksim@mixpack.ee<\/u><\/a><\/span><br \/>\n<span style=\"font-size: 10pt;\">+372 58 40 06 04<\/span><\/p>\n<p>\t\t\t\t<\/div>\n\n\t\t\t\t\t\t\t<\/div>\n\t\t[\/vc_column_inner][vc_column_inner width=&#8221;1\/4&#8243; offset=&#8221;vc_col-md-3 vc_col-xs-12&#8243; woodmart_css_id=&#8221;623ae4a8d38f4&#8243; parallax_scroll=&#8221;no&#8221; woodmart_sticky_column=&#8221;false&#8221; wd_collapsible_content_switcher=&#8221;no&#8221; mobile_bg_img_hidden=&#8221;no&#8221; tablet_bg_img_hidden=&#8221;no&#8221; woodmart_parallax=&#8221;0&#8243; woodmart_box_shadow=&#8221;no&#8221; wd_z_index=&#8221;no&#8221; responsive_spacing=&#8221;eyJwYXJhbV90eXBlIjoid29vZG1hcnRfcmVzcG9uc2l2ZV9zcGFjaW5nIiwic2VsZWN0b3JfaWQiOiI2MjNhZTRhOGQzOGY0Iiwic2hvcnRjb2RlIjoidmNfY29sdW1uX2lubmVyIiwiZGF0YSI6eyJ0YWJsZXQiOnt9LCJtb2JpbGUiOnt9fX0=&#8221;][vc_single_image image=&#8221;2495848&#8243; img_size=&#8221;medium&#8221; alignment=&#8221;center&#8221; parallax_scroll=&#8221;no&#8221;]\t\t\t<div id=\"wd-6315cd18858df\" class=\"wd-text-block-wrapper wd-wpb wd-rs-6315cd18858df color-scheme- text-center \">\n\t\t\t\t<div class=\"woodmart-title-container woodmart-text-block reset-last-child font-primary wd-font-weight- wd-fontsize-l\">\n\t\t\t\t\t<\/p>\n<p style=\"text-align: center;\"><span style=\"font-size: 12pt;\"><strong>Yan Zapadinski<br \/>\n<\/strong><\/span><span style=\"font-size: 10pt;\">Kommertsdirektor<\/span><br \/>\n<span style=\"font-size: 10pt;\"><a href=\"mailto:yan@mixpack.ee\"><u>yan@mixpack.ee<\/u><\/a><\/span><br \/>\n<span style=\"font-size: 10pt;\">+372 56 24 84 82<\/span><\/p>\n<p>\t\t\t\t<\/div>\n\n\t\t\t\t\t\t\t<\/div>\n\t\t[\/vc_column_inner][vc_column_inner width=&#8221;1\/4&#8243; offset=&#8221;vc_col-md-3 vc_col-xs-12&#8243; woodmart_css_id=&#8221;623ae4b8e08bb&#8221; parallax_scroll=&#8221;no&#8221; woodmart_sticky_column=&#8221;false&#8221; wd_collapsible_content_switcher=&#8221;no&#8221; mobile_bg_img_hidden=&#8221;no&#8221; tablet_bg_img_hidden=&#8221;no&#8221; woodmart_parallax=&#8221;0&#8243; woodmart_box_shadow=&#8221;no&#8221; wd_z_index=&#8221;no&#8221; responsive_spacing=&#8221;eyJwYXJhbV90eXBlIjoid29vZG1hcnRfcmVzcG9uc2l2ZV9zcGFjaW5nIiwic2VsZWN0b3JfaWQiOiI2MjNhZTRiOGUwOGJiIiwic2hvcnRjb2RlIjoidmNfY29sdW1uX2lubmVyIiwiZGF0YSI6eyJ0YWJsZXQiOnt9LCJtb2JpbGUiOnt9fX0=&#8221;][vc_single_image image=&#8221;2546886&#8243; img_size=&#8221;medium&#8221; alignment=&#8221;center&#8221; parallax_scroll=&#8221;no&#8221;]\t\t\t<div id=\"wd-621f83f4e2d84\" class=\"wd-text-block-wrapper wd-wpb wd-rs-621f83f4e2d84 color-scheme- text-center \">\n\t\t\t\t<div class=\"woodmart-title-container woodmart-text-block reset-last-child font-primary wd-font-weight- wd-fontsize-l\">\n\t\t\t\t\t<\/p>\n<p style=\"text-align: center;\"><span style=\"font-size: 12pt;\"><strong>Bruno P\u00e4rn<br \/>\n<\/strong><\/span><span style=\"font-size: 10pt;\">Tegevjuht\/Pearaamatupidaja<\/span><br \/>\n<span style=\"font-size: 10pt;\"><a href=\"mailto:bruno@mixpack.ee\"><u>bruno@mixpack.ee<\/u><\/a><\/span><br \/>\n<span style=\"font-size: 10pt;\">+372 56 05 75 37<\/span><\/p>\n<p>\t\t\t\t<\/div>\n\n\t\t\t\t\t\t\t<\/div>\n\t\t[\/vc_column_inner][\/vc_row_inner][vc_row_inner][vc_column_inner width=&#8221;1\/4&#8243; offset=&#8221;vc_col-md-3 vc_col-xs-12&#8243; woodmart_css_id=&#8221;623ae4db437e6&#8243; parallax_scroll=&#8221;no&#8221; woodmart_sticky_column=&#8221;false&#8221; wd_collapsible_content_switcher=&#8221;no&#8221; mobile_bg_img_hidden=&#8221;no&#8221; tablet_bg_img_hidden=&#8221;no&#8221; woodmart_parallax=&#8221;0&#8243; woodmart_box_shadow=&#8221;no&#8221; wd_z_index=&#8221;no&#8221; responsive_spacing=&#8221;eyJwYXJhbV90eXBlIjoid29vZG1hcnRfcmVzcG9uc2l2ZV9zcGFjaW5nIiwic2VsZWN0b3JfaWQiOiI2MjNhZTRkYjQzN2U2Iiwic2hvcnRjb2RlIjoidmNfY29sdW1uX2lubmVyIiwiZGF0YSI6eyJ0YWJsZXQiOnt9LCJtb2JpbGUiOnt9fX0=&#8221;][vc_single_image image=&#8221;2554907&#8243; img_size=&#8221;medium&#8221; alignment=&#8221;center&#8221; parallax_scroll=&#8221;no&#8221; woodmart_inline=&#8221;no&#8221;]\t\t\t<div id=\"wd-689b1e90d0f6a\" class=\"wd-text-block-wrapper wd-wpb wd-rs-689b1e90d0f6a color-scheme- text-center \">\n\t\t\t\t<div class=\"woodmart-title-container woodmart-text-block reset-last-child font-primary wd-font-weight- wd-fontsize-l\">\n\t\t\t\t\t<\/p>\n<p style=\"text-align: center;\"><span style=\"font-size: 12pt;\"><strong>Natalia K.<br \/>\n<\/strong><\/span><span style=\"font-size: 10pt;\">M\u00fc\u00fcgiassistent<\/span><br \/>\n<span style=\"font-size: 10pt;\"><a href=\"mailto:natalia@mixpack.ee\"><u>natalia@mixpack.ee<\/u><\/a><\/span><br \/>\n<span style=\"font-size: 10pt;\">+372\u00a0560 57 537<\/span><\/p>\n<p>\t\t\t\t<\/div>\n\n\t\t\t\t\t\t\t<\/div>\n\t\t[\/vc_column_inner][vc_column_inner width=&#8221;1\/4&#8243; offset=&#8221;vc_col-md-3 vc_col-xs-12&#8243; woodmart_css_id=&#8221;623ae4e3eaae7&#8243; parallax_scroll=&#8221;no&#8221; woodmart_sticky_column=&#8221;false&#8221; wd_collapsible_content_switcher=&#8221;no&#8221; mobile_bg_img_hidden=&#8221;no&#8221; tablet_bg_img_hidden=&#8221;no&#8221; woodmart_parallax=&#8221;0&#8243; woodmart_box_shadow=&#8221;no&#8221; wd_z_index=&#8221;no&#8221; responsive_spacing=&#8221;eyJwYXJhbV90eXBlIjoid29vZG1hcnRfcmVzcG9uc2l2ZV9zcGFjaW5nIiwic2VsZWN0b3JfaWQiOiI2MjNhZTRlM2VhYWU3Iiwic2hvcnRjb2RlIjoidmNfY29sdW1uX2lubmVyIiwiZGF0YSI6eyJ0YWJsZXQiOnt9LCJtb2JpbGUiOnt9fX0=&#8221;][vc_single_image image=&#8221;2804333&#8243; img_size=&#8221;medium&#8221; alignment=&#8221;center&#8221; parallax_scroll=&#8221;no&#8221; woodmart_inline=&#8221;no&#8221;]\t\t\t<div id=\"wd-653b871c4287d\" class=\"wd-text-block-wrapper wd-wpb wd-rs-653b871c4287d color-scheme- text-center \">\n\t\t\t\t<div class=\"woodmart-title-container woodmart-text-block reset-last-child font-primary wd-font-weight- wd-fontsize-l\">\n\t\t\t\t\t<\/p>\n<p style=\"text-align: center;\"><span style=\"font-size: 12pt;\"><strong>Jelena Podvalnaja<br \/>\n<\/strong><\/span><span style=\"font-size: 10pt;\">M\u00fc\u00fcgijuht<\/span><br \/>\n<span style=\"font-size: 10pt;\"><a href=\"mailto:jelena@mixpack.ee\"><u>jelena@mixpack.ee<\/u><\/a><\/span><br \/>\n<span style=\"font-size: 10pt;\">+372 53 43 08 02<br \/>\n<\/span><\/p>\n<p>\t\t\t\t<\/div>\n\n\t\t\t\t\t\t\t<\/div>\n\t\t[\/vc_column_inner][vc_column_inner width=&#8221;1\/4&#8243; offset=&#8221;vc_col-md-3 vc_col-xs-12&#8243; woodmart_css_id=&#8221;623ae4f590ada&#8221; parallax_scroll=&#8221;no&#8221; woodmart_sticky_column=&#8221;false&#8221; wd_collapsible_content_switcher=&#8221;no&#8221; mobile_bg_img_hidden=&#8221;no&#8221; tablet_bg_img_hidden=&#8221;no&#8221; woodmart_parallax=&#8221;0&#8243; woodmart_box_shadow=&#8221;no&#8221; wd_z_index=&#8221;no&#8221; responsive_spacing=&#8221;eyJwYXJhbV90eXBlIjoid29vZG1hcnRfcmVzcG9uc2l2ZV9zcGFjaW5nIiwic2VsZWN0b3JfaWQiOiI2MjNhZTRmNTkwYWRhIiwic2hvcnRjb2RlIjoidmNfY29sdW1uX2lubmVyIiwiZGF0YSI6eyJ0YWJsZXQiOnt9LCJtb2JpbGUiOnt9fX0=&#8221;][vc_single_image image=&#8221;2554907&#8243; img_size=&#8221;medium&#8221; alignment=&#8221;center&#8221; parallax_scroll=&#8221;no&#8221; woodmart_inline=&#8221;no&#8221;]\t\t\t<div id=\"wd-67ab931036cbc\" class=\"wd-text-block-wrapper wd-wpb wd-rs-67ab931036cbc color-scheme- text-center \">\n\t\t\t\t<div class=\"woodmart-title-container woodmart-text-block reset-last-child font-primary wd-font-weight- wd-fontsize-l\">\n\t\t\t\t\t<\/p>\n<p style=\"text-align: center;\"><span style=\"font-size: 12pt;\"><strong>Olga Lehismets<br \/>\n<\/strong><\/span><span style=\"font-size: 10pt;\">M\u00fc\u00fcgiedendaja<\/span><br \/>\n<span style=\"font-size: 10pt;\"><a href=\"mailto:olga@mixpack.ee\"><u>olga@mixpack.ee<\/u><\/a><\/span><br \/>\n<span style=\"font-size: 10pt;\">+372 517 4352<\/span><\/p>\n<p>\t\t\t\t<\/div>\n\n\t\t\t\t\t\t\t<\/div>\n\t\t[\/vc_column_inner][vc_column_inner width=&#8221;1\/4&#8243;][vc_single_image image=&#8221;2804337&#8243; img_size=&#8221;medium&#8221; alignment=&#8221;center&#8221; parallax_scroll=&#8221;no&#8221; woodmart_inline=&#8221;no&#8221;]\t\t\t<div id=\"wd-689f7f1cbe506\" class=\"wd-text-block-wrapper wd-wpb wd-rs-689f7f1cbe506 color-scheme- text-center \">\n\t\t\t\t<div class=\"woodmart-title-container woodmart-text-block reset-last-child font-primary wd-font-weight- wd-fontsize-l\">\n\t\t\t\t\t<\/p>\n<p style=\"text-align: center;\"><span style=\"font-size: 12pt;\"><strong>Santa\u00a0Ez\u012bte<br \/>\n<\/strong><\/span><span style=\"font-size: 10pt;\">M\u00fc\u00fcgiassistent<\/span><br \/>\n<span style=\"font-size: 10pt;\"><a href=\"mailto:santa@mixpack.ee\u00a0\"><u>santa@mixpack.ee\u00a0<\/u><\/a><\/span><br \/>\n<span style=\"font-size: 10pt;\">+371 29552207\u00a0<\/span><\/p>\n<p>\t\t\t\t<\/div>\n\n\t\t\t\t\t\t\t<\/div>\n\t\t[\/vc_column_inner][\/vc_row_inner][vc_row_inner][vc_column_inner width=&#8221;1\/4&#8243;][vc_single_image image=&#8221;2554907&#8243; img_size=&#8221;medium&#8221; alignment=&#8221;center&#8221; parallax_scroll=&#8221;no&#8221; woodmart_inline=&#8221;no&#8221;]\t\t\t<div id=\"wd-689b24fa472bf\" class=\"wd-text-block-wrapper wd-wpb wd-rs-689b24fa472bf color-scheme- text-center \">\n\t\t\t\t<div class=\"woodmart-title-container woodmart-text-block reset-last-child font-primary wd-font-weight- wd-fontsize-l\">\n\t\t\t\t\t<\/p>\n<p style=\"text-align: center;\"><span style=\"font-size: 12pt;\"><strong>Jelena Bo\u017eko<br \/>\n<\/strong><\/span><span style=\"font-size: 10pt;\">M\u00fc\u00fcgiedendaja<\/span><span style=\"font-size: 10pt;\"><a href=\"mailto:jelena.b@mixpack.ee\"><u><br \/>\njelena.b@mixpack.ee<\/u><\/a><\/span><br \/>\n<span style=\"font-size: 10pt;\">+372 535 05 730<\/span><\/p>\n<p>\t\t\t\t<\/div>\n\n\t\t\t\t\t\t\t<\/div>\n\t\t[\/vc_column_inner][vc_column_inner width=&#8221;1\/4&#8243;][vc_single_image image=&#8221;2804336&#8243; img_size=&#8221;medium&#8221; alignment=&#8221;center&#8221; parallax_scroll=&#8221;no&#8221; woodmart_inline=&#8221;no&#8221;]\t\t\t<div id=\"wd-64c36ab1f05d6\" class=\"wd-text-block-wrapper wd-wpb wd-rs-64c36ab1f05d6 color-scheme- text-center \">\n\t\t\t\t<div class=\"woodmart-title-container woodmart-text-block reset-last-child font-primary wd-font-weight- wd-fontsize-l\">\n\t\t\t\t\t<\/p>\n<p style=\"text-align: center;\"><span style=\"font-size: 12pt;\"><strong>O\u013cegs Freijers<br \/>\n<\/strong><\/span><span style=\"font-size: 10pt;\">M\u00fc\u00fcgijuht<\/span><br \/>\n<span style=\"font-size: 10pt;\"><a href=\"mailto:olegs@mixpack.ee\"><u>olegs@mixpack.ee<\/u><\/a><\/span><br \/>\n<span style=\"font-size: 10pt;\">+371 295 23 033<\/span><\/p>\n<p>\t\t\t\t<\/div>\n\n\t\t\t\t\t\t\t<\/div>\n\t\t[\/vc_column_inner][vc_column_inner width=&#8221;1\/4&#8243; woodmart_css_id=&#8221;64f9f42c7775f&#8221; parallax_scroll=&#8221;no&#8221; woodmart_sticky_column=&#8221;false&#8221; wd_collapsible_content_switcher=&#8221;no&#8221; wd_column_role_offcanvas_desktop=&#8221;no&#8221; wd_column_role_offcanvas_tablet=&#8221;no&#8221; wd_column_role_offcanvas_mobile=&#8221;no&#8221; wd_column_role_content_desktop=&#8221;no&#8221; wd_column_role_content_tablet=&#8221;no&#8221; wd_column_role_content_mobile=&#8221;no&#8221; mobile_bg_img_hidden=&#8221;no&#8221; tablet_bg_img_hidden=&#8221;no&#8221; woodmart_parallax=&#8221;0&#8243; woodmart_box_shadow=&#8221;no&#8221; responsive_spacing=&#8221;eyJwYXJhbV90eXBlIjoid29vZG1hcnRfcmVzcG9uc2l2ZV9zcGFjaW5nIiwic2VsZWN0b3JfaWQiOiI2NGY5ZjQyYzc3NzVmIiwic2hvcnRjb2RlIjoidmNfY29sdW1uX2lubmVyIiwiZGF0YSI6eyJ0YWJsZXQiOnt9LCJtb2JpbGUiOnt9fX0=&#8221; wd_z_index=&#8221;no&#8221;][vc_single_image image=&#8221;2546886&#8243; img_size=&#8221;medium&#8221; alignment=&#8221;center&#8221; parallax_scroll=&#8221;no&#8221; woodmart_inline=&#8221;no&#8221;]\t\t\t<div id=\"wd-653b92ad0b39e\" class=\"wd-text-block-wrapper wd-wpb wd-rs-653b92ad0b39e color-scheme- text-center \">\n\t\t\t\t<div class=\"woodmart-title-container woodmart-text-block reset-last-child font-primary wd-font-weight- wd-fontsize-l\">\n\t\t\t\t\t<\/p>\n<p style=\"text-align: center;\"><span style=\"font-size: 12pt;\"><strong>Aleksandr Zharikov<br \/>\n<\/strong><\/span><span style=\"font-size: 10pt;\">Laojuht<\/span><br \/>\n<span style=\"font-size: 10pt;\"><a href=\"mailto:aleksandr@mixpack.ee\"><u>aleksandr@mixpack.ee<\/u><\/a><\/span><br \/>\n<span style=\"font-size: 10pt;\">+372 560 57537<\/span><\/p>\n<p>\t\t\t\t<\/div>\n\n\t\t\t\t\t\t\t<\/div>\n\t\t[\/vc_column_inner][vc_column_inner width=&#8221;1\/4&#8243; offset=&#8221;vc_col-md-3 vc_col-xs-12&#8243; woodmart_css_id=&#8221;623ae505c6c98&#8243; parallax_scroll=&#8221;no&#8221; woodmart_sticky_column=&#8221;false&#8221; wd_collapsible_content_switcher=&#8221;no&#8221; mobile_bg_img_hidden=&#8221;no&#8221; tablet_bg_img_hidden=&#8221;no&#8221; woodmart_parallax=&#8221;0&#8243; woodmart_box_shadow=&#8221;no&#8221; wd_z_index=&#8221;no&#8221; responsive_spacing=&#8221;eyJwYXJhbV90eXBlIjoid29vZG1hcnRfcmVzcG9uc2l2ZV9zcGFjaW5nIiwic2VsZWN0b3JfaWQiOiI2MjNhZTUwNWM2Yzk4Iiwic2hvcnRjb2RlIjoidmNfY29sdW1uX2lubmVyIiwiZGF0YSI6eyJ0YWJsZXQiOnt9LCJtb2JpbGUiOnt9fX0=&#8221;][\/vc_column_inner][\/vc_row_inner][\/vc_column][\/vc_row]<\/p>\n<\/div>","protected":false},"excerpt":{"rendered":"<p>Atsipra\u0161ome, \u0161is puslapis galimas tik Eesti, \u0420\u0443\u0441\u0441\u043a\u0438\u0439, English, Latvia ir Suomi.[vc_row][vc_column][\/vc_column][\/vc_row][vc_row][vc_column mobile_bg_img_hidden=&#8221;no&#8221; tablet_bg_img_hidden=&#8221;no&#8221; woodmart_parallax=&#8221;0&#8243; woodmart_sticky_column=&#8221;false&#8221; parallax_scroll=&#8221;no&#8221; mobile_reset_margin=&#8221;no&#8221; tablet_reset_margin=&#8221;no&#8221; woodmart_css_id=&#8221;623ae1cf43b05&#8243; wd_collapsible_content_switcher=&#8221;no&#8221;<\/p>\n","protected":false},"author":1,"featured_media":0,"parent":0,"menu_order":0,"comment_status":"closed","ping_status":"closed","template":"","meta":{"footnotes":""},"class_list":["post-2495839","page","type-page","status-publish","hentry"],"aioseo_notices":[],"_links":{"self":[{"href":"https:\/\/mixpack.ee\/lt\/wp-json\/wp\/v2\/pages\/2495839","targetHints":{"allow":["GET"]}}],"collection":[{"href":"https:\/\/mixpack.ee\/lt\/wp-json\/wp\/v2\/pages"}],"about":[{"href":"https:\/\/mixpack.ee\/lt\/wp-json\/wp\/v2\/types\/page"}],"author":[{"embeddable":true,"href":"https:\/\/mixpack.ee\/lt\/wp-json\/wp\/v2\/users\/1"}],"replies":[{"embeddable":true,"href":"https:\/\/mixpack.ee\/lt\/wp-json\/wp\/v2\/comments?post=2495839"}],"version-history":[{"count":0,"href":"https:\/\/mixpack.ee\/lt\/wp-json\/wp\/v2\/pages\/2495839\/revisions"}],"wp:attachment":[{"href":"https:\/\/mixpack.ee\/lt\/wp-json\/wp\/v2\/media?parent=2495839"}],"curies":[{"name":"wp","href":"https:\/\/api.w.org\/{rel}","templated":true}]}}