{"id":2803321,"date":"2024-05-31T11:26:21","date_gmt":"2024-05-31T11:26:21","guid":{"rendered":""},"modified":"2024-05-31T11:26:21","modified_gmt":"2024-05-31T11:26:21","slug":"korduvkasutatav-kastmetops-must-75ml-70mm-pakis-150-tk","status":"publish","type":"product","link":"https:\/\/mixpack.ee\/fi\/product\/korduvkasutatav-kastmetops-must-75ml-70mm-pakis-150-tk\/","title":{"rendered":"K\u00e4ytett\u00e4v\u00e4 uudelleen annoskippo, musta, 75 ml, 70 mm, 150 kpl per pakkaus"},"content":{"rendered":"<p><TABLE> <TR class='ss_at' ss_attr='T\u00fckkide arv pakendis' ><br \/>\n<TD class='ss_at_name'>Kappaletta pakkauksessa<\/TD><br \/>\n<TD class='ss_at_val'>150<\/TD><br \/>\n<\/TR><br \/>\n<TR class='ss_at' ss_attr='EAN' ><br \/>\n<TD class='ss_at_name'>EAN<\/TD><br \/>\n<TD class='ss_at_val'>0<\/TD><br \/>\n<\/TR><br \/>\n<TR class='ss_at' ss_attr='Pakke\u00fcksuste arv kastis' ><br \/>\n<TD class='ss_at_name'>Pakkauksia laatikossa<\/TD><br \/>\n<TD class='ss_at_val'>1<\/TD><br \/>\n<\/TR><br \/>\n<TR class='ss_at' ss_attr='T\u00fckkide arv kastis' ><br \/>\n<TD class='ss_at_name'>Kappaletta laatikossa<\/TD><br \/>\n<TD class='ss_at_val'>150<\/TD><br \/>\n<\/TR><br \/>\n<\/TABLE><SCRIPT>ss_serdce=0;ss_treug=0;ss_elka=0;ss_petla=0;ss_carbon=0;ss_piece_count=150 ;ss_korobka_count=1 ;<\/SCRIPT><\/p>","protected":false},"excerpt":{"rendered":"<p><DIV class='hide'>0 RBPC90<\/DIV><\/p>\n","protected":false},"featured_media":2803322,"template":"","meta":[],"product_brand":[],"product_cat":[7253],"product_tag":[],"class_list":{"0":"post-2803321","1":"product","2":"type-product","3":"status-publish","4":"has-post-thumbnail","6":"product_cat-korduvkasutatavad-pakendid","7":"product_shipping_class-mix","9":"first","10":"outofstock","11":"taxable","12":"shipping-taxable","13":"purchasable","14":"product-type-simple"},"aioseo_notices":[],"_links":{"self":[{"href":"https:\/\/mixpack.ee\/fi\/wp-json\/wp\/v2\/product\/2803321","targetHints":{"allow":["GET"]}}],"collection":[{"href":"https:\/\/mixpack.ee\/fi\/wp-json\/wp\/v2\/product"}],"about":[{"href":"https:\/\/mixpack.ee\/fi\/wp-json\/wp\/v2\/types\/product"}],"wp:featuredmedia":[{"embeddable":true,"href":"https:\/\/mixpack.ee\/fi\/wp-json\/wp\/v2\/media\/2803322"}],"wp:attachment":[{"href":"https:\/\/mixpack.ee\/fi\/wp-json\/wp\/v2\/media?parent=2803321"}],"wp:term":[{"taxonomy":"product_brand","embeddable":true,"href":"https:\/\/mixpack.ee\/fi\/wp-json\/wp\/v2\/product_brand?post=2803321"},{"taxonomy":"product_cat","embeddable":true,"href":"https:\/\/mixpack.ee\/fi\/wp-json\/wp\/v2\/product_cat?post=2803321"},{"taxonomy":"product_tag","embeddable":true,"href":"https:\/\/mixpack.ee\/fi\/wp-json\/wp\/v2\/product_tag?post=2803321"}],"curies":[{"name":"wp","href":"https:\/\/api.w.org\/{rel}","templated":true}]}}