{"id":2788412,"date":"2024-05-31T11:26:21","date_gmt":"2024-05-31T11:26:21","guid":{"rendered":""},"modified":"2024-05-31T11:26:21","modified_gmt":"2024-05-31T11:26:21","slug":"voileivakarp-bloomer-green-tree-valge-pakis-500-tk-pakis-500-tk","status":"publish","type":"product","link":"https:\/\/mixpack.ee\/fi\/product\/voileivakarp-bloomer-green-tree-valge-pakis-500-tk-pakis-500-tk\/","title":{"rendered":"Voileip\u00e4rasia &#8220;Bloomer&#8221; Green Tree, valkoinen, 500 kpl:n pakkauksessa, 500 kpl per pakkaus"},"content":{"rendered":"<p><TABLE> <TR class='ss_at' ss_attr='T\u00fckkide arv pakendis' ><br \/>\n<TD class='ss_at_name'>Kappaletta pakkauksessa<\/TD><br \/>\n<TD class='ss_at_val'>500<\/TD><br \/>\n<\/TR><br \/>\n<TR class='ss_at' ss_attr='EAN' ><br \/>\n<TD class='ss_at_name'>EAN<\/TD><br \/>\n<TD class='ss_at_val'>5056156906876<\/TD><br \/>\n<\/TR><br \/>\n<TR class='ss_at' ss_attr='Pakke\u00fcksuste arv kastis' ><br \/>\n<TD class='ss_at_name'>Pakkauksia laatikossa<\/TD><br \/>\n<TD class='ss_at_val'>1<\/TD><br \/>\n<\/TR><br \/>\n<TR class='ss_at' ss_attr='T\u00fckkide arv kastis' ><br \/>\n<TD class='ss_at_name'>Kappaletta laatikossa<\/TD><br \/>\n<TD class='ss_at_val'>500<\/TD><br \/>\n<\/TR><br \/>\n<\/TABLE><SCRIPT>ss_serdce=0;ss_treug=0;ss_elka=0;ss_petla=0;ss_carbon=0;ss_piece_count=500 ;ss_korobka_count=1 ;<\/SCRIPT><\/p>","protected":false},"excerpt":{"rendered":"<p>Kasvipohjainen suorakaiteen muotoinen bloomer sandwich-kiila. Yl\u00e4lataus helpottaa kokoamista. Vuorattu kasvipohjaisella PLA:lla pit\u00e4\u00e4kseen voileiv\u00e4t tuoreina. PLA-etuikkuna ja lehden muotoiset leikkaukset sivussa lis\u00e4\u00e4v\u00e4t n\u00e4kyvyytt\u00e4. Vegwaren palkittu laatu, valmistettu kasveista. Kaupallisesti kompostoitava, jos se on hyv\u00e4ksytty.<DIV class='hide'>5056156906876 VWBLMT-GT<\/DIV><\/p>\n","protected":false},"featured_media":2788413,"template":"","meta":[],"product_brand":[],"product_cat":[7148,6975,6983,7090,7087],"product_tag":[],"class_list":{"0":"post-2788412","1":"product","2":"type-product","3":"status-publish","4":"has-post-thumbnail","6":"product_cat-7148","7":"product_cat-kiirtoidunoud1","8":"product_cat-voileiva-kartongid1","9":"product_cat-voileivakarp","10":"product_cat-voileivataskud1","11":"product_shipping_class-mix","13":"first","14":"outofstock","15":"taxable","16":"shipping-taxable","17":"purchasable","18":"product-type-simple"},"aioseo_notices":[],"_links":{"self":[{"href":"https:\/\/mixpack.ee\/fi\/wp-json\/wp\/v2\/product\/2788412","targetHints":{"allow":["GET"]}}],"collection":[{"href":"https:\/\/mixpack.ee\/fi\/wp-json\/wp\/v2\/product"}],"about":[{"href":"https:\/\/mixpack.ee\/fi\/wp-json\/wp\/v2\/types\/product"}],"wp:featuredmedia":[{"embeddable":true,"href":"https:\/\/mixpack.ee\/fi\/wp-json\/wp\/v2\/media\/2788413"}],"wp:attachment":[{"href":"https:\/\/mixpack.ee\/fi\/wp-json\/wp\/v2\/media?parent=2788412"}],"wp:term":[{"taxonomy":"product_brand","embeddable":true,"href":"https:\/\/mixpack.ee\/fi\/wp-json\/wp\/v2\/product_brand?post=2788412"},{"taxonomy":"product_cat","embeddable":true,"href":"https:\/\/mixpack.ee\/fi\/wp-json\/wp\/v2\/product_cat?post=2788412"},{"taxonomy":"product_tag","embeddable":true,"href":"https:\/\/mixpack.ee\/fi\/wp-json\/wp\/v2\/product_tag?post=2788412"}],"curies":[{"name":"wp","href":"https:\/\/api.w.org\/{rel}","templated":true}]}}