{"id":2788400,"date":"2024-05-31T11:26:21","date_gmt":"2024-05-31T11:26:21","guid":{"rendered":""},"modified":"2024-05-31T11:26:21","modified_gmt":"2024-05-31T11:26:21","slug":"alus-gurmee-vegware-nourish-kiudmaterjalist-960-ml-sobib-suurus-4-kaanega-pakis-50-tk","status":"publish","type":"product","link":"https:\/\/mixpack.ee\/fi\/product\/alus-gurmee-vegware-nourish-kiudmaterjalist-960-ml-sobib-suurus-4-kaanega-pakis-50-tk\/","title":{"rendered":"Tarjotin &#8220;Gourmee&#8221;, kuitumateriaalista valmistettu Vegware Nourish, 960 ml (sopii kokoon 4 kannella), 50 kpl per pakkaus"},"content":{"rendered":"<p><TABLE> <TR class='ss_at' ss_attr='T\u00fckkide arv pakendis' ><br \/>\n<TD class='ss_at_name'>Kappaletta pakkauksessa<\/TD><br \/>\n<TD class='ss_at_val'>50<\/TD><br \/>\n<\/TR><br \/>\n<TR class='ss_at' ss_attr='EAN' ><br \/>\n<TD class='ss_at_name'>EAN<\/TD><br \/>\n<TD class='ss_at_val'>5056156915496<\/TD><br \/>\n<\/TR><br \/>\n<TR class='ss_at' ss_attr='Pakke\u00fcksuste arv kastis' ><br \/>\n<TD class='ss_at_name'>Pakkauksia laatikossa<\/TD><br \/>\n<TD class='ss_at_val'>12<\/TD><br \/>\n<\/TR><br \/>\n<TR class='ss_at' ss_attr='T\u00fckkide arv kastis' ><br \/>\n<TD class='ss_at_name'>Kappaletta laatikossa<\/TD><br \/>\n<TD class='ss_at_val'>600<\/TD><br \/>\n<\/TR><br \/>\n<\/TABLE><SCRIPT>ss_serdce=0;ss_treug=0;ss_elka=0;ss_petla=0;ss_carbon=0;ss_piece_count=50 ;ss_korobka_count=12 ;<\/SCRIPT><\/p>","protected":false},"excerpt":{"rendered":"<p>Monipuolinen tarjotinpohja ruoalle mukaan. Osa Vegwaren Nourish Gourmet -sarjaa, sopii koon 4 kanteen. Tilatehokas pinoaminen. Sopii hyvin kuumalle tai kylm\u00e4lle, ja tarpeeksi tukeva ruokittavaksi. Ihanteellinen katuruokaan ja festivaaleille. Valmistettu Vegware Nourish -muovatusta kuidusta ilman lis\u00e4tty\u00e4 PFAS:\u00e4\u00e4. Valettu kuitumme k\u00e4ytt\u00e4\u00e4 kierr\u00e4tetty\u00e4 luonnonmateriaalia, kuten sokeriruokoa, bambua tai puumassaa. Kaurapuuron v\u00e4ri luo luonnollisen ilmeen. Vegwaren palkittu laatu, valmistettu kasveista. Suunniteltu koti- tai teollisuuskompostointiin, valmistettu kierr\u00e4tett\u00e4vist\u00e4 materiaaleista.<DIV class='hide'>5056156915496 V4-GB32N<\/DIV><\/p>\n","protected":false},"featured_media":2788401,"template":"","meta":[],"product_brand":[],"product_cat":[7165,6975,6984,7163],"product_tag":[],"class_list":{"0":"post-2788400","1":"product","2":"type-product","3":"status-publish","4":"has-post-thumbnail","6":"product_cat-einekarbid1","7":"product_cat-kiirtoidunoud1","8":"product_cat-toidukandikud","9":"product_cat-uhekordsed-toidukarbid-ja-kaaned","10":"product_shipping_class-mix","12":"first","13":"outofstock","14":"taxable","15":"shipping-taxable","16":"purchasable","17":"product-type-simple"},"aioseo_notices":[],"_links":{"self":[{"href":"https:\/\/mixpack.ee\/fi\/wp-json\/wp\/v2\/product\/2788400","targetHints":{"allow":["GET"]}}],"collection":[{"href":"https:\/\/mixpack.ee\/fi\/wp-json\/wp\/v2\/product"}],"about":[{"href":"https:\/\/mixpack.ee\/fi\/wp-json\/wp\/v2\/types\/product"}],"wp:featuredmedia":[{"embeddable":true,"href":"https:\/\/mixpack.ee\/fi\/wp-json\/wp\/v2\/media\/2788401"}],"wp:attachment":[{"href":"https:\/\/mixpack.ee\/fi\/wp-json\/wp\/v2\/media?parent=2788400"}],"wp:term":[{"taxonomy":"product_brand","embeddable":true,"href":"https:\/\/mixpack.ee\/fi\/wp-json\/wp\/v2\/product_brand?post=2788400"},{"taxonomy":"product_cat","embeddable":true,"href":"https:\/\/mixpack.ee\/fi\/wp-json\/wp\/v2\/product_cat?post=2788400"},{"taxonomy":"product_tag","embeddable":true,"href":"https:\/\/mixpack.ee\/fi\/wp-json\/wp\/v2\/product_tag?post=2788400"}],"curies":[{"name":"wp","href":"https:\/\/api.w.org\/{rel}","templated":true}]}}