{"id":2786981,"date":"2024-05-31T11:26:21","date_gmt":"2024-05-31T11:26:21","guid":{"rendered":""},"modified":"2024-05-31T11:26:21","modified_gmt":"2024-05-31T11:26:21","slug":"203-x-152-mm-toidualus-mikrolainepapist-pakis-200-tk","status":"publish","type":"product","link":"https:\/\/mixpack.ee\/fi\/product\/203-x-152-mm-toidualus-mikrolainepapist-pakis-200-tk\/","title":{"rendered":"203 x 152 mm mikroaaltouunin pahvikartonki, 200 kpl per pakkaus"},"content":{"rendered":"<p><TABLE> <TR class='ss_at' ss_attr='T\u00fckkide arv pakendis' ><br \/>\n<TD class='ss_at_name'>Kappaletta pakkauksessa<\/TD><br \/>\n<TD class='ss_at_val'>200<\/TD><br \/>\n<\/TR><br \/>\n<TR class='ss_at' ss_attr='EAN' ><br \/>\n<TD class='ss_at_name'>EAN<\/TD><br \/>\n<TD class='ss_at_val'>5056156914529<\/TD><br \/>\n<\/TR><br \/>\n<TR class='ss_at' ss_attr='Pakke\u00fcksuste arv kastis' ><br \/>\n<TD class='ss_at_name'>Pakkauksia laatikossa<\/TD><br \/>\n<TD class='ss_at_val'>1<\/TD><br \/>\n<\/TR><br \/>\n<TR class='ss_at' ss_attr='T\u00fckkide arv kastis' ><br \/>\n<TD class='ss_at_name'>Kappaletta laatikossa<\/TD><br \/>\n<TD class='ss_at_val'>200<\/TD><br \/>\n<\/TR><br \/>\n<\/TABLE><SCRIPT>ss_serdce=0;ss_treug=0;ss_elka=0;ss_petla=0;ss_carbon=0;ss_piece_count=200 ;ss_korobka_count=1 ;<\/SCRIPT><\/p>","protected":false},"excerpt":{"rendered":"<p>Premium 203 x 152 mm mikroaaltouunin pahvista ruokatarjotin l\u00e4mm\u00f6n s\u00e4ilytt\u00e4miseen. Kevyt, kest\u00e4v\u00e4 ja pinottava. Sopii<br \/>\n myyt\u00e4v\u00e4n\u00e4 take-away pikaruokaravintoloissa. Soveltuu my\u00f6s kosketukseen kylm\u00e4n ja kuuman ruoan kanssa. Kasvisruokaa ymp\u00e4rist\u00f6yst\u00e4v\u00e4llisell\u00e4 viestill\u00e4. Palkittu Vegware-laatu, valmistettu kasveista, ei muovista. Kompostoitu, jos hyv\u00e4ksyt\u00e4\u00e4n.<DIV class='hide'>5056156914529 MFT-8X6<\/DIV><\/p>\n","protected":false},"featured_media":2787608,"template":"","meta":[],"product_brand":[],"product_cat":[6975,7032,7233,7091,6985,6984],"product_tag":[],"class_list":{"0":"post-2786981","1":"product","2":"type-product","3":"status-publish","4":"has-post-thumbnail","6":"product_cat-kiirtoidunoud1","7":"product_cat-taldrikud-ja-kausid","8":"product_cat-toidualused","9":"product_cat-toidualused-kraft-paberist","10":"product_cat-toidualused-paberist","11":"product_cat-toidukandikud","12":"product_shipping_class-mix","14":"first","15":"outofstock","16":"taxable","17":"shipping-taxable","18":"purchasable","19":"product-type-simple"},"aioseo_notices":[],"_links":{"self":[{"href":"https:\/\/mixpack.ee\/fi\/wp-json\/wp\/v2\/product\/2786981","targetHints":{"allow":["GET"]}}],"collection":[{"href":"https:\/\/mixpack.ee\/fi\/wp-json\/wp\/v2\/product"}],"about":[{"href":"https:\/\/mixpack.ee\/fi\/wp-json\/wp\/v2\/types\/product"}],"wp:featuredmedia":[{"embeddable":true,"href":"https:\/\/mixpack.ee\/fi\/wp-json\/wp\/v2\/media\/2787608"}],"wp:attachment":[{"href":"https:\/\/mixpack.ee\/fi\/wp-json\/wp\/v2\/media?parent=2786981"}],"wp:term":[{"taxonomy":"product_brand","embeddable":true,"href":"https:\/\/mixpack.ee\/fi\/wp-json\/wp\/v2\/product_brand?post=2786981"},{"taxonomy":"product_cat","embeddable":true,"href":"https:\/\/mixpack.ee\/fi\/wp-json\/wp\/v2\/product_cat?post=2786981"},{"taxonomy":"product_tag","embeddable":true,"href":"https:\/\/mixpack.ee\/fi\/wp-json\/wp\/v2\/product_tag?post=2786981"}],"curies":[{"name":"wp","href":"https:\/\/api.w.org\/{rel}","templated":true}]}}