{"id":2785766,"date":"2024-05-31T11:26:20","date_gmt":"2024-05-31T11:26:20","guid":{"rendered":""},"modified":"2024-05-31T11:26:20","modified_gmt":"2024-05-31T11:26:20","slug":"burgeri-karp-vegware-nourish-kiudmaterjalist-152-mm-pakis-50-tk","status":"publish","type":"product","link":"https:\/\/mixpack.ee\/fi\/product\/burgeri-karp-vegware-nourish-kiudmaterjalist-152-mm-pakis-50-tk\/","title":{"rendered":"Vegware Nourish -kuitumateriaalista valmistettu hampurilainen laatikko, 152 mm, 50 kpl per pakkaus"},"content":{"rendered":"<p><TABLE> <TR class='ss_at' ss_attr='T\u00fckkide arv pakendis' ><br \/>\n<TD class='ss_at_name'>Kappaletta pakkauksessa<\/TD><br \/>\n<TD class='ss_at_val'>50<\/TD><br \/>\n<\/TR><br \/>\n<TR class='ss_at' ss_attr='EAN' ><br \/>\n<TD class='ss_at_name'>EAN<\/TD><br \/>\n<TD class='ss_at_val'>5056156915434<\/TD><br \/>\n<\/TR><br \/>\n<TR class='ss_at' ss_attr='T\u00fckkide arv kastis' ><br \/>\n<TD class='ss_at_name'>Kappaletta laatikossa<\/TD><br \/>\n<TD class='ss_at_val'>500<\/TD><br \/>\n<\/TR><br \/>\n<\/TABLE><SCRIPT>ss_serdce=0;ss_treug=0;ss_elka=0;ss_petla=0;ss_carbon=0;ss_piece_count=50 ;ss_korobka_count=1 ;<\/SCRIPT><\/p>","protected":false},"excerpt":{"rendered":"<p>K\u00e4yt\u00e4nn\u00f6llinen ja tyylik\u00e4s ruokalaatikko Vegware Nourish -kuitumateriaalista ilman lis\u00e4tty\u00e4 PFAS:\u00e4\u00e4. Laatikossa ei tapahdu kondenssivett\u00e4 kuten muovilla, joten ruoka pysyy kuumana ja rapeana samanaikaisesti. Kuitumateriaali on valmistettu kierr\u00e4tetyst\u00e4 luonnonmateriaalista, kuten sokeriruo&#8217;osta, bambusta tai puumassasta. Vegwaren palkittu laatu, valmistettu kasveista. Suunniteltu koti- tai teollisuuskompostointiin, valmistettu kierr\u00e4tett\u00e4vist\u00e4 materiaaleista<DIV class='hide'>5056156915434 B003N<\/DIV><\/p>\n","protected":false},"featured_media":2785767,"template":"","meta":[],"product_brand":[],"product_cat":[7006,7106,6975,7169,7155,7163],"product_tag":[],"class_list":{"0":"post-2785766","1":"product","2":"type-product","3":"status-publish","4":"has-post-thumbnail","6":"product_cat-burgerikarbid","7":"product_cat-kiirtoidu-pakendid1","8":"product_cat-kiirtoidunoud1","9":"product_cat-take-away-karbid3","10":"product_cat-toidupakendid","11":"product_cat-uhekordsed-toidukarbid-ja-kaaned","12":"product_shipping_class-mix","14":"first","15":"outofstock","16":"taxable","17":"shipping-taxable","18":"purchasable","19":"product-type-simple"},"aioseo_notices":[],"_links":{"self":[{"href":"https:\/\/mixpack.ee\/fi\/wp-json\/wp\/v2\/product\/2785766","targetHints":{"allow":["GET"]}}],"collection":[{"href":"https:\/\/mixpack.ee\/fi\/wp-json\/wp\/v2\/product"}],"about":[{"href":"https:\/\/mixpack.ee\/fi\/wp-json\/wp\/v2\/types\/product"}],"wp:featuredmedia":[{"embeddable":true,"href":"https:\/\/mixpack.ee\/fi\/wp-json\/wp\/v2\/media\/2785767"}],"wp:attachment":[{"href":"https:\/\/mixpack.ee\/fi\/wp-json\/wp\/v2\/media?parent=2785766"}],"wp:term":[{"taxonomy":"product_brand","embeddable":true,"href":"https:\/\/mixpack.ee\/fi\/wp-json\/wp\/v2\/product_brand?post=2785766"},{"taxonomy":"product_cat","embeddable":true,"href":"https:\/\/mixpack.ee\/fi\/wp-json\/wp\/v2\/product_cat?post=2785766"},{"taxonomy":"product_tag","embeddable":true,"href":"https:\/\/mixpack.ee\/fi\/wp-json\/wp\/v2\/product_tag?post=2785766"}],"curies":[{"name":"wp","href":"https:\/\/api.w.org\/{rel}","templated":true}]}}