{"id":2785759,"date":"2024-05-31T11:26:20","date_gmt":"2024-05-31T11:26:20","guid":{"rendered":""},"modified":"2024-05-31T11:26:20","modified_gmt":"2024-05-31T11:26:20","slug":"topeltseinaga-joogitops-kraft-paberist-360-ml-pruun-89-seeria-pakis-25-tk1","status":"publish","type":"product","link":"https:\/\/mixpack.ee\/fi\/product\/topeltseinaga-joogitops-kraft-paberist-360-ml-pruun-89-seeria-pakis-25-tk1\/","title":{"rendered":"Kaksikerroksinen valkoinen paperi, maissit\u00e4rkkelyksell\u00e4 p\u00e4\u00e4llystetty kuumajuomakuppi 360 ml, sarja 79, 25 kpl per pakkaus"},"content":{"rendered":"<p><TABLE> <TR class='ss_at' ss_attr='T\u00fckkide arv pakendis' ><br \/>\n<TD class='ss_at_name'>Kappaletta pakkauksessa<\/TD><br \/>\n<TD class='ss_at_val'>25<\/TD><br \/>\n<\/TR><br \/>\n<TR class='ss_at' ss_attr='EAN' ><br \/>\n<TD class='ss_at_name'>EAN<\/TD><br \/>\n<TD class='ss_at_val'>5056156913874<\/TD><br \/>\n<\/TR><br \/>\n<TR class='ss_at' ss_attr='T\u00fckkide arv kastis' ><br \/>\n<TD class='ss_at_name'>Kappaletta laatikossa<\/TD><br \/>\n<TD class='ss_at_val'>500<\/TD><br \/>\n<\/TR><br \/>\n<\/TABLE><SCRIPT>ss_serdce=0;ss_treug=0;ss_elka=0;ss_petla=0;ss_carbon=0;ss_piece_count=25 ;ss_korobka_count=1 ;<\/SCRIPT><\/p>","protected":false},"excerpt":{"rendered":"<p>Klassiset kaksisein\u00e4kupit, nyt valkoisena. Sopii Vegwaren 89-sarjan kansiin. Kahville, teelle ja kaikille kuumille juomille tai keittoon mukaan. Kaksi kerrosta kest\u00e4v\u00e4sti tuotettua kartonkia kasvipohjaisella PLA-vuorella. Raikas valkoinen, Vegware-viestit vihre\u00e4n\u00e4. Vegwaren palkittu laatu, valmistettu kasveista. Suunniteltu teolliseen kompostointiin; kierr\u00e4tett\u00e4v\u00e4 kahvikuppien kierr\u00e4tysj\u00e4rjestelmiss\u00e4 \u2013 tarkista paikalliset vaihtoehdot.<DIV class='hide'>5056156913874 VDW-W12<\/DIV><\/p>\n","protected":false},"featured_media":2785760,"template":"","meta":[],"product_brand":[],"product_cat":[7010,7021,6560],"product_tag":[],"class_list":{"0":"post-2785759","1":"product","2":"type-product","3":"status-publish","4":"has-post-thumbnail","6":"product_cat-joogitopsid1","7":"product_cat-kohvitopsid1","8":"product_cat-kohvitarvikud","9":"product_shipping_class-mix","11":"first","12":"instock","13":"taxable","14":"shipping-taxable","15":"purchasable","16":"product-type-simple"},"aioseo_notices":[],"_links":{"self":[{"href":"https:\/\/mixpack.ee\/fi\/wp-json\/wp\/v2\/product\/2785759","targetHints":{"allow":["GET"]}}],"collection":[{"href":"https:\/\/mixpack.ee\/fi\/wp-json\/wp\/v2\/product"}],"about":[{"href":"https:\/\/mixpack.ee\/fi\/wp-json\/wp\/v2\/types\/product"}],"wp:featuredmedia":[{"embeddable":true,"href":"https:\/\/mixpack.ee\/fi\/wp-json\/wp\/v2\/media\/2785760"}],"wp:attachment":[{"href":"https:\/\/mixpack.ee\/fi\/wp-json\/wp\/v2\/media?parent=2785759"}],"wp:term":[{"taxonomy":"product_brand","embeddable":true,"href":"https:\/\/mixpack.ee\/fi\/wp-json\/wp\/v2\/product_brand?post=2785759"},{"taxonomy":"product_cat","embeddable":true,"href":"https:\/\/mixpack.ee\/fi\/wp-json\/wp\/v2\/product_cat?post=2785759"},{"taxonomy":"product_tag","embeddable":true,"href":"https:\/\/mixpack.ee\/fi\/wp-json\/wp\/v2\/product_tag?post=2785759"}],"curies":[{"name":"wp","href":"https:\/\/api.w.org\/{rel}","templated":true}]}}