{"id":2785753,"date":"2024-05-31T11:26:20","date_gmt":"2024-05-31T11:26:20","guid":{"rendered":""},"modified":"2026-02-16T14:06:06","modified_gmt":"2026-02-16T12:06:06","slug":"topeltseinaga-joogitops-kraft-paberist-360-ml-pruun-89-seeria-pakis-25-tk2","status":"publish","type":"product","link":"https:\/\/mixpack.ee\/fi\/product\/topeltseinaga-joogitops-kraft-paberist-360-ml-pruun-89-seeria-pakis-25-tk2\/","title":{"rendered":"Juomamuki, kaksinkertainen kraft-paperi, 360 ml sarja 89, 25 kpl per pakkaus, 25 kpl per pakkaus"},"content":{"rendered":"<p><TABLE> <TR class='ss_at'><br \/>\n<TD class='ss_at_name'>Kappaletta pakkauksessa<\/TD><br \/>\n<TD class='ss_at_val'>25<\/TD><br \/>\n<\/TR><br \/>\n<TR class='ss_at'><br \/>\n<TD class='ss_at_name'>EAN<\/TD><br \/>\n<TD class='ss_at_val'>5060271920136<\/TD><br \/>\n<\/TR><br \/>\n<TR class='ss_at'><br \/>\n<TD class='ss_at_name'>Kappaletta laatikossa<\/TD><br \/>\n<TD class='ss_at_val'>500<\/TD><br \/>\n<\/TR><br \/>\n<\/TABLE>ss_serdce=0;ss_treug=0;ss_elka=0;ss_petla=0;ss_carbon=0;ss_piece_count=25 ;ss_korobka_count=1 ;<\/p>","protected":false},"excerpt":{"rendered":"<p>Paras kaksoissein\u00e4inen ja ekologinen kuumien juomien kuppi. Sopii Vegware 89 -sarjan kupinkansiin. Parhaimmillaan kahvin, teen tai muun kuuman juoman kanssa tai vaikka keittolautasena. Kaksi kest\u00e4v\u00e4sti tuotetusta pahvista valmistettua kerrosta, sis\u00e4puolella ymp\u00e4rist\u00f6yst\u00e4v\u00e4llinen PLA-pinnoite. Vegwaren ymp\u00e4rist\u00f6yst\u00e4v\u00e4n painatus. Palkittua Vegware-laatua, kasvipohjainen materiaali, ei sis\u00e4ll\u00e4 muovia. Teollisesti kompostoitava.<DIV class='hide'>5060271920136 VDW-12<\/DIV><\/p>\n","protected":false},"featured_media":2785754,"template":"","meta":[],"product_brand":[],"product_cat":[7010,7021,6560],"product_tag":[],"class_list":{"0":"post-2785753","1":"product","2":"type-product","3":"status-publish","4":"has-post-thumbnail","6":"product_cat-joogitopsid1","7":"product_cat-kohvitopsid1","8":"product_cat-kohvitarvikud","9":"product_shipping_class-mix","11":"first","12":"instock","13":"taxable","14":"shipping-taxable","15":"purchasable","16":"product-type-simple"},"aioseo_notices":[],"_links":{"self":[{"href":"https:\/\/mixpack.ee\/fi\/wp-json\/wp\/v2\/product\/2785753","targetHints":{"allow":["GET"]}}],"collection":[{"href":"https:\/\/mixpack.ee\/fi\/wp-json\/wp\/v2\/product"}],"about":[{"href":"https:\/\/mixpack.ee\/fi\/wp-json\/wp\/v2\/types\/product"}],"wp:featuredmedia":[{"embeddable":true,"href":"https:\/\/mixpack.ee\/fi\/wp-json\/wp\/v2\/media\/2785754"}],"wp:attachment":[{"href":"https:\/\/mixpack.ee\/fi\/wp-json\/wp\/v2\/media?parent=2785753"}],"wp:term":[{"taxonomy":"product_brand","embeddable":true,"href":"https:\/\/mixpack.ee\/fi\/wp-json\/wp\/v2\/product_brand?post=2785753"},{"taxonomy":"product_cat","embeddable":true,"href":"https:\/\/mixpack.ee\/fi\/wp-json\/wp\/v2\/product_cat?post=2785753"},{"taxonomy":"product_tag","embeddable":true,"href":"https:\/\/mixpack.ee\/fi\/wp-json\/wp\/v2\/product_tag?post=2785753"}],"curies":[{"name":"wp","href":"https:\/\/api.w.org\/{rel}","templated":true}]}}