{"id":2766955,"date":"2024-05-31T11:26:18","date_gmt":"2024-05-31T11:26:18","guid":{"rendered":""},"modified":"2024-05-31T11:26:18","modified_gmt":"2024-05-31T11:26:18","slug":"biopap-easy-system-si-17-pakis-600-tk","status":"publish","type":"product","link":"https:\/\/mixpack.ee\/fi\/product\/biopap-easy-system-si-17-pakis-600-tk\/","title":{"rendered":"Biopap easy system SI-17, 600 kpl per pakkaus"},"content":{"rendered":"<p><TABLE> <TR class='ss_at' ss_attr='Suurus' ><br \/>\n<TD class='ss_at_name'>Koko<\/TD><br \/>\n<TD class='ss_at_val'>595 ml<\/TD><br \/>\n<\/TR><br \/>\n<TR class='ss_at' ss_attr='T\u00fckkide arv pakendis' ><br \/>\n<TD class='ss_at_name'>Kappaletta pakkauksessa<\/TD><br \/>\n<TD class='ss_at_val'>600<\/TD><br \/>\n<\/TR><br \/>\n<TR class='ss_at' ss_attr='EAN' ><br \/>\n<TD class='ss_at_name'>EAN<\/TD><br \/>\n<TD class='ss_at_val'>0<\/TD><br \/>\n<\/TR><br \/>\n<TR class='ss_at' ss_attr='Pakke\u00fcksuste arv kastis' ><br \/>\n<TD class='ss_at_name'>Pakkauksia laatikossa<\/TD><br \/>\n<TD class='ss_at_val'>1<\/TD><br \/>\n<\/TR><br \/>\n<TR class='ss_at' ss_attr='T\u00fckkide arv kastis' ><br \/>\n<TD class='ss_at_name'>Kappaletta laatikossa<\/TD><br \/>\n<TD class='ss_at_val'>600<\/TD><br \/>\n<\/TR><br \/>\n<TR class='ss_at' ss_attr='Karpi pikkus (m)' ><br \/>\n<TD class='ss_at_name'>Laatikon pituus (m)<\/TD><br \/>\n<TD class='ss_at_val'>0,143<\/TD><br \/>\n<\/TR><br \/>\n<TR class='ss_at' ss_attr='Kasti k\u00f5rgus (m)' ><br \/>\n<TD class='ss_at_name'>Laatikon korkeus (m)<\/TD><br \/>\n<TD class='ss_at_val'>0,165<\/TD><br \/>\n<\/TR><br \/>\n<TR class='ss_at' ss_attr='Kasti s\u00fcgavus (m)' ><br \/>\n<TD class='ss_at_name'>Laatikon syvyys (m)<\/TD><br \/>\n<TD class='ss_at_val'>0,45<\/TD><br \/>\n<\/TR><br \/>\n<\/TABLE><SCRIPT>ss_serdce=0;ss_treug=0;ss_elka=0;ss_petla=0;ss_carbon=0;ss_piece_count=600 ;ss_korobka_count=1 ;<\/SCRIPT><\/p>","protected":false},"excerpt":{"rendered":"<p>BIOPAP Easy -j\u00e4rjestelm\u00e4\u00e4n kuuluu BIOPAP\u00ae rasiat, puoliautomaattinen suljinkone ja kompostoituva suljentakalvo, jotka yhdess\u00e4 muodostavat toimivan kokonaisuuden. Huolella ja rakkaudella valmistamasi ruoka ansaiitsee matkalleen keitti\u00f6st\u00e4 asiakkaan p\u00f6yt\u00e4\u00e4n Italiassa valmistetun turvallisen ja k\u00e4tev\u00e4n pakkausratkaisun. J\u00e4rjestelm\u00e4ss\u00e4 yhdistyv\u00e4t teollisuusteknologinen turvallisuus ja nopeus kompostoituvien BIOPAP-pakausten helppok\u00e4ytt\u00f6isyyden ja ymp\u00e4rist\u00f6yst\u00e4v\u00e4llisyyden kanssa.<br \/>\nK\u00e4ytt\u00f6kohteet:<br \/>\nTuoreiden ja kypsennettyjen vihannesten pakkaus<br \/>\nTuoreiden ja kuivattujen hedelmien pakkaus<br \/>\nTuoreiden, varastoitujen ja pehmeiden juustojen pakkaus<br \/>\nRavintoloiden suurannosten pakkaus<br \/>\nPikaruoka-aterioiden pakkaus<br \/>\nTuorepastan, t\u00e4ytetyn pastan, kuivan tai esikeitetyn pastan pakkaus.<DIV class='hide'>0 SI-17<\/DIV><\/p>\n","protected":false},"featured_media":2766956,"template":"","meta":[],"product_brand":[],"product_cat":[6908],"product_tag":[],"class_list":{"0":"post-2766955","1":"product","2":"type-product","3":"status-publish","4":"has-post-thumbnail","6":"product_cat-biopap","7":"product_shipping_class-mix","9":"first","10":"instock","11":"taxable","12":"shipping-taxable","13":"purchasable","14":"product-type-simple"},"aioseo_notices":[],"_links":{"self":[{"href":"https:\/\/mixpack.ee\/fi\/wp-json\/wp\/v2\/product\/2766955","targetHints":{"allow":["GET"]}}],"collection":[{"href":"https:\/\/mixpack.ee\/fi\/wp-json\/wp\/v2\/product"}],"about":[{"href":"https:\/\/mixpack.ee\/fi\/wp-json\/wp\/v2\/types\/product"}],"wp:featuredmedia":[{"embeddable":true,"href":"https:\/\/mixpack.ee\/fi\/wp-json\/wp\/v2\/media\/2766956"}],"wp:attachment":[{"href":"https:\/\/mixpack.ee\/fi\/wp-json\/wp\/v2\/media?parent=2766955"}],"wp:term":[{"taxonomy":"product_brand","embeddable":true,"href":"https:\/\/mixpack.ee\/fi\/wp-json\/wp\/v2\/product_brand?post=2766955"},{"taxonomy":"product_cat","embeddable":true,"href":"https:\/\/mixpack.ee\/fi\/wp-json\/wp\/v2\/product_cat?post=2766955"},{"taxonomy":"product_tag","embeddable":true,"href":"https:\/\/mixpack.ee\/fi\/wp-json\/wp\/v2\/product_tag?post=2766955"}],"curies":[{"name":"wp","href":"https:\/\/api.w.org\/{rel}","templated":true}]}}