{"id":2766347,"date":"2024-05-31T11:26:15","date_gmt":"2024-05-31T11:26:15","guid":{"rendered":""},"modified":"2024-05-31T11:26:15","modified_gmt":"2024-05-31T11:26:15","slug":"wrapi-pakend-279-x-342-x-203-mm-pakis-500-tk","status":"publish","type":"product","link":"https:\/\/mixpack.ee\/fi\/product\/wrapi-pakend-279-x-342-x-203-mm-pakis-500-tk\/","title":{"rendered":"Wrap-pakkaus (279 x 342 x 203 mm), 500 kpl per pakkaus"},"content":{"rendered":"<p><TABLE> <TR class='ss_at' ss_attr='Suurus' ><br \/>\n<TD class='ss_at_name'>Koko<\/TD><br \/>\n<TD class='ss_at_val'>279 x 342 x 203 mm<\/TD><br \/>\n<\/TR><br \/>\n<TR class='ss_at' ss_attr='T\u00fckkide arv pakendis' ><br \/>\n<TD class='ss_at_name'>Kappaletta pakkauksessa<\/TD><br \/>\n<TD class='ss_at_val'>500<\/TD><br \/>\n<\/TR><br \/>\n<TR class='ss_at' ss_attr='EAN' ><br \/>\n<TD class='ss_at_name'>EAN<\/TD><br \/>\n<TD class='ss_at_val'>5060271922727<\/TD><br \/>\n<\/TR><br \/>\n<TR class='ss_at' ss_attr='Pakke\u00fcksuste arv kastis' ><br \/>\n<TD class='ss_at_name'>Pakkauksia laatikossa<\/TD><br \/>\n<TD class='ss_at_val'>1<\/TD><br \/>\n<\/TR><br \/>\n<TR class='ss_at' ss_attr='T\u00fckkide arv kastis' ><br \/>\n<TD class='ss_at_name'>Kappaletta laatikossa<\/TD><br \/>\n<TD class='ss_at_val'>500<\/TD><br \/>\n<\/TR><br \/>\n<TR class='ss_at' ss_attr='Karpi pikkus (m)' ><br \/>\n<TD class='ss_at_name'>Laatikon pituus (m)<\/TD><br \/>\n<TD class='ss_at_val'>0,43<\/TD><br \/>\n<\/TR><br \/>\n<TR class='ss_at' ss_attr='Kasti k\u00f5rgus (m)' ><br \/>\n<TD class='ss_at_name'>Laatikon korkeus (m)<\/TD><br \/>\n<TD class='ss_at_val'>0,33<\/TD><br \/>\n<\/TR><br \/>\n<TR class='ss_at' ss_attr='Kasti s\u00fcgavus (m)' ><br \/>\n<TD class='ss_at_name'>Laatikon syvyys (m)<\/TD><br \/>\n<TD class='ss_at_val'>0,5<\/TD><br \/>\n<\/TR><br \/>\n<TR class='ss_at' ss_attr='Kasti maht (m)' ><br \/>\n<TD class='ss_at_name'>Laatikon tilavuus (m)<\/TD><br \/>\n<TD class='ss_at_val'>0,071<\/TD><br \/>\n<\/TR><br \/>\n<TR class='ss_at' ss_attr='1.7m kaubaaluste kogus' ><br \/>\n<TD class='ss_at_name'>1,7m lavoja<\/TD><br \/>\n<TD class='ss_at_val'>150<\/TD><br \/>\n<\/TR><br \/>\n<TR class='ss_at' ss_attr='2.1m kaubaaluste kogus' ><br \/>\n<TD class='ss_at_name'>2,1m lavoja<\/TD><br \/>\n<TD class='ss_at_val'>150<\/TD><br \/>\n<\/TR><br \/>\n<TR class='ss_at' ss_attr='Kauba netokaal (kg)' ><br \/>\n<TD class='ss_at_name'>Tavaran nettopaino (kg)<\/TD><br \/>\n<TD class='ss_at_val'>2,1<\/TD><br \/>\n<\/TR><br \/>\n<TR class='ss_at' ss_attr='Toote kogukaal (kg)' ><br \/>\n<TD class='ss_at_name'>Tuotteen kokopaino (kg)<\/TD><br \/>\n<TD class='ss_at_val'>2,4<\/TD><br \/>\n<\/TR><br \/>\n<TR class='ss_at' ss_attr='V\u00e4line pakkimiskaal (kg)' ><br \/>\n<TD class='ss_at_name'>Ulkoinen paino (kg)<\/TD><br \/>\n<TD class='ss_at_val'>0,3<\/TD><br \/>\n<\/TR><br \/>\n<TR class='ss_at' ss_attr='Sisupakendi kaal (kg)' ><br \/>\n<TD class='ss_at_name'>Sis\u00e4inen paino (kg)<\/TD><br \/>\n<TD class='ss_at_val'>0<\/TD><br \/>\n<\/TR><br \/>\n<TR class='ss_at' ss_attr='Pakkendi kaal (kg)' ><br \/>\n<TD class='ss_at_name'>Pakkauksen paino (kg)<\/TD><br \/>\n<TD class='ss_at_val'>2,1<\/TD><br \/>\n<\/TR><br \/>\n<\/TABLE><SCRIPT>ss_serdce=1;ss_treug=0;ss_elka=1;ss_petla=1;ss_carbon=0;ss_piece_count=500 ;ss_korobka_count=1 ;<\/SCRIPT><\/p>","protected":false},"excerpt":{"rendered":"<p>Kuumaa kest\u00e4v\u00e4\u00e4 wrap-pakkausta voi kuumentaa, kuljettaa ja aterian voi tarjoilla siin\u00e4 ilman, ett\u00e4 ruokaa tarvitsee siirrell\u00e4 pakkauksesta tai astiasta toiseen. T\u00e4yt\u00e4 wrap, pakkaa se t\u00e4h\u00e4n, l\u00e4mmit\u00e4 ja tarjoile! Ennen sy\u00f6mist\u00e4 pakkaus revit\u00e4\u00e4n auki merkityst\u00e4 kohdasta ja nautitaan sis\u00e4lt\u00f6, eiv\u00e4tk\u00e4 kastikkeet tai sulanut juusto valu heti pitkin k\u00e4sivarsia.<DIV class='hide'>5060271922727 VOW-GP1<\/DIV><\/p>\n","protected":false},"featured_media":2766348,"template":"","meta":[],"product_brand":[],"product_cat":[6977,6990,6531,6539,6595,6610],"product_tag":[],"class_list":{"0":"post-2766347","1":"product","2":"type-product","3":"status-publish","4":"has-post-thumbnail","6":"product_cat-kotid1","7":"product_cat-termokotid-ja-toidukotid","8":"product_cat-populaarsed-valikud","9":"product_cat-kaukaasia-kook","10":"product_cat-kuumakotid2","11":"product_cat-wrapi-pakend","12":"product_shipping_class-mix","14":"first","15":"instock","16":"taxable","17":"shipping-taxable","18":"purchasable","19":"product-type-simple"},"aioseo_notices":[],"_links":{"self":[{"href":"https:\/\/mixpack.ee\/fi\/wp-json\/wp\/v2\/product\/2766347","targetHints":{"allow":["GET"]}}],"collection":[{"href":"https:\/\/mixpack.ee\/fi\/wp-json\/wp\/v2\/product"}],"about":[{"href":"https:\/\/mixpack.ee\/fi\/wp-json\/wp\/v2\/types\/product"}],"wp:featuredmedia":[{"embeddable":true,"href":"https:\/\/mixpack.ee\/fi\/wp-json\/wp\/v2\/media\/2766348"}],"wp:attachment":[{"href":"https:\/\/mixpack.ee\/fi\/wp-json\/wp\/v2\/media?parent=2766347"}],"wp:term":[{"taxonomy":"product_brand","embeddable":true,"href":"https:\/\/mixpack.ee\/fi\/wp-json\/wp\/v2\/product_brand?post=2766347"},{"taxonomy":"product_cat","embeddable":true,"href":"https:\/\/mixpack.ee\/fi\/wp-json\/wp\/v2\/product_cat?post=2766347"},{"taxonomy":"product_tag","embeddable":true,"href":"https:\/\/mixpack.ee\/fi\/wp-json\/wp\/v2\/product_tag?post=2766347"}],"curies":[{"name":"wp","href":"https:\/\/api.w.org\/{rel}","templated":true}]}}