{"id":2766011,"date":"2024-05-31T11:26:13","date_gmt":"2024-05-31T11:26:13","guid":{"rendered":""},"modified":"2024-05-31T11:26:13","modified_gmt":"2024-05-31T11:26:13","slug":"toidukarp-suhkruroost-228-x-152-mm-pakis-50-tk","status":"publish","type":"product","link":"https:\/\/mixpack.ee\/fi\/product\/toidukarp-suhkruroost-228-x-152-mm-pakis-50-tk\/","title":{"rendered":"Ateriarasia, sokeriruoko (228 x 152 mm), 50 kpl per pakkaus"},"content":{"rendered":"<p><TABLE> <TR class='ss_at' ss_attr='Suurus' ><br \/>\n<TD class='ss_at_name'>Koko<\/TD><br \/>\n<TD class='ss_at_val'>228 x 152 mm<\/TD><br \/>\n<\/TR><br \/>\n<TR class='ss_at' ss_attr='T\u00fckkide arv pakendis' ><br \/>\n<TD class='ss_at_name'>Kappaletta pakkauksessa<\/TD><br \/>\n<TD class='ss_at_val'>50<\/TD><br \/>\n<\/TR><br \/>\n<TR class='ss_at' ss_attr='EAN' ><br \/>\n<TD class='ss_at_name'>EAN<\/TD><br \/>\n<TD class='ss_at_val'>5060271920358<\/TD><br \/>\n<\/TR><br \/>\n<TR class='ss_at' ss_attr='Pakke\u00fcksuste arv kastis' ><br \/>\n<TD class='ss_at_name'>Pakkauksia laatikossa<\/TD><br \/>\n<TD class='ss_at_val'>4<\/TD><br \/>\n<\/TR><br \/>\n<TR class='ss_at' ss_attr='T\u00fckkide arv kastis' ><br \/>\n<TD class='ss_at_name'>Kappaletta laatikossa<\/TD><br \/>\n<TD class='ss_at_val'>200<\/TD><br \/>\n<\/TR><br \/>\n<TR class='ss_at' ss_attr='Karpi pikkus (m)' ><br \/>\n<TD class='ss_at_name'>Laatikon pituus (m)<\/TD><br \/>\n<TD class='ss_at_val'>0,35<\/TD><br \/>\n<\/TR><br \/>\n<TR class='ss_at' ss_attr='Kasti k\u00f5rgus (m)' ><br \/>\n<TD class='ss_at_name'>Laatikon korkeus (m)<\/TD><br \/>\n<TD class='ss_at_val'>0,23<\/TD><br \/>\n<\/TR><br \/>\n<TR class='ss_at' ss_attr='Kasti s\u00fcgavus (m)' ><br \/>\n<TD class='ss_at_name'>Laatikon syvyys (m)<\/TD><br \/>\n<TD class='ss_at_val'>0,33<\/TD><br \/>\n<\/TR><br \/>\n<TR class='ss_at' ss_attr='Kasti maht (m)' ><br \/>\n<TD class='ss_at_name'>Laatikon tilavuus (m)<\/TD><br \/>\n<TD class='ss_at_val'>0,027<\/TD><br \/>\n<\/TR><br \/>\n<TR class='ss_at' ss_attr='1.7m kaubaaluste kogus' ><br \/>\n<TD class='ss_at_name'>1,7m lavoja<\/TD><br \/>\n<TD class='ss_at_val'>45<\/TD><br \/>\n<\/TR><br \/>\n<TR class='ss_at' ss_attr='2.1m kaubaaluste kogus' ><br \/>\n<TD class='ss_at_name'>2,1m lavoja<\/TD><br \/>\n<TD class='ss_at_val'>70<\/TD><br \/>\n<\/TR><br \/>\n<TR class='ss_at' ss_attr='Kauba netokaal (kg)' ><br \/>\n<TD class='ss_at_name'>Tavaran nettopaino (kg)<\/TD><br \/>\n<TD class='ss_at_val'>5,58<\/TD><br \/>\n<\/TR><br \/>\n<TR class='ss_at' ss_attr='Toote kogukaal (kg)' ><br \/>\n<TD class='ss_at_name'>Tuotteen kokopaino (kg)<\/TD><br \/>\n<TD class='ss_at_val'>6,4<\/TD><br \/>\n<\/TR><br \/>\n<TR class='ss_at' ss_attr='V\u00e4line pakkimiskaal (kg)' ><br \/>\n<TD class='ss_at_name'>Ulkoinen paino (kg)<\/TD><br \/>\n<TD class='ss_at_val'>0,72<\/TD><br \/>\n<\/TR><br \/>\n<TR class='ss_at' ss_attr='Sisupakendi kaal (kg)' ><br \/>\n<TD class='ss_at_name'>Sis\u00e4inen paino (kg)<\/TD><br \/>\n<TD class='ss_at_val'>0,1<\/TD><br \/>\n<\/TR><br \/>\n<TR class='ss_at' ss_attr='Pakkendi kaal (kg)' ><br \/>\n<TD class='ss_at_name'>Pakkauksen paino (kg)<\/TD><br \/>\n<TD class='ss_at_val'>1,395<\/TD><br \/>\n<\/TR><br \/>\n<\/TABLE><SCRIPT>ss_serdce=1;ss_treug=1;ss_elka=0;ss_petla=1;ss_carbon=1;ss_piece_count=50 ;ss_korobka_count=4 ;<\/SCRIPT><\/p>","protected":false},"excerpt":{"rendered":"<p>Sokeriruo&#8217;osta valmistettu ateriarasia on ymp\u00e4rist\u00f6yst\u00e4v\u00e4llinen vaihtoehto polystyreenille. Kasviper\u00e4isell\u00e4 materiaalilla on erinomaiset l\u00e4mp\u00f6\u00e4 erist\u00e4v\u00e4t ominaisuudet, mutta kosteus ei tiivisty sen pintaan kuten muovirasiassa. N\u00e4in ruoka pysyy l\u00e4mpim\u00e4n\u00e4 ja s\u00e4ilytt\u00e4\u00e4 rapeutensa.<DIV class='hide'>5060271920358 VA-SH89<\/DIV><\/p>\n","protected":false},"featured_media":2766012,"template":"","meta":[],"product_brand":[],"product_cat":[7165,7106,7168,7169,7242,7163,6531,6532,6538,6539,6534,6533,6536,6553],"product_tag":[],"class_list":{"0":"post-2766011","1":"product","2":"type-product","3":"status-publish","4":"has-post-thumbnail","6":"product_cat-einekarbid1","7":"product_cat-kiirtoidu-pakendid1","8":"product_cat-soogikarbid1","9":"product_cat-take-away-karbid3","10":"product_cat-take-away-pakendid","11":"product_cat-uhekordsed-toidukarbid-ja-kaaned","12":"product_cat-populaarsed-valikud","13":"product_cat-aasia-kook","14":"product_cat-euroopa-kook","15":"product_cat-kaukaasia-kook","16":"product_cat-pasta-ja-nuudlid","17":"product_cat-salatid-ja-poke","18":"product_cat-tanavatoit","19":"product_cat-take-away-karbid","20":"product_shipping_class-mix","22":"first","23":"instock","24":"taxable","25":"shipping-taxable","26":"purchasable","27":"product-type-simple"},"aioseo_notices":[],"_links":{"self":[{"href":"https:\/\/mixpack.ee\/fi\/wp-json\/wp\/v2\/product\/2766011","targetHints":{"allow":["GET"]}}],"collection":[{"href":"https:\/\/mixpack.ee\/fi\/wp-json\/wp\/v2\/product"}],"about":[{"href":"https:\/\/mixpack.ee\/fi\/wp-json\/wp\/v2\/types\/product"}],"wp:featuredmedia":[{"embeddable":true,"href":"https:\/\/mixpack.ee\/fi\/wp-json\/wp\/v2\/media\/2766012"}],"wp:attachment":[{"href":"https:\/\/mixpack.ee\/fi\/wp-json\/wp\/v2\/media?parent=2766011"}],"wp:term":[{"taxonomy":"product_brand","embeddable":true,"href":"https:\/\/mixpack.ee\/fi\/wp-json\/wp\/v2\/product_brand?post=2766011"},{"taxonomy":"product_cat","embeddable":true,"href":"https:\/\/mixpack.ee\/fi\/wp-json\/wp\/v2\/product_cat?post=2766011"},{"taxonomy":"product_tag","embeddable":true,"href":"https:\/\/mixpack.ee\/fi\/wp-json\/wp\/v2\/product_tag?post=2766011"}],"curies":[{"name":"wp","href":"https:\/\/api.w.org\/{rel}","templated":true}]}}