{"id":2765904,"date":"2024-05-31T11:26:12","date_gmt":"2024-05-31T11:26:12","guid":{"rendered":""},"modified":"2024-05-31T11:26:12","modified_gmt":"2024-05-31T11:26:12","slug":"kokteilikors-pla-must-pakis-1000-tk","status":"publish","type":"product","link":"https:\/\/mixpack.ee\/fi\/product\/kokteilikors-pla-must-pakis-1000-tk\/","title":{"rendered":"Cocktailpilli, PLA, musta, 1000 kpl per pakkaus"},"content":{"rendered":"<p><TABLE> <TR class='ss_at' ss_attr='T\u00fckkide arv pakendis' ><br \/>\n<TD class='ss_at_name'>Kappaletta pakkauksessa<\/TD><br \/>\n<TD class='ss_at_val'>1000<\/TD><br \/>\n<\/TR><br \/>\n<TR class='ss_at' ss_attr='EAN' ><br \/>\n<TD class='ss_at_name'>EAN<\/TD><br \/>\n<TD class='ss_at_val'>5060271926619<\/TD><br \/>\n<\/TR><br \/>\n<TR class='ss_at' ss_attr='Pakke\u00fcksuste arv kastis' ><br \/>\n<TD class='ss_at_name'>Pakkauksia laatikossa<\/TD><br \/>\n<TD class='ss_at_val'>20<\/TD><br \/>\n<\/TR><br \/>\n<TR class='ss_at' ss_attr='T\u00fckkide arv kastis' ><br \/>\n<TD class='ss_at_name'>Kappaletta laatikossa<\/TD><br \/>\n<TD class='ss_at_val'>20000<\/TD><br \/>\n<\/TR><br \/>\n<TR class='ss_at' ss_attr='Karpi pikkus (m)' ><br \/>\n<TD class='ss_at_name'>Laatikon pituus (m)<\/TD><br \/>\n<TD class='ss_at_val'>0,53<\/TD><br \/>\n<\/TR><br \/>\n<TR class='ss_at' ss_attr='Kasti k\u00f5rgus (m)' ><br \/>\n<TD class='ss_at_name'>Laatikon korkeus (m)<\/TD><br \/>\n<TD class='ss_at_val'>0,17<\/TD><br \/>\n<\/TR><br \/>\n<TR class='ss_at' ss_attr='Kasti s\u00fcgavus (m)' ><br \/>\n<TD class='ss_at_name'>Laatikon syvyys (m)<\/TD><br \/>\n<TD class='ss_at_val'>0,48<\/TD><br \/>\n<\/TR><br \/>\n<TR class='ss_at' ss_attr='Kasti maht (m)' ><br \/>\n<TD class='ss_at_name'>Laatikon tilavuus (m)<\/TD><br \/>\n<TD class='ss_at_val'>0,046<\/TD><br \/>\n<\/TR><br \/>\n<TR class='ss_at' ss_attr='Pakkendi kaal (kg)' ><br \/>\n<TD class='ss_at_name'>Pakkauksen paino (kg)<\/TD><br \/>\n<TD class='ss_at_val'>0,38<\/TD><br \/>\n<\/TR><br \/>\n<\/TABLE><SCRIPT>ss_serdce=0;ss_treug=0;ss_elka=0;ss_petla=0;ss_carbon=0;ss_piece_count=1000 ;ss_korobka_count=20 ;<\/SCRIPT><\/p>","protected":false},"excerpt":{"rendered":"<p>Vegwaren kasvipohjaiset pillit sopivat loistavasti paksujen pirtel\u00f6iden ja smoothieiden nauttimiseen. Pahviset Vegware-pillit ovat tukeva, kest\u00e4v\u00e4 ja kompostoituva vaihtoehto muovipilleille. Erityisen valmistusteknologian ansiosta pilli ei pehmene k\u00e4yt\u00f6ss\u00e4 eik\u00e4 kastu ja hajoa. Normaalik\u00e4yt\u00f6ss\u00e4 Vegware-pilli kest\u00e4\u00e4 2 &#8211; 3 tuntia.<DIV class='hide'>5060271926619 SS03-BLK<\/DIV><\/p>\n","protected":false},"featured_media":2765905,"template":"","meta":[],"product_brand":[],"product_cat":[7238,7126,7010,7139,7140,7019,6531,6540],"product_tag":[],"class_list":{"0":"post-2765904","1":"product","2":"type-product","3":"status-publish","4":"has-post-thumbnail","6":"product_cat-joogikorred","7":"product_cat-joogikors1","8":"product_cat-joogitopsid1","9":"product_cat-korred2","10":"product_cat-mustad-korred1","11":"product_cat-topsid1","12":"product_cat-populaarsed-valikud","13":"product_cat-avalikud-uritused","14":"product_shipping_class-mix","16":"first","17":"instock","18":"taxable","19":"shipping-taxable","20":"purchasable","21":"product-type-simple"},"aioseo_notices":[],"_links":{"self":[{"href":"https:\/\/mixpack.ee\/fi\/wp-json\/wp\/v2\/product\/2765904","targetHints":{"allow":["GET"]}}],"collection":[{"href":"https:\/\/mixpack.ee\/fi\/wp-json\/wp\/v2\/product"}],"about":[{"href":"https:\/\/mixpack.ee\/fi\/wp-json\/wp\/v2\/types\/product"}],"wp:featuredmedia":[{"embeddable":true,"href":"https:\/\/mixpack.ee\/fi\/wp-json\/wp\/v2\/media\/2765905"}],"wp:attachment":[{"href":"https:\/\/mixpack.ee\/fi\/wp-json\/wp\/v2\/media?parent=2765904"}],"wp:term":[{"taxonomy":"product_brand","embeddable":true,"href":"https:\/\/mixpack.ee\/fi\/wp-json\/wp\/v2\/product_brand?post=2765904"},{"taxonomy":"product_cat","embeddable":true,"href":"https:\/\/mixpack.ee\/fi\/wp-json\/wp\/v2\/product_cat?post=2765904"},{"taxonomy":"product_tag","embeddable":true,"href":"https:\/\/mixpack.ee\/fi\/wp-json\/wp\/v2\/product_tag?post=2765904"}],"curies":[{"name":"wp","href":"https:\/\/api.w.org\/{rel}","templated":true}]}}