{"id":2765845,"date":"2024-05-31T11:26:12","date_gmt":"2024-05-31T11:26:12","guid":{"rendered":""},"modified":"2025-11-28T13:32:21","modified_gmt":"2025-11-28T11:32:21","slug":"toidukauss-pla-vooderdatud-paberist-1440-ml-185-seeria-pakis-50-tk","status":"publish","type":"product","link":"https:\/\/mixpack.ee\/fi\/product\/toidukauss-pla-vooderdatud-paberist-1440-ml-185-seeria-pakis-50-tk\/","title":{"rendered":"Kulho PLA-pinnoitettu paperi, 1440 ml, sarja 185, 50 kpl per pakkaus"},"content":{"rendered":"<p><TABLE> <TR class='ss_at'><br \/>\n<TD class='ss_at_name'>Koko<\/TD><br \/>\n<TD class='ss_at_val'>1440 ml<\/TD><br \/>\n<\/TR><br \/>\n<TR class='ss_at'><br \/>\n<TD class='ss_at_name'>Kappaletta pakkauksessa<\/TD><br \/>\n<TD class='ss_at_val'>50<\/TD><br \/>\n<\/TR><br \/>\n<TR class='ss_at'><br \/>\n<TD class='ss_at_name'>EAN<\/TD><br \/>\n<TD class='ss_at_val'>0<\/TD><br \/>\n<\/TR><br \/>\n<TR class='ss_at'><br \/>\n<TD class='ss_at_name'>Pakkauksia laatikossa<\/TD><br \/>\n<TD class='ss_at_val'>6<\/TD><br \/>\n<\/TR><br \/>\n<TR class='ss_at'><br \/>\n<TD class='ss_at_name'>Kappaletta laatikossa<\/TD><br \/>\n<TD class='ss_at_val'>300<\/TD><br \/>\n<\/TR><br \/>\n<TR class='ss_at'><br \/>\n<TD class='ss_at_name'>Laatikon pituus (m)<\/TD><br \/>\n<TD class='ss_at_val'>0,57<\/TD><br \/>\n<\/TR><br \/>\n<TR class='ss_at'><br \/>\n<TD class='ss_at_name'>Laatikon korkeus (m)<\/TD><br \/>\n<TD class='ss_at_val'>0,385<\/TD><br \/>\n<\/TR><br \/>\n<TR class='ss_at'><br \/>\n<TD class='ss_at_name'>Laatikon syvyys (m)<\/TD><br \/>\n<TD class='ss_at_val'>0,5<\/TD><br \/>\n<\/TR><br \/>\n<TR class='ss_at'><br \/>\n<TD class='ss_at_name'>Laatikon tilavuus (m)<\/TD><br \/>\n<TD class='ss_at_val'>0,113<\/TD><br \/>\n<\/TR><br \/>\n<TR class='ss_at'><br \/>\n<TD class='ss_at_name'>Ulkoinen paino (kg)<\/TD><br \/>\n<TD class='ss_at_val'>1<\/TD><br \/>\n<\/TR><br \/>\n<TR class='ss_at'><br \/>\n<TD class='ss_at_name'>Sis\u00e4inen paino (kg)<\/TD><br \/>\n<TD class='ss_at_val'>0,1<\/TD><br \/>\n<\/TR><br \/>\n<TR class='ss_at'><br \/>\n<TD class='ss_at_name'>Pakkauksen paino (kg)<\/TD><br \/>\n<TD class='ss_at_val'>0,215<\/TD><br \/>\n<\/TR><br \/>\n<\/TABLE>ss_serdce=0;ss_treug=0;ss_elka=0;ss_petla=0;ss_carbon=0;ss_piece_count=50 ;ss_korobka_count=6 ;<\/p>","protected":false},"excerpt":{"rendered":"<p>Monipuolinen, vuotamaton, kest\u00e4v\u00e4 ja py\u00f6re\u00e4 muki. Yhteensopiva Vegware 185 -sarjan kansien kanssa. Ihanteellinen j\u00e4\u00e4tel\u00f6n tarjoiluun, sopii hyvin my\u00f6s l\u00e4mpim\u00e4lle kastikkeelle tai l\u00e4mpimille ruuille. Kest\u00e4v\u00e4ll\u00e4 tavalla tuotettua, sis\u00e4puolelta PLA-pinnoitettua pahvia. Valkoinen muki, Vegwaren vihre\u00e4 teksti. Palkittua Vegware-laatua, kasvipohjainen materiaali ei sis\u00e4ll\u00e4 muovia. Teollisesti kompostoitava.<DIV class='hide'>0 RSC-48<\/DIV><\/p>\n","protected":false},"featured_media":2765846,"template":"","meta":[],"product_brand":[],"product_cat":[7165,7032,7046,7163,6529,6577],"product_tag":[],"class_list":{"0":"post-2765845","1":"product","2":"type-product","3":"status-publish","4":"has-post-thumbnail","6":"product_cat-einekarbid1","7":"product_cat-taldrikud-ja-kausid","8":"product_cat-toidukausid","9":"product_cat-uhekordsed-toidukarbid-ja-kaaned","10":"product_cat-bon-appetit-kausid","11":"product_cat-kausid-paberist","12":"product_shipping_class-mix","14":"first","15":"instock","16":"taxable","17":"shipping-taxable","18":"purchasable","19":"product-type-simple"},"aioseo_notices":[],"_links":{"self":[{"href":"https:\/\/mixpack.ee\/fi\/wp-json\/wp\/v2\/product\/2765845","targetHints":{"allow":["GET"]}}],"collection":[{"href":"https:\/\/mixpack.ee\/fi\/wp-json\/wp\/v2\/product"}],"about":[{"href":"https:\/\/mixpack.ee\/fi\/wp-json\/wp\/v2\/types\/product"}],"wp:featuredmedia":[{"embeddable":true,"href":"https:\/\/mixpack.ee\/fi\/wp-json\/wp\/v2\/media\/2765846"}],"wp:attachment":[{"href":"https:\/\/mixpack.ee\/fi\/wp-json\/wp\/v2\/media?parent=2765845"}],"wp:term":[{"taxonomy":"product_brand","embeddable":true,"href":"https:\/\/mixpack.ee\/fi\/wp-json\/wp\/v2\/product_brand?post=2765845"},{"taxonomy":"product_cat","embeddable":true,"href":"https:\/\/mixpack.ee\/fi\/wp-json\/wp\/v2\/product_cat?post=2765845"},{"taxonomy":"product_tag","embeddable":true,"href":"https:\/\/mixpack.ee\/fi\/wp-json\/wp\/v2\/product_tag?post=2765845"}],"curies":[{"name":"wp","href":"https:\/\/api.w.org\/{rel}","templated":true}]}}