{"id":2765679,"date":"2024-05-31T11:26:11","date_gmt":"2024-05-31T11:26:11","guid":{"rendered":""},"modified":"2024-05-31T11:26:11","modified_gmt":"2024-05-31T11:26:11","slug":"taldrik-suhkruroost-230-mm-pakis-50-tk","status":"publish","type":"product","link":"https:\/\/mixpack.ee\/fi\/product\/taldrik-suhkruroost-230-mm-pakis-50-tk\/","title":{"rendered":"Sokeriruokolautanen, 230 mm, 50 kpl per pakkaus"},"content":{"rendered":"<p><TABLE> <TR class='ss_at' ss_attr='Suurus' ><br \/>\n<TD class='ss_at_name'>Koko<\/TD><br \/>\n<TD class='ss_at_val'>228 mm<\/TD><br \/>\n<\/TR><br \/>\n<TR class='ss_at' ss_attr='T\u00fckkide arv pakendis' ><br \/>\n<TD class='ss_at_name'>Kappaletta pakkauksessa<\/TD><br \/>\n<TD class='ss_at_val'>50<\/TD><br \/>\n<\/TR><br \/>\n<TR class='ss_at' ss_attr='EAN' ><br \/>\n<TD class='ss_at_name'>EAN<\/TD><br \/>\n<TD class='ss_at_val'>5060271920075<\/TD><br \/>\n<\/TR><br \/>\n<TR class='ss_at' ss_attr='Pakke\u00fcksuste arv kastis' ><br \/>\n<TD class='ss_at_name'>Pakkauksia laatikossa<\/TD><br \/>\n<TD class='ss_at_val'>10<\/TD><br \/>\n<\/TR><br \/>\n<TR class='ss_at' ss_attr='T\u00fckkide arv kastis' ><br \/>\n<TD class='ss_at_name'>Kappaletta laatikossa<\/TD><br \/>\n<TD class='ss_at_val'>500<\/TD><br \/>\n<\/TR><br \/>\n<TR class='ss_at' ss_attr='Karpi pikkus (m)' ><br \/>\n<TD class='ss_at_name'>Laatikon pituus (m)<\/TD><br \/>\n<TD class='ss_at_val'>0,33<\/TD><br \/>\n<\/TR><br \/>\n<TR class='ss_at' ss_attr='Kasti k\u00f5rgus (m)' ><br \/>\n<TD class='ss_at_name'>Laatikon korkeus (m)<\/TD><br \/>\n<TD class='ss_at_val'>0,24<\/TD><br \/>\n<\/TR><br \/>\n<TR class='ss_at' ss_attr='Kasti s\u00fcgavus (m)' ><br \/>\n<TD class='ss_at_name'>Laatikon syvyys (m)<\/TD><br \/>\n<TD class='ss_at_val'>0,47<\/TD><br \/>\n<\/TR><br \/>\n<TR class='ss_at' ss_attr='Kasti maht (m)' ><br \/>\n<TD class='ss_at_name'>Laatikon tilavuus (m)<\/TD><br \/>\n<TD class='ss_at_val'>0,037<\/TD><br \/>\n<\/TR><br \/>\n<TR class='ss_at' ss_attr='1.7m kaubaaluste kogus' ><br \/>\n<TD class='ss_at_name'>1,7m lavoja<\/TD><br \/>\n<TD class='ss_at_val'>42<\/TD><br \/>\n<\/TR><br \/>\n<TR class='ss_at' ss_attr='2.1m kaubaaluste kogus' ><br \/>\n<TD class='ss_at_name'>2,1m lavoja<\/TD><br \/>\n<TD class='ss_at_val'>60<\/TD><br \/>\n<\/TR><br \/>\n<TR class='ss_at' ss_attr='Kauba netokaal (kg)' ><br \/>\n<TD class='ss_at_name'>Tavaran nettopaino (kg)<\/TD><br \/>\n<TD class='ss_at_val'>7,5<\/TD><br \/>\n<\/TR><br \/>\n<TR class='ss_at' ss_attr='Toote kogukaal (kg)' ><br \/>\n<TD class='ss_at_name'>Tuotteen kokopaino (kg)<\/TD><br \/>\n<TD class='ss_at_val'>8,8<\/TD><br \/>\n<\/TR><br \/>\n<TR class='ss_at' ss_attr='V\u00e4line pakkimiskaal (kg)' ><br \/>\n<TD class='ss_at_name'>Ulkoinen paino (kg)<\/TD><br \/>\n<TD class='ss_at_val'>1,2<\/TD><br \/>\n<\/TR><br \/>\n<TR class='ss_at' ss_attr='Sisupakendi kaal (kg)' ><br \/>\n<TD class='ss_at_name'>Sis\u00e4inen paino (kg)<\/TD><br \/>\n<TD class='ss_at_val'>0,1<\/TD><br \/>\n<\/TR><br \/>\n<TR class='ss_at' ss_attr='Pakkendi kaal (kg)' ><br \/>\n<TD class='ss_at_name'>Pakkauksen paino (kg)<\/TD><br \/>\n<TD class='ss_at_val'>0,75<\/TD><br \/>\n<\/TR><br \/>\n<\/TABLE><SCRIPT>ss_serdce=1;ss_treug=1;ss_elka=0;ss_petla=1;ss_carbon=0;ss_piece_count=50 ;ss_korobka_count=10 ;<\/SCRIPT><\/p>","protected":false},"excerpt":{"rendered":"<p>Luontoa s\u00e4\u00e4st\u00e4v\u00e4 ja taloudellinen. Sokeriruokopohjaiset 228 mm:n lautaset sopivat sek\u00e4 kuumille ett\u00e4 kylmille ruuille. Kest\u00e4v\u00e4mpi\u00e4 kuin pahvilautaset. Voi kasata tukevasti p\u00e4\u00e4llekk\u00e4in.<DIV class='hide'>5060271920075 P013<\/DIV><\/p>\n","protected":false},"featured_media":2765680,"template":"","meta":[],"product_brand":[],"product_cat":[7032,7033,7147,4808,6569],"product_tag":[],"class_list":{"0":"post-2765679","1":"product","2":"type-product","3":"status-publish","4":"has-post-thumbnail","6":"product_cat-taldrikud-ja-kausid","7":"product_cat-uhekordsed-noud","8":"product_cat-uhekordsed-taldrikud1","9":"product_cat-suhkruroost-lauanoud","10":"product_cat-taldrikud","11":"product_shipping_class-mix","13":"first","14":"instock","15":"taxable","16":"shipping-taxable","17":"purchasable","18":"product-type-simple"},"aioseo_notices":[],"_links":{"self":[{"href":"https:\/\/mixpack.ee\/fi\/wp-json\/wp\/v2\/product\/2765679","targetHints":{"allow":["GET"]}}],"collection":[{"href":"https:\/\/mixpack.ee\/fi\/wp-json\/wp\/v2\/product"}],"about":[{"href":"https:\/\/mixpack.ee\/fi\/wp-json\/wp\/v2\/types\/product"}],"wp:featuredmedia":[{"embeddable":true,"href":"https:\/\/mixpack.ee\/fi\/wp-json\/wp\/v2\/media\/2765680"}],"wp:attachment":[{"href":"https:\/\/mixpack.ee\/fi\/wp-json\/wp\/v2\/media?parent=2765679"}],"wp:term":[{"taxonomy":"product_brand","embeddable":true,"href":"https:\/\/mixpack.ee\/fi\/wp-json\/wp\/v2\/product_brand?post=2765679"},{"taxonomy":"product_cat","embeddable":true,"href":"https:\/\/mixpack.ee\/fi\/wp-json\/wp\/v2\/product_cat?post=2765679"},{"taxonomy":"product_tag","embeddable":true,"href":"https:\/\/mixpack.ee\/fi\/wp-json\/wp\/v2\/product_tag?post=2765679"}],"curies":[{"name":"wp","href":"https:\/\/api.w.org\/{rel}","templated":true}]}}