{"id":2765632,"date":"2024-05-31T11:26:11","date_gmt":"2024-05-31T11:26:11","guid":{"rendered":""},"modified":"2024-05-31T11:26:11","modified_gmt":"2024-05-31T11:26:11","slug":"valged-kuuma-joogi-topsid-360ml-pakis-50-tk","status":"publish","type":"product","link":"https:\/\/mixpack.ee\/fi\/product\/valged-kuuma-joogi-topsid-360ml-pakis-50-tk\/","title":{"rendered":"Muki kuumille juomille, valkoinen, 360ml, 50 kpl per pakkaus"},"content":{"rendered":"<p><TABLE> <TR class='ss_at' ss_attr='T\u00fckkide arv pakendis' ><br \/>\n<TD class='ss_at_name'>Kappaletta pakkauksessa<\/TD><br \/>\n<TD class='ss_at_val'>50<\/TD><br \/>\n<\/TR><br \/>\n<TR class='ss_at' ss_attr='EAN' ><br \/>\n<TD class='ss_at_name'>EAN<\/TD><br \/>\n<TD class='ss_at_val'>5060271929726<\/TD><br \/>\n<\/TR><br \/>\n<TR class='ss_at' ss_attr='Pakke\u00fcksuste arv kastis' ><br \/>\n<TD class='ss_at_name'>Pakkauksia laatikossa<\/TD><br \/>\n<TD class='ss_at_val'>20<\/TD><br \/>\n<\/TR><br \/>\n<TR class='ss_at' ss_attr='T\u00fckkide arv kastis' ><br \/>\n<TD class='ss_at_name'>Kappaletta laatikossa<\/TD><br \/>\n<TD class='ss_at_val'>1000<\/TD><br \/>\n<\/TR><br \/>\n<TR class='ss_at' ss_attr='Karpi pikkus (m)' ><br \/>\n<TD class='ss_at_name'>Laatikon pituus (m)<\/TD><br \/>\n<TD class='ss_at_val'>0,47<\/TD><br \/>\n<\/TR><br \/>\n<TR class='ss_at' ss_attr='Kasti k\u00f5rgus (m)' ><br \/>\n<TD class='ss_at_name'>Laatikon korkeus (m)<\/TD><br \/>\n<TD class='ss_at_val'>0,38<\/TD><br \/>\n<\/TR><br \/>\n<TR class='ss_at' ss_attr='Kasti s\u00fcgavus (m)' ><br \/>\n<TD class='ss_at_name'>Laatikon syvyys (m)<\/TD><br \/>\n<TD class='ss_at_val'>0,54<\/TD><br \/>\n<\/TR><br \/>\n<TR class='ss_at' ss_attr='Kasti maht (m)' ><br \/>\n<TD class='ss_at_name'>Laatikon tilavuus (m)<\/TD><br \/>\n<TD class='ss_at_val'>0,093<\/TD><br \/>\n<\/TR><br \/>\n<TR class='ss_at' ss_attr='V\u00e4line pakkimiskaal (kg)' ><br \/>\n<TD class='ss_at_name'>Ulkoinen paino (kg)<\/TD><br \/>\n<TD class='ss_at_val'>1,23<\/TD><br \/>\n<\/TR><br \/>\n<TR class='ss_at' ss_attr='Sisupakendi kaal (kg)' ><br \/>\n<TD class='ss_at_name'>Sis\u00e4inen paino (kg)<\/TD><br \/>\n<TD class='ss_at_val'>1,23<\/TD><br \/>\n<\/TR><br \/>\n<TR class='ss_at' ss_attr='Pakkendi kaal (kg)' ><br \/>\n<TD class='ss_at_name'>Pakkauksen paino (kg)<\/TD><br \/>\n<TD class='ss_at_val'>1,23<\/TD><br \/>\n<\/TR><br \/>\n<\/TABLE><SCRIPT>ss_serdce=0;ss_treug=0;ss_elka=0;ss_petla=0;ss_carbon=0;ss_piece_count=50 ;ss_korobka_count=20 ;<\/SCRIPT><\/p>","protected":false},"excerpt":{"rendered":"<p>Huippuekologinen Green Tree kuumien juomien kuppi, yksinkertaista pahvia, ei tarvitse v\u00e4ltt\u00e4m\u00e4tt\u00e4 p\u00e4\u00e4llyst\u00e4. Yhteensopiva Vegware 89 -sarjan kansien kanssa. Sopii kahville, teelle ja muille kuumille juomille tai vaikka kastikkeille. Pinnoitettu kasvipohjaisella uusiutuvalla PLA-massalla.<DIV class='hide'>5060271929726 LV-12-GR<\/DIV><\/p>\n","protected":false},"featured_media":2765633,"template":"","meta":[],"product_brand":[],"product_cat":[7010,7179,6531,6537,6675,6678],"product_tag":[],"class_list":{"0":"post-2765632","1":"product","2":"type-product","3":"status-publish","4":"has-post-thumbnail","6":"product_cat-joogitopsid1","7":"product_cat-uhekordsed-joogitopsid","8":"product_cat-populaarsed-valikud","9":"product_cat-kohv-ja-kook","10":"product_cat-uhe-seinaga-kuumade-jookide-topsid","11":"product_cat-uhe-seinaga-green-tree-kohvitopsid","12":"product_shipping_class-mix","14":"first","15":"instock","16":"taxable","17":"shipping-taxable","18":"purchasable","19":"product-type-simple"},"aioseo_notices":[],"_links":{"self":[{"href":"https:\/\/mixpack.ee\/fi\/wp-json\/wp\/v2\/product\/2765632","targetHints":{"allow":["GET"]}}],"collection":[{"href":"https:\/\/mixpack.ee\/fi\/wp-json\/wp\/v2\/product"}],"about":[{"href":"https:\/\/mixpack.ee\/fi\/wp-json\/wp\/v2\/types\/product"}],"wp:featuredmedia":[{"embeddable":true,"href":"https:\/\/mixpack.ee\/fi\/wp-json\/wp\/v2\/media\/2765633"}],"wp:attachment":[{"href":"https:\/\/mixpack.ee\/fi\/wp-json\/wp\/v2\/media?parent=2765632"}],"wp:term":[{"taxonomy":"product_brand","embeddable":true,"href":"https:\/\/mixpack.ee\/fi\/wp-json\/wp\/v2\/product_brand?post=2765632"},{"taxonomy":"product_cat","embeddable":true,"href":"https:\/\/mixpack.ee\/fi\/wp-json\/wp\/v2\/product_cat?post=2765632"},{"taxonomy":"product_tag","embeddable":true,"href":"https:\/\/mixpack.ee\/fi\/wp-json\/wp\/v2\/product_tag?post=2765632"}],"curies":[{"name":"wp","href":"https:\/\/api.w.org\/{rel}","templated":true}]}}