{"id":2496250,"date":"2021-04-20T15:59:30","date_gmt":"2021-04-20T13:59:30","guid":{"rendered":"https:\/\/mixpack.ee\/?page_id=2496250"},"modified":"2021-10-26T16:00:51","modified_gmt":"2021-10-26T14:00:51","slug":"mixpackapp","status":"publish","type":"page","link":"https:\/\/mixpack.ee\/fi\/mixpackapp\/","title":{"rendered":"Mixpack App"},"content":{"rendered":"<p class=\"qtranxs-available-languages-message qtranxs-available-languages-message-fi\">T\u00e4m\u00e4 teksti on valitettavasti saatavilla vain kielill\u00e4: <a href=\"https:\/\/mixpack.ee\/ru\/wp-json\/wp\/v2\/pages\/2496250\" class=\"qtranxs-available-language-link qtranxs-available-language-link-ru\" title=\"\u0420\u0443\u0441\u0441\u043a\u0438\u0439\">\u0420\u0443\u0441\u0441\u043a\u0438\u0439<\/a>.<\/p><div class=\"wpb-content-wrapper\"><p><\/p>\n<p>[vc_row gap=&#8221;35&#8243; mobile_bg_img_hidden=&#8221;no&#8221; tablet_bg_img_hidden=&#8221;no&#8221; woodmart_parallax=&#8221;0&#8243; woodmart_gradient_switch=&#8221;no&#8221; row_reverse_mobile=&#8221;0&#8243; row_reverse_tablet=&#8221;0&#8243; woodmart_disable_overflow=&#8221;0&#8243; css=&#8221;.vc_custom_1618420011195{padding-right: 30px !important;padding-left: 30px !important;}&#8221;][vc_column width=&#8221;1\/2&#8243; css=&#8221;.vc_custom_1618422108292{border-top-width: 10px !important;border-right-width: 10px !important;border-bottom-width: 10px !important;border-left-width: 10px !important;padding-right: 30px !important;padding-left: 30px !important;background-color: #f2f2f2 !important;border-radius: 10px !important;}&#8221; mobile_bg_img_hidden=&#8221;no&#8221; tablet_bg_img_hidden=&#8221;no&#8221; woodmart_parallax=&#8221;0&#8243; woodmart_sticky_column=&#8221;false&#8221; parallax_scroll=&#8221;no&#8221; mobile_reset_margin=&#8221;no&#8221; tablet_reset_margin=&#8221;no&#8221;][vc_column_text woodmart_inline=&#8221;no&#8221; text_larger=&#8221;no&#8221;]<\/p>\n<h2 class=\"fontSizeH3 strong\" style=\"text-align: center;\"><span style=\"font-size: 24pt;\">\u0421\u043a\u0430\u0447\u0430\u0442\u044c \u043f\u0440\u0438\u043b\u043e\u0436\u0435\u043d\u0438\u0435 \u0434\u043b\u044f Android<\/span><\/h2>\n<p>[\/vc_column_text][vc_row_inner content_placement=&#8221;middle&#8221; row_reverse_mobile=&#8221;0&#8243; row_reverse_tablet=&#8221;0&#8243;][vc_column_inner width=&#8221;1\/2&#8243;][vc_single_image image=&#8221;2496287&#8243; alignment=&#8221;center&#8221; woodmart_inline=&#8221;no&#8221; parallax_scroll=&#8221;no&#8221;][\/vc_column_inner][vc_column_inner width=&#8221;1\/2&#8243;][vc_single_image image=&#8221;2496251&#8243; img_size=&#8221;200&#215;66&#8243; alignment=&#8221;center&#8221; onclick=&#8221;custom_link&#8221; img_link_target=&#8221;_blank&#8221; woodmart_inline=&#8221;no&#8221; parallax_scroll=&#8221;no&#8221; link=&#8221;https:\/\/play.google.com\/store\/apps\/details?id=ch.clientcard.mixpack&amp;hl=en-GB&#8221;][\/vc_column_inner][\/vc_row_inner][\/vc_column][vc_column width=&#8221;1\/2&#8243; css=&#8221;.vc_custom_1618422118681{border-top-width: 10px !important;border-right-width: 10px !important;border-bottom-width: 10px !important;border-left-width: 10px !important;background-color: #f2f2f2 !important;border-radius: 10px !important;}&#8221; mobile_bg_img_hidden=&#8221;no&#8221; tablet_bg_img_hidden=&#8221;no&#8221; woodmart_parallax=&#8221;0&#8243; woodmart_sticky_column=&#8221;false&#8221; parallax_scroll=&#8221;no&#8221; mobile_reset_margin=&#8221;no&#8221; tablet_reset_margin=&#8221;no&#8221;][vc_column_text woodmart_inline=&#8221;no&#8221; text_larger=&#8221;no&#8221;]<\/p>\n<h2 class=\"fontSizeH3 strong\" style=\"text-align: center;\"><span style=\"font-size: 24pt;\">\u0421\u043a\u0430\u0447\u0430\u0442\u044c \u043f\u0440\u0438\u043b\u043e\u0436\u0435\u043d\u0438\u0435 \u0434\u043b\u044f iPhone<\/span><\/h2>\n<p>[\/vc_column_text][vc_row_inner content_placement=&#8221;middle&#8221; row_reverse_mobile=&#8221;0&#8243; row_reverse_tablet=&#8221;0&#8243;][vc_column_inner width=&#8221;1\/2&#8243;][vc_single_image image=&#8221;2496288&#8243; alignment=&#8221;center&#8221; woodmart_inline=&#8221;no&#8221; parallax_scroll=&#8221;no&#8221;][\/vc_column_inner][vc_column_inner width=&#8221;1\/2&#8243;][vc_single_image image=&#8221;2496253&#8243; img_size=&#8221;200&#215;66&#8243; alignment=&#8221;center&#8221; onclick=&#8221;custom_link&#8221; img_link_target=&#8221;_blank&#8221; woodmart_inline=&#8221;no&#8221; parallax_scroll=&#8221;no&#8221; link=&#8221;https:\/\/apps.apple.com\/ee\/app\/mixpack\/id1511187304&#8243;][\/vc_column_inner][\/vc_row_inner][\/vc_column][\/vc_row][vc_row][vc_column][vc_empty_space height=&#8221;48px&#8221; woodmart_hide_large=&#8221;0&#8243; woodmart_hide_medium=&#8221;0&#8243; woodmart_hide_small=&#8221;0&#8243; woodmart_hide_extra_small=&#8221;0&#8243;][\/vc_column][\/vc_row][vc_row full_width=&#8221;stretch_row&#8221; woodmart_bg_position=&#8221;right-bottom&#8221; css=&#8221;.vc_custom_1618955564822{background: #84b736 url(https:\/\/mixpack.ee\/wp-content\/uploads\/2021\/04\/Cover-back.jpg?id=2496294) !important;background-position: center !important;background-repeat: no-repeat !important;background-size: contain !important;}&#8221; mobile_bg_img_hidden=&#8221;no&#8221; tablet_bg_img_hidden=&#8221;no&#8221; woodmart_parallax=&#8221;0&#8243; woodmart_gradient_switch=&#8221;no&#8221; row_reverse_mobile=&#8221;0&#8243; row_reverse_tablet=&#8221;0&#8243; woodmart_disable_overflow=&#8221;0&#8243;][vc_column width=&#8221;1\/2&#8243;]\n\t\t<div id=\"wd-607f4f9fef4df\" class=\"title-wrapper wd-wpb set-mb-s reset-last-child  wd-rs-607f4f9fef4df wd-title-color-white wd-title-style-default text-center  wd-underline-colored\">\n\t\t\t\n\t\t\t<div class=\"liner-continer\">\n\t\t\t\t<h4 class=\"woodmart-title-container title  wd-font-weight-600 wd-fontsize-m\" >\u041a\u0430\u043a \u043f\u043e\u043b\u044c\u0437\u043e\u0432\u0430\u0442\u044c\u0441\u044f \u043f\u0440\u0438\u043b\u043e\u0436\u0435\u043d\u0438\u0435\u043c?<\/h4>\n\t\t\t\t\t\t\t<\/div>\n\t\t\t\n\t\t\t\t\t\t\t<div class=\"title-after_title  set-cont-mb-s reset-last-child  wd-fontsize-xs\">\u041f\u043e\u0441\u043c\u043e\u0442\u0440\u0438 \u043e\u0431\u0443\u0447\u0430\u044e\u0449\u0435\u0435 \u0432\u0438\u0434\u0435\u043e!<\/div>\n\t\t\t\n\t\t\t\n\t\t<\/div>\n\t\t\n\t\t[vc_video link=&#8221;https:\/\/www.youtube.com\/watch?v=6H98VJltRpg&#8221; el_width=&#8221;80&#8243; align=&#8221;center&#8221; image_poster_switch=&#8221;no&#8221; css=&#8221;.vc_custom_1618956469505{border-right-width: 3px !important;border-right-color: #ffffff !important;border-radius: 3px !important;}&#8221;][vc_empty_space woodmart_hide_large=&#8221;0&#8243; woodmart_hide_medium=&#8221;0&#8243; woodmart_hide_small=&#8221;0&#8243; woodmart_hide_extra_small=&#8221;0&#8243;][\/vc_column][vc_column width=&#8221;1\/2&#8243;][\/vc_column][\/vc_row][vc_row][vc_column][vc_empty_space woodmart_hide_large=&#8221;0&#8243; woodmart_hide_medium=&#8221;0&#8243; woodmart_hide_small=&#8221;0&#8243; woodmart_hide_extra_small=&#8221;0&#8243;][vc_column_text text_larger=&#8221;no&#8221;]<\/p>\n<p style=\"text-align: center;\"><span style=\"font-size: 14pt;\">\u0421\u043a\u0430\u0447\u0438\u0432\u0430\u044f, \u0432\u044b \u043f\u0440\u0438\u043d\u0438\u043c\u0430\u0435\u0442\u0435 <a title=\"\u0423\u0441\u043b\u043e\u0432\u0438\u044f \u0438\u0441\u043f\u043e\u043b\u044c\u0437\u043e\u0432\u0430\u043d\u0438\u044f\" href=\"https:\/\/mixpack.ee\/ru\/tingimused\/\" data-bi-area=\"surrounding-btn\" data-bi-name=\"tou\">\u0423\u0441\u043b\u043e\u0432\u0438\u044f \u0438\u0441\u043f\u043e\u043b\u044c\u0437\u043e\u0432\u0430\u043d\u0438\u044f<\/a>, \u0430 \u0442\u0430\u043a\u0436\u0435 \u0437\u0430\u044f\u0432\u043b\u0435\u043d\u0438\u0435 \u043e <a title=\"\u041a\u043e\u043d\u0444\u0438\u0434\u0435\u043d\u0446\u0438\u0430\u043b\u044c\u043d\u043e\u0441\u0442\u0438 \u0438 \u0444\u0430\u0439\u043b\u0430\u0445\u00a0cookie\" href=\"https:\/\/mixpack.ee\/ru\/privaatsuspoliitika\/\" data-bi-area=\"surrounding-btn\" data-bi-name=\"privacy\">\u041a\u043e\u043d\u0444\u0438\u0434\u0435\u043d\u0446\u0438\u0430\u043b\u044c\u043d\u043e\u0441\u0442\u0438 \u0438 \u0444\u0430\u0439\u043b\u044b \u043a\u0443\u043a\u0438\u0441<\/a>.<\/span><\/p>\n<p>[\/vc_column_text][\/vc_column][\/vc_row]<\/p>\n<p><\/p>\n<\/div>","protected":false},"excerpt":{"rendered":"<p>T\u00e4m\u00e4 teksti on valitettavasti saatavilla vain kielill\u00e4: \u0420\u0443\u0441\u0441\u043a\u0438\u0439. [vc_row gap=&#8221;35&#8243; mobile_bg_img_hidden=&#8221;no&#8221; tablet_bg_img_hidden=&#8221;no&#8221; woodmart_parallax=&#8221;0&#8243; woodmart_gradient_switch=&#8221;no&#8221; row_reverse_mobile=&#8221;0&#8243; row_reverse_tablet=&#8221;0&#8243; woodmart_disable_overflow=&#8221;0&#8243; css=&#8221;.vc_custom_1618420011195{padding-right: 30px !important;padding-left:<\/p>\n","protected":false},"author":1,"featured_media":0,"parent":0,"menu_order":0,"comment_status":"closed","ping_status":"closed","template":"","meta":{"footnotes":""},"class_list":["post-2496250","page","type-page","status-publish","hentry"],"aioseo_notices":[],"_links":{"self":[{"href":"https:\/\/mixpack.ee\/fi\/wp-json\/wp\/v2\/pages\/2496250","targetHints":{"allow":["GET"]}}],"collection":[{"href":"https:\/\/mixpack.ee\/fi\/wp-json\/wp\/v2\/pages"}],"about":[{"href":"https:\/\/mixpack.ee\/fi\/wp-json\/wp\/v2\/types\/page"}],"author":[{"embeddable":true,"href":"https:\/\/mixpack.ee\/fi\/wp-json\/wp\/v2\/users\/1"}],"replies":[{"embeddable":true,"href":"https:\/\/mixpack.ee\/fi\/wp-json\/wp\/v2\/comments?post=2496250"}],"version-history":[{"count":0,"href":"https:\/\/mixpack.ee\/fi\/wp-json\/wp\/v2\/pages\/2496250\/revisions"}],"wp:attachment":[{"href":"https:\/\/mixpack.ee\/fi\/wp-json\/wp\/v2\/media?parent=2496250"}],"curies":[{"name":"wp","href":"https:\/\/api.w.org\/{rel}","templated":true}]}}