{"id":2495839,"date":"2021-03-10T17:10:31","date_gmt":"2021-03-10T15:10:31","guid":{"rendered":"https:\/\/mixpack.ee\/?page_id=2495839"},"modified":"2025-11-04T14:45:08","modified_gmt":"2025-11-04T12:45:08","slug":"mixpack-meeskond","status":"publish","type":"page","link":"https:\/\/mixpack.ee\/fi\/mixpack-meeskond\/","title":{"rendered":"Mixpack-tiimi"},"content":{"rendered":"<div class=\"wpb-content-wrapper\"><p>[vc_row][vc_column]\n\t\t<div id=\"wd-62029c571c311\" class=\"title-wrapper wd-wpb set-mb-s reset-last-child  wd-rs-62029c571c311 wd-title-color-default wd-title-style-simple text-center  wd-underline-colored\">\n\t\t\t\n\t\t\t<div class=\"liner-continer\">\n\t\t\t\t<h2 class=\"woodmart-title-container title  wd-font-weight- wd-fontsize-l\" >Tiimimme on juuri sinua varten!<\/h2>\n\t\t\t\t\t\t\t<\/div>\n\t\t\t\n\t\t\t\n\t\t\t\n\t\t<\/div>\n\t\t\n\t\t\t\t\t<div id=\"wd-62029c5c39001\" class=\"wd-text-block-wrapper wd-wpb wd-rs-62029c5c39001 color-scheme-dark text-center \">\n\t\t\t\t<div class=\"woodmart-title-container woodmart-text-block reset-last-child font-primary wd-font-weight- \">\n\t\t\t\t\tMielest\u00e4mme pakkaus on ennen kaikkea viestint\u00e4keino, jonka jokaisen osan pit\u00e4isi kertoa omaa tarinaansa, sit\u00e4, mit\u00e4 valmistaja ja vision\u00e4\u00e4ri haluaa.<br \/>\nTavanomaisen yritystoiminnan lis\u00e4ksi olemme sosiaalinen yritys. Yhteiskunnalliseen toimintaamme kuuluu sellaisten projektien tukeminen, joiden tavoitteena on lis\u00e4t\u00e4 ymm\u00e4rryst\u00e4 ymp\u00e4rist\u00f6st\u00e4 ja v\u00e4litt\u00e4mist\u00e4 luonnosta.<br \/>\nVastaammme erilaisiin haasteisiin ja rakennamme yhdess\u00e4 tiet\u00e4 kohti pienempi\u00e4 j\u00e4tem\u00e4\u00e4ri\u00e4 ja parempaa tulevaisuutta! Olemme aina valmiina auttamaan kumppaneitamme ja etsim\u00e4\u00e4n yhdess\u00e4 parhaat ratkaisut.\t\t\t\t<\/div>\n\n\t\t\t\t\t\t\t<\/div>\n\t\t[\/vc_column][\/vc_row][vc_row][vc_column mobile_bg_img_hidden=&#8221;no&#8221; tablet_bg_img_hidden=&#8221;no&#8221; woodmart_parallax=&#8221;0&#8243; woodmart_sticky_column=&#8221;false&#8221; parallax_scroll=&#8221;no&#8221; mobile_reset_margin=&#8221;no&#8221; tablet_reset_margin=&#8221;no&#8221; woodmart_css_id=&#8221;623ae6f289374&#8243; wd_collapsible_content_switcher=&#8221;no&#8221; woodmart_box_shadow=&#8221;no&#8221; wd_z_index=&#8221;no&#8221; responsive_spacing=&#8221;eyJwYXJhbV90eXBlIjoid29vZG1hcnRfcmVzcG9uc2l2ZV9zcGFjaW5nIiwic2VsZWN0b3JfaWQiOiI2MjNhZTZmMjg5Mzc0Iiwic2hvcnRjb2RlIjoidmNfY29sdW1uIiwiZGF0YSI6eyJ0YWJsZXQiOnt9LCJtb2JpbGUiOnt9fX0=&#8221;][vc_row_inner][vc_column_inner width=&#8221;1\/4&#8243; offset=&#8221;vc_col-xs-12&#8243; woodmart_css_id=&#8221;623ae96dbae20&#8243; parallax_scroll=&#8221;no&#8221; woodmart_sticky_column=&#8221;false&#8221; wd_collapsible_content_switcher=&#8221;no&#8221; mobile_bg_img_hidden=&#8221;no&#8221; tablet_bg_img_hidden=&#8221;no&#8221; woodmart_parallax=&#8221;0&#8243; woodmart_box_shadow=&#8221;no&#8221; wd_z_index=&#8221;no&#8221; responsive_spacing=&#8221;eyJwYXJhbV90eXBlIjoid29vZG1hcnRfcmVzcG9uc2l2ZV9zcGFjaW5nIiwic2VsZWN0b3JfaWQiOiI2MjNhZTk2ZGJhZTIwIiwic2hvcnRjb2RlIjoidmNfY29sdW1uX2lubmVyIiwiZGF0YSI6eyJ0YWJsZXQiOnt9LCJtb2JpbGUiOnt9fX0=&#8221;][vc_single_image image=&#8221;2495845&#8243; img_size=&#8221;medium&#8221; alignment=&#8221;center&#8221; parallax_scroll=&#8221;no&#8221;]\t\t\t<div id=\"wd-689b1e60ccef0\" class=\"wd-text-block-wrapper wd-wpb wd-rs-689b1e60ccef0 color-scheme- text-center \">\n\t\t\t\t<div class=\"woodmart-title-container woodmart-text-block reset-last-child font-primary wd-font-weight- wd-fontsize-l\">\n\t\t\t\t\t<\/p>\n<p style=\"text-align: center;\"><span style=\"font-size: 12pt;\"><strong>Sergei Mjasn\u00f5h<br \/>\n<\/strong><\/span><span style=\"font-size: 10pt;\">Hallituksen j\u00e4sen \/ Myyntip\u00e4\u00e4llikk\u00f6<\/span><br \/>\n<span style=\"font-size: 10pt;\"><a href=\"mailto:sergei@mixpack.ee\"><u>sergei@mixpack.ee<\/u><\/a><\/span><br \/>\n<span style=\"font-size: 10pt;\">+372 53 80 68 76<\/span><\/p>\n<p>\t\t\t\t<\/div>\n\n\t\t\t\t\t\t\t<\/div>\n\t\t[\/vc_column_inner][vc_column_inner width=&#8221;1\/4&#8243; offset=&#8221;vc_col-xs-12&#8243; woodmart_css_id=&#8221;623ae973536a0&#8243; parallax_scroll=&#8221;no&#8221; woodmart_sticky_column=&#8221;false&#8221; wd_collapsible_content_switcher=&#8221;no&#8221; mobile_bg_img_hidden=&#8221;no&#8221; tablet_bg_img_hidden=&#8221;no&#8221; woodmart_parallax=&#8221;0&#8243; woodmart_box_shadow=&#8221;no&#8221; wd_z_index=&#8221;no&#8221; responsive_spacing=&#8221;eyJwYXJhbV90eXBlIjoid29vZG1hcnRfcmVzcG9uc2l2ZV9zcGFjaW5nIiwic2VsZWN0b3JfaWQiOiI2MjNhZTk3MzUzNmEwIiwic2hvcnRjb2RlIjoidmNfY29sdW1uX2lubmVyIiwiZGF0YSI6eyJ0YWJsZXQiOnt9LCJtb2JpbGUiOnt9fX0=&#8221;][vc_single_image image=&#8221;2495843&#8243; img_size=&#8221;medium&#8221; alignment=&#8221;center&#8221; parallax_scroll=&#8221;no&#8221;]\t\t\t<div id=\"wd-62029c8cc86e4\" class=\"wd-text-block-wrapper wd-wpb wd-rs-62029c8cc86e4 color-scheme- text-center \">\n\t\t\t\t<div class=\"woodmart-title-container woodmart-text-block reset-last-child font-primary wd-font-weight- wd-fontsize-l\">\n\t\t\t\t\t<\/p>\n<p style=\"text-align: center;\"><span style=\"font-size: 12pt;\"><strong>Maksim Eriksson<br \/>\n<\/strong><\/span><span style=\"font-size: 10pt;\">Myyntijohtaja<\/span><br \/>\n<span style=\"font-size: 10pt;\"><a href=\"mailto:maksim@mixpack.ee\"><u>maksim@mixpack.ee<\/u><\/a><\/span><br \/>\n<span style=\"font-size: 10pt;\">+372 58 40 06 04<\/span><\/p>\n<p>\t\t\t\t<\/div>\n\n\t\t\t\t\t\t\t<\/div>\n\t\t[\/vc_column_inner][vc_column_inner width=&#8221;1\/4&#8243; offset=&#8221;vc_col-xs-12&#8243; woodmart_css_id=&#8221;623ae97902bef&#8221; parallax_scroll=&#8221;no&#8221; woodmart_sticky_column=&#8221;false&#8221; wd_collapsible_content_switcher=&#8221;no&#8221; mobile_bg_img_hidden=&#8221;no&#8221; tablet_bg_img_hidden=&#8221;no&#8221; woodmart_parallax=&#8221;0&#8243; woodmart_box_shadow=&#8221;no&#8221; wd_z_index=&#8221;no&#8221; responsive_spacing=&#8221;eyJwYXJhbV90eXBlIjoid29vZG1hcnRfcmVzcG9uc2l2ZV9zcGFjaW5nIiwic2VsZWN0b3JfaWQiOiI2MjNhZTk3OTAyYmVmIiwic2hvcnRjb2RlIjoidmNfY29sdW1uX2lubmVyIiwiZGF0YSI6eyJ0YWJsZXQiOnt9LCJtb2JpbGUiOnt9fX0=&#8221;][vc_single_image image=&#8221;2495848&#8243; img_size=&#8221;medium&#8221; alignment=&#8221;center&#8221; parallax_scroll=&#8221;no&#8221;]\t\t\t<div id=\"wd-621f1fe2c667d\" class=\"wd-text-block-wrapper wd-wpb wd-rs-621f1fe2c667d color-scheme- text-center \">\n\t\t\t\t<div class=\"woodmart-title-container woodmart-text-block reset-last-child font-primary wd-font-weight- wd-fontsize-l\">\n\t\t\t\t\t<\/p>\n<p style=\"text-align: center;\"><span style=\"font-size: 12pt;\"><strong>Yan Zapadinski<br \/>\n<\/strong><\/span><span style=\"font-size: 10pt;\">Markkinointijohtaja<\/span><br \/>\n<span style=\"font-size: 10pt;\"><a href=\"mailto:yan@mixpack.ee\"><u>yan@mixpack.ee<\/u><\/a><\/span><br \/>\n<span style=\"font-size: 10pt;\">+372 56 24 84 82<\/span><\/p>\n<p>\t\t\t\t<\/div>\n\n\t\t\t\t\t\t\t<\/div>\n\t\t[\/vc_column_inner][vc_column_inner width=&#8221;1\/4&#8243; offset=&#8221;vc_col-xs-12&#8243; woodmart_css_id=&#8221;623ae97e75fcd&#8221; parallax_scroll=&#8221;no&#8221; woodmart_sticky_column=&#8221;false&#8221; wd_collapsible_content_switcher=&#8221;no&#8221; mobile_bg_img_hidden=&#8221;no&#8221; tablet_bg_img_hidden=&#8221;no&#8221; woodmart_parallax=&#8221;0&#8243; woodmart_box_shadow=&#8221;no&#8221; wd_z_index=&#8221;no&#8221; responsive_spacing=&#8221;eyJwYXJhbV90eXBlIjoid29vZG1hcnRfcmVzcG9uc2l2ZV9zcGFjaW5nIiwic2VsZWN0b3JfaWQiOiI2MjNhZTk3ZTc1ZmNkIiwic2hvcnRjb2RlIjoidmNfY29sdW1uX2lubmVyIiwiZGF0YSI6eyJ0YWJsZXQiOnt9LCJtb2JpbGUiOnt9fX0=&#8221;][vc_single_image image=&#8221;2546886&#8243; img_size=&#8221;medium&#8221; alignment=&#8221;center&#8221; parallax_scroll=&#8221;no&#8221;]\t\t\t<div id=\"wd-62029d2076a12\" class=\"wd-text-block-wrapper wd-wpb wd-rs-62029d2076a12 color-scheme- text-center \">\n\t\t\t\t<div class=\"woodmart-title-container woodmart-text-block reset-last-child font-primary wd-font-weight- wd-fontsize-l\">\n\t\t\t\t\t<\/p>\n<p style=\"text-align: center;\"><span style=\"font-size: 12pt;\"><strong>Bruno P\u00e4rn<br \/>\n<\/strong><\/span><span style=\"font-size: 10pt;\">Kirjanpit\u00e4j\u00e4<\/span><br \/>\n<span style=\"font-size: 10pt;\"><a href=\"mailto:bruno@mixpack.ee\"><u>bruno@mixpack.ee<\/u><\/a><\/span><br \/>\n<span style=\"font-size: 10pt;\">+372 56 05 75 37<\/span><\/p>\n<p>\t\t\t\t<\/div>\n\n\t\t\t\t\t\t\t<\/div>\n\t\t[\/vc_column_inner][\/vc_row_inner][vc_row_inner][vc_column_inner width=&#8221;1\/4&#8243; offset=&#8221;vc_col-xs-12&#8243; woodmart_css_id=&#8221;623ae9840b4f7&#8243; parallax_scroll=&#8221;no&#8221; woodmart_sticky_column=&#8221;false&#8221; wd_collapsible_content_switcher=&#8221;no&#8221; mobile_bg_img_hidden=&#8221;no&#8221; tablet_bg_img_hidden=&#8221;no&#8221; woodmart_parallax=&#8221;0&#8243; woodmart_box_shadow=&#8221;no&#8221; wd_z_index=&#8221;no&#8221; responsive_spacing=&#8221;eyJwYXJhbV90eXBlIjoid29vZG1hcnRfcmVzcG9uc2l2ZV9zcGFjaW5nIiwic2VsZWN0b3JfaWQiOiI2MjNhZTk4NDBiNGY3Iiwic2hvcnRjb2RlIjoidmNfY29sdW1uX2lubmVyIiwiZGF0YSI6eyJ0YWJsZXQiOnt9LCJtb2JpbGUiOnt9fX0=&#8221;][vc_single_image image=&#8221;2554907&#8243; img_size=&#8221;medium&#8221; alignment=&#8221;center&#8221; parallax_scroll=&#8221;no&#8221; woodmart_inline=&#8221;no&#8221;]\t\t\t<div id=\"wd-689b23cee2bde\" class=\"wd-text-block-wrapper wd-wpb wd-rs-689b23cee2bde color-scheme- text-center \">\n\t\t\t\t<div class=\"woodmart-title-container woodmart-text-block reset-last-child font-primary wd-font-weight- wd-fontsize-l\">\n\t\t\t\t\t<\/p>\n<p style=\"text-align: center;\"><span style=\"font-size: 12pt;\"><strong>Natalia K.<br \/>\n<\/strong><\/span><span style=\"font-size: 10pt;\">Myyntiassistentti<\/span><br \/>\n<span style=\"font-size: 10pt;\"><a href=\"mailto:natalia@mixpack.ee\"><u>natalia@mixpack.ee<\/u><\/a><\/span><br \/>\n<span style=\"font-size: 10pt;\">+372\u00a0560 57 537<\/span><\/p>\n<p>\t\t\t\t<\/div>\n\n\t\t\t\t\t\t\t<\/div>\n\t\t[\/vc_column_inner][vc_column_inner width=&#8221;1\/4&#8243; offset=&#8221;vc_col-xs-12&#8243; woodmart_css_id=&#8221;623ae9896241d&#8221; parallax_scroll=&#8221;no&#8221; woodmart_sticky_column=&#8221;false&#8221; wd_collapsible_content_switcher=&#8221;no&#8221; mobile_bg_img_hidden=&#8221;no&#8221; tablet_bg_img_hidden=&#8221;no&#8221; woodmart_parallax=&#8221;0&#8243; woodmart_box_shadow=&#8221;no&#8221; wd_z_index=&#8221;no&#8221; responsive_spacing=&#8221;eyJwYXJhbV90eXBlIjoid29vZG1hcnRfcmVzcG9uc2l2ZV9zcGFjaW5nIiwic2VsZWN0b3JfaWQiOiI2MjNhZTk4OTYyNDFkIiwic2hvcnRjb2RlIjoidmNfY29sdW1uX2lubmVyIiwiZGF0YSI6eyJ0YWJsZXQiOnt9LCJtb2JpbGUiOnt9fX0=&#8221;][vc_single_image image=&#8221;2804333&#8243; img_size=&#8221;medium&#8221; alignment=&#8221;center&#8221; parallax_scroll=&#8221;no&#8221; woodmart_inline=&#8221;no&#8221;]\t\t\t<div id=\"wd-653b85c736a15\" class=\"wd-text-block-wrapper wd-wpb wd-rs-653b85c736a15 color-scheme- text-center \">\n\t\t\t\t<div class=\"woodmart-title-container woodmart-text-block reset-last-child font-primary wd-font-weight- wd-fontsize-l\">\n\t\t\t\t\t<\/p>\n<p style=\"text-align: center;\"><span style=\"font-size: 12pt;\"><strong>Jelena Podvalnaja<br \/>\n<\/strong><\/span><span style=\"font-size: 10pt;\">Myyntijohtaja<\/span><br \/>\n<span style=\"font-size: 10pt;\"><a href=\"mailto:jelena@mixpack.ee\"><u>jelena@mixpack.ee<\/u><\/a><\/span><br \/>\n<span style=\"font-size: 10pt;\">+372 53 43 08 02<br \/>\n<\/span><\/p>\n<p>\t\t\t\t<\/div>\n\n\t\t\t\t\t\t\t<\/div>\n\t\t[\/vc_column_inner][vc_column_inner width=&#8221;1\/4&#8243; offset=&#8221;vc_col-xs-12&#8243; woodmart_css_id=&#8221;623ae98ecec19&#8243; parallax_scroll=&#8221;no&#8221; woodmart_sticky_column=&#8221;false&#8221; wd_collapsible_content_switcher=&#8221;no&#8221; mobile_bg_img_hidden=&#8221;no&#8221; tablet_bg_img_hidden=&#8221;no&#8221; woodmart_parallax=&#8221;0&#8243; woodmart_box_shadow=&#8221;no&#8221; wd_z_index=&#8221;no&#8221; responsive_spacing=&#8221;eyJwYXJhbV90eXBlIjoid29vZG1hcnRfcmVzcG9uc2l2ZV9zcGFjaW5nIiwic2VsZWN0b3JfaWQiOiI2MjNhZTk4ZWNlYzE5Iiwic2hvcnRjb2RlIjoidmNfY29sdW1uX2lubmVyIiwiZGF0YSI6eyJ0YWJsZXQiOnt9LCJtb2JpbGUiOnt9fX0=&#8221;][vc_single_image image=&#8221;2554907&#8243; img_size=&#8221;medium&#8221; alignment=&#8221;center&#8221; parallax_scroll=&#8221;no&#8221; woodmart_inline=&#8221;no&#8221;]\t\t\t<div id=\"wd-67ab96f2d949d\" class=\"wd-text-block-wrapper wd-wpb wd-rs-67ab96f2d949d color-scheme- text-center \">\n\t\t\t\t<div class=\"woodmart-title-container woodmart-text-block reset-last-child font-primary wd-font-weight- wd-fontsize-l\">\n\t\t\t\t\t<\/p>\n<p style=\"text-align: center;\"><span style=\"font-size: 12pt;\"><strong>Olga Lehismets<\/strong><\/span><br \/>\n<span style=\"font-size: 10pt;\">Myynninedist\u00e4misp\u00e4\u00e4llikk\u00f6<\/span><br \/>\n<span style=\"font-size: 10pt;\"><a href=\"mailto:olga@mixpack.ee\"><u>olga@mixpack.ee<\/u><\/a><\/span><br \/>\n<span style=\"font-size: 10pt;\">+372 517 4352<\/span><\/p>\n<p>\t\t\t\t<\/div>\n\n\t\t\t\t\t\t\t<\/div>\n\t\t[\/vc_column_inner][vc_column_inner width=&#8221;1\/4&#8243; offset=&#8221;vc_col-xs-12&#8243; woodmart_css_id=&#8221;623ae99465c81&#8243; parallax_scroll=&#8221;no&#8221; woodmart_sticky_column=&#8221;false&#8221; wd_collapsible_content_switcher=&#8221;no&#8221; mobile_bg_img_hidden=&#8221;no&#8221; tablet_bg_img_hidden=&#8221;no&#8221; woodmart_parallax=&#8221;0&#8243; woodmart_box_shadow=&#8221;no&#8221; wd_z_index=&#8221;no&#8221; responsive_spacing=&#8221;eyJwYXJhbV90eXBlIjoid29vZG1hcnRfcmVzcG9uc2l2ZV9zcGFjaW5nIiwic2VsZWN0b3JfaWQiOiI2MjNhZTk5NDY1YzgxIiwic2hvcnRjb2RlIjoidmNfY29sdW1uX2lubmVyIiwiZGF0YSI6eyJ0YWJsZXQiOnt9LCJtb2JpbGUiOnt9fX0=&#8221;][vc_single_image image=&#8221;2554907&#8243; img_size=&#8221;medium&#8221; alignment=&#8221;center&#8221; parallax_scroll=&#8221;no&#8221; woodmart_inline=&#8221;no&#8221;]\t\t\t<div id=\"wd-689b2494b97b4\" class=\"wd-text-block-wrapper wd-wpb wd-rs-689b2494b97b4 color-scheme- text-center \">\n\t\t\t\t<div class=\"woodmart-title-container woodmart-text-block reset-last-child font-primary wd-font-weight- wd-fontsize-l\">\n\t\t\t\t\t<\/p>\n<p style=\"text-align: center;\"><span style=\"font-size: 12pt;\"><strong>Jelena Bo\u017eko<br \/>\n<\/strong><\/span><span style=\"font-size: 10pt;\">Myynninedist\u00e4j\u00e4<\/span><span style=\"font-size: 10pt;\"><a href=\"mailto:jelena.b@mixpack.ee\"><u><br \/>\njelena.b@mixpack.ee<\/u><\/a><\/span><br \/>\n<span style=\"font-size: 10pt;\">+372 535 05 730<\/span><\/p>\n<p>\t\t\t\t<\/div>\n\n\t\t\t\t\t\t\t<\/div>\n\t\t[\/vc_column_inner][\/vc_row_inner][vc_row_inner][vc_column_inner width=&#8221;1\/4&#8243; offset=&#8221;vc_col-xs-12&#8243; woodmart_css_id=&#8221;623ae9a62511a&#8221; parallax_scroll=&#8221;no&#8221; woodmart_sticky_column=&#8221;false&#8221; wd_collapsible_content_switcher=&#8221;no&#8221; mobile_bg_img_hidden=&#8221;no&#8221; tablet_bg_img_hidden=&#8221;no&#8221; woodmart_parallax=&#8221;0&#8243; woodmart_box_shadow=&#8221;no&#8221; wd_z_index=&#8221;no&#8221; responsive_spacing=&#8221;eyJwYXJhbV90eXBlIjoid29vZG1hcnRfcmVzcG9uc2l2ZV9zcGFjaW5nIiwic2VsZWN0b3JfaWQiOiI2MjNhZTlhNjI1MTFhIiwic2hvcnRjb2RlIjoidmNfY29sdW1uX2lubmVyIiwiZGF0YSI6eyJ0YWJsZXQiOnt9LCJtb2JpbGUiOnt9fX0=&#8221;][vc_single_image image=&#8221;2804337&#8243; img_size=&#8221;medium&#8221; alignment=&#8221;center&#8221; parallax_scroll=&#8221;no&#8221; woodmart_inline=&#8221;no&#8221;]\t\t\t<div id=\"wd-689f7fcb0706c\" class=\"wd-text-block-wrapper wd-wpb wd-rs-689f7fcb0706c color-scheme- text-center \">\n\t\t\t\t<div class=\"woodmart-title-container woodmart-text-block reset-last-child font-primary wd-font-weight- wd-fontsize-l\">\n\t\t\t\t\t<\/p>\n<p style=\"text-align: center;\"><span style=\"font-size: 12pt;\"><strong>Santa\u00a0Ez\u012bte<br \/>\n<\/strong><\/span><span style=\"font-size: 10pt;\">Myyntiassistentti<\/span><br \/>\n<span style=\"font-size: 10pt;\"><a href=\"mailto:santa@mixpack.ee\u00a0\"><u>santa@mixpack.ee\u00a0<\/u><\/a><\/span><br \/>\n<span style=\"font-size: 10pt;\">+371 29552207\u00a0<\/span><\/p>\n<p>\t\t\t\t<\/div>\n\n\t\t\t\t\t\t\t<\/div>\n\t\t[\/vc_column_inner][vc_column_inner width=&#8221;1\/4&#8243; offset=&#8221;vc_col-xs-12&#8243; woodmart_css_id=&#8221;623ae9ac3eca1&#8243; parallax_scroll=&#8221;no&#8221; woodmart_sticky_column=&#8221;false&#8221; wd_collapsible_content_switcher=&#8221;no&#8221; mobile_bg_img_hidden=&#8221;no&#8221; tablet_bg_img_hidden=&#8221;no&#8221; woodmart_parallax=&#8221;0&#8243; woodmart_box_shadow=&#8221;no&#8221; wd_z_index=&#8221;no&#8221; responsive_spacing=&#8221;eyJwYXJhbV90eXBlIjoid29vZG1hcnRfcmVzcG9uc2l2ZV9zcGFjaW5nIiwic2VsZWN0b3JfaWQiOiI2MjNhZTlhYzNlY2ExIiwic2hvcnRjb2RlIjoidmNfY29sdW1uX2lubmVyIiwiZGF0YSI6eyJ0YWJsZXQiOnt9LCJtb2JpbGUiOnt9fX0=&#8221;][vc_single_image image=&#8221;2804336&#8243; img_size=&#8221;medium&#8221; alignment=&#8221;center&#8221; parallax_scroll=&#8221;no&#8221; woodmart_inline=&#8221;no&#8221;]\t\t\t<div id=\"wd-64c36d3c9b3c2\" class=\"wd-text-block-wrapper wd-wpb wd-rs-64c36d3c9b3c2 color-scheme- text-center \">\n\t\t\t\t<div class=\"woodmart-title-container woodmart-text-block reset-last-child font-primary wd-font-weight- wd-fontsize-l\">\n\t\t\t\t\t<\/p>\n<p style=\"text-align: center;\"><span style=\"font-size: 12pt;\"><strong>O\u013cegs Freijers<br \/>\n<\/strong><\/span><span style=\"font-size: 10pt;\">Sales Manager<\/span><br \/>\n<span style=\"font-size: 10pt;\"><a href=\"mailto:olegs@mixpack.ee\"><u>olegs@mixpack.ee<\/u><\/a><\/span><br \/>\n<span style=\"font-size: 10pt;\">+371 295 23 033<\/span><\/p>\n<p>\t\t\t\t<\/div>\n\n\t\t\t\t\t\t\t<\/div>\n\t\t[\/vc_column_inner][vc_column_inner width=&#8221;1\/4&#8243; woodmart_css_id=&#8221;64f9f4ceedabc&#8221; parallax_scroll=&#8221;no&#8221; woodmart_sticky_column=&#8221;false&#8221; wd_collapsible_content_switcher=&#8221;no&#8221; wd_column_role_offcanvas_desktop=&#8221;no&#8221; wd_column_role_offcanvas_tablet=&#8221;no&#8221; wd_column_role_offcanvas_mobile=&#8221;no&#8221; wd_column_role_content_desktop=&#8221;no&#8221; wd_column_role_content_tablet=&#8221;no&#8221; wd_column_role_content_mobile=&#8221;no&#8221; mobile_bg_img_hidden=&#8221;no&#8221; tablet_bg_img_hidden=&#8221;no&#8221; woodmart_parallax=&#8221;0&#8243; woodmart_box_shadow=&#8221;no&#8221; responsive_spacing=&#8221;eyJwYXJhbV90eXBlIjoid29vZG1hcnRfcmVzcG9uc2l2ZV9zcGFjaW5nIiwic2VsZWN0b3JfaWQiOiI2NGY5ZjRjZWVkYWJjIiwic2hvcnRjb2RlIjoidmNfY29sdW1uX2lubmVyIiwiZGF0YSI6eyJ0YWJsZXQiOnt9LCJtb2JpbGUiOnt9fX0=&#8221; wd_z_index=&#8221;no&#8221;][vc_single_image image=&#8221;2546886&#8243; img_size=&#8221;medium&#8221; alignment=&#8221;center&#8221; parallax_scroll=&#8221;no&#8221; woodmart_inline=&#8221;no&#8221;]\t\t\t<div id=\"wd-653b94a0c74a0\" class=\"wd-text-block-wrapper wd-wpb wd-rs-653b94a0c74a0 color-scheme- text-center \">\n\t\t\t\t<div class=\"woodmart-title-container woodmart-text-block reset-last-child font-primary wd-font-weight- wd-fontsize-l\">\n\t\t\t\t\t<\/p>\n<p style=\"text-align: center;\"><span style=\"font-size: 12pt;\"><strong>Aleksandr Zharikov<br \/>\n<\/strong><\/span><span style=\"font-size: 10pt;\">Varastop\u00e4\u00e4llikk\u00f6<\/span><br \/>\n<span style=\"font-size: 10pt;\"><a href=\"mailto:aleksandr@mixpack.ee\"><u>aleksandr@mixpack.ee<\/u><\/a><\/span><br \/>\n<span style=\"font-size: 10pt;\">+372 560 57537<\/span><\/p>\n<p>\t\t\t\t<\/div>\n\n\t\t\t\t\t\t\t<\/div>\n\t\t[\/vc_column_inner][vc_column_inner width=&#8221;1\/4&#8243; offset=&#8221;vc_col-xs-12&#8243; woodmart_css_id=&#8221;623ae7683bf9c&#8221; parallax_scroll=&#8221;no&#8221; woodmart_sticky_column=&#8221;false&#8221; wd_collapsible_content_switcher=&#8221;no&#8221; mobile_bg_img_hidden=&#8221;no&#8221; tablet_bg_img_hidden=&#8221;no&#8221; woodmart_parallax=&#8221;0&#8243; woodmart_box_shadow=&#8221;no&#8221; wd_z_index=&#8221;no&#8221; responsive_spacing=&#8221;eyJwYXJhbV90eXBlIjoid29vZG1hcnRfcmVzcG9uc2l2ZV9zcGFjaW5nIiwic2VsZWN0b3JfaWQiOiI2MjNhZTc2ODNiZjljIiwic2hvcnRjb2RlIjoidmNfY29sdW1uX2lubmVyIiwiZGF0YSI6eyJ0YWJsZXQiOnt9LCJtb2JpbGUiOnt9fX0=&#8221;][\/vc_column_inner][\/vc_row_inner][\/vc_column][\/vc_row]<\/p>\n<\/div>","protected":false},"excerpt":{"rendered":"<p>[vc_row][vc_column][\/vc_column][\/vc_row][vc_row][vc_column mobile_bg_img_hidden=&#8221;no&#8221; tablet_bg_img_hidden=&#8221;no&#8221; woodmart_parallax=&#8221;0&#8243; woodmart_sticky_column=&#8221;false&#8221; parallax_scroll=&#8221;no&#8221; mobile_reset_margin=&#8221;no&#8221; tablet_reset_margin=&#8221;no&#8221; woodmart_css_id=&#8221;623ae6f289374&#8243; wd_collapsible_content_switcher=&#8221;no&#8221; woodmart_box_shadow=&#8221;no&#8221; wd_z_index=&#8221;no&#8221; responsive_spacing=&#8221;eyJwYXJhbV90eXBlIjoid29vZG1hcnRfcmVzcG9uc2l2ZV9zcGFjaW5nIiwic2VsZWN0b3JfaWQiOiI2MjNhZTZmMjg5Mzc0Iiwic2hvcnRjb2RlIjoidmNfY29sdW1uIiwiZGF0YSI6eyJ0YWJsZXQiOnt9LCJtb2JpbGUiOnt9fX0=&#8221;][vc_row_inner][vc_column_inner width=&#8221;1\/4&#8243; offset=&#8221;vc_col-xs-12&#8243; woodmart_css_id=&#8221;623ae96dbae20&#8243; parallax_scroll=&#8221;no&#8221; woodmart_sticky_column=&#8221;false&#8221; wd_collapsible_content_switcher=&#8221;no&#8221; mobile_bg_img_hidden=&#8221;no&#8221;<\/p>\n","protected":false},"author":1,"featured_media":0,"parent":0,"menu_order":0,"comment_status":"closed","ping_status":"closed","template":"","meta":{"footnotes":""},"class_list":["post-2495839","page","type-page","status-publish","hentry"],"aioseo_notices":[],"_links":{"self":[{"href":"https:\/\/mixpack.ee\/fi\/wp-json\/wp\/v2\/pages\/2495839","targetHints":{"allow":["GET"]}}],"collection":[{"href":"https:\/\/mixpack.ee\/fi\/wp-json\/wp\/v2\/pages"}],"about":[{"href":"https:\/\/mixpack.ee\/fi\/wp-json\/wp\/v2\/types\/page"}],"author":[{"embeddable":true,"href":"https:\/\/mixpack.ee\/fi\/wp-json\/wp\/v2\/users\/1"}],"replies":[{"embeddable":true,"href":"https:\/\/mixpack.ee\/fi\/wp-json\/wp\/v2\/comments?post=2495839"}],"version-history":[{"count":0,"href":"https:\/\/mixpack.ee\/fi\/wp-json\/wp\/v2\/pages\/2495839\/revisions"}],"wp:attachment":[{"href":"https:\/\/mixpack.ee\/fi\/wp-json\/wp\/v2\/media?parent=2495839"}],"curies":[{"name":"wp","href":"https:\/\/api.w.org\/{rel}","templated":true}]}}