{"id":2361587,"date":"2020-11-13T12:45:49","date_gmt":"2020-11-13T10:45:49","guid":{"rendered":"https:\/\/mixpack.ee\/?page_id=2361587"},"modified":"2022-02-08T17:28:12","modified_gmt":"2022-02-08T15:28:12","slug":"privaatsuspoliitika","status":"publish","type":"page","link":"https:\/\/mixpack.ee\/fi\/privaatsuspoliitika\/","title":{"rendered":"Yksityisyydensuoja"},"content":{"rendered":"<div class=\"wpb-content-wrapper\"><p>Mixpack on sitoutunut Sinun yksityisyytesi ja henkil\u00f6tietojesi luottamuksellisuuteen. T\u00e4h\u00e4n on koottu yksityisyydensuojaa koskevat periaatteet Asiakasta koskevien tietojen ker\u00e4\u00e4misest\u00e4, k\u00e4yt\u00f6st\u00e4, julkaisusta, luovuttamisesta ja s\u00e4ilytt\u00e4misest\u00e4.<br \/>\nToimintamme internetiss\u00e4 noudattaa kaikkia hyvi\u00e4 periaatteita ja k\u00e4yt\u00e4nteit\u00e4 sek\u00e4 Euroopan unionin s\u00e4\u00e4d\u00f6ksi\u00e4 ja Viron lains\u00e4\u00e4d\u00e4nt\u00f6\u00e4. K\u00e4yt\u00e4 hetki tutustumalla yksityisyydensuojaperiaatteisiimme.<\/p>\n<p>Henkil\u00f6tietojen ker\u00e4\u00e4minen ja k\u00e4ytt\u00f6<br \/>\nHenkil\u00f6tiedoilla tarkoitetaan kaikkia Sinuun suoraan tai ep\u00e4suorasti liittyvi\u00e4 tietoja, joita Mixpack ker\u00e4\u00e4 ja k\u00e4sittelee yksityishenkil\u00f6n tekem\u00e4n tilauksen k\u00e4sittelyss\u00e4 tai yhteydenpitoon yksityishenkil\u00f6n kanssa, samoin kuin lakis\u00e4\u00e4teisten velvoitteiden suorittamiseksi.<\/p>\n<p>Kanta-asiakkaasta voidaan ker\u00e4t\u00e4 seuraavia tietoja ja seuraavissa tilanteissa:<br \/>\n\u2022 yhteystiedot (nimi, henkil\u00f6tunnus, postiosoite, puhelinnumero, s\u00e4hk\u00f6postiosoite, yhteydenpitotapatoive) verkkosivumme kautta tai muulla tavoin (esim. liikkeiss\u00e4)<br \/>\n\u2022 verkkosivulla k\u00e4ynnin yhteydess\u00e4 asiakkaan k\u00e4ytt\u00e4j\u00e4tililt\u00e4 tai ev\u00e4steiden (cookies) avulla<br \/>\n\u2022 tilauksen ja kauppojen yhteydess\u00e4 verkkokaupassa henkil\u00f6n yhteystietoja tai kiinnostuksenkohteita tallennettaessa (Mixpack voi pyyt\u00e4\u00e4 tietyill\u00e4 verkkosivujen alueilla henkil\u00f6tietoja ja muuta henkil\u00f6kohtaista tietoa, kuten nime\u00e4, osoitetta, yhteystietoa tms.)<br \/>\n\u2022 haettaessa osamaksua.<\/p>\n<p>Muiden tietojen ker\u00e4\u00e4minen<br \/>\nKer\u00e4\u00e4mme my\u00f6s yksil\u00f6im\u00e4t\u00f6nt\u00e4 tietoa eli sellaista tietoa, jota ei voida yhdist\u00e4\u00e4 tiettyihin henkil\u00f6ihin. T\u00e4llaisia tietoja esim. sukupuoli, ik\u00e4, kieli, sijainti.<br \/>\nVoimme ker\u00e4t\u00e4 tietoa my\u00f6s asiakkaan toiminnasta verkkosivuillamme. N\u00e4it\u00e4 asiakask\u00e4ytt\u00e4ytymistietoja k\u00e4ytet\u00e4\u00e4n, jotta voisimme tarjota Sinulle hy\u00f6dyllisemp\u00e4\u00e4 ja Sinua kiinnostavampaa tietoa verkkokaupan valikoimasta, tuotteista ja palveluista. N\u00e4it\u00e4 tietoja k\u00e4sitell\u00e4\u00e4n yksityisyydensuojaehtojen mukaisesti yksil\u00f6im\u00e4tt\u00f6m\u00e4n\u00e4 datana.<\/p>\n<p>Henkil\u00f6tietojen k\u00e4ytt\u00f6 ja s\u00e4ilytt\u00e4minen<br \/>\nKer\u00e4\u00e4miemme henkil\u00f6tietojen avulla voimme v\u00e4litt\u00e4\u00e4 tietoa asiakkaille Mixpackin tuoteuutuuksista, kampanjoista ja tulevista tapahtumista.<br \/>\nEllet halua saada uutiskirjett\u00e4mme tai viestej\u00e4 mahdollisesti kiinnostavista tuotteista, voi pyyt\u00e4\u00e4 osoitteesi poistamista s\u00e4hk\u00f6postilistalta koska tahansa.<br \/>\nK\u00e4yt\u00e4mme henkil\u00f6tietoja my\u00f6s tilauksen perille toimittamiseen sek\u00e4 velvoitteidemme t\u00e4ytt\u00e4miseksi asiakasta kohtaan.<br \/>\nHyv\u00e4ksyess\u00e4\u00e4n yksityisyydensuojaehdot asiakas antaa suostumuksensa siihen, ett\u00e4 Mixpack k\u00e4sittelee henkil\u00f6tietoja automatisoidusti.<br \/>\nSuostumuksen voi peruuttaa koska tahansa kotisivumme kautta tai vapaamuotoisella kirjallisella ilmoituksella.<br \/>\nTakautuvasti henkil\u00f6tietojen k\u00e4yt\u00f6n peruutusta ei voi tehd\u00e4.<\/p>\n<p>Asiakaspalveluaan parantaakseen Mixpack voi antaa tietoja yksitt\u00e4isist\u00e4 asiakkaista sellaiselle kolmannelle osapuolelle, jonka palveluita Mixpack k\u00e4ytt\u00e4\u00e4. Kolmas osapuoli on sitoutunut k\u00e4sittelem\u00e4\u00e4n saamiaan tietoja luottamuksellisesti. Kolmas osapuoli voi olla sellainen yhteisty\u00f6kumppani, joka kuljettaa tilauksen asiakkaalle tai jonka kautta asiakkaan tilauksen osamaksu hoidetaan.<\/p>\n<p>Mixpack s\u00e4ilytt\u00e4\u00e4 asiakkaan henkil\u00f6tietoja siihen saakka, kun asiakas on kanta-asiakkaamme. Sellaisia lakis\u00e4\u00e4teisi\u00e4 tietoja, jotka liittyv\u00e4t esim. kirjanpitoon, Mixpack s\u00e4ilytt\u00e4\u00e4 niin kauan, kuin t\u00e4st\u00e4 on laissa erikseen s\u00e4\u00e4detty.<\/p>\n<p>Henkil\u00f6tietojen muuttaminen<br \/>\nAsiakas voi n\u00e4hd\u00e4, muuttaa ja t\u00e4ydent\u00e4\u00e4 h\u00e4nt\u00e4 koskevat tunnistus- ja yhteystiedot verkkosivumme kohdassa Omat tiedot.<\/p>\n<p>S\u00e4hk\u00f6postiosoite toimii samalla Mixpackin verkkosivun k\u00e4ytt\u00e4j\u00e4tunnuksena. Sen vuoksi Asiakas ei voi muuttaa s\u00e4hk\u00f6postiosoitettaan itse, vaan siit\u00e4 t\u00e4ytyy tehd\u00e4 erikseen ilmoitus asiakaspalveluumme.<\/p>\n<p>Henkil\u00f6tietojen suoja<br \/>\nMixpack k\u00e4ytt\u00e4\u00e4 kaikkia hallinnollisia, teknisi\u00e4 ja fyysisi\u00e4 keinoja suojatakseen asiakkaiden henkil\u00f6tiedot. P\u00e4\u00e4sy tietoihin niiden k\u00e4sittelemiseksi ja muuttamiseksi on ainoastaan siihen erikseen valtuutetuilla henkil\u00f6ill\u00e4.<\/p>\n<p>Jos ep\u00e4ilet, ett\u00e4 henkil\u00f6tietojasi on k\u00e4ytetty yksityisyydensuojaehtojen vastaisesti tai ett\u00e4 henkil\u00f6tietosi ovat vaarassa joutua ulkopuolisten k\u00e4siin, ilmoita siit\u00e4 heti meille. Vain toimimalla nopeasti voimme est\u00e4\u00e4 tietojen vuotamisen ja vahinkojen laajenemisen.<\/p>\n<p>Asiakkaalla on oikeus kielt\u00e4\u00e4 tietojensa k\u00e4sittely tai niiden luovuttaminen kolmannelle osapuolelle yleisk\u00e4ytt\u00f6isess\u00e4 muodossa. Jotta asiakastietoja ja asiakasoikeuksia ei k\u00e4ytett\u00e4isi v\u00e4\u00e4rin, pyynt\u00f6 voidaan esitt\u00e4\u00e4 ainoastaan sellaisessa muodossa, henkil\u00f6 pystyt\u00e4\u00e4n tunnistamaan (digitaalisella allekirjoituksella tai henkil\u00f6kohtaisella k\u00e4ynnill\u00e4 liikkeess\u00e4). Me voimme vastata pyynt\u00f6\u00f6n 30 p\u00e4iv\u00e4n kuluessa.<\/p>\n<p>Tietojen k\u00e4sittelykielto merkitsee k\u00e4yt\u00e4nn\u00f6ss\u00e4 my\u00f6s kanta-asiakkuuden lopettamista.<\/p>\n<p>Turvallisuus<br \/>\nKaikkia Mixpackin verkkokaupassa tehtyjen k\u00e4yntien ja kauppojen yhteydess\u00e4 saatuja henkil\u00f6tietoja k\u00e4sitell\u00e4\u00e4n luottamuksellisesti. Maksutapahtuman aikana asiakkaan henkil\u00f6- ja tilitiedot on turvattu salatulla pankkipalvelun tietoyhteydell\u00e4.<\/p>\n<p>Yksityisyydensuojan ehdot ja muutokset<br \/>\nK\u00e4ytt\u00e4m\u00e4ll\u00e4 verkkosivuamme tai tekem\u00e4ll\u00e4 kanta-asiakkuushakemuksen ilmoitat hyv\u00e4ksyv\u00e4si n\u00e4m\u00e4 yksityisyydensuojaehdot. Pid\u00e4t\u00e4mme itsell\u00e4mme oikeuden tarvittaessa muuttaa ehtoja. Muutoksista ilmoitetaan kaikille kanta-asiakkaille. Teemme jatkuvasti kaikkemme, jotta yksityisyydensuojaehtomme pysyv\u00e4t ajan tasalla ja ett\u00e4 l\u00f6yd\u00e4t voimassa olevat ehdot aina kotisivultamme.<\/p>\n<p>Asiakkaan henkil\u00f6tietojen k\u00e4sittelyst\u00e4 vastaava taho on Mixpack O\u00dc. Kaikissa yksityisyydensuoja-asioissa tai henkil\u00f6tietojen k\u00e4sittely\u00e4 koskevissa kysymyksiss\u00e4 voi k\u00e4\u00e4nty\u00e4 Mixpackin puoleen osoitteessa privaatsus@mixpack.ee.<\/p>\n<p>Asiakkaalla on aina oikeus vedota tietojensa suojaamiseksi Viron tietosuojaviranomaisen (Andmekaitse Inspektsioon) tai oikeuden puoleen. Tietosuojaviranomainen on Viron valtiollinen viranomainen, ja se antaa neuvoja ja apua kaikissa henkil\u00f6tietoja koskevissa asioissa.<\/p>\n<\/div>","protected":false},"excerpt":{"rendered":"<p>Mixpack on sitoutunut Sinun yksityisyytesi ja henkil\u00f6tietojesi luottamuksellisuuteen. T\u00e4h\u00e4n on koottu yksityisyydensuojaa koskevat periaatteet Asiakasta koskevien tietojen ker\u00e4\u00e4misest\u00e4, k\u00e4yt\u00f6st\u00e4, julkaisusta,<\/p>\n","protected":false},"author":3,"featured_media":0,"parent":0,"menu_order":0,"comment_status":"closed","ping_status":"closed","template":"","meta":{"footnotes":""},"class_list":["post-2361587","page","type-page","status-publish","hentry"],"aioseo_notices":[],"_links":{"self":[{"href":"https:\/\/mixpack.ee\/fi\/wp-json\/wp\/v2\/pages\/2361587","targetHints":{"allow":["GET"]}}],"collection":[{"href":"https:\/\/mixpack.ee\/fi\/wp-json\/wp\/v2\/pages"}],"about":[{"href":"https:\/\/mixpack.ee\/fi\/wp-json\/wp\/v2\/types\/page"}],"author":[{"embeddable":true,"href":"https:\/\/mixpack.ee\/fi\/wp-json\/wp\/v2\/users\/3"}],"replies":[{"embeddable":true,"href":"https:\/\/mixpack.ee\/fi\/wp-json\/wp\/v2\/comments?post=2361587"}],"version-history":[{"count":0,"href":"https:\/\/mixpack.ee\/fi\/wp-json\/wp\/v2\/pages\/2361587\/revisions"}],"wp:attachment":[{"href":"https:\/\/mixpack.ee\/fi\/wp-json\/wp\/v2\/media?parent=2361587"}],"curies":[{"name":"wp","href":"https:\/\/api.w.org\/{rel}","templated":true}]}}